{"id":2005,"date":"2020-09-22T13:21:48","date_gmt":"2020-09-22T11:21:48","guid":{"rendered":"http:\/\/iuexterior.org\/?page_id=2005"},"modified":"2022-02-07T19:55:22","modified_gmt":"2022-02-07T18:55:22","slug":"afiliacion","status":"publish","type":"page","link":"https:\/\/iuexterior.org\/gl\/afiliacion\/","title":{"rendered":"Af\u00edliate"},"content":{"rendered":"<blockquote class=\"wp-block-quote is-layout-flow wp-block-quote-is-layout-flow\"><p class=\"translation-block\"><em>\u201cQue ser\u00eda do mundo sen militantes? Como ser\u00eda a condici\u00f3n humana se non houbese militantes? Non porque os militantes sexan perfectos, porque te\u00f1an sempre a raz\u00f3n, porque sexan superhomes e non se equivoquen... Non, non \u00e9 iso. \u00c9 que os militantes non ve\u00f1en buscar a s\u00faa, ve\u00f1en deixar a alma por un anaco de so\u00f1os. Porque, despois de todo, o progreso da condici\u00f3n humana require, inapelablemente, que exista xente que se sinta no fondo feliz en gastar a s\u00faa vida ao servizo do progreso humano. Porque ser militante non \u00e9 cargar cunha cruz de sacrificio, \u00e9 vivir a gloria interior de loitar pola liberdade no sentido transcendente\u201d <strong>Pepe M\u00fajica Cordano<\/strong>, expresidente da Rep\u00fablica de Uruguai.<\/p><\/blockquote>\n\n\n\n<p class=\"translation-block\">En <strong>Izquierda Unida<\/strong> existen dous niveis de militancia distintos: <strong>simpatizante e afiliada ou afiliado<\/strong>.<\/p>\n\n\n\n<ul class=\"wp-block-list\"><li>&#x1f1e7;&#x1f1ea; Bruselas \u2013 53002<\/li><li>&#x1f1eb;&#x1f1f7; Toulouse \u2013 53001<\/li><li>&#x1f1eb;&#x1f1f7; Lyon \u2013 53030<\/li><li>&#x1f1e9;&#x1f1ea; Berl\u00edn \u2013 53004<\/li><li>&#x1f1e9;&#x1f1ea; Frankfurt \u2013 53005<\/li><li>&#x1f1f1;&#x1f1fa; Luxemburgo \u2013 53999<\/li><li>&#x1f1e8;&#x1f1ed; Z\u00farich \u2013 53039<\/li><li>&#x1f5fa; Resto del mundo \u2013 53040<\/li><\/ul>\n\n\n\n<h3 class=\"wp-block-heading\" id=\"titulo_afiliacion\">Simpatizantes<\/h3>\n\n\n\n<p class=\"translation-block\">Como simpatizante ter\u00e1s dereito a acceder \u00e1 informaci\u00f3n sobre as actividades, posicionamento e propostas de <strong>Izquierda Unida<\/strong>, as\u00ed como a participar nas reuni\u00f3ns que sexan convocadas e nas \u00e1reas de elaboraci\u00f3n colectiva, redes de activistas e asembleas abertas. Ademais, tam\u00e9n poder\u00e1s votar nalg\u00fans procesos internos da organizaci\u00f3n, como por exemplo nas primarias para confeccionar as listas electorais ou nos refer\u00e9ndums para decidir a pol\u00edtica de alianzas electorais. O listado completo de dereitos e deberes do simpatizante est\u00e1 descrito no artigo 31 dos <a href=\"http:\/\/izquierdaunida.org\/estatutos\/\" target=\"_self\" rel=\"noreferrer noopener\">Estatutos<\/a> de Izquierda Unida.<\/p>\n\n\n\n<p class=\"translation-block\"><strong>A condici\u00f3n de simpatizante require ser maior de 16 e non leva ning\u00fan gasto econ\u00f3mico en forma de cota de afiliaci\u00f3n<\/strong>. Se queres facerte simpatizante, podes facelo acheg\u00e1ndote \u00e1 asemblea de base de <strong>Izquierda Unida<\/strong> m\u00e1is pr\u00f3xima, ou, se o prefires, tam\u00e9n podes facer a solicitude de maneira online completando o formulario que aqu\u00ed enlazamos:<\/p>\n\n\n\n<figure class=\"wp-block-pullquote is-style-solid-color\"><blockquote><p><a href=\"https:\/\/militancia.izquierdaunida.org\/alta_simpatizante\" target=\"_blank\" rel=\"noreferrer noopener\"><strong>Formulario de alta como simpatizante<\/strong><\/a><\/p><\/blockquote><\/figure>\n\n\n\n<p class=\"translation-block\">Se queres facernos algunha consulta, non dubides en escribirnos a <a href=\"mailto:simpatizantes@izquierdaunida.org\" target=\"_self\" rel=\"noreferrer noopener\">exterior@izquierdaunida.org<\/a><\/p>\n\n\n\n<hr class=\"wp-block-separator\"\/>\n\n\n\n<h3 class=\"wp-block-heading\">Afiliadas e Afiliados<\/h3>\n\n\n\n<p class=\"translation-block\">A afiliaci\u00f3n outorga un nivel de participaci\u00f3n plena de <strong>Izquierda Unida<\/strong>, adquirindo un compromiso de actividade na organizaci\u00f3n axustado \u00e1 t\u00faa vontade, posibilidades e dispo\u00f1ibilidade. O listado completo de dereitos e deberes das afiliadas e dos afiliados est\u00e1 descrito no artigo 13 dos Estatutos de <strong>Izquierda Unida<\/strong>.<\/p>\n\n\n\n<p class=\"translation-block\">Non se aceptar\u00e1 a afiliaci\u00f3n en Esquerda Unida a aquelas persoas que de maneira aprobada:<\/p>\n\n\n\n<ul class=\"wp-block-list\"><li>Te\u00f1an posici\u00f3ns p\u00fablicas de defensa do modelo capitalista.<\/li><li>Manifestasen estar a favor ou tivesen formado parte de acci\u00f3ns de violencia machista ou de agresi\u00f3n ao medio.<\/li><li>Adopten actitudes contrarias ao respecto polas diferenzas persoais, sexan na s\u00faa vertente racial, f\u00edsica, cultural, relixiosa, de opci\u00f3n sexual ou de identidade de x\u00e9nero.<\/li><li>Practiquen o maltrato animal.<\/li><\/ul>\n\n\n\n<p class=\"translation-block\">A condici\u00f3n de afiliada ou afiliado require ser maior de idade e sup\u00f3n un gasto econ\u00f3mico en forma de cota de afiliaci\u00f3n. Se queres afiliarte, podes facelo acheg\u00e1ndote \u00e1 asemblea de base de Esquerda Unida m\u00e1is pr\u00f3xima ou, se o prefires, tam\u00e9n podes facer a solicitude de maneira online completando o formulario que aqu\u00ed enlazamos:<\/p>\n\n\n\n<figure class=\"wp-block-pullquote is-style-solid-color\"><blockquote><p><a href=\"https:\/\/militancia.izquierdaunida.org\/alta_afiliado\" target=\"_blank\" rel=\"noreferrer noopener\"><strong>Formulario de alta como afiliada ou afiliado<\/strong><\/a><\/p><\/blockquote><\/figure>\n\n\n\n<p class=\"translation-block\">Se queres facernos algunha consulta relacionada coa afiliaci\u00f3n, non dubides en escribirnos a <a href=\"mailto:incidencias.afiliacion@izquierdaunida.org\" target=\"_self\">incidencias.afiliacion@izquierdaunida.org<\/a><\/p>\n\n\n\n<h3 class=\"wp-block-heading\">Arquivos Adxuntos:<\/h3>\n\n\n\n<ul class=\"wp-block-list\"><li><img decoding=\"async\" src=\"https:\/\/izquierdaunida.org\/wp-content\/plugins\/download-attachments\/images\/ext\/pdf.gif\" alt=\"pdf\">&nbsp;<a href=\"https:\/\/izquierdaunida.org\/descargar-adjunto\/e89Suh1RYif0R3RaEJG5GeGFPCv6KzokUyEKUcHtlpo,\" target=\"_blank\" rel=\"noreferrer noopener\">Ficha de afiliaci\u00f3n a Izquierda Unida<\/a><\/li><\/ul>\n<!-- AddThis Advanced Settings generic via filter on the_content --><!-- AddThis Share Buttons generic via filter on the_content -->","protected":false},"excerpt":{"rendered":"<p>\u00ab\u00bfQu\u00e9 ser\u00eda de este mundo sin militantes?, \u00bfC\u00f3mo ser\u00eda la condici\u00f3n humana si no hubiera militantes? No porque los militantes sean perfectos, porque tengan siempre la raz\u00f3n, porque sean superhombres &hellip;<!-- AddThis Advanced Settings generic via filter on get_the_excerpt --><!-- AddThis Share Buttons generic via filter on get_the_excerpt --><\/p>","protected":false},"author":2,"featured_media":1459,"parent":0,"menu_order":0,"comment_status":"closed","ping_status":"closed","template":"","meta":{"footnotes":""},"class_list":["post-2005","page","type-page","status-publish","has-post-thumbnail",""],"yoast_head":"<!-- This site is optimized with the Yoast SEO plugin v25.7 - https:\/\/yoast.com\/wordpress\/plugins\/seo\/ -->\n<title>Afiliaci\u00f3n - Federaci\u00f3n de Izquierda Unida en el Exterior (IU Exterior)<\/title>\n<meta name=\"robots\" content=\"index, follow, max-snippet:-1, max-image-preview:large, max-video-preview:-1\" \/>\n<link rel=\"canonical\" href=\"https:\/\/iuexterior.org\/gl\/afiliacion\/\" \/>\n<meta property=\"og:locale\" content=\"gl_ES\" \/>\n<meta property=\"og:type\" content=\"article\" \/>\n<meta property=\"og:title\" content=\"Afiliaci\u00f3n - Federaci\u00f3n de Izquierda Unida en el Exterior (IU Exterior)\" \/>\n<meta property=\"og:description\" content=\"\u00ab\u00bfQu\u00e9 ser\u00eda de este mundo sin militantes?, \u00bfC\u00f3mo ser\u00eda la condici\u00f3n humana si no hubiera militantes? No porque los militantes sean perfectos, porque tengan siempre la raz\u00f3n, porque sean superhombres &hellip;\" \/>\n<meta property=\"og:url\" content=\"https:\/\/iuexterior.org\/gl\/afiliacion\/\" \/>\n<meta property=\"og:site_name\" content=\"Federaci\u00f3n de Izquierda Unida en el Exterior (IU Exterior)\" \/>\n<meta property=\"article:modified_time\" content=\"2022-02-07T18:55:22+00:00\" \/>\n<meta property=\"og:image\" content=\"https:\/\/iuexterior.org\/wp-content\/uploads\/2020\/01\/IU-Global-1024x576.png\" \/>\n\t<meta property=\"og:image:width\" content=\"1024\" \/>\n\t<meta property=\"og:image:height\" content=\"576\" \/>\n\t<meta property=\"og:image:type\" content=\"image\/png\" \/>\n<meta name=\"twitter:card\" content=\"summary_large_image\" \/>\n<meta name=\"twitter:label1\" content=\"Tempo de lectura\" \/>\n\t<meta name=\"twitter:data1\" content=\"3 minutos\" \/>\n<script type=\"application\/ld+json\" class=\"yoast-schema-graph\">{\"@context\":\"https:\/\/schema.org\",\"@graph\":[{\"@type\":\"WebPage\",\"@id\":\"https:\/\/iuexterior.org\/eu\/afiliacion\/\",\"url\":\"https:\/\/iuexterior.org\/eu\/afiliacion\/\",\"name\":\"Afiliaci\u00f3n - Federaci\u00f3n de Izquierda Unida en el Exterior (IU Exterior)\",\"isPartOf\":{\"@id\":\"https:\/\/iuexterior.org\/ca\/#website\"},\"primaryImageOfPage\":{\"@id\":\"https:\/\/iuexterior.org\/eu\/afiliacion\/#primaryimage\"},\"image\":{\"@id\":\"https:\/\/iuexterior.org\/eu\/afiliacion\/#primaryimage\"},\"thumbnailUrl\":\"https:\/\/iuexterior.org\/wp-content\/uploads\/2020\/01\/IU-Global.png\",\"datePublished\":\"2020-09-22T11:21:48+00:00\",\"dateModified\":\"2022-02-07T18:55:22+00:00\",\"breadcrumb\":{\"@id\":\"https:\/\/iuexterior.org\/eu\/afiliacion\/#breadcrumb\"},\"inLanguage\":\"gl-ES\",\"potentialAction\":[{\"@type\":\"ReadAction\",\"target\":[\"https:\/\/iuexterior.org\/eu\/afiliacion\/\"]}]},{\"@type\":\"ImageObject\",\"inLanguage\":\"gl-ES\",\"@id\":\"https:\/\/iuexterior.org\/eu\/afiliacion\/#primaryimage\",\"url\":\"https:\/\/iuexterior.org\/wp-content\/uploads\/2020\/01\/IU-Global.png\",\"contentUrl\":\"https:\/\/iuexterior.org\/wp-content\/uploads\/2020\/01\/IU-Global.png\",\"width\":1920,\"height\":1080},{\"@type\":\"BreadcrumbList\",\"@id\":\"https:\/\/iuexterior.org\/eu\/afiliacion\/#breadcrumb\",\"itemListElement\":[{\"@type\":\"ListItem\",\"position\":1,\"name\":\"Portada\",\"item\":\"https:\/\/iuexterior.org\/ca\/\"},{\"@type\":\"ListItem\",\"position\":2,\"name\":\"Afiliaci\u00f3n\"}]},{\"@type\":\"WebSite\",\"@id\":\"https:\/\/iuexterior.org\/ca\/#website\",\"url\":\"https:\/\/iuexterior.org\/ca\/\",\"name\":\"Federaci\u00f3n de Izquierda Unida en el Exterior (IU Exterior)\",\"description\":\"La federaci\u00f3n de IU para la ciudadan\u00eda espa\u00f1ola emigrada.\",\"potentialAction\":[{\"@type\":\"SearchAction\",\"target\":{\"@type\":\"EntryPoint\",\"urlTemplate\":\"https:\/\/iuexterior.org\/ca\/?s={search_term_string}\"},\"query-input\":{\"@type\":\"PropertyValueSpecification\",\"valueRequired\":true,\"valueName\":\"search_term_string\"}}],\"inLanguage\":\"gl-ES\"}]}<\/script>\n<!-- \/ Yoast SEO plugin. -->","yoast_head_json":{"title":"Afiliaci\u00f3n - Federaci\u00f3n de Izquierda Unida en el Exterior (IU Exterior)","robots":{"index":"index","follow":"follow","max-snippet":"max-snippet:-1","max-image-preview":"max-image-preview:large","max-video-preview":"max-video-preview:-1"},"canonical":"https:\/\/iuexterior.org\/gl\/afiliacion\/","og_locale":"gl_ES","og_type":"article","og_title":"Afiliaci\u00f3n - Federaci\u00f3n de Izquierda Unida en el Exterior (IU Exterior)","og_description":"\u00ab\u00bfQu\u00e9 ser\u00eda de este mundo sin militantes?, \u00bfC\u00f3mo ser\u00eda la condici\u00f3n humana si no hubiera militantes? No porque los militantes sean perfectos, porque tengan siempre la raz\u00f3n, porque sean superhombres &hellip;","og_url":"https:\/\/iuexterior.org\/gl\/afiliacion\/","og_site_name":"Federaci\u00f3n de Izquierda Unida en el Exterior (IU Exterior)","article_modified_time":"2022-02-07T18:55:22+00:00","og_image":[{"width":1024,"height":576,"url":"https:\/\/iuexterior.org\/wp-content\/uploads\/2020\/01\/IU-Global-1024x576.png","type":"image\/png"}],"twitter_card":"summary_large_image","twitter_misc":{"Tempo de lectura":"3 minutos"},"schema":{"@context":"https:\/\/schema.org","@graph":[{"@type":"WebPage","@id":"https:\/\/iuexterior.org\/eu\/afiliacion\/","url":"https:\/\/iuexterior.org\/eu\/afiliacion\/","name":"Afiliaci\u00f3n - Federaci\u00f3n de Izquierda Unida en el Exterior (IU Exterior)","isPartOf":{"@id":"https:\/\/iuexterior.org\/ca\/#website"},"primaryImageOfPage":{"@id":"https:\/\/iuexterior.org\/eu\/afiliacion\/#primaryimage"},"image":{"@id":"https:\/\/iuexterior.org\/eu\/afiliacion\/#primaryimage"},"thumbnailUrl":"https:\/\/iuexterior.org\/wp-content\/uploads\/2020\/01\/IU-Global.png","datePublished":"2020-09-22T11:21:48+00:00","dateModified":"2022-02-07T18:55:22+00:00","breadcrumb":{"@id":"https:\/\/iuexterior.org\/eu\/afiliacion\/#breadcrumb"},"inLanguage":"gl-ES","potentialAction":[{"@type":"ReadAction","target":["https:\/\/iuexterior.org\/eu\/afiliacion\/"]}]},{"@type":"ImageObject","inLanguage":"gl-ES","@id":"https:\/\/iuexterior.org\/eu\/afiliacion\/#primaryimage","url":"https:\/\/iuexterior.org\/wp-content\/uploads\/2020\/01\/IU-Global.png","contentUrl":"https:\/\/iuexterior.org\/wp-content\/uploads\/2020\/01\/IU-Global.png","width":1920,"height":1080},{"@type":"BreadcrumbList","@id":"https:\/\/iuexterior.org\/eu\/afiliacion\/#breadcrumb","itemListElement":[{"@type":"ListItem","position":1,"name":"Portada","item":"https:\/\/iuexterior.org\/ca\/"},{"@type":"ListItem","position":2,"name":"Afiliaci\u00f3n"}]},{"@type":"WebSite","@id":"https:\/\/iuexterior.org\/ca\/#website","url":"https:\/\/iuexterior.org\/ca\/","name":"Federaci\u00f3n de Izquierda Unida en el Exterior (IU Exterior)","description":"La federaci\u00f3n de IU para la ciudadan\u00eda espa\u00f1ola emigrada.","potentialAction":[{"@type":"SearchAction","target":{"@type":"EntryPoint","urlTemplate":"https:\/\/iuexterior.org\/ca\/?s={search_term_string}"},"query-input":{"@type":"PropertyValueSpecification","valueRequired":true,"valueName":"search_term_string"}}],"inLanguage":"gl-ES"}]}},"_links":{"self":[{"href":"https:\/\/iuexterior.org\/gl\/wp-json\/wp\/v2\/pages\/2005","targetHints":{"allow":["GET"]}}],"collection":[{"href":"https:\/\/iuexterior.org\/gl\/wp-json\/wp\/v2\/pages"}],"about":[{"href":"https:\/\/iuexterior.org\/gl\/wp-json\/wp\/v2\/types\/page"}],"author":[{"embeddable":true,"href":"https:\/\/iuexterior.org\/gl\/wp-json\/wp\/v2\/users\/2"}],"replies":[{"embeddable":true,"href":"https:\/\/iuexterior.org\/gl\/wp-json\/wp\/v2\/comments?post=2005"}],"version-history":[{"count":0,"href":"https:\/\/iuexterior.org\/gl\/wp-json\/wp\/v2\/pages\/2005\/revisions"}],"wp:featuredmedia":[{"embeddable":true,"href":"https:\/\/iuexterior.org\/gl\/wp-json\/wp\/v2\/media\/1459"}],"wp:attachment":[{"href":"https:\/\/iuexterior.org\/gl\/wp-json\/wp\/v2\/media?parent=2005"}],"curies":[{"name":"wp","href":"https:\/\/api.w.org\/{rel}","templated":true}]}}