{"id":11,"date":"2017-05-15T18:07:46","date_gmt":"2017-05-15T16:07:46","guid":{"rendered":"http:\/\/iuexterior.org\/?page_id=11"},"modified":"2017-12-17T11:42:07","modified_gmt":"2017-12-17T10:42:07","slug":"i-asamblea-de-iu-exterior","status":"publish","type":"page","link":"https:\/\/iuexterior.org\/fr\/i-asamblea-de-iu-exterior\/","title":{"rendered":"I Asemblea de IU Exterior"},"content":{"rendered":"<p>Les 29 et 30 avril 2017, la premi\u00e8re assembl\u00e9e de la F\u00e9d\u00e9ration d'IU \u00e0 l'\u00e9tranger (IU Exterior) s'est tenue \u00e0 Bruxelles. De cette Assembl\u00e9e, pleine de d\u00e9bats et d'espaces de fraternit\u00e9, nous sommes partis avec un discours, quelques documents d'organisation et quelques plans de travail sectoriels que nous aimerions partager et vous expliquer bri\u00e8vement. Mais d'abord, mettons-nous en contexte.<\/p>\n<p>Certains d\u2019entre nous, militants de IU \u00e0 l\u2019\u00e9tranger, on est arriv\u00e9s dans nos villes d'accueil actuelles \u00e0 une \u00e9poque o\u00f9 il n\u2019\u00e9tait pas possible d'adh\u00e9rer au Parti Communiste Espagnol que clandestinement. Des temps de proc\u00e8s sommaires et de condamnations \u00e0 mort, de travailleurs invit\u00e9s et d'ouvriers, mais aussi de lutte et d'espoir. D'autres d'entre nous ont quitt\u00e9 l'Espagne ces derni\u00e8res ann\u00e9es, \u00e0 un moment o\u00f9 la soi-disant crise a ruin\u00e9 nos projets de vie et nous a condamn\u00e9s au ch\u00f4mage, \u00e0 la pr\u00e9carit\u00e9 ou \u00e0 l'exil. Nous avons tous maintenu notre militantisme au fil des ans et dans des circonstances difficiles. Avoir l'exp\u00e9rience vitale et la lutte de diff\u00e9rentes g\u00e9n\u00e9rations de migrants est un tr\u00e9sor, mais pour la mettre en valeur, il est n\u00e9cessaire que nous nous organisions de la mani\u00e8re la plus appropri\u00e9e.<\/p>\n<p>Traditionnellement, l'adh\u00e9sion \u00e0 l'IU \u00e0 l'\u00e9tranger \u00e9tait organis\u00e9e en f\u00e9d\u00e9rations par des pays tels que l'Allemagne, la Belgique, la France, le Luxembourg, la Suisse et la Su\u00e8de. Cette structure a bien fonctionn\u00e9 dans un contexte de migration dans lequel la plupart des gens ont \u00e9migr\u00e9 vers un pays et y sont rest\u00e9s pendant une longue p\u00e9riode. Cependant, le contexte actuel, caract\u00e9ris\u00e9 par la flexibilit\u00e9 et la pr\u00e9carit\u00e9 de l'emploi, avec de fr\u00e9quents changements de domicile et d'emploi, et dans lequel de nombreux militants sont g\u00e9ographiquement isol\u00e9s, a impos\u00e9 un mod\u00e8le diff\u00e9rent. C'est pourquoi, en remplissant le mandat de la XIe Assembl\u00e9e f\u00e9d\u00e9rale, nous avons cr\u00e9\u00e9 parmi nous tous la F\u00e9d\u00e9ration des IU \u00e0 l'\u00e9tranger.<\/p>\n<p>La F\u00e9d\u00e9ration d' IU \u00e0 l'\u00e9tranger a \u00e9t\u00e9 cr\u00e9\u00e9e dans le but d'organiser le travail politique du militantisme qui r\u00e9side et travaille en dehors de l'Espagne dans une structure unique, en contact direct avec les assembl\u00e9es de base et le reste du militantisme, et avec la pr\u00e9sence dans les r\u00e9unions de le coordinateur f\u00e9d\u00e9ral et l'Assembl\u00e9e politique et sociale, afin que la voix des migrants soit toujours pr\u00e9sente.<\/p>\n<p class=\"translation-block\">La direction \u00e9lue \u00e0 la premi\u00e8re assembl\u00e9e est compos\u00e9e d'un groupe de huit camarades \u00e9lus au suffrage direct parmi les militants et \u00e0 responsabilit\u00e9s \u00e9gales en <strong>porte-parole <\/strong>\u00a0(Marta Mosquera et Eduardo Vel\u00e1zquez), <strong>organisation et finances<\/strong> (Alicia de Medina etMiguel S\u00e1nchez), <strong>Action politique <\/strong> (Teresa Laguna et Alejo Beltr\u00e1n et<strong>communication politique<\/strong> (Mar\u00eda Mart\u00ednez et Gonzalo Montoro). Nous concluons que la meilleure fa\u00e7on de contribuer \u00e0 la construction de ce nouveau pays dont nous r\u00eavons est de concentrer notre action politique sur les mouvements sociaux et syndicaux qui travaillent sur les conflits de travail et sociaux des migrants de nationalit\u00e9 espagnole, et sur la construction d'espaces unitaires de bats toi. Nous consid\u00e9rons \u00e9galement qu'il est important d'\u00e9tendre notre organisation \u00e0 de nouvelles villes et pays, de mettre \u00e0 profit le militantisme isol\u00e9 g\u00e9ographiquement et de construire un nouveau discours sur la r\u00e9cente vague d'\u00e9migration, en indiquant clairement que son nombre est sous-estim\u00e9, qu'il ne s'agit pas seulement de personnes jeunes et form\u00e9s.<\/p>\n<p>A continuaci\u00f3 es poden descarregar tots els materials relacionats amb la I Assemblea d'IU Exterior, incloent-hi els documents organitzatius elaborats i l'acta d'aquesta.<\/p>\n<!-- AddThis Advanced Settings generic via filter on the_content --><!-- AddThis Share Buttons generic via filter on the_content -->","protected":false},"excerpt":{"rendered":"<p>Los d\u00edas 29 y 30 de abril de 2017 se celebr\u00f3 en Bruselas la primera asamblea de la Federaci\u00f3n de Izquierda Unida en el exterior (IU Exterior). De esta Asamblea, &hellip;<!-- AddThis Advanced Settings generic via filter on get_the_excerpt --><!-- AddThis Share Buttons generic via filter on get_the_excerpt --><\/p>","protected":false},"author":1,"featured_media":0,"parent":0,"menu_order":0,"comment_status":"closed","ping_status":"closed","template":"","meta":{"footnotes":""},"class_list":["post-11","page","type-page","status-publish",""],"yoast_head":"<!-- This site is optimized with the Yoast SEO plugin v25.7 - https:\/\/yoast.com\/wordpress\/plugins\/seo\/ -->\n<title>I Asamblea de IU Exterior - Federaci\u00f3n de Izquierda Unida en el Exterior (IU Exterior)<\/title>\n<meta name=\"robots\" content=\"index, follow, max-snippet:-1, max-image-preview:large, max-video-preview:-1\" \/>\n<link rel=\"canonical\" href=\"https:\/\/iuexterior.org\/fr\/i-asamblea-de-iu-exterior\/\" \/>\n<meta property=\"og:locale\" content=\"fr_FR\" \/>\n<meta property=\"og:type\" content=\"article\" \/>\n<meta property=\"og:title\" content=\"I Asamblea de IU Exterior - Federaci\u00f3n de Izquierda Unida en el Exterior (IU Exterior)\" \/>\n<meta property=\"og:description\" content=\"Los d\u00edas 29 y 30 de abril de 2017 se celebr\u00f3 en Bruselas la primera asamblea de la Federaci\u00f3n de Izquierda Unida en el exterior (IU Exterior). De esta Asamblea, &hellip;\" \/>\n<meta property=\"og:url\" content=\"https:\/\/iuexterior.org\/fr\/i-asamblea-de-iu-exterior\/\" \/>\n<meta property=\"og:site_name\" content=\"Federaci\u00f3n de Izquierda Unida en el Exterior (IU Exterior)\" \/>\n<meta property=\"article:modified_time\" content=\"2017-12-17T10:42:07+00:00\" \/>\n<meta name=\"twitter:card\" content=\"summary_large_image\" \/>\n<meta name=\"twitter:label1\" content=\"Dur\u00e9e de lecture estim\u00e9e\" \/>\n\t<meta name=\"twitter:data1\" content=\"3 minutes\" \/>\n<script type=\"application\/ld+json\" class=\"yoast-schema-graph\">{\"@context\":\"https:\/\/schema.org\",\"@graph\":[{\"@type\":\"WebPage\",\"@id\":\"https:\/\/iuexterior.org\/gl\/i-asamblea-de-iu-exterior\/\",\"url\":\"https:\/\/iuexterior.org\/gl\/i-asamblea-de-iu-exterior\/\",\"name\":\"I Asamblea de IU Exterior - Federaci\u00f3n de Izquierda Unida en el Exterior (IU Exterior)\",\"isPartOf\":{\"@id\":\"http:\/\/iuexterior.org\/#website\"},\"datePublished\":\"2017-05-15T16:07:46+00:00\",\"dateModified\":\"2017-12-17T10:42:07+00:00\",\"breadcrumb\":{\"@id\":\"https:\/\/iuexterior.org\/gl\/i-asamblea-de-iu-exterior\/#breadcrumb\"},\"inLanguage\":\"fr-FR\",\"potentialAction\":[{\"@type\":\"ReadAction\",\"target\":[\"https:\/\/iuexterior.org\/gl\/i-asamblea-de-iu-exterior\/\"]}]},{\"@type\":\"BreadcrumbList\",\"@id\":\"https:\/\/iuexterior.org\/gl\/i-asamblea-de-iu-exterior\/#breadcrumb\",\"itemListElement\":[{\"@type\":\"ListItem\",\"position\":1,\"name\":\"Portada\",\"item\":\"http:\/\/iuexterior.org\/de\/\"},{\"@type\":\"ListItem\",\"position\":2,\"name\":\"I Asamblea de IU Exterior\"}]},{\"@type\":\"WebSite\",\"@id\":\"http:\/\/iuexterior.org\/#website\",\"url\":\"http:\/\/iuexterior.org\/\",\"name\":\"Federaci\u00f3n de Izquierda Unida en el Exterior (IU Exterior)\",\"description\":\"La federaci\u00f3n de IU para la ciudadan\u00eda espa\u00f1ola emigrada.\",\"potentialAction\":[{\"@type\":\"SearchAction\",\"target\":{\"@type\":\"EntryPoint\",\"urlTemplate\":\"http:\/\/iuexterior.org\/?s={search_term_string}\"},\"query-input\":{\"@type\":\"PropertyValueSpecification\",\"valueRequired\":true,\"valueName\":\"search_term_string\"}}],\"inLanguage\":\"fr-FR\"}]}<\/script>\n<!-- \/ Yoast SEO plugin. -->","yoast_head_json":{"title":"I Asamblea de IU Exterior - Federaci\u00f3n de Izquierda Unida en el Exterior (IU Exterior)","robots":{"index":"index","follow":"follow","max-snippet":"max-snippet:-1","max-image-preview":"max-image-preview:large","max-video-preview":"max-video-preview:-1"},"canonical":"https:\/\/iuexterior.org\/fr\/i-asamblea-de-iu-exterior\/","og_locale":"fr_FR","og_type":"article","og_title":"I Asamblea de IU Exterior - Federaci\u00f3n de Izquierda Unida en el Exterior (IU Exterior)","og_description":"Los d\u00edas 29 y 30 de abril de 2017 se celebr\u00f3 en Bruselas la primera asamblea de la Federaci\u00f3n de Izquierda Unida en el exterior (IU Exterior). De esta Asamblea, &hellip;","og_url":"https:\/\/iuexterior.org\/fr\/i-asamblea-de-iu-exterior\/","og_site_name":"Federaci\u00f3n de Izquierda Unida en el Exterior (IU Exterior)","article_modified_time":"2017-12-17T10:42:07+00:00","twitter_card":"summary_large_image","twitter_misc":{"Dur\u00e9e de lecture estim\u00e9e":"3 minutes"},"schema":{"@context":"https:\/\/schema.org","@graph":[{"@type":"WebPage","@id":"https:\/\/iuexterior.org\/gl\/i-asamblea-de-iu-exterior\/","url":"https:\/\/iuexterior.org\/gl\/i-asamblea-de-iu-exterior\/","name":"I Asamblea de IU Exterior - Federaci\u00f3n de Izquierda Unida en el Exterior (IU Exterior)","isPartOf":{"@id":"http:\/\/iuexterior.org\/#website"},"datePublished":"2017-05-15T16:07:46+00:00","dateModified":"2017-12-17T10:42:07+00:00","breadcrumb":{"@id":"https:\/\/iuexterior.org\/gl\/i-asamblea-de-iu-exterior\/#breadcrumb"},"inLanguage":"fr-FR","potentialAction":[{"@type":"ReadAction","target":["https:\/\/iuexterior.org\/gl\/i-asamblea-de-iu-exterior\/"]}]},{"@type":"BreadcrumbList","@id":"https:\/\/iuexterior.org\/gl\/i-asamblea-de-iu-exterior\/#breadcrumb","itemListElement":[{"@type":"ListItem","position":1,"name":"Portada","item":"http:\/\/iuexterior.org\/de\/"},{"@type":"ListItem","position":2,"name":"I Asamblea de IU Exterior"}]},{"@type":"WebSite","@id":"http:\/\/iuexterior.org\/#website","url":"http:\/\/iuexterior.org\/","name":"Federaci\u00f3n de Izquierda Unida en el Exterior (IU Exterior)","description":"La federaci\u00f3n de IU para la ciudadan\u00eda espa\u00f1ola emigrada.","potentialAction":[{"@type":"SearchAction","target":{"@type":"EntryPoint","urlTemplate":"http:\/\/iuexterior.org\/?s={search_term_string}"},"query-input":{"@type":"PropertyValueSpecification","valueRequired":true,"valueName":"search_term_string"}}],"inLanguage":"fr-FR"}]}},"_links":{"self":[{"href":"https:\/\/iuexterior.org\/fr\/wp-json\/wp\/v2\/pages\/11","targetHints":{"allow":["GET"]}}],"collection":[{"href":"https:\/\/iuexterior.org\/fr\/wp-json\/wp\/v2\/pages"}],"about":[{"href":"https:\/\/iuexterior.org\/fr\/wp-json\/wp\/v2\/types\/page"}],"author":[{"embeddable":true,"href":"https:\/\/iuexterior.org\/fr\/wp-json\/wp\/v2\/users\/1"}],"replies":[{"embeddable":true,"href":"https:\/\/iuexterior.org\/fr\/wp-json\/wp\/v2\/comments?post=11"}],"version-history":[{"count":0,"href":"https:\/\/iuexterior.org\/fr\/wp-json\/wp\/v2\/pages\/11\/revisions"}],"wp:attachment":[{"href":"https:\/\/iuexterior.org\/fr\/wp-json\/wp\/v2\/media?parent=11"}],"curies":[{"name":"wp","href":"https:\/\/api.w.org\/{rel}","templated":true}]}}