{"id":2005,"date":"2020-09-22T13:21:48","date_gmt":"2020-09-22T11:21:48","guid":{"rendered":"http:\/\/iuexterior.org\/?page_id=2005"},"modified":"2022-02-07T19:55:22","modified_gmt":"2022-02-07T18:55:22","slug":"afiliacion","status":"publish","type":"page","link":"https:\/\/iuexterior.org\/eu\/afiliacion\/","title":{"rendered":"Afiliazioa"},"content":{"rendered":"<blockquote class=\"wp-block-quote is-layout-flow wp-block-quote-is-layout-flow\"><p class=\"translation-block\"><em>\"Zer litzateke mundu hau militanterik gabe? Nolakoa litzateke giza izaera militanterik ez balego? Ez militanteak perfektuak direlako, beti arrazoia dutelako, supergizonak direlako eta oker ez daudelako. Ez da hori. Militanteak ez daude bere onurarako, amets sorta baten truke arima uztera datoz. Zeren, azken finean, giza izaeraren aurrerapena ezinbestean eskatzen baitu zoriontsu senti dadila bere bizitza giza aurrerabidearen zerbitzura jarriz. Militantea izatea ez da sakrifizio-gurutze batekin kargatzea, zentzu traszendentaleko askatasunaren alde borroka egitearen barne-loria bizitzea da. \"\u2013\u00a0<strong>Pepe M\u00fajica Cordano<\/strong>, Uruguaiko Errepublikako presidente ohia<\/em><\/p><\/blockquote>\n\n\n\n<p class=\"translation-block\"><strong>Izquierda Unidan <\/strong>bi militantzia-maila ezberdin ditugu: jarraitzailea eta afiliatua<strong>Jarraitzaileak <\/strong>\u00a0eta<strong>Afiliatuak<\/strong>. \nBi kasuetan, izena emateko atzerrirako posta-kode jakin bat sartu behar duzu izen emate orrian::<\/p>\n\n\n\n<ul class=\"wp-block-list\"><li>&#x1f1e7;&#x1f1ea; Bruselas \u2013 53002<\/li><li>&#x1f1eb;&#x1f1f7; Toulouse \u2013 53001<\/li><li>&#x1f1eb;&#x1f1f7; Lyon \u2013 53030<\/li><li>&#x1f1e9;&#x1f1ea; Berl\u00edn \u2013 53004<\/li><li>&#x1f1e9;&#x1f1ea; Frankfurt \u2013 53005<\/li><li>&#x1f1f1;&#x1f1fa; Luxemburgo \u2013 53999<\/li><li>&#x1f1e8;&#x1f1ed; Z\u00farich \u2013 53039<\/li><li>&#x1f5fa; Resto del mundo \u2013 53040<\/li><\/ul>\n\n\n\n<h3 class=\"wp-block-heading\" id=\"titulo_afiliacion\">Jarraitzaileak<\/h3>\n\n\n\n<p class=\"translation-block\">Jarraitzaile gisa, <strong>Izquierda Unida<\/strong>,jarduerei, posizionamenduei eta proposamenei buruzko informazioa jasotzeko, deitzen diren bileretan eta lanketa kolektiborako arlotan, ekintzaileen sareen eta asanblada irekietan parte hartzeko eskubidea izango duzu. Gainera, antolakuntzaren barne prozesu batzuetan ere bozkatu ahal izango duzu, adibidez, hauteskunde zerrendak osatzeko primarioetan edo hauteskundetarako aliantza-politikak erabakitzeko erreferendumetan. Jarraitzailearen eskubide eta betebeharren zerrenda osoa Izquierda Unidaren Estatutuen 31. artikuluan dago deskribatuta.\n\u00a0<a href=\"http:\/\/izquierdaunida.org\/estatutos\/\" target=\"_self\" rel=\"noreferrer noopener\">Estatutos<\/a>\u00a0de\u00a0<strong>Izquierda Unida<\/strong>.<\/p>\n\n\n\n<p class=\"translation-block\"><strong>Jarraitzaile bezala izen emateko, 16 urte izan behar dira gutxienez eta ez da ezer ordaindu behar afiliazio-kuota gisa.<\/strong>. Jarraitzaile izan nahi baduzu, hurbilen duzun Izquierda Unidaren tokiko batzarrera gerturatu zaitezke, edo, nahiago baduzu, eskaera online ere egin dezakezu, hemen aurki dezakezun inprimakia betez:<\/p>\n\n\n\n<figure class=\"wp-block-pullquote is-style-solid-color\"><blockquote><p><a href=\"https:\/\/militancia.izquierdaunida.org\/alta_simpatizante\" target=\"_blank\" rel=\"noreferrer noopener\"><strong>IUko jarraitzaile bezala alta emateko inprimakia (gazteleraz)<\/strong><\/a><\/p><\/blockquote><\/figure>\n\n\n\n<p class=\"translation-block\">Kontsultaren bat egin nahi badiguzu, <a href=\"mailto:simpatizantes@izquierdaunida.org\" target=\"_self\" rel=\"noreferrer noopener\">exterior@izquierdaunida.org<\/a> helbidera idatziguzu<\/p>\n\n\n\n<hr class=\"wp-block-separator\"\/>\n\n\n\n<h3 class=\"wp-block-heading\">Afiliatuak<\/h3>\n\n\n\n<p class=\"translation-block\">Afiliazioak erabateko partaidetza-maila ematen du Izquierda Unidan, eta zure borondateari, aukerei eta eskuragarritasunari egokitutako jarduera-konpromisoa hartuz. Afiliatuen eskubide eta betebeharren zerrenda osoa Izquierda Unidaren <a href=\"http:\/\/izquierdaunida.org\/estatutos\/\" target=\"_self\" rel=\"noreferrer noopener\">estatutuetako<\/a> 13. artikuluan dago deskribatuta.<\/p>\n\n\n\n<p class=\"translation-block\">Ez zaie onartuko<strong>Izquierda Unida<\/strong>afiliatzea modu frogatuan<\/p>\n\n\n\n<ul class=\"wp-block-list\"><li>Eredu kapitalistaren defentsarako posizio publikoak dituzten<\/li><li>Indarkeria matxistaren edo ingurumenaren aurkako erasoen ekintzen alde dauden edo ekintza horien parte izan direla adierazi duten<\/li><li>Desberdintasun pertsonalekiko, arrazari, fisikoari, kulturari, erlijioari, sexu-aukerari edo genero-indentitateari dagokien errespetuaren aurkako jarrerak dituzten<\/li><li>Animaliei tratu txarrak ematen dizkieten\npertsonei.<\/li><\/ul>\n\n\n\n<p class=\"translation-block\"><strong>Afiliatu-izaerak adinez nagusia izatea eskatzen du eta gastu ekonomikoa dakar afiliazio-kuota gisa. <\/strong>. Afiliatu nahi baduzu, hurbilen duzun Izquierda Unidaren tokiko asanbladara hurbildu zaitezke, edo, nahiago baduzu, eskabidea online ere egin dezakezu, ondoren dagoen inprimakia betez:<\/p>\n\n\n\n<figure class=\"wp-block-pullquote is-style-solid-color\"><blockquote><p><a href=\"https:\/\/militancia.izquierdaunida.org\/alta_afiliado\" target=\"_blank\" rel=\"noreferrer noopener\"><strong>IUko afiliatu gisa alta emateko inprimakia (gazteleraz)<\/strong><\/a><\/p><\/blockquote><\/figure>\n\n\n\n<p class=\"translation-block\">Kontsultaren bat egin nahi badiguzu, <a href=\"mailto:simpatizantes@izquierdaunida.org\" target=\"_self\" rel=\"noreferrer noopener\">exterior@izquierdaunida.org<\/a> helbidera idatziguzu<\/p>\n\n\n\n<h3 class=\"wp-block-heading\">Atxekitutako fitxategiak:<\/h3>\n\n\n\n<ul class=\"wp-block-list\"><li><img decoding=\"async\" src=\"https:\/\/izquierdaunida.org\/wp-content\/plugins\/download-attachments\/images\/ext\/pdf.gif\" alt=\"pdf\">&nbsp;<a href=\"https:\/\/izquierdaunida.org\/descargar-adjunto\/e89Suh1RYif0R3RaEJG5GeGFPCv6KzokUyEKUcHtlpo,\" target=\"_blank\" rel=\"noreferrer noopener\">Izquierda Unidako afiliazio-fitxa (gazteleraz)<\/a><\/li><\/ul>\n<!-- AddThis Advanced Settings generic via filter on the_content --><!-- AddThis Share Buttons generic via filter on the_content -->","protected":false},"excerpt":{"rendered":"<p>\u00ab\u00bfQu\u00e9 ser\u00eda de este mundo sin militantes?, \u00bfC\u00f3mo ser\u00eda la condici\u00f3n humana si no hubiera militantes? No porque los militantes sean perfectos, porque tengan siempre la raz\u00f3n, porque sean superhombres &hellip;<!-- AddThis Advanced Settings generic via filter on get_the_excerpt --><!-- AddThis Share Buttons generic via filter on get_the_excerpt --><\/p>","protected":false},"author":2,"featured_media":1459,"parent":0,"menu_order":0,"comment_status":"closed","ping_status":"closed","template":"","meta":{"footnotes":""},"class_list":["post-2005","page","type-page","status-publish","has-post-thumbnail",""],"yoast_head":"<!-- This site is optimized with the Yoast SEO plugin v25.7 - https:\/\/yoast.com\/wordpress\/plugins\/seo\/ -->\n<title>Afiliaci\u00f3n - Federaci\u00f3n de Izquierda Unida en el Exterior (IU Exterior)<\/title>\n<meta name=\"robots\" content=\"index, follow, max-snippet:-1, max-image-preview:large, max-video-preview:-1\" \/>\n<link rel=\"canonical\" href=\"http:\/\/iuexterior.org\/eu\/afiliacion\/\" \/>\n<meta property=\"og:locale\" content=\"en_US\" \/>\n<meta property=\"og:type\" content=\"article\" \/>\n<meta property=\"og:title\" content=\"Afiliaci\u00f3n - Federaci\u00f3n de Izquierda Unida en el Exterior (IU Exterior)\" \/>\n<meta property=\"og:description\" content=\"\u00ab\u00bfQu\u00e9 ser\u00eda de este mundo sin militantes?, \u00bfC\u00f3mo ser\u00eda la condici\u00f3n humana si no hubiera militantes? No porque los militantes sean perfectos, porque tengan siempre la raz\u00f3n, porque sean superhombres &hellip;\" \/>\n<meta property=\"og:url\" content=\"http:\/\/iuexterior.org\/eu\/afiliacion\/\" \/>\n<meta property=\"og:site_name\" content=\"Federaci\u00f3n de Izquierda Unida en el Exterior (IU Exterior)\" \/>\n<meta property=\"article:modified_time\" content=\"2022-02-07T18:55:22+00:00\" \/>\n<meta property=\"og:image\" content=\"http:\/\/iuexterior.org\/wp-content\/uploads\/2020\/01\/IU-Global-1024x576.png\" \/>\n\t<meta property=\"og:image:width\" content=\"1024\" \/>\n\t<meta property=\"og:image:height\" content=\"576\" \/>\n\t<meta property=\"og:image:type\" content=\"image\/png\" \/>\n<meta name=\"twitter:card\" content=\"summary_large_image\" \/>\n<meta name=\"twitter:label1\" content=\"Est. reading time\" \/>\n\t<meta name=\"twitter:data1\" content=\"3 minutua\" \/>\n<script type=\"application\/ld+json\" class=\"yoast-schema-graph\">{\"@context\":\"https:\/\/schema.org\",\"@graph\":[{\"@type\":\"WebPage\",\"@id\":\"http:\/\/iuexterior.org\/afiliacion\/\",\"url\":\"http:\/\/iuexterior.org\/afiliacion\/\",\"name\":\"Afiliaci\u00f3n - Federaci\u00f3n de Izquierda Unida en el Exterior (IU Exterior)\",\"isPartOf\":{\"@id\":\"https:\/\/iuexterior.org\/gl\/#website\"},\"primaryImageOfPage\":{\"@id\":\"http:\/\/iuexterior.org\/afiliacion\/#primaryimage\"},\"image\":{\"@id\":\"http:\/\/iuexterior.org\/afiliacion\/#primaryimage\"},\"thumbnailUrl\":\"https:\/\/iuexterior.org\/wp-content\/uploads\/2020\/01\/IU-Global.png\",\"datePublished\":\"2020-09-22T11:21:48+00:00\",\"dateModified\":\"2022-02-07T18:55:22+00:00\",\"breadcrumb\":{\"@id\":\"http:\/\/iuexterior.org\/afiliacion\/#breadcrumb\"},\"inLanguage\":\"eu\",\"potentialAction\":[{\"@type\":\"ReadAction\",\"target\":[\"http:\/\/iuexterior.org\/afiliacion\/\"]}]},{\"@type\":\"ImageObject\",\"inLanguage\":\"eu\",\"@id\":\"http:\/\/iuexterior.org\/afiliacion\/#primaryimage\",\"url\":\"https:\/\/iuexterior.org\/wp-content\/uploads\/2020\/01\/IU-Global.png\",\"contentUrl\":\"https:\/\/iuexterior.org\/wp-content\/uploads\/2020\/01\/IU-Global.png\",\"width\":1920,\"height\":1080},{\"@type\":\"BreadcrumbList\",\"@id\":\"http:\/\/iuexterior.org\/afiliacion\/#breadcrumb\",\"itemListElement\":[{\"@type\":\"ListItem\",\"position\":1,\"name\":\"Portada\",\"item\":\"https:\/\/iuexterior.org\/en\/\"},{\"@type\":\"ListItem\",\"position\":2,\"name\":\"Afiliaci\u00f3n\"}]},{\"@type\":\"WebSite\",\"@id\":\"https:\/\/iuexterior.org\/gl\/#website\",\"url\":\"https:\/\/iuexterior.org\/gl\/\",\"name\":\"Federaci\u00f3n de Izquierda Unida en el Exterior (IU Exterior)\",\"description\":\"La federaci\u00f3n de IU para la ciudadan\u00eda espa\u00f1ola emigrada.\",\"potentialAction\":[{\"@type\":\"SearchAction\",\"target\":{\"@type\":\"EntryPoint\",\"urlTemplate\":\"https:\/\/iuexterior.org\/gl\/?s={search_term_string}\"},\"query-input\":{\"@type\":\"PropertyValueSpecification\",\"valueRequired\":true,\"valueName\":\"search_term_string\"}}],\"inLanguage\":\"eu\"}]}<\/script>\n<!-- \/ Yoast SEO plugin. -->","yoast_head_json":{"title":"Afiliaci\u00f3n - Federaci\u00f3n de Izquierda Unida en el Exterior (IU Exterior)","robots":{"index":"index","follow":"follow","max-snippet":"max-snippet:-1","max-image-preview":"max-image-preview:large","max-video-preview":"max-video-preview:-1"},"canonical":"http:\/\/iuexterior.org\/eu\/afiliacion\/","og_locale":"en_US","og_type":"article","og_title":"Afiliaci\u00f3n - Federaci\u00f3n de Izquierda Unida en el Exterior (IU Exterior)","og_description":"\u00ab\u00bfQu\u00e9 ser\u00eda de este mundo sin militantes?, \u00bfC\u00f3mo ser\u00eda la condici\u00f3n humana si no hubiera militantes? No porque los militantes sean perfectos, porque tengan siempre la raz\u00f3n, porque sean superhombres &hellip;","og_url":"http:\/\/iuexterior.org\/eu\/afiliacion\/","og_site_name":"Federaci\u00f3n de Izquierda Unida en el Exterior (IU Exterior)","article_modified_time":"2022-02-07T18:55:22+00:00","og_image":[{"width":1024,"height":576,"url":"http:\/\/iuexterior.org\/wp-content\/uploads\/2020\/01\/IU-Global-1024x576.png","type":"image\/png"}],"twitter_card":"summary_large_image","twitter_misc":{"Est. reading time":"3 minutua"},"schema":{"@context":"https:\/\/schema.org","@graph":[{"@type":"WebPage","@id":"http:\/\/iuexterior.org\/afiliacion\/","url":"http:\/\/iuexterior.org\/afiliacion\/","name":"Afiliaci\u00f3n - Federaci\u00f3n de Izquierda Unida en el Exterior (IU Exterior)","isPartOf":{"@id":"https:\/\/iuexterior.org\/gl\/#website"},"primaryImageOfPage":{"@id":"http:\/\/iuexterior.org\/afiliacion\/#primaryimage"},"image":{"@id":"http:\/\/iuexterior.org\/afiliacion\/#primaryimage"},"thumbnailUrl":"https:\/\/iuexterior.org\/wp-content\/uploads\/2020\/01\/IU-Global.png","datePublished":"2020-09-22T11:21:48+00:00","dateModified":"2022-02-07T18:55:22+00:00","breadcrumb":{"@id":"http:\/\/iuexterior.org\/afiliacion\/#breadcrumb"},"inLanguage":"eu","potentialAction":[{"@type":"ReadAction","target":["http:\/\/iuexterior.org\/afiliacion\/"]}]},{"@type":"ImageObject","inLanguage":"eu","@id":"http:\/\/iuexterior.org\/afiliacion\/#primaryimage","url":"https:\/\/iuexterior.org\/wp-content\/uploads\/2020\/01\/IU-Global.png","contentUrl":"https:\/\/iuexterior.org\/wp-content\/uploads\/2020\/01\/IU-Global.png","width":1920,"height":1080},{"@type":"BreadcrumbList","@id":"http:\/\/iuexterior.org\/afiliacion\/#breadcrumb","itemListElement":[{"@type":"ListItem","position":1,"name":"Portada","item":"https:\/\/iuexterior.org\/en\/"},{"@type":"ListItem","position":2,"name":"Afiliaci\u00f3n"}]},{"@type":"WebSite","@id":"https:\/\/iuexterior.org\/gl\/#website","url":"https:\/\/iuexterior.org\/gl\/","name":"Federaci\u00f3n de Izquierda Unida en el Exterior (IU Exterior)","description":"La federaci\u00f3n de IU para la ciudadan\u00eda espa\u00f1ola emigrada.","potentialAction":[{"@type":"SearchAction","target":{"@type":"EntryPoint","urlTemplate":"https:\/\/iuexterior.org\/gl\/?s={search_term_string}"},"query-input":{"@type":"PropertyValueSpecification","valueRequired":true,"valueName":"search_term_string"}}],"inLanguage":"eu"}]}},"_links":{"self":[{"href":"https:\/\/iuexterior.org\/eu\/wp-json\/wp\/v2\/pages\/2005","targetHints":{"allow":["GET"]}}],"collection":[{"href":"https:\/\/iuexterior.org\/eu\/wp-json\/wp\/v2\/pages"}],"about":[{"href":"https:\/\/iuexterior.org\/eu\/wp-json\/wp\/v2\/types\/page"}],"author":[{"embeddable":true,"href":"https:\/\/iuexterior.org\/eu\/wp-json\/wp\/v2\/users\/2"}],"replies":[{"embeddable":true,"href":"https:\/\/iuexterior.org\/eu\/wp-json\/wp\/v2\/comments?post=2005"}],"version-history":[{"count":0,"href":"https:\/\/iuexterior.org\/eu\/wp-json\/wp\/v2\/pages\/2005\/revisions"}],"wp:featuredmedia":[{"embeddable":true,"href":"https:\/\/iuexterior.org\/eu\/wp-json\/wp\/v2\/media\/1459"}],"wp:attachment":[{"href":"https:\/\/iuexterior.org\/eu\/wp-json\/wp\/v2\/media?parent=2005"}],"curies":[{"name":"wp","href":"https:\/\/api.w.org\/{rel}","templated":true}]}}