{"id":24,"date":"2017-05-15T18:15:23","date_gmt":"2017-05-15T16:15:23","guid":{"rendered":"http:\/\/iuexterior.org\/?page_id=24"},"modified":"2024-05-15T16:35:41","modified_gmt":"2024-05-15T14:35:41","slug":"comision-colegiada","status":"publish","type":"page","link":"https:\/\/iuexterior.org\/en\/comision-colegiada\/","title":{"rendered":"Collegiate Commission"},"content":{"rendered":"<p>La <strong>Collegiate Commission<\/strong>\u00a0<strong>de IU Exterior<\/strong> est\u00e1 conformada por las siguientes militantes, con co-coordinaciones paritarias ocasionales en ciertas responsabilidades:<\/p>\n<p><strong>Spokesperson representation and Coordination: <span style=\"color: #df0022;\">Luis Cort\u00e9s<\/span><\/strong><\/p>\n<p><strong>Organization and Finance:<\/strong>: <strong><span style=\"color: #df0022;\">Beatriz Ramos y Samuel Aldana<\/span><\/strong><\/p>\n<p><strong>Political action: <\/strong><strong><span style=\"color: #df0022;\">Mar\u00eda Perles\u00a0<\/span><\/strong><\/p>\n<p><strong>Communication and media: <\/strong><\/p>\n\n<!-- AddThis Advanced Settings generic via filter on the_content --><!-- AddThis Share Buttons generic via filter on the_content -->","protected":false},"excerpt":{"rendered":"<p>La Comisi\u00f3n Colegiada\u00a0de IU Exterior est\u00e1 conformada por las siguientes militantes, con co-coordinaciones paritarias ocasionales en ciertas responsabilidades: Portavoc\u00eda y Coordinaci\u00f3n: Luis Cort\u00e9s Organizaci\u00f3n y Finanzas: Beatriz Ramos y Samuel &hellip;<!-- AddThis Advanced Settings generic via filter on get_the_excerpt --><!-- AddThis Share Buttons generic via filter on get_the_excerpt --><\/p>","protected":false},"author":1,"featured_media":1021,"parent":0,"menu_order":0,"comment_status":"closed","ping_status":"closed","template":"","meta":{"footnotes":""},"class_list":["post-24","page","type-page","status-publish","has-post-thumbnail",""],"yoast_head":"<!-- This site is optimized with the Yoast SEO plugin v25.7 - https:\/\/yoast.com\/wordpress\/plugins\/seo\/ -->\n<title>Comisi\u00f3n Colegiada - Federaci\u00f3n de Izquierda Unida en el Exterior (IU Exterior)<\/title>\n<meta name=\"robots\" content=\"index, follow, max-snippet:-1, max-image-preview:large, max-video-preview:-1\" \/>\n<link rel=\"canonical\" href=\"https:\/\/iuexterior.org\/en\/comision-colegiada\/\" \/>\n<meta property=\"og:locale\" content=\"en_GB\" \/>\n<meta property=\"og:type\" content=\"article\" \/>\n<meta property=\"og:title\" content=\"Comisi\u00f3n Colegiada - Federaci\u00f3n de Izquierda Unida en el Exterior (IU Exterior)\" \/>\n<meta property=\"og:description\" content=\"La Comisi\u00f3n Colegiada\u00a0de IU Exterior est\u00e1 conformada por las siguientes militantes, con co-coordinaciones paritarias ocasionales en ciertas responsabilidades: Portavoc\u00eda y Coordinaci\u00f3n: Luis Cort\u00e9s Organizaci\u00f3n y Finanzas: Beatriz Ramos y Samuel &hellip;\" \/>\n<meta property=\"og:url\" content=\"https:\/\/iuexterior.org\/en\/comision-colegiada\/\" \/>\n<meta property=\"og:site_name\" content=\"Federaci\u00f3n de Izquierda Unida en el Exterior (IU Exterior)\" \/>\n<meta property=\"article:modified_time\" content=\"2024-05-15T14:35:41+00:00\" \/>\n<meta property=\"og:image\" content=\"https:\/\/iuexterior.org\/wp-content\/uploads\/2019\/02\/IMG_7776-1024x683.jpg\" \/>\n\t<meta property=\"og:image:width\" content=\"1024\" \/>\n\t<meta property=\"og:image:height\" content=\"683\" \/>\n\t<meta property=\"og:image:type\" content=\"image\/jpeg\" \/>\n<meta name=\"twitter:card\" content=\"summary_large_image\" \/>\n<meta name=\"twitter:label1\" content=\"Estimated reading time\" \/>\n\t<meta name=\"twitter:data1\" content=\"1 minute\" \/>\n<script type=\"application\/ld+json\" class=\"yoast-schema-graph\">{\"@context\":\"https:\/\/schema.org\",\"@graph\":[{\"@type\":\"WebPage\",\"@id\":\"https:\/\/iuexterior.org\/comision-colegiada\/\",\"url\":\"https:\/\/iuexterior.org\/comision-colegiada\/\",\"name\":\"Comisi\u00f3n Colegiada - Federaci\u00f3n de Izquierda Unida en el Exterior (IU Exterior)\",\"isPartOf\":{\"@id\":\"http:\/\/iuexterior.org\/de\/#website\"},\"primaryImageOfPage\":{\"@id\":\"https:\/\/iuexterior.org\/comision-colegiada\/#primaryimage\"},\"image\":{\"@id\":\"https:\/\/iuexterior.org\/comision-colegiada\/#primaryimage\"},\"thumbnailUrl\":\"https:\/\/iuexterior.org\/wp-content\/uploads\/2019\/02\/IMG_7776.jpg\",\"datePublished\":\"2017-05-15T16:15:23+00:00\",\"dateModified\":\"2024-05-15T14:35:41+00:00\",\"breadcrumb\":{\"@id\":\"https:\/\/iuexterior.org\/comision-colegiada\/#breadcrumb\"},\"inLanguage\":\"en-GB\",\"potentialAction\":[{\"@type\":\"ReadAction\",\"target\":[\"https:\/\/iuexterior.org\/comision-colegiada\/\"]}]},{\"@type\":\"ImageObject\",\"inLanguage\":\"en-GB\",\"@id\":\"https:\/\/iuexterior.org\/comision-colegiada\/#primaryimage\",\"url\":\"https:\/\/iuexterior.org\/wp-content\/uploads\/2019\/02\/IMG_7776.jpg\",\"contentUrl\":\"https:\/\/iuexterior.org\/wp-content\/uploads\/2019\/02\/IMG_7776.jpg\",\"width\":5184,\"height\":3456},{\"@type\":\"BreadcrumbList\",\"@id\":\"https:\/\/iuexterior.org\/comision-colegiada\/#breadcrumb\",\"itemListElement\":[{\"@type\":\"ListItem\",\"position\":1,\"name\":\"Portada\",\"item\":\"http:\/\/iuexterior.org\/de\/\"},{\"@type\":\"ListItem\",\"position\":2,\"name\":\"Comisi\u00f3n Colegiada\"}]},{\"@type\":\"WebSite\",\"@id\":\"http:\/\/iuexterior.org\/de\/#website\",\"url\":\"http:\/\/iuexterior.org\/de\/\",\"name\":\"Federaci\u00f3n de Izquierda Unida en el Exterior (IU Exterior)\",\"description\":\"La federaci\u00f3n de IU para la ciudadan\u00eda espa\u00f1ola emigrada.\",\"potentialAction\":[{\"@type\":\"SearchAction\",\"target\":{\"@type\":\"EntryPoint\",\"urlTemplate\":\"http:\/\/iuexterior.org\/de\/?s={search_term_string}\"},\"query-input\":{\"@type\":\"PropertyValueSpecification\",\"valueRequired\":true,\"valueName\":\"search_term_string\"}}],\"inLanguage\":\"en-GB\"}]}<\/script>\n<!-- \/ Yoast SEO plugin. -->","yoast_head_json":{"title":"Comisi\u00f3n Colegiada - Federaci\u00f3n de Izquierda Unida en el Exterior (IU Exterior)","robots":{"index":"index","follow":"follow","max-snippet":"max-snippet:-1","max-image-preview":"max-image-preview:large","max-video-preview":"max-video-preview:-1"},"canonical":"https:\/\/iuexterior.org\/en\/comision-colegiada\/","og_locale":"en_GB","og_type":"article","og_title":"Comisi\u00f3n Colegiada - Federaci\u00f3n de Izquierda Unida en el Exterior (IU Exterior)","og_description":"La Comisi\u00f3n Colegiada\u00a0de IU Exterior est\u00e1 conformada por las siguientes militantes, con co-coordinaciones paritarias ocasionales en ciertas responsabilidades: Portavoc\u00eda y Coordinaci\u00f3n: Luis Cort\u00e9s Organizaci\u00f3n y Finanzas: Beatriz Ramos y Samuel &hellip;","og_url":"https:\/\/iuexterior.org\/en\/comision-colegiada\/","og_site_name":"Federaci\u00f3n de Izquierda Unida en el Exterior (IU Exterior)","article_modified_time":"2024-05-15T14:35:41+00:00","og_image":[{"width":1024,"height":683,"url":"https:\/\/iuexterior.org\/wp-content\/uploads\/2019\/02\/IMG_7776-1024x683.jpg","type":"image\/jpeg"}],"twitter_card":"summary_large_image","twitter_misc":{"Estimated reading time":"1 minute"},"schema":{"@context":"https:\/\/schema.org","@graph":[{"@type":"WebPage","@id":"https:\/\/iuexterior.org\/comision-colegiada\/","url":"https:\/\/iuexterior.org\/comision-colegiada\/","name":"Comisi\u00f3n Colegiada - Federaci\u00f3n de Izquierda Unida en el Exterior (IU Exterior)","isPartOf":{"@id":"http:\/\/iuexterior.org\/de\/#website"},"primaryImageOfPage":{"@id":"https:\/\/iuexterior.org\/comision-colegiada\/#primaryimage"},"image":{"@id":"https:\/\/iuexterior.org\/comision-colegiada\/#primaryimage"},"thumbnailUrl":"https:\/\/iuexterior.org\/wp-content\/uploads\/2019\/02\/IMG_7776.jpg","datePublished":"2017-05-15T16:15:23+00:00","dateModified":"2024-05-15T14:35:41+00:00","breadcrumb":{"@id":"https:\/\/iuexterior.org\/comision-colegiada\/#breadcrumb"},"inLanguage":"en-GB","potentialAction":[{"@type":"ReadAction","target":["https:\/\/iuexterior.org\/comision-colegiada\/"]}]},{"@type":"ImageObject","inLanguage":"en-GB","@id":"https:\/\/iuexterior.org\/comision-colegiada\/#primaryimage","url":"https:\/\/iuexterior.org\/wp-content\/uploads\/2019\/02\/IMG_7776.jpg","contentUrl":"https:\/\/iuexterior.org\/wp-content\/uploads\/2019\/02\/IMG_7776.jpg","width":5184,"height":3456},{"@type":"BreadcrumbList","@id":"https:\/\/iuexterior.org\/comision-colegiada\/#breadcrumb","itemListElement":[{"@type":"ListItem","position":1,"name":"Portada","item":"http:\/\/iuexterior.org\/de\/"},{"@type":"ListItem","position":2,"name":"Comisi\u00f3n Colegiada"}]},{"@type":"WebSite","@id":"http:\/\/iuexterior.org\/de\/#website","url":"http:\/\/iuexterior.org\/de\/","name":"Federaci\u00f3n de Izquierda Unida en el Exterior (IU Exterior)","description":"La federaci\u00f3n de IU para la ciudadan\u00eda espa\u00f1ola emigrada.","potentialAction":[{"@type":"SearchAction","target":{"@type":"EntryPoint","urlTemplate":"http:\/\/iuexterior.org\/de\/?s={search_term_string}"},"query-input":{"@type":"PropertyValueSpecification","valueRequired":true,"valueName":"search_term_string"}}],"inLanguage":"en-GB"}]}},"_links":{"self":[{"href":"https:\/\/iuexterior.org\/en\/wp-json\/wp\/v2\/pages\/24","targetHints":{"allow":["GET"]}}],"collection":[{"href":"https:\/\/iuexterior.org\/en\/wp-json\/wp\/v2\/pages"}],"about":[{"href":"https:\/\/iuexterior.org\/en\/wp-json\/wp\/v2\/types\/page"}],"author":[{"embeddable":true,"href":"https:\/\/iuexterior.org\/en\/wp-json\/wp\/v2\/users\/1"}],"replies":[{"embeddable":true,"href":"https:\/\/iuexterior.org\/en\/wp-json\/wp\/v2\/comments?post=24"}],"version-history":[{"count":0,"href":"https:\/\/iuexterior.org\/en\/wp-json\/wp\/v2\/pages\/24\/revisions"}],"wp:featuredmedia":[{"embeddable":true,"href":"https:\/\/iuexterior.org\/en\/wp-json\/wp\/v2\/media\/1021"}],"wp:attachment":[{"href":"https:\/\/iuexterior.org\/en\/wp-json\/wp\/v2\/media?parent=24"}],"curies":[{"name":"wp","href":"https:\/\/api.w.org\/{rel}","templated":true}]}}