{"id":2005,"date":"2020-09-22T13:21:48","date_gmt":"2020-09-22T11:21:48","guid":{"rendered":"http:\/\/iuexterior.org\/?page_id=2005"},"modified":"2022-02-07T19:55:22","modified_gmt":"2022-02-07T18:55:22","slug":"afiliacion","status":"publish","type":"page","link":"https:\/\/iuexterior.org\/en\/afiliacion\/","title":{"rendered":"Join us!"},"content":{"rendered":"<blockquote class=\"wp-block-quote is-layout-flow wp-block-quote-is-layout-flow\"><p class=\"translation-block\">\u201cWhat would the world be without activists? What would become of human nature without activists? Not because activists are perfect, or because they\u2019re always right, or because they\u2019re \u00fcbermensch who never fail\u2026 None of that. It\u2019s because activists aren\u2019t looking for their own benefit - they\u2019re fighting their souls off for a handful of dreams. At the end of the day, human progress requires that there be people who find happiness in living their lives in the service of humanity. Because becoming an activist means bearing a heavy burden - it\u2019s about finding meaning in fighting for transcendental freedom\u201d - <strong>Pepe M\u00fajica Cordano<\/strong>, former President of the Republic of Uruguay<\/p><\/blockquote>\n\n\n\n<p class=\"translation-block\"><strong>United Left<\/strong> Membership is made up of two tiers - <strong>supporters<\/strong> and full (dues-paying) <strong>members<\/strong>. Either case, you need to insert the following numbers as postal codes in the specific form.<\/p>\n\n\n\n<ul class=\"wp-block-list\"><li>&#x1f1e7;&#x1f1ea; Bruselas \u2013 53002<\/li><li>&#x1f1eb;&#x1f1f7; Toulouse \u2013 53001<\/li><li>&#x1f1eb;&#x1f1f7; Lyon \u2013 53030<\/li><li>&#x1f1e9;&#x1f1ea; Berl\u00edn \u2013 53004<\/li><li>&#x1f1e9;&#x1f1ea; Frankfurt \u2013 53005<\/li><li>\ud83c\uddf1\ud83c\uddfa Luxembourg \u2013 53999<\/li><li>&#x1f1e8;&#x1f1ed; Z\u00farich \u2013 53039<\/li><li>\ud83d\uddfa Rest of the world \u2013 53040<\/li><\/ul>\n\n\n\n<h3 class=\"wp-block-heading\" id=\"titulo_afiliacion\">Supporters<\/h3>\n\n\n\n<p class=\"translation-block\">As a supporter, you will enjoy full access to our platform with information about events, political stances, and proposals within the <strong>United Left<\/strong> party. You will also qualify as a participant at IU\u2019s meetings, group discussions, grassroots networks, and open assemblies. You will also be a voting member in some of the party\u2019s constituent processes - such as primaries or party referenda when deciding post-election alliances. Please find the full list of rights and duties of IU supporters in Article 31 of the <a href=\"http:\/\/izquierdaunida.org\/estatutos\/\" target=\"_self\" rel=\"noreferrer noopener\">Statutes<\/a>.<\/p>\n\n\n\n<p class=\"translation-block\"><strong>In order to become a IU Supporter you must be over 16 years old. Joining IU as a supporter is free of charge<\/strong>. You can join now by reaching out to your closest <strong>United Left<\/strong> grassroots conference or online by filling out the following form.<\/p>\n\n\n\n<figure class=\"wp-block-pullquote is-style-solid-color\"><blockquote><p><a href=\"https:\/\/militancia.izquierdaunida.org\/alta_simpatizante\" target=\"_blank\" rel=\"noreferrer noopener\"><strong>Join United Left Spain as a supporter<\/strong><\/a><\/p><\/blockquote><\/figure>\n\n\n\n<p class=\"translation-block\">If you have further questions, you can reach out to us at <a href=\"mailto:simpatizantes@izquierdaunida.org\" target=\"_self\" rel=\"noreferrer noopener\">exterior@izquierdaunida.org<\/a><\/p>\n\n\n\n<hr class=\"wp-block-separator\"\/>\n\n\n\n<h3 class=\"wp-block-heading\">Dues-paying members<\/h3>\n\n\n\n<p class=\"translation-block\">Dues-paying members qualify for full membership within <strong>IU<\/strong>. They commit to actively participating in the organisation within their means and availability. Please find a full list of rights and duties of IU dues-paying members in Article 13 of the <a href=\"http:\/\/izquierdaunida.org\/estatutos\/\" target=\"_self\" rel=\"noreferrer noopener\">Statutes<\/a>.<\/p>\n\n\n\n<p class=\"translation-block\">The following people are not eligible for <strong>IU<\/strong> membership:<\/p>\n\n\n\n<ul class=\"wp-block-list\"><li>People who publicly defend the capitalist economy<\/li><li>People who support or have taken part in environmental aggressions or gender violence<\/li><li>People who publicly or privately show disregard for individual liberties - be those religious, sexual, gender, bodily, or racial.<\/li><li>People who practice animal abuse<\/li><\/ul>\n\n\n\n<p class=\"translation-block\"><strong>Dues-paying members must be over 18 years of age and willing to pay a membership fee<\/strong>. You can join now by reaching out to your closest United Left grassroots conference or online by filling out the following form.<\/p>\n\n\n\n<figure class=\"wp-block-pullquote is-style-solid-color\"><blockquote><p><a href=\"https:\/\/militancia.izquierdaunida.org\/alta_afiliado\" target=\"_blank\" rel=\"noreferrer noopener\"><strong>Join United Left as a full member<\/strong><\/a><\/p><\/blockquote><\/figure>\n\n\n\n<p class=\"translation-block\">If you have trouble joining, please reach out to us at <a href=\"mailto:incidencias.afiliacion@izquierdaunida.org\" target=\"_self\">incidencias.afiliacion@izquierdaunida.org<\/a><\/p>\n\n\n\n<h3 class=\"wp-block-heading\">Attached files (in Spanish)<\/h3>\n\n\n\n<ul class=\"wp-block-list\"><li><img decoding=\"async\" src=\"https:\/\/izquierdaunida.org\/wp-content\/plugins\/download-attachments\/images\/ext\/pdf.gif\" alt=\"pdf\">&nbsp;<a href=\"https:\/\/izquierdaunida.org\/descargar-adjunto\/e89Suh1RYif0R3RaEJG5GeGFPCv6KzokUyEKUcHtlpo,\" target=\"_blank\" rel=\"noreferrer noopener\">Ficha de afiliaci\u00f3n a Izquierda Unida<\/a><\/li><\/ul>\n<!-- AddThis Advanced Settings generic via filter on the_content --><!-- AddThis Share Buttons generic via filter on the_content -->","protected":false},"excerpt":{"rendered":"<p>\u00ab\u00bfQu\u00e9 ser\u00eda de este mundo sin militantes?, \u00bfC\u00f3mo ser\u00eda la condici\u00f3n humana si no hubiera militantes? No porque los militantes sean perfectos, porque tengan siempre la raz\u00f3n, porque sean superhombres &hellip;<!-- AddThis Advanced Settings generic via filter on get_the_excerpt --><!-- AddThis Share Buttons generic via filter on get_the_excerpt --><\/p>","protected":false},"author":2,"featured_media":1459,"parent":0,"menu_order":0,"comment_status":"closed","ping_status":"closed","template":"","meta":{"footnotes":""},"class_list":["post-2005","page","type-page","status-publish","has-post-thumbnail",""],"yoast_head":"<!-- This site is optimized with the Yoast SEO plugin v25.7 - https:\/\/yoast.com\/wordpress\/plugins\/seo\/ -->\n<title>Afiliaci\u00f3n - Federaci\u00f3n de Izquierda Unida en el Exterior (IU Exterior)<\/title>\n<meta name=\"robots\" content=\"index, follow, max-snippet:-1, max-image-preview:large, max-video-preview:-1\" \/>\n<link rel=\"canonical\" href=\"http:\/\/iuexterior.org\/en\/afiliacion\/\" \/>\n<meta property=\"og:locale\" content=\"en_GB\" \/>\n<meta property=\"og:type\" content=\"article\" \/>\n<meta property=\"og:title\" content=\"Afiliaci\u00f3n - Federaci\u00f3n de Izquierda Unida en el Exterior (IU Exterior)\" \/>\n<meta property=\"og:description\" content=\"\u00ab\u00bfQu\u00e9 ser\u00eda de este mundo sin militantes?, \u00bfC\u00f3mo ser\u00eda la condici\u00f3n humana si no hubiera militantes? No porque los militantes sean perfectos, porque tengan siempre la raz\u00f3n, porque sean superhombres &hellip;\" \/>\n<meta property=\"og:url\" content=\"http:\/\/iuexterior.org\/en\/afiliacion\/\" \/>\n<meta property=\"og:site_name\" content=\"Federaci\u00f3n de Izquierda Unida en el Exterior (IU Exterior)\" \/>\n<meta property=\"article:modified_time\" content=\"2022-02-07T18:55:22+00:00\" \/>\n<meta property=\"og:image\" content=\"http:\/\/iuexterior.org\/wp-content\/uploads\/2020\/01\/IU-Global-1024x576.png\" \/>\n\t<meta property=\"og:image:width\" content=\"1024\" \/>\n\t<meta property=\"og:image:height\" content=\"576\" \/>\n\t<meta property=\"og:image:type\" content=\"image\/png\" \/>\n<meta name=\"twitter:card\" content=\"summary_large_image\" \/>\n<meta name=\"twitter:label1\" content=\"Estimated reading time\" \/>\n\t<meta name=\"twitter:data1\" content=\"3 minutes\" \/>\n<script type=\"application\/ld+json\" class=\"yoast-schema-graph\">{\"@context\":\"https:\/\/schema.org\",\"@graph\":[{\"@type\":\"WebPage\",\"@id\":\"http:\/\/iuexterior.org\/de\/afiliacion\/\",\"url\":\"http:\/\/iuexterior.org\/de\/afiliacion\/\",\"name\":\"Afiliaci\u00f3n - Federaci\u00f3n de Izquierda Unida en el Exterior (IU Exterior)\",\"isPartOf\":{\"@id\":\"http:\/\/iuexterior.org\/de\/#website\"},\"primaryImageOfPage\":{\"@id\":\"http:\/\/iuexterior.org\/de\/afiliacion\/#primaryimage\"},\"image\":{\"@id\":\"http:\/\/iuexterior.org\/de\/afiliacion\/#primaryimage\"},\"thumbnailUrl\":\"https:\/\/iuexterior.org\/wp-content\/uploads\/2020\/01\/IU-Global.png\",\"datePublished\":\"2020-09-22T11:21:48+00:00\",\"dateModified\":\"2022-02-07T18:55:22+00:00\",\"breadcrumb\":{\"@id\":\"http:\/\/iuexterior.org\/de\/afiliacion\/#breadcrumb\"},\"inLanguage\":\"en-GB\",\"potentialAction\":[{\"@type\":\"ReadAction\",\"target\":[\"http:\/\/iuexterior.org\/de\/afiliacion\/\"]}]},{\"@type\":\"ImageObject\",\"inLanguage\":\"en-GB\",\"@id\":\"http:\/\/iuexterior.org\/de\/afiliacion\/#primaryimage\",\"url\":\"https:\/\/iuexterior.org\/wp-content\/uploads\/2020\/01\/IU-Global.png\",\"contentUrl\":\"https:\/\/iuexterior.org\/wp-content\/uploads\/2020\/01\/IU-Global.png\",\"width\":1920,\"height\":1080},{\"@type\":\"BreadcrumbList\",\"@id\":\"http:\/\/iuexterior.org\/de\/afiliacion\/#breadcrumb\",\"itemListElement\":[{\"@type\":\"ListItem\",\"position\":1,\"name\":\"Portada\",\"item\":\"http:\/\/iuexterior.org\/de\/\"},{\"@type\":\"ListItem\",\"position\":2,\"name\":\"Afiliaci\u00f3n\"}]},{\"@type\":\"WebSite\",\"@id\":\"http:\/\/iuexterior.org\/de\/#website\",\"url\":\"http:\/\/iuexterior.org\/de\/\",\"name\":\"Federaci\u00f3n de Izquierda Unida en el Exterior (IU Exterior)\",\"description\":\"La federaci\u00f3n de IU para la ciudadan\u00eda espa\u00f1ola emigrada.\",\"potentialAction\":[{\"@type\":\"SearchAction\",\"target\":{\"@type\":\"EntryPoint\",\"urlTemplate\":\"http:\/\/iuexterior.org\/de\/?s={search_term_string}\"},\"query-input\":{\"@type\":\"PropertyValueSpecification\",\"valueRequired\":true,\"valueName\":\"search_term_string\"}}],\"inLanguage\":\"en-GB\"}]}<\/script>\n<!-- \/ Yoast SEO plugin. -->","yoast_head_json":{"title":"Afiliaci\u00f3n - Federaci\u00f3n de Izquierda Unida en el Exterior (IU Exterior)","robots":{"index":"index","follow":"follow","max-snippet":"max-snippet:-1","max-image-preview":"max-image-preview:large","max-video-preview":"max-video-preview:-1"},"canonical":"http:\/\/iuexterior.org\/en\/afiliacion\/","og_locale":"en_GB","og_type":"article","og_title":"Afiliaci\u00f3n - Federaci\u00f3n de Izquierda Unida en el Exterior (IU Exterior)","og_description":"\u00ab\u00bfQu\u00e9 ser\u00eda de este mundo sin militantes?, \u00bfC\u00f3mo ser\u00eda la condici\u00f3n humana si no hubiera militantes? No porque los militantes sean perfectos, porque tengan siempre la raz\u00f3n, porque sean superhombres &hellip;","og_url":"http:\/\/iuexterior.org\/en\/afiliacion\/","og_site_name":"Federaci\u00f3n de Izquierda Unida en el Exterior (IU Exterior)","article_modified_time":"2022-02-07T18:55:22+00:00","og_image":[{"width":1024,"height":576,"url":"http:\/\/iuexterior.org\/wp-content\/uploads\/2020\/01\/IU-Global-1024x576.png","type":"image\/png"}],"twitter_card":"summary_large_image","twitter_misc":{"Estimated reading time":"3 minutes"},"schema":{"@context":"https:\/\/schema.org","@graph":[{"@type":"WebPage","@id":"http:\/\/iuexterior.org\/de\/afiliacion\/","url":"http:\/\/iuexterior.org\/de\/afiliacion\/","name":"Afiliaci\u00f3n - Federaci\u00f3n de Izquierda Unida en el Exterior (IU Exterior)","isPartOf":{"@id":"http:\/\/iuexterior.org\/de\/#website"},"primaryImageOfPage":{"@id":"http:\/\/iuexterior.org\/de\/afiliacion\/#primaryimage"},"image":{"@id":"http:\/\/iuexterior.org\/de\/afiliacion\/#primaryimage"},"thumbnailUrl":"https:\/\/iuexterior.org\/wp-content\/uploads\/2020\/01\/IU-Global.png","datePublished":"2020-09-22T11:21:48+00:00","dateModified":"2022-02-07T18:55:22+00:00","breadcrumb":{"@id":"http:\/\/iuexterior.org\/de\/afiliacion\/#breadcrumb"},"inLanguage":"en-GB","potentialAction":[{"@type":"ReadAction","target":["http:\/\/iuexterior.org\/de\/afiliacion\/"]}]},{"@type":"ImageObject","inLanguage":"en-GB","@id":"http:\/\/iuexterior.org\/de\/afiliacion\/#primaryimage","url":"https:\/\/iuexterior.org\/wp-content\/uploads\/2020\/01\/IU-Global.png","contentUrl":"https:\/\/iuexterior.org\/wp-content\/uploads\/2020\/01\/IU-Global.png","width":1920,"height":1080},{"@type":"BreadcrumbList","@id":"http:\/\/iuexterior.org\/de\/afiliacion\/#breadcrumb","itemListElement":[{"@type":"ListItem","position":1,"name":"Portada","item":"http:\/\/iuexterior.org\/de\/"},{"@type":"ListItem","position":2,"name":"Afiliaci\u00f3n"}]},{"@type":"WebSite","@id":"http:\/\/iuexterior.org\/de\/#website","url":"http:\/\/iuexterior.org\/de\/","name":"Federaci\u00f3n de Izquierda Unida en el Exterior (IU Exterior)","description":"La federaci\u00f3n de IU para la ciudadan\u00eda espa\u00f1ola emigrada.","potentialAction":[{"@type":"SearchAction","target":{"@type":"EntryPoint","urlTemplate":"http:\/\/iuexterior.org\/de\/?s={search_term_string}"},"query-input":{"@type":"PropertyValueSpecification","valueRequired":true,"valueName":"search_term_string"}}],"inLanguage":"en-GB"}]}},"_links":{"self":[{"href":"https:\/\/iuexterior.org\/en\/wp-json\/wp\/v2\/pages\/2005","targetHints":{"allow":["GET"]}}],"collection":[{"href":"https:\/\/iuexterior.org\/en\/wp-json\/wp\/v2\/pages"}],"about":[{"href":"https:\/\/iuexterior.org\/en\/wp-json\/wp\/v2\/types\/page"}],"author":[{"embeddable":true,"href":"https:\/\/iuexterior.org\/en\/wp-json\/wp\/v2\/users\/2"}],"replies":[{"embeddable":true,"href":"https:\/\/iuexterior.org\/en\/wp-json\/wp\/v2\/comments?post=2005"}],"version-history":[{"count":0,"href":"https:\/\/iuexterior.org\/en\/wp-json\/wp\/v2\/pages\/2005\/revisions"}],"wp:featuredmedia":[{"embeddable":true,"href":"https:\/\/iuexterior.org\/en\/wp-json\/wp\/v2\/media\/1459"}],"wp:attachment":[{"href":"https:\/\/iuexterior.org\/en\/wp-json\/wp\/v2\/media?parent=2005"}],"curies":[{"name":"wp","href":"https:\/\/api.w.org\/{rel}","templated":true}]}}