{"id":1835,"date":"2020-10-20T20:28:40","date_gmt":"2020-10-20T18:28:40","guid":{"rendered":"http:\/\/iuexterior.org\/?page_id=1835"},"modified":"2025-11-04T11:20:13","modified_gmt":"2025-11-04T10:20:13","slug":"berlin","status":"publish","type":"page","link":"https:\/\/iuexterior.org\/en\/berlin\/","title":{"rendered":"IU Berlin"},"content":{"rendered":"<p>La asamblea de<strong> IU Berlin<\/strong> se constituy\u00f3, <a href=\"http:\/\/iuexterior.org\/en\/i-asamblea-de-iu-exterior\/\">tras la creaci\u00f3n de IU Exterior<\/a>, el <strong>2 de septiembre de 2017<\/strong>. Anteriormente, su militancia participaba desde la estructura de la antigua federaci\u00f3n de IU Alemania. La asamblea se re\u00fane, regularmente y salvo excepciones, la cuarta semana de cada mes.<\/p>\n\n\n\n<p>Su <strong>Coordinadora Local<\/strong> est\u00e1 formada por:<\/p>\n\n\n\n<ul class=\"wp-block-list\">\n<li><strong>Portavoc\u00eda y Organizaci\u00f3n<\/strong>: Norma Lorenzo Neira<\/li>\n\n\n\n<li><strong>Acci\u00f3n Pol\u00edtica<\/strong>: Luis Sanz Jard\u00f3n<\/li>\n\n\n\n<li><strong>Comunicaci\u00f3n y Redes<\/strong> <strong>Sociales<\/strong>: Jaime Mart\u00ednez Porro<\/li>\n<\/ul>\n\n\n\n<p>Puedes contactar con <strong>IU Berlin<\/strong> a trav\u00e9s del correo <a rel=\"noreferrer noopener\" href=\"mailto:berlin@iuexterior.org\" target=\"_blank\">berlin@iuexterior.org<\/a> y de sus perfiles en <a rel=\"noreferrer noopener\" href=\"https:\/\/www.facebook.com\/IzquierdaUnidaBerlin\" target=\"_blank\">Facebook<\/a>, <a rel=\"noreferrer noopener\" href=\"https:\/\/twitter.com\/IU_Berlin\" target=\"_blank\">Twitter<\/a> e <a rel=\"noreferrer noopener\" href=\"https:\/\/www.instagram.com\/iuberlin\/\" target=\"_blank\">Instagram<\/a>, o seguir su actualidad a trav\u00e9s de su <a rel=\"noreferrer noopener\" href=\"https:\/\/t.me\/IUBerlin\" target=\"_blank\">canal de Telegram<\/a>.<\/p>\n\n\n\n<h3 class=\"wp-block-heading\">Noticias de IU Berl\u00edn<\/h3>\n\n\n<ul class=\"wp-block-latest-posts__list is-grid columns-3 has-dates wp-block-latest-posts\"><li><div class=\"wp-block-latest-posts__featured-image\"><img loading=\"lazy\" decoding=\"async\" width=\"300\" height=\"178\" src=\"https:\/\/iuexterior.org\/wp-content\/uploads\/2025\/12\/G68WC2JXIAAwS62-300x178.jpeg\" class=\"attachment-medium size-medium wp-post-image\" alt=\"\" style=\"\" srcset=\"https:\/\/iuexterior.org\/wp-content\/uploads\/2025\/12\/G68WC2JXIAAwS62-300x178.jpeg 300w, https:\/\/iuexterior.org\/wp-content\/uploads\/2025\/12\/G68WC2JXIAAwS62-1024x606.jpeg 1024w, https:\/\/iuexterior.org\/wp-content\/uploads\/2025\/12\/G68WC2JXIAAwS62-768x455.jpeg 768w, https:\/\/iuexterior.org\/wp-content\/uploads\/2025\/12\/G68WC2JXIAAwS62-1536x909.jpeg 1536w, https:\/\/iuexterior.org\/wp-content\/uploads\/2025\/12\/G68WC2JXIAAwS62-18x12.jpeg 18w, https:\/\/iuexterior.org\/wp-content\/uploads\/2025\/12\/G68WC2JXIAAwS62.jpeg 2047w\" sizes=\"auto, (max-width: 300px) 100vw, 300px\" \/><\/div><a class=\"wp-block-latest-posts__post-title\" href=\"https:\/\/iuexterior.org\/en\/2025\/12\/04\/izquierda-unida-exterior-celebra-su-iii-asamblea-y-reelige-a-luis-cortes-como-coordinador\/\">Izquierda Unida Exterior celebra su III Asamblea y reelige a Luis Cort\u00e9s como coordinador<\/a><time datetime=\"2025-12-04T13:24:49+01:00\" class=\"wp-block-latest-posts__post-date\">4 December, 2025<\/time><\/li>\n<li><div class=\"wp-block-latest-posts__featured-image\"><img loading=\"lazy\" decoding=\"async\" width=\"300\" height=\"204\" src=\"https:\/\/iuexterior.org\/wp-content\/uploads\/2025\/05\/escuela-iuexterior-2025-a-e1762251741761-300x204.png\" class=\"attachment-medium size-medium wp-post-image\" alt=\"\" style=\"\" srcset=\"https:\/\/iuexterior.org\/wp-content\/uploads\/2025\/05\/escuela-iuexterior-2025-a-e1762251741761-300x204.png 300w, https:\/\/iuexterior.org\/wp-content\/uploads\/2025\/05\/escuela-iuexterior-2025-a-e1762251741761-18x12.png 18w, https:\/\/iuexterior.org\/wp-content\/uploads\/2025\/05\/escuela-iuexterior-2025-a-e1762251741761-110x75.png 110w, https:\/\/iuexterior.org\/wp-content\/uploads\/2025\/05\/escuela-iuexterior-2025-a-e1762251741761.png 620w\" sizes=\"auto, (max-width: 300px) 100vw, 300px\" \/><\/div><a class=\"wp-block-latest-posts__post-title\" href=\"https:\/\/iuexterior.org\/en\/2025\/05\/05\/ii-escuela-de-primavera-de-iu-exterior-en-berlin\/\">II Escuela de Primavera de IU Exterior en Berl\u00edn<\/a><time datetime=\"2025-05-05T12:21:20+02:00\" class=\"wp-block-latest-posts__post-date\">5 May, 2025<\/time><\/li>\n<li><div class=\"wp-block-latest-posts__featured-image\"><img loading=\"lazy\" decoding=\"async\" width=\"300\" height=\"225\" src=\"https:\/\/iuexterior.org\/wp-content\/uploads\/2023\/11\/IMG_20231118_110106-300x225.jpg\" class=\"attachment-medium size-medium wp-post-image\" alt=\"\" style=\"\" srcset=\"https:\/\/iuexterior.org\/wp-content\/uploads\/2023\/11\/IMG_20231118_110106-300x225.jpg 300w, https:\/\/iuexterior.org\/wp-content\/uploads\/2023\/11\/IMG_20231118_110106-1024x768.jpg 1024w, https:\/\/iuexterior.org\/wp-content\/uploads\/2023\/11\/IMG_20231118_110106-768x576.jpg 768w, https:\/\/iuexterior.org\/wp-content\/uploads\/2023\/11\/IMG_20231118_110106-1536x1152.jpg 1536w, https:\/\/iuexterior.org\/wp-content\/uploads\/2023\/11\/IMG_20231118_110106-2048x1536.jpg 2048w, https:\/\/iuexterior.org\/wp-content\/uploads\/2023\/11\/IMG_20231118_110106-16x12.jpg 16w\" sizes=\"auto, (max-width: 300px) 100vw, 300px\" \/><\/div><a class=\"wp-block-latest-posts__post-title\" href=\"https:\/\/iuexterior.org\/en\/2023\/11\/24\/die-linke-coge-impulso-tras-su-congreso-federal-en-augsburg\/\">Die LINKE coge impulso tras su Congreso Federal en Augsburg<\/a><time datetime=\"2023-11-24T17:14:50+01:00\" class=\"wp-block-latest-posts__post-date\">24 November, 2023<\/time><\/li>\n<li><div class=\"wp-block-latest-posts__featured-image\"><img loading=\"lazy\" decoding=\"async\" width=\"300\" height=\"175\" src=\"https:\/\/iuexterior.org\/wp-content\/uploads\/2023\/10\/photo_5280813074305110605_x-300x175.jpg\" class=\"attachment-medium size-medium wp-post-image\" alt=\"\" style=\"\" srcset=\"https:\/\/iuexterior.org\/wp-content\/uploads\/2023\/10\/photo_5280813074305110605_x-300x175.jpg 300w, https:\/\/iuexterior.org\/wp-content\/uploads\/2023\/10\/photo_5280813074305110605_x-16x9.jpg 16w, https:\/\/iuexterior.org\/wp-content\/uploads\/2023\/10\/photo_5280813074305110605_x.jpg 600w\" sizes=\"auto, (max-width: 300px) 100vw, 300px\" \/><\/div><a class=\"wp-block-latest-posts__post-title\" href=\"https:\/\/iuexterior.org\/en\/2023\/10\/14\/iu-berlin-condena-la-mordaza-alemana-contra-las-protestas-pro-palestina\/\">IU Berl\u00edn condena la mordaza alemana contra las protestas pro-Palestina<\/a><time datetime=\"2023-10-14T12:15:00+02:00\" class=\"wp-block-latest-posts__post-date\">14 October, 2023<\/time><\/li>\n<li><div class=\"wp-block-latest-posts__featured-image\"><img loading=\"lazy\" decoding=\"async\" width=\"300\" height=\"209\" src=\"https:\/\/iuexterior.org\/wp-content\/uploads\/2023\/07\/F0QHzy4X0Ag1LkN2-300x209.jpg\" class=\"attachment-medium size-medium wp-post-image\" alt=\"\" style=\"\" srcset=\"https:\/\/iuexterior.org\/wp-content\/uploads\/2023\/07\/F0QHzy4X0Ag1LkN2-300x209.jpg 300w, https:\/\/iuexterior.org\/wp-content\/uploads\/2023\/07\/F0QHzy4X0Ag1LkN2-1024x715.jpg 1024w, https:\/\/iuexterior.org\/wp-content\/uploads\/2023\/07\/F0QHzy4X0Ag1LkN2-768x536.jpg 768w, https:\/\/iuexterior.org\/wp-content\/uploads\/2023\/07\/F0QHzy4X0Ag1LkN2-16x12.jpg 16w, https:\/\/iuexterior.org\/wp-content\/uploads\/2023\/07\/F0QHzy4X0Ag1LkN2.jpg 1080w\" sizes=\"auto, (max-width: 300px) 100vw, 300px\" \/><\/div><a class=\"wp-block-latest-posts__post-title\" href=\"https:\/\/iuexterior.org\/en\/2023\/07\/05\/santos-maraver-hara-campana-por-sumar-en-berlin-con-la-diaspora-espanola\/\">Santos Maraver har\u00e1 campa\u00f1a por Sumar en Berl\u00edn con la di\u00e1spora espa\u00f1ola<\/a><time datetime=\"2023-07-05T09:56:47+02:00\" class=\"wp-block-latest-posts__post-date\">5 July, 2023<\/time><\/li>\n<li><div class=\"wp-block-latest-posts__featured-image\"><img loading=\"lazy\" decoding=\"async\" width=\"300\" height=\"186\" src=\"https:\/\/iuexterior.org\/wp-content\/uploads\/2022\/02\/sahara-300x186.png\" class=\"attachment-medium size-medium wp-post-image\" alt=\"\" style=\"\" srcset=\"https:\/\/iuexterior.org\/wp-content\/uploads\/2022\/02\/sahara-300x186.png 300w, https:\/\/iuexterior.org\/wp-content\/uploads\/2022\/02\/sahara-1024x636.png 1024w, https:\/\/iuexterior.org\/wp-content\/uploads\/2022\/02\/sahara-768x477.png 768w, https:\/\/iuexterior.org\/wp-content\/uploads\/2022\/02\/sahara-16x10.png 16w, https:\/\/iuexterior.org\/wp-content\/uploads\/2022\/02\/sahara.png 1113w\" sizes=\"auto, (max-width: 300px) 100vw, 300px\" \/><\/div><a class=\"wp-block-latest-posts__post-title\" href=\"https:\/\/iuexterior.org\/en\/2022\/02\/28\/iu-exterior-acompanara-el-pueblo-saharaui-en-bremen\/\">IU Exterior acompa\u00f1ar\u00e1 el pueblo saharaui en Bremen<\/a><time datetime=\"2022-02-28T17:26:46+01:00\" class=\"wp-block-latest-posts__post-date\">28 February, 2022<\/time><\/li>\n<\/ul><!-- AddThis Advanced Settings generic via filter on the_content --><!-- AddThis Share Buttons generic via filter on the_content -->","protected":false},"excerpt":{"rendered":"<p>La asamblea de IU Berl\u00edn se constituy\u00f3, tras la creaci\u00f3n de IU Exterior, el 2 de septiembre de 2017. Anteriormente, su militancia participaba desde la estructura de la antigua federaci\u00f3n &hellip;<!-- AddThis Advanced Settings generic via filter on get_the_excerpt --><!-- AddThis Share Buttons generic via filter on get_the_excerpt --><\/p>","protected":false},"author":2,"featured_media":2061,"parent":0,"menu_order":0,"comment_status":"closed","ping_status":"closed","template":"","meta":{"footnotes":""},"class_list":["post-1835","page","type-page","status-publish","has-post-thumbnail",""],"yoast_head":"<!-- This site is optimized with the Yoast SEO plugin v25.7 - https:\/\/yoast.com\/wordpress\/plugins\/seo\/ -->\n<title>IU Berl\u00edn - Federaci\u00f3n de Izquierda Unida en el Exterior (IU Exterior)<\/title>\n<meta name=\"robots\" content=\"index, follow, max-snippet:-1, max-image-preview:large, max-video-preview:-1\" \/>\n<link rel=\"canonical\" href=\"https:\/\/iuexterior.org\/en\/berlin\/\" \/>\n<meta property=\"og:locale\" content=\"en_GB\" \/>\n<meta property=\"og:type\" content=\"article\" \/>\n<meta property=\"og:title\" content=\"IU Berl\u00edn - Federaci\u00f3n de Izquierda Unida en el Exterior (IU Exterior)\" \/>\n<meta property=\"og:description\" content=\"La asamblea de IU Berl\u00edn se constituy\u00f3, tras la creaci\u00f3n de IU Exterior, el 2 de septiembre de 2017. Anteriormente, su militancia participaba desde la estructura de la antigua federaci\u00f3n &hellip;\" \/>\n<meta property=\"og:url\" content=\"https:\/\/iuexterior.org\/en\/berlin\/\" \/>\n<meta property=\"og:site_name\" content=\"Federaci\u00f3n de Izquierda Unida en el Exterior (IU Exterior)\" \/>\n<meta property=\"article:modified_time\" content=\"2025-11-04T10:20:13+00:00\" \/>\n<meta property=\"og:image\" content=\"https:\/\/iuexterior.org\/wp-content\/uploads\/2020\/10\/photo5220180832008908764.jpg\" \/>\n\t<meta property=\"og:image:width\" content=\"960\" \/>\n\t<meta property=\"og:image:height\" content=\"720\" \/>\n\t<meta property=\"og:image:type\" content=\"image\/jpeg\" \/>\n<meta name=\"twitter:card\" content=\"summary_large_image\" \/>\n<meta name=\"twitter:label1\" content=\"Estimated reading time\" \/>\n\t<meta name=\"twitter:data1\" content=\"1 minute\" \/>\n<script type=\"application\/ld+json\" class=\"yoast-schema-graph\">{\"@context\":\"https:\/\/schema.org\",\"@graph\":[{\"@type\":\"WebPage\",\"@id\":\"https:\/\/iuexterior.org\/en\/berlin\/\",\"url\":\"https:\/\/iuexterior.org\/en\/berlin\/\",\"name\":\"IU Berl\u00edn - Federaci\u00f3n de Izquierda Unida en el Exterior (IU Exterior)\",\"isPartOf\":{\"@id\":\"http:\/\/iuexterior.org\/de\/#website\"},\"primaryImageOfPage\":{\"@id\":\"https:\/\/iuexterior.org\/en\/berlin\/#primaryimage\"},\"image\":{\"@id\":\"https:\/\/iuexterior.org\/en\/berlin\/#primaryimage\"},\"thumbnailUrl\":\"https:\/\/iuexterior.org\/wp-content\/uploads\/2020\/10\/photo5220180832008908764.jpg\",\"datePublished\":\"2020-10-20T18:28:40+00:00\",\"dateModified\":\"2025-11-04T10:20:13+00:00\",\"breadcrumb\":{\"@id\":\"https:\/\/iuexterior.org\/en\/berlin\/#breadcrumb\"},\"inLanguage\":\"en-GB\",\"potentialAction\":[{\"@type\":\"ReadAction\",\"target\":[\"https:\/\/iuexterior.org\/en\/berlin\/\"]}]},{\"@type\":\"ImageObject\",\"inLanguage\":\"en-GB\",\"@id\":\"https:\/\/iuexterior.org\/en\/berlin\/#primaryimage\",\"url\":\"https:\/\/iuexterior.org\/wp-content\/uploads\/2020\/10\/photo5220180832008908764.jpg\",\"contentUrl\":\"https:\/\/iuexterior.org\/wp-content\/uploads\/2020\/10\/photo5220180832008908764.jpg\",\"width\":960,\"height\":720},{\"@type\":\"BreadcrumbList\",\"@id\":\"https:\/\/iuexterior.org\/en\/berlin\/#breadcrumb\",\"itemListElement\":[{\"@type\":\"ListItem\",\"position\":1,\"name\":\"Portada\",\"item\":\"http:\/\/iuexterior.org\/de\/\"},{\"@type\":\"ListItem\",\"position\":2,\"name\":\"IU Berl\u00edn\"}]},{\"@type\":\"WebSite\",\"@id\":\"http:\/\/iuexterior.org\/de\/#website\",\"url\":\"http:\/\/iuexterior.org\/de\/\",\"name\":\"Federaci\u00f3n de Izquierda Unida en el Exterior (IU Exterior)\",\"description\":\"La federaci\u00f3n de IU para la ciudadan\u00eda espa\u00f1ola emigrada.\",\"potentialAction\":[{\"@type\":\"SearchAction\",\"target\":{\"@type\":\"EntryPoint\",\"urlTemplate\":\"http:\/\/iuexterior.org\/de\/?s={search_term_string}\"},\"query-input\":{\"@type\":\"PropertyValueSpecification\",\"valueRequired\":true,\"valueName\":\"search_term_string\"}}],\"inLanguage\":\"en-GB\"}]}<\/script>\n<!-- \/ Yoast SEO plugin. -->","yoast_head_json":{"title":"IU Berl\u00edn - Federaci\u00f3n de Izquierda Unida en el Exterior (IU Exterior)","robots":{"index":"index","follow":"follow","max-snippet":"max-snippet:-1","max-image-preview":"max-image-preview:large","max-video-preview":"max-video-preview:-1"},"canonical":"https:\/\/iuexterior.org\/en\/berlin\/","og_locale":"en_GB","og_type":"article","og_title":"IU Berl\u00edn - Federaci\u00f3n de Izquierda Unida en el Exterior (IU Exterior)","og_description":"La asamblea de IU Berl\u00edn se constituy\u00f3, tras la creaci\u00f3n de IU Exterior, el 2 de septiembre de 2017. Anteriormente, su militancia participaba desde la estructura de la antigua federaci\u00f3n &hellip;","og_url":"https:\/\/iuexterior.org\/en\/berlin\/","og_site_name":"Federaci\u00f3n de Izquierda Unida en el Exterior (IU Exterior)","article_modified_time":"2025-11-04T10:20:13+00:00","og_image":[{"width":960,"height":720,"url":"https:\/\/iuexterior.org\/wp-content\/uploads\/2020\/10\/photo5220180832008908764.jpg","type":"image\/jpeg"}],"twitter_card":"summary_large_image","twitter_misc":{"Estimated reading time":"1 minute"},"schema":{"@context":"https:\/\/schema.org","@graph":[{"@type":"WebPage","@id":"https:\/\/iuexterior.org\/en\/berlin\/","url":"https:\/\/iuexterior.org\/en\/berlin\/","name":"IU Berl\u00edn - Federaci\u00f3n de Izquierda Unida en el Exterior (IU Exterior)","isPartOf":{"@id":"http:\/\/iuexterior.org\/de\/#website"},"primaryImageOfPage":{"@id":"https:\/\/iuexterior.org\/en\/berlin\/#primaryimage"},"image":{"@id":"https:\/\/iuexterior.org\/en\/berlin\/#primaryimage"},"thumbnailUrl":"https:\/\/iuexterior.org\/wp-content\/uploads\/2020\/10\/photo5220180832008908764.jpg","datePublished":"2020-10-20T18:28:40+00:00","dateModified":"2025-11-04T10:20:13+00:00","breadcrumb":{"@id":"https:\/\/iuexterior.org\/en\/berlin\/#breadcrumb"},"inLanguage":"en-GB","potentialAction":[{"@type":"ReadAction","target":["https:\/\/iuexterior.org\/en\/berlin\/"]}]},{"@type":"ImageObject","inLanguage":"en-GB","@id":"https:\/\/iuexterior.org\/en\/berlin\/#primaryimage","url":"https:\/\/iuexterior.org\/wp-content\/uploads\/2020\/10\/photo5220180832008908764.jpg","contentUrl":"https:\/\/iuexterior.org\/wp-content\/uploads\/2020\/10\/photo5220180832008908764.jpg","width":960,"height":720},{"@type":"BreadcrumbList","@id":"https:\/\/iuexterior.org\/en\/berlin\/#breadcrumb","itemListElement":[{"@type":"ListItem","position":1,"name":"Portada","item":"http:\/\/iuexterior.org\/de\/"},{"@type":"ListItem","position":2,"name":"IU Berl\u00edn"}]},{"@type":"WebSite","@id":"http:\/\/iuexterior.org\/de\/#website","url":"http:\/\/iuexterior.org\/de\/","name":"Federaci\u00f3n de Izquierda Unida en el Exterior (IU Exterior)","description":"La federaci\u00f3n de IU para la ciudadan\u00eda espa\u00f1ola emigrada.","potentialAction":[{"@type":"SearchAction","target":{"@type":"EntryPoint","urlTemplate":"http:\/\/iuexterior.org\/de\/?s={search_term_string}"},"query-input":{"@type":"PropertyValueSpecification","valueRequired":true,"valueName":"search_term_string"}}],"inLanguage":"en-GB"}]}},"_links":{"self":[{"href":"https:\/\/iuexterior.org\/en\/wp-json\/wp\/v2\/pages\/1835","targetHints":{"allow":["GET"]}}],"collection":[{"href":"https:\/\/iuexterior.org\/en\/wp-json\/wp\/v2\/pages"}],"about":[{"href":"https:\/\/iuexterior.org\/en\/wp-json\/wp\/v2\/types\/page"}],"author":[{"embeddable":true,"href":"https:\/\/iuexterior.org\/en\/wp-json\/wp\/v2\/users\/2"}],"replies":[{"embeddable":true,"href":"https:\/\/iuexterior.org\/en\/wp-json\/wp\/v2\/comments?post=1835"}],"version-history":[{"count":0,"href":"https:\/\/iuexterior.org\/en\/wp-json\/wp\/v2\/pages\/1835\/revisions"}],"wp:featuredmedia":[{"embeddable":true,"href":"https:\/\/iuexterior.org\/en\/wp-json\/wp\/v2\/media\/2061"}],"wp:attachment":[{"href":"https:\/\/iuexterior.org\/en\/wp-json\/wp\/v2\/media?parent=1835"}],"curies":[{"name":"wp","href":"https:\/\/api.w.org\/{rel}","templated":true}]}}