{"id":11,"date":"2017-05-15T18:07:46","date_gmt":"2017-05-15T16:07:46","guid":{"rendered":"http:\/\/iuexterior.org\/?page_id=11"},"modified":"2017-12-17T11:42:07","modified_gmt":"2017-12-17T10:42:07","slug":"i-asamblea-de-iu-exterior","status":"publish","type":"page","link":"https:\/\/iuexterior.org\/en\/i-asamblea-de-iu-exterior\/","title":{"rendered":"I Assembly of EU Exterior"},"content":{"rendered":"<p>The first IU Exterior Federation Assembly took place on the 29th and 30th of April 2017. In this assembly, full of debates and spaces for comradeship, we provided ourselves with a board, organizational documents and sectional work plans, which we will briefly describe in this text. But let us first set ourselves in context.<\/p>\n<p>Some of us militants of IU Exterior arrived first to our current host cities in a time when affiliating with the Spanish Communist Party was illegal, and members were bound to secrecy. Those were times of summary proceedings and death sentences, of guest workers and day labourers, but also of struggle and hope. Others among us left Spain more recently, at a time in which the global recession has shattered our life projects, doomed us to unemployment, job insecurity, or exile. We all have kept our membership throughout the years and under difficult circumstances. Counting on the life and fight experience of different generations of migrants is a treasure, but placing a value to it requires that we get organized in the best way possible.<\/p>\n<p>Traditionally, IU Exterior members were organized in federations by countries, such as those of Germany, Belgium, France, Luxembourg, Switzerland and Sweden. This structure was suitable for a migration context in which most people who emigrated to a country would stay there for a long period. However, today's context is characterized by flexibility, job insecurity, frequent moves, and job mobility, with many members being also geographically isolated. This new reality requires a different organisational model. This is why the Federation of IU Exterior was created, fulfilling the mandate of the XI Federal Assembly.<\/p>\n<p>The Federation of IU Exterior aims to organise the political work of members living and working abroad under a unique structure, in close contact with full members and grassroot assemblies. The federation is represented within the party\u2019s Federal Coordinating Committee and the Political and Social Congress, so that the voice of migrants is always heard.<\/p>\n<p class=\"translation-block\">The board, as appointed at the I Assembly, is made up of of eight party members directly elected by the vote of the militants, and with shared, equal responsibilities in the following areas: <strong>Spokesperson representation<\/strong> (Marta Mosquera and Eduardo Vel\u00e1zquez), <strong>Organization and Finance<\/strong> (Alicia de Medina and Miguel S\u00e1nchez), <strong>Political action<\/strong> (Teresa Laguna and Alejo Beltr\u00e1n), and <strong>Political communication<\/strong> (Mar\u00eda Mart\u00ednez and Gonzalo Montoro). \nIt was decided to focus our political activity on social movements and trade unions working on labour and social disputes affecting migrants of Spanish nationality, and also on the construction of safe spaces for our shared fights. It was resolved that this is the best way to contribute to the building of the new world we dream of. It was also considered important to expand our organization to new cities and territories, and to help those party members who are geographically isolated get involved in political action. It is equally important to build up a new discourse on the latest emigration wave, making it clear that the official figures are underrated, and that it is not made up of just young, qualified people.<\/p>\n<p>Please find below all documents related to the I Assembly of United Left Abroad (in Spanish), including the organisational documents and the minutes of the meeting:<\/p>\n<!-- AddThis Advanced Settings generic via filter on the_content --><!-- AddThis Share Buttons generic via filter on the_content -->","protected":false},"excerpt":{"rendered":"<p>Los d\u00edas 29 y 30 de abril de 2017 se celebr\u00f3 en Bruselas la primera asamblea de la Federaci\u00f3n de Izquierda Unida en el exterior (IU Exterior). De esta Asamblea, &hellip;<!-- AddThis Advanced Settings generic via filter on get_the_excerpt --><!-- AddThis Share Buttons generic via filter on get_the_excerpt --><\/p>","protected":false},"author":1,"featured_media":0,"parent":0,"menu_order":0,"comment_status":"closed","ping_status":"closed","template":"","meta":{"footnotes":""},"class_list":["post-11","page","type-page","status-publish",""],"yoast_head":"<!-- This site is optimized with the Yoast SEO plugin v25.7 - https:\/\/yoast.com\/wordpress\/plugins\/seo\/ -->\n<title>I Asamblea de IU Exterior - Federaci\u00f3n de Izquierda Unida en el Exterior (IU Exterior)<\/title>\n<meta name=\"robots\" content=\"index, follow, max-snippet:-1, max-image-preview:large, max-video-preview:-1\" \/>\n<link rel=\"canonical\" href=\"http:\/\/iuexterior.org\/en\/i-asamblea-de-iu-exterior\/\" \/>\n<meta property=\"og:locale\" content=\"en_GB\" \/>\n<meta property=\"og:type\" content=\"article\" \/>\n<meta property=\"og:title\" content=\"I Asamblea de IU Exterior - Federaci\u00f3n de Izquierda Unida en el Exterior (IU Exterior)\" \/>\n<meta property=\"og:description\" content=\"Los d\u00edas 29 y 30 de abril de 2017 se celebr\u00f3 en Bruselas la primera asamblea de la Federaci\u00f3n de Izquierda Unida en el exterior (IU Exterior). De esta Asamblea, &hellip;\" \/>\n<meta property=\"og:url\" content=\"http:\/\/iuexterior.org\/en\/i-asamblea-de-iu-exterior\/\" \/>\n<meta property=\"og:site_name\" content=\"Federaci\u00f3n de Izquierda Unida en el Exterior (IU Exterior)\" \/>\n<meta property=\"article:modified_time\" content=\"2017-12-17T10:42:07+00:00\" \/>\n<meta name=\"twitter:card\" content=\"summary_large_image\" \/>\n<meta name=\"twitter:label1\" content=\"Estimated reading time\" \/>\n\t<meta name=\"twitter:data1\" content=\"3 minutes\" \/>\n<script type=\"application\/ld+json\" class=\"yoast-schema-graph\">{\"@context\":\"https:\/\/schema.org\",\"@graph\":[{\"@type\":\"WebPage\",\"@id\":\"http:\/\/iuexterior.org\/fr\/i-asamblea-de-iu-exterior\/\",\"url\":\"http:\/\/iuexterior.org\/fr\/i-asamblea-de-iu-exterior\/\",\"name\":\"I Asamblea de IU Exterior - Federaci\u00f3n de Izquierda Unida en el Exterior (IU Exterior)\",\"isPartOf\":{\"@id\":\"https:\/\/iuexterior.org\/ca\/#website\"},\"datePublished\":\"2017-05-15T16:07:46+00:00\",\"dateModified\":\"2017-12-17T10:42:07+00:00\",\"breadcrumb\":{\"@id\":\"http:\/\/iuexterior.org\/fr\/i-asamblea-de-iu-exterior\/#breadcrumb\"},\"inLanguage\":\"en-GB\",\"potentialAction\":[{\"@type\":\"ReadAction\",\"target\":[\"http:\/\/iuexterior.org\/fr\/i-asamblea-de-iu-exterior\/\"]}]},{\"@type\":\"BreadcrumbList\",\"@id\":\"http:\/\/iuexterior.org\/fr\/i-asamblea-de-iu-exterior\/#breadcrumb\",\"itemListElement\":[{\"@type\":\"ListItem\",\"position\":1,\"name\":\"Portada\",\"item\":\"https:\/\/iuexterior.org\/ca\/\"},{\"@type\":\"ListItem\",\"position\":2,\"name\":\"I Asamblea de IU Exterior\"}]},{\"@type\":\"WebSite\",\"@id\":\"https:\/\/iuexterior.org\/ca\/#website\",\"url\":\"https:\/\/iuexterior.org\/ca\/\",\"name\":\"Federaci\u00f3n de Izquierda Unida en el Exterior (IU Exterior)\",\"description\":\"La federaci\u00f3n de IU para la ciudadan\u00eda espa\u00f1ola emigrada.\",\"potentialAction\":[{\"@type\":\"SearchAction\",\"target\":{\"@type\":\"EntryPoint\",\"urlTemplate\":\"https:\/\/iuexterior.org\/ca\/?s={search_term_string}\"},\"query-input\":{\"@type\":\"PropertyValueSpecification\",\"valueRequired\":true,\"valueName\":\"search_term_string\"}}],\"inLanguage\":\"en-GB\"}]}<\/script>\n<!-- \/ Yoast SEO plugin. -->","yoast_head_json":{"title":"I Asamblea de IU Exterior - Federaci\u00f3n de Izquierda Unida en el Exterior (IU Exterior)","robots":{"index":"index","follow":"follow","max-snippet":"max-snippet:-1","max-image-preview":"max-image-preview:large","max-video-preview":"max-video-preview:-1"},"canonical":"http:\/\/iuexterior.org\/en\/i-asamblea-de-iu-exterior\/","og_locale":"en_GB","og_type":"article","og_title":"I Asamblea de IU Exterior - Federaci\u00f3n de Izquierda Unida en el Exterior (IU Exterior)","og_description":"Los d\u00edas 29 y 30 de abril de 2017 se celebr\u00f3 en Bruselas la primera asamblea de la Federaci\u00f3n de Izquierda Unida en el exterior (IU Exterior). De esta Asamblea, &hellip;","og_url":"http:\/\/iuexterior.org\/en\/i-asamblea-de-iu-exterior\/","og_site_name":"Federaci\u00f3n de Izquierda Unida en el Exterior (IU Exterior)","article_modified_time":"2017-12-17T10:42:07+00:00","twitter_card":"summary_large_image","twitter_misc":{"Estimated reading time":"3 minutes"},"schema":{"@context":"https:\/\/schema.org","@graph":[{"@type":"WebPage","@id":"http:\/\/iuexterior.org\/fr\/i-asamblea-de-iu-exterior\/","url":"http:\/\/iuexterior.org\/fr\/i-asamblea-de-iu-exterior\/","name":"I Asamblea de IU Exterior - Federaci\u00f3n de Izquierda Unida en el Exterior (IU Exterior)","isPartOf":{"@id":"https:\/\/iuexterior.org\/ca\/#website"},"datePublished":"2017-05-15T16:07:46+00:00","dateModified":"2017-12-17T10:42:07+00:00","breadcrumb":{"@id":"http:\/\/iuexterior.org\/fr\/i-asamblea-de-iu-exterior\/#breadcrumb"},"inLanguage":"en-GB","potentialAction":[{"@type":"ReadAction","target":["http:\/\/iuexterior.org\/fr\/i-asamblea-de-iu-exterior\/"]}]},{"@type":"BreadcrumbList","@id":"http:\/\/iuexterior.org\/fr\/i-asamblea-de-iu-exterior\/#breadcrumb","itemListElement":[{"@type":"ListItem","position":1,"name":"Portada","item":"https:\/\/iuexterior.org\/ca\/"},{"@type":"ListItem","position":2,"name":"I Asamblea de IU Exterior"}]},{"@type":"WebSite","@id":"https:\/\/iuexterior.org\/ca\/#website","url":"https:\/\/iuexterior.org\/ca\/","name":"Federaci\u00f3n de Izquierda Unida en el Exterior (IU Exterior)","description":"La federaci\u00f3n de IU para la ciudadan\u00eda espa\u00f1ola emigrada.","potentialAction":[{"@type":"SearchAction","target":{"@type":"EntryPoint","urlTemplate":"https:\/\/iuexterior.org\/ca\/?s={search_term_string}"},"query-input":{"@type":"PropertyValueSpecification","valueRequired":true,"valueName":"search_term_string"}}],"inLanguage":"en-GB"}]}},"_links":{"self":[{"href":"https:\/\/iuexterior.org\/en\/wp-json\/wp\/v2\/pages\/11","targetHints":{"allow":["GET"]}}],"collection":[{"href":"https:\/\/iuexterior.org\/en\/wp-json\/wp\/v2\/pages"}],"about":[{"href":"https:\/\/iuexterior.org\/en\/wp-json\/wp\/v2\/types\/page"}],"author":[{"embeddable":true,"href":"https:\/\/iuexterior.org\/en\/wp-json\/wp\/v2\/users\/1"}],"replies":[{"embeddable":true,"href":"https:\/\/iuexterior.org\/en\/wp-json\/wp\/v2\/comments?post=11"}],"version-history":[{"count":0,"href":"https:\/\/iuexterior.org\/en\/wp-json\/wp\/v2\/pages\/11\/revisions"}],"wp:attachment":[{"href":"https:\/\/iuexterior.org\/en\/wp-json\/wp\/v2\/media?parent=11"}],"curies":[{"name":"wp","href":"https:\/\/api.w.org\/{rel}","templated":true}]}}