{"id":2798,"date":"2024-05-05T20:15:34","date_gmt":"2024-05-05T18:15:34","guid":{"rendered":"https:\/\/iuexterior.org\/?page_id=2798"},"modified":"2025-12-07T09:50:43","modified_gmt":"2025-12-07T08:50:43","slug":"estocolmo","status":"publish","type":"page","link":"https:\/\/iuexterior.org\/de\/estocolmo\/","title":{"rendered":"IU Estocolmo"},"content":{"rendered":"<p>La asamblea de <strong>IU Estocolmo <\/strong>se constituy\u00f3 el <strong>12 de abril de 2024<\/strong>, siendo as\u00ed la asamblea mas joven de la federaci\u00f3n de Izquierda Unida en el Exterior.&nbsp;<\/p>\n\n\n\n<p>La asamblea de Izquierda Unida en Estocolmo nace en el seno de la asamblea IU Global, organizando acciones y creciendo en la capital sueca hasta poder constituir una asamblea independiente. La asamblea hace suyo el objetivo de IU Exterior de velar por los <strong>derechos de las trabajadoras y trabajadores que han emigrado<\/strong> a otros pa\u00edses por distintas razones, ofreci\u00e9ndoles una voz que les represente, poniendo especial foco en las <strong>emigrantes espa\u00f1olas que residen en Suecia<\/strong>.<\/p>\n\n\n\n<figure class=\"wp-block-image size-large\"><img loading=\"lazy\" decoding=\"async\" width=\"1024\" height=\"683\" src=\"https:\/\/iuexterior.org\/wp-content\/uploads\/2024\/05\/437666320_738248168491330_8995530608319508465_n-1024x683.jpg\" alt=\"\" class=\"wp-image-2799\" srcset=\"https:\/\/iuexterior.org\/wp-content\/uploads\/2024\/05\/437666320_738248168491330_8995530608319508465_n-1024x683.jpg 1024w, https:\/\/iuexterior.org\/wp-content\/uploads\/2024\/05\/437666320_738248168491330_8995530608319508465_n-300x200.jpg 300w, https:\/\/iuexterior.org\/wp-content\/uploads\/2024\/05\/437666320_738248168491330_8995530608319508465_n-768x512.jpg 768w, https:\/\/iuexterior.org\/wp-content\/uploads\/2024\/05\/437666320_738248168491330_8995530608319508465_n-1536x1025.jpg 1536w, https:\/\/iuexterior.org\/wp-content\/uploads\/2024\/05\/437666320_738248168491330_8995530608319508465_n-16x12.jpg 16w, https:\/\/iuexterior.org\/wp-content\/uploads\/2024\/05\/437666320_738248168491330_8995530608319508465_n.jpg 2048w\" sizes=\"auto, (max-width: 1024px) 100vw, 1024px\" \/><figcaption class=\"wp-element-caption\">Asamblea fundacional de IU Estocolmo.<\/figcaption><\/figure>\n\n\n\n<p>Debido a su condici\u00f3n de migrante, la clase trabajadora espa\u00f1ola en Suecia se enfrenta a una realidad que menoscaba su igualdad de oportunidades en varios \u00e1mbitos de la vida. En espacios como el mercado laboral, el de la vivienda o la integraci\u00f3n en la sociedad sueca, la clase trabajadora espa\u00f1ola sufre una serie de desventajas derivadas, sobre todo, del&nbsp;<strong>desconocimiento del sistema social, econ\u00f3mico y cultural<\/strong>&nbsp;al que llegan. Por esta raz\u00f3n, conviene abordar de manera sistem\u00e1tica las distintas problem\u00e1ticas asociadas al fen\u00f3meno de la integraci\u00f3n a partir de la creaci\u00f3n de iniciativas encaminadas a representar los intereses y a resaltar los derechos de todos los espa\u00f1oles y las espa\u00f1olas que han decidido trabajar en este pa\u00eds.<\/p>\n\n\n\n<p>La asamblea de <strong>IU Estocolmo <\/strong>colabora activamente con el <a href=\"https:\/\/www.vansterpartiet.se\/\"><strong>Partido de la Izquierda Sueca (V\u00e4nsterpartiet<\/strong><\/a><strong>)<\/strong>, as\u00ed como con la asociaci\u00f3n en memoria de los voluntarios suecos de las Brigadas Internacionales, <a href=\"https:\/\/www.spanienfrivilligasvanner.se\/\"><strong>Svenska Spanienfrivilligas V\u00e4nner<\/strong><\/a> y la asociaci\u00f3n <strong><a href=\"https:\/\/cise-francaisdeletranger.net\/\">CISE<\/a><\/strong> de la di\u00e1spora francesa. Las <strong>reuniones<\/strong> y actos de la asamblea se realizan habitualmente en el <strong>Kaf\u00e9 Marx<\/strong> en Kungsgatan 84, Estocolmo.<\/p>\n\n\n\n<p>Su <strong>Coordinadora Local<\/strong> est\u00e1 formada por:<\/p>\n\n\n\n<ul class=\"wp-block-list\">\n<li><strong>Comunicaci\u00f3n<\/strong>: Daniel Aragay<\/li>\n\n\n\n<li><strong>Acci\u00f3n Pol\u00edtica<\/strong>: Juan Carlos Cruz y Mar\u00eda Bernal<\/li>\n\n\n\n<li><strong>Organizaci\u00f3n y Finanzas<\/strong>: David Garc\u00eda<\/li>\n\n\n\n<li><strong>Portavoc\u00eda y Coordinaci\u00f3n<\/strong>: Alex Cuadrado<\/li>\n<\/ul>\n\n\n\n<p>Puedes contactar con <strong>IU Estocolmo <\/strong>a trav\u00e9s del correo <a href=\"mailto:bruselas@iuexterior.org\"><strong>estocolmo@iuexterior.org<\/strong><\/a> y de sus perfiles en <strong><a href=\"http:\/\/Twitter.com\/iuestocolmo\">Twitter<\/a><\/strong>, <a href=\"https:\/\/www.facebook.com\/IUEstocolmo\/\" target=\"_blank\" rel=\"noreferrer noopener\"><strong>Facebook<\/strong><\/a> e <a href=\"https:\/\/www.instagram.com\/iuestocolmo\"><strong>Instagram<\/strong><\/a>.<\/p>\n\n\n\n<ul class=\"wp-block-social-links is-layout-flex wp-block-social-links-is-layout-flex\"><li class=\"wp-social-link wp-social-link-facebook  wp-block-social-link\"><a href=\"https:\/\/www.facebook.com\/IUEstocolmo\/\" class=\"wp-block-social-link-anchor\"><svg width=\"24\" height=\"24\" viewbox=\"0 0 24 24\" version=\"1.1\" xmlns=\"http:\/\/www.w3.org\/2000\/svg\" aria-hidden=\"true\" focusable=\"false\"><path d=\"M12 2C6.5 2 2 6.5 2 12c0 5 3.7 9.1 8.4 9.9v-7H7.9V12h2.5V9.8c0-2.5 1.5-3.9 3.8-3.9 1.1 0 2.2.2 2.2.2v2.5h-1.3c-1.2 0-1.6.8-1.6 1.6V12h2.8l-.4 2.9h-2.3v7C18.3 21.1 22 17 22 12c0-5.5-4.5-10-10-10z\"><\/path><\/svg><span class=\"wp-block-social-link-label screen-reader-text\">Facebook<\/span><\/a><\/li>\n\n<li class=\"wp-social-link wp-social-link-twitter  wp-block-social-link\"><a href=\"http:\/\/Twitter.com\/iuestocolmo\" class=\"wp-block-social-link-anchor\"><svg width=\"24\" height=\"24\" viewbox=\"0 0 24 24\" version=\"1.1\" xmlns=\"http:\/\/www.w3.org\/2000\/svg\" aria-hidden=\"true\" focusable=\"false\"><path d=\"M22.23,5.924c-0.736,0.326-1.527,0.547-2.357,0.646c0.847-0.508,1.498-1.312,1.804-2.27 c-0.793,0.47-1.671,0.812-2.606,0.996C18.324,4.498,17.257,4,16.077,4c-2.266,0-4.103,1.837-4.103,4.103 c0,0.322,0.036,0.635,0.106,0.935C8.67,8.867,5.647,7.234,3.623,4.751C3.27,5.357,3.067,6.062,3.067,6.814 c0,1.424,0.724,2.679,1.825,3.415c-0.673-0.021-1.305-0.206-1.859-0.513c0,0.017,0,0.034,0,0.052c0,1.988,1.414,3.647,3.292,4.023 c-0.344,0.094-0.707,0.144-1.081,0.144c-0.264,0-0.521-0.026-0.772-0.074c0.522,1.63,2.038,2.816,3.833,2.85 c-1.404,1.1-3.174,1.756-5.096,1.756c-0.331,0-0.658-0.019-0.979-0.057c1.816,1.164,3.973,1.843,6.29,1.843 c7.547,0,11.675-6.252,11.675-11.675c0-0.178-0.004-0.355-0.012-0.531C20.985,7.47,21.68,6.747,22.23,5.924z\"><\/path><\/svg><span class=\"wp-block-social-link-label screen-reader-text\">Twitter<\/span><\/a><\/li>\n\n<li class=\"wp-social-link wp-social-link-instagram  wp-block-social-link\"><a href=\"https:\/\/www.instagram.com\/iuestocolmo\" class=\"wp-block-social-link-anchor\"><svg width=\"24\" height=\"24\" viewbox=\"0 0 24 24\" version=\"1.1\" xmlns=\"http:\/\/www.w3.org\/2000\/svg\" aria-hidden=\"true\" focusable=\"false\"><path d=\"M12,4.622c2.403,0,2.688,0.009,3.637,0.052c0.877,0.04,1.354,0.187,1.671,0.31c0.42,0.163,0.72,0.358,1.035,0.673 c0.315,0.315,0.51,0.615,0.673,1.035c0.123,0.317,0.27,0.794,0.31,1.671c0.043,0.949,0.052,1.234,0.052,3.637 s-0.009,2.688-0.052,3.637c-0.04,0.877-0.187,1.354-0.31,1.671c-0.163,0.42-0.358,0.72-0.673,1.035 c-0.315,0.315-0.615,0.51-1.035,0.673c-0.317,0.123-0.794,0.27-1.671,0.31c-0.949,0.043-1.233,0.052-3.637,0.052 s-2.688-0.009-3.637-0.052c-0.877-0.04-1.354-0.187-1.671-0.31c-0.42-0.163-0.72-0.358-1.035-0.673 c-0.315-0.315-0.51-0.615-0.673-1.035c-0.123-0.317-0.27-0.794-0.31-1.671C4.631,14.688,4.622,14.403,4.622,12 s0.009-2.688,0.052-3.637c0.04-0.877,0.187-1.354,0.31-1.671c0.163-0.42,0.358-0.72,0.673-1.035 c0.315-0.315,0.615-0.51,1.035-0.673c0.317-0.123,0.794-0.27,1.671-0.31C9.312,4.631,9.597,4.622,12,4.622 M12,3 C9.556,3,9.249,3.01,8.289,3.054C7.331,3.098,6.677,3.25,6.105,3.472C5.513,3.702,5.011,4.01,4.511,4.511 c-0.5,0.5-0.808,1.002-1.038,1.594C3.25,6.677,3.098,7.331,3.054,8.289C3.01,9.249,3,9.556,3,12c0,2.444,0.01,2.751,0.054,3.711 c0.044,0.958,0.196,1.612,0.418,2.185c0.23,0.592,0.538,1.094,1.038,1.594c0.5,0.5,1.002,0.808,1.594,1.038 c0.572,0.222,1.227,0.375,2.185,0.418C9.249,20.99,9.556,21,12,21s2.751-0.01,3.711-0.054c0.958-0.044,1.612-0.196,2.185-0.418 c0.592-0.23,1.094-0.538,1.594-1.038c0.5-0.5,0.808-1.002,1.038-1.594c0.222-0.572,0.375-1.227,0.418-2.185 C20.99,14.751,21,14.444,21,12s-0.01-2.751-0.054-3.711c-0.044-0.958-0.196-1.612-0.418-2.185c-0.23-0.592-0.538-1.094-1.038-1.594 c-0.5-0.5-1.002-0.808-1.594-1.038c-0.572-0.222-1.227-0.375-2.185-0.418C14.751,3.01,14.444,3,12,3L12,3z M12,7.378 c-2.552,0-4.622,2.069-4.622,4.622S9.448,16.622,12,16.622s4.622-2.069,4.622-4.622S14.552,7.378,12,7.378z M12,15 c-1.657,0-3-1.343-3-3s1.343-3,3-3s3,1.343,3,3S13.657,15,12,15z M16.804,6.116c-0.596,0-1.08,0.484-1.08,1.08 s0.484,1.08,1.08,1.08c0.596,0,1.08-0.484,1.08-1.08S17.401,6.116,16.804,6.116z\"><\/path><\/svg><span class=\"wp-block-social-link-label screen-reader-text\">Instagram<\/span><\/a><\/li><\/ul>\n\n\n\n<h3 class=\"wp-block-heading\">Noticias de IU Estocolmo<\/h3>\n\n\n<ul class=\"wp-block-latest-posts__list is-grid columns-3 has-dates wp-block-latest-posts\"><li><div class=\"wp-block-latest-posts__featured-image\"><img loading=\"lazy\" decoding=\"async\" width=\"300\" height=\"169\" src=\"https:\/\/iuexterior.org\/wp-content\/uploads\/2025\/12\/Picture-3-300x169.png\" class=\"attachment-medium size-medium wp-post-image\" alt=\"\" style=\"\" srcset=\"https:\/\/iuexterior.org\/wp-content\/uploads\/2025\/12\/Picture-3-300x169.png 300w, https:\/\/iuexterior.org\/wp-content\/uploads\/2025\/12\/Picture-3-18x10.png 18w, https:\/\/iuexterior.org\/wp-content\/uploads\/2025\/12\/Picture-3.png 451w\" sizes=\"auto, (max-width: 300px) 100vw, 300px\" \/><\/div><a class=\"wp-block-latest-posts__post-title\" href=\"https:\/\/iuexterior.org\/de\/2025\/12\/19\/la-izquierda-del-futuro-en-suecia-una-respuesta-ciudadana-a-la-deriva-reaccionaria\/\">La Izquierda del Futuro en Suecia, una respuesta ciudadana a la deriva reaccionaria<\/a><time datetime=\"2025-12-19T10:42:15+01:00\" class=\"wp-block-latest-posts__post-date\">19 Dezember, 2025<\/time><\/li>\n<li><div class=\"wp-block-latest-posts__featured-image\"><img loading=\"lazy\" decoding=\"async\" width=\"300\" height=\"178\" src=\"https:\/\/iuexterior.org\/wp-content\/uploads\/2025\/12\/G68WC2JXIAAwS62-300x178.jpeg\" class=\"attachment-medium size-medium wp-post-image\" alt=\"\" style=\"\" srcset=\"https:\/\/iuexterior.org\/wp-content\/uploads\/2025\/12\/G68WC2JXIAAwS62-300x178.jpeg 300w, https:\/\/iuexterior.org\/wp-content\/uploads\/2025\/12\/G68WC2JXIAAwS62-1024x606.jpeg 1024w, https:\/\/iuexterior.org\/wp-content\/uploads\/2025\/12\/G68WC2JXIAAwS62-768x455.jpeg 768w, https:\/\/iuexterior.org\/wp-content\/uploads\/2025\/12\/G68WC2JXIAAwS62-1536x909.jpeg 1536w, https:\/\/iuexterior.org\/wp-content\/uploads\/2025\/12\/G68WC2JXIAAwS62-18x12.jpeg 18w, https:\/\/iuexterior.org\/wp-content\/uploads\/2025\/12\/G68WC2JXIAAwS62.jpeg 2047w\" sizes=\"auto, (max-width: 300px) 100vw, 300px\" \/><\/div><a class=\"wp-block-latest-posts__post-title\" href=\"https:\/\/iuexterior.org\/de\/2025\/12\/04\/izquierda-unida-exterior-celebra-su-iii-asamblea-y-reelige-a-luis-cortes-como-coordinador\/\">Izquierda Unida Exterior celebra su III Asamblea y reelige a Luis Cort\u00e9s como coordinador<\/a><time datetime=\"2025-12-04T13:24:49+01:00\" class=\"wp-block-latest-posts__post-date\">4 Dezember, 2025<\/time><\/li>\n<li><div class=\"wp-block-latest-posts__featured-image\"><img loading=\"lazy\" decoding=\"async\" width=\"300\" height=\"204\" src=\"https:\/\/iuexterior.org\/wp-content\/uploads\/2025\/05\/escuela-iuexterior-2025-a-e1762251741761-300x204.png\" class=\"attachment-medium size-medium wp-post-image\" alt=\"\" style=\"\" srcset=\"https:\/\/iuexterior.org\/wp-content\/uploads\/2025\/05\/escuela-iuexterior-2025-a-e1762251741761-300x204.png 300w, https:\/\/iuexterior.org\/wp-content\/uploads\/2025\/05\/escuela-iuexterior-2025-a-e1762251741761-18x12.png 18w, https:\/\/iuexterior.org\/wp-content\/uploads\/2025\/05\/escuela-iuexterior-2025-a-e1762251741761-110x75.png 110w, https:\/\/iuexterior.org\/wp-content\/uploads\/2025\/05\/escuela-iuexterior-2025-a-e1762251741761.png 620w\" sizes=\"auto, (max-width: 300px) 100vw, 300px\" \/><\/div><a class=\"wp-block-latest-posts__post-title\" href=\"https:\/\/iuexterior.org\/de\/2025\/05\/05\/ii-escuela-de-primavera-de-iu-exterior-en-berlin\/\">II Escuela de Primavera de IU Exterior en Berl\u00edn<\/a><time datetime=\"2025-05-05T12:21:20+02:00\" class=\"wp-block-latest-posts__post-date\">5 Mai, 2025<\/time><\/li>\n<li><a class=\"wp-block-latest-posts__post-title\" href=\"https:\/\/iuexterior.org\/de\/2025\/03\/26\/justicia-para-erik-helgesson-defendamos-los-derechos-sindicales-y-el-internacionalismo-de-clase\/\">\u00a1Justicia para Erik Helgesson! \u00a1Defendamos los derechos sindicales y el internacionalismo de clase!<\/a><time datetime=\"2025-03-26T17:03:27+01:00\" class=\"wp-block-latest-posts__post-date\">26 M\u00e4rz, 2025<\/time><\/li>\n<li><div class=\"wp-block-latest-posts__featured-image\"><img loading=\"lazy\" decoding=\"async\" width=\"300\" height=\"169\" src=\"https:\/\/iuexterior.org\/wp-content\/uploads\/2024\/03\/unnamed-1-300x169.png\" class=\"attachment-medium size-medium wp-post-image\" alt=\"\" style=\"\" srcset=\"https:\/\/iuexterior.org\/wp-content\/uploads\/2024\/03\/unnamed-1-300x169.png 300w, https:\/\/iuexterior.org\/wp-content\/uploads\/2024\/03\/unnamed-1-1024x576.png 1024w, https:\/\/iuexterior.org\/wp-content\/uploads\/2024\/03\/unnamed-1-768x432.png 768w, https:\/\/iuexterior.org\/wp-content\/uploads\/2024\/03\/unnamed-1-1536x864.png 1536w, https:\/\/iuexterior.org\/wp-content\/uploads\/2024\/03\/unnamed-1-16x9.png 16w, https:\/\/iuexterior.org\/wp-content\/uploads\/2024\/03\/unnamed-1.png 1600w\" sizes=\"auto, (max-width: 300px) 100vw, 300px\" \/><\/div><a class=\"wp-block-latest-posts__post-title\" href=\"https:\/\/iuexterior.org\/de\/2024\/03\/28\/asamblea-fundacional-de-izquierda-unida-estocolmo\/\">Asamblea Fundacional de Izquierda Unida Estocolmo<\/a><time datetime=\"2024-03-28T17:25:41+01:00\" class=\"wp-block-latest-posts__post-date\">28 M\u00e4rz, 2024<\/time><\/li>\n<li><div class=\"wp-block-latest-posts__featured-image\"><img loading=\"lazy\" decoding=\"async\" width=\"300\" height=\"169\" src=\"https:\/\/iuexterior.org\/wp-content\/uploads\/2023\/04\/FtlvHJLWwAIzbSZ-300x169.jpeg\" class=\"attachment-medium size-medium wp-post-image\" alt=\"\" style=\"\" srcset=\"https:\/\/iuexterior.org\/wp-content\/uploads\/2023\/04\/FtlvHJLWwAIzbSZ-300x169.jpeg 300w, https:\/\/iuexterior.org\/wp-content\/uploads\/2023\/04\/FtlvHJLWwAIzbSZ-1024x576.jpeg 1024w, https:\/\/iuexterior.org\/wp-content\/uploads\/2023\/04\/FtlvHJLWwAIzbSZ-768x432.jpeg 768w, https:\/\/iuexterior.org\/wp-content\/uploads\/2023\/04\/FtlvHJLWwAIzbSZ-1536x864.jpeg 1536w, https:\/\/iuexterior.org\/wp-content\/uploads\/2023\/04\/FtlvHJLWwAIzbSZ-16x9.jpeg 16w, https:\/\/iuexterior.org\/wp-content\/uploads\/2023\/04\/FtlvHJLWwAIzbSZ.jpeg 1638w\" sizes=\"auto, (max-width: 300px) 100vw, 300px\" \/><\/div><a class=\"wp-block-latest-posts__post-title\" href=\"https:\/\/iuexterior.org\/de\/2023\/04\/23\/mesa-redonda-en-estocolmo-el-proximo-1-de-mayo-sobre-memoria-historica-y-solidaridad-internacional\/\">Mesa redonda en Estocolmo el pr\u00f3ximo 1 de mayo sobre Memoria Hist\u00f3rica y Solidaridad Internacional<\/a><time datetime=\"2023-04-23T14:37:48+02:00\" class=\"wp-block-latest-posts__post-date\">23 April, 2023<\/time><\/li>\n<\/ul><!-- AddThis Advanced Settings generic via filter on the_content --><!-- AddThis Share Buttons generic via filter on the_content -->","protected":false},"excerpt":{"rendered":"<p>La asamblea de IU Estocolmo se constituy\u00f3 el 12 de abril de 2024, siendo as\u00ed la asamblea mas joven de la federaci\u00f3n de Izquierda Unida en el Exterior.&nbsp; La asamblea &hellip;<!-- AddThis Advanced Settings generic via filter on get_the_excerpt --><!-- AddThis Share Buttons generic via filter on get_the_excerpt --><\/p>","protected":false},"author":1,"featured_media":2801,"parent":0,"menu_order":0,"comment_status":"closed","ping_status":"closed","template":"","meta":{"footnotes":""},"class_list":["post-2798","page","type-page","status-publish","has-post-thumbnail",""],"yoast_head":"<!-- This site is optimized with the Yoast SEO plugin v25.7 - https:\/\/yoast.com\/wordpress\/plugins\/seo\/ -->\n<title>IU Estocolmo - Federaci\u00f3n de Izquierda Unida en el Exterior (IU Exterior)<\/title>\n<meta name=\"robots\" content=\"index, follow, max-snippet:-1, max-image-preview:large, max-video-preview:-1\" \/>\n<link rel=\"canonical\" href=\"https:\/\/iuexterior.org\/de\/estocolmo\/\" \/>\n<meta property=\"og:locale\" content=\"de_DE\" \/>\n<meta property=\"og:type\" content=\"article\" \/>\n<meta property=\"og:title\" content=\"IU Estocolmo - Federaci\u00f3n de Izquierda Unida en el Exterior (IU Exterior)\" \/>\n<meta property=\"og:description\" content=\"La asamblea de IU Estocolmo se constituy\u00f3 el 12 de abril de 2024, siendo as\u00ed la asamblea mas joven de la federaci\u00f3n de Izquierda Unida en el Exterior.&nbsp; La asamblea &hellip;\" \/>\n<meta property=\"og:url\" content=\"https:\/\/iuexterior.org\/de\/estocolmo\/\" \/>\n<meta property=\"og:site_name\" content=\"Federaci\u00f3n de Izquierda Unida en el Exterior (IU Exterior)\" \/>\n<meta property=\"article:modified_time\" content=\"2025-12-07T08:50:43+00:00\" \/>\n<meta property=\"og:image\" content=\"https:\/\/iuexterior.org\/wp-content\/uploads\/2024\/05\/440367648_748176440831836_6141254249644761076_n.jpg\" \/>\n\t<meta property=\"og:image:width\" content=\"2048\" \/>\n\t<meta property=\"og:image:height\" content=\"1862\" \/>\n\t<meta property=\"og:image:type\" content=\"image\/jpeg\" \/>\n<meta name=\"twitter:card\" content=\"summary_large_image\" \/>\n<meta name=\"twitter:label1\" content=\"Gesch\u00e4tzte Lesezeit\" \/>\n\t<meta name=\"twitter:data1\" content=\"2\u00a0Minuten\" \/>\n<script type=\"application\/ld+json\" class=\"yoast-schema-graph\">{\"@context\":\"https:\/\/schema.org\",\"@graph\":[{\"@type\":\"WebPage\",\"@id\":\"https:\/\/iuexterior.org\/en\/estocolmo\/\",\"url\":\"https:\/\/iuexterior.org\/en\/estocolmo\/\",\"name\":\"IU Estocolmo - Federaci\u00f3n de Izquierda Unida en el Exterior (IU Exterior)\",\"isPartOf\":{\"@id\":\"http:\/\/iuexterior.org\/de\/#website\"},\"primaryImageOfPage\":{\"@id\":\"https:\/\/iuexterior.org\/en\/estocolmo\/#primaryimage\"},\"image\":{\"@id\":\"https:\/\/iuexterior.org\/en\/estocolmo\/#primaryimage\"},\"thumbnailUrl\":\"https:\/\/iuexterior.org\/wp-content\/uploads\/2024\/05\/440367648_748176440831836_6141254249644761076_n.jpg\",\"datePublished\":\"2024-05-05T18:15:34+00:00\",\"dateModified\":\"2025-12-07T08:50:43+00:00\",\"breadcrumb\":{\"@id\":\"https:\/\/iuexterior.org\/en\/estocolmo\/#breadcrumb\"},\"inLanguage\":\"de\",\"potentialAction\":[{\"@type\":\"ReadAction\",\"target\":[\"https:\/\/iuexterior.org\/en\/estocolmo\/\"]}]},{\"@type\":\"ImageObject\",\"inLanguage\":\"de\",\"@id\":\"https:\/\/iuexterior.org\/en\/estocolmo\/#primaryimage\",\"url\":\"https:\/\/iuexterior.org\/wp-content\/uploads\/2024\/05\/440367648_748176440831836_6141254249644761076_n.jpg\",\"contentUrl\":\"https:\/\/iuexterior.org\/wp-content\/uploads\/2024\/05\/440367648_748176440831836_6141254249644761076_n.jpg\",\"width\":2048,\"height\":1862},{\"@type\":\"BreadcrumbList\",\"@id\":\"https:\/\/iuexterior.org\/en\/estocolmo\/#breadcrumb\",\"itemListElement\":[{\"@type\":\"ListItem\",\"position\":1,\"name\":\"Portada\",\"item\":\"http:\/\/iuexterior.org\/de\/\"},{\"@type\":\"ListItem\",\"position\":2,\"name\":\"IU Estocolmo\"}]},{\"@type\":\"WebSite\",\"@id\":\"http:\/\/iuexterior.org\/de\/#website\",\"url\":\"http:\/\/iuexterior.org\/de\/\",\"name\":\"Federaci\u00f3n de Izquierda Unida en el Exterior (IU Exterior)\",\"description\":\"La federaci\u00f3n de IU para la ciudadan\u00eda espa\u00f1ola emigrada.\",\"potentialAction\":[{\"@type\":\"SearchAction\",\"target\":{\"@type\":\"EntryPoint\",\"urlTemplate\":\"http:\/\/iuexterior.org\/de\/?s={search_term_string}\"},\"query-input\":{\"@type\":\"PropertyValueSpecification\",\"valueRequired\":true,\"valueName\":\"search_term_string\"}}],\"inLanguage\":\"de\"}]}<\/script>\n<!-- \/ Yoast SEO plugin. -->","yoast_head_json":{"title":"IU Estocolmo - Federaci\u00f3n de Izquierda Unida en el Exterior (IU Exterior)","robots":{"index":"index","follow":"follow","max-snippet":"max-snippet:-1","max-image-preview":"max-image-preview:large","max-video-preview":"max-video-preview:-1"},"canonical":"https:\/\/iuexterior.org\/de\/estocolmo\/","og_locale":"de_DE","og_type":"article","og_title":"IU Estocolmo - Federaci\u00f3n de Izquierda Unida en el Exterior (IU Exterior)","og_description":"La asamblea de IU Estocolmo se constituy\u00f3 el 12 de abril de 2024, siendo as\u00ed la asamblea mas joven de la federaci\u00f3n de Izquierda Unida en el Exterior.&nbsp; La asamblea &hellip;","og_url":"https:\/\/iuexterior.org\/de\/estocolmo\/","og_site_name":"Federaci\u00f3n de Izquierda Unida en el Exterior (IU Exterior)","article_modified_time":"2025-12-07T08:50:43+00:00","og_image":[{"width":2048,"height":1862,"url":"https:\/\/iuexterior.org\/wp-content\/uploads\/2024\/05\/440367648_748176440831836_6141254249644761076_n.jpg","type":"image\/jpeg"}],"twitter_card":"summary_large_image","twitter_misc":{"Gesch\u00e4tzte Lesezeit":"2\u00a0Minuten"},"schema":{"@context":"https:\/\/schema.org","@graph":[{"@type":"WebPage","@id":"https:\/\/iuexterior.org\/en\/estocolmo\/","url":"https:\/\/iuexterior.org\/en\/estocolmo\/","name":"IU Estocolmo - Federaci\u00f3n de Izquierda Unida en el Exterior (IU Exterior)","isPartOf":{"@id":"http:\/\/iuexterior.org\/de\/#website"},"primaryImageOfPage":{"@id":"https:\/\/iuexterior.org\/en\/estocolmo\/#primaryimage"},"image":{"@id":"https:\/\/iuexterior.org\/en\/estocolmo\/#primaryimage"},"thumbnailUrl":"https:\/\/iuexterior.org\/wp-content\/uploads\/2024\/05\/440367648_748176440831836_6141254249644761076_n.jpg","datePublished":"2024-05-05T18:15:34+00:00","dateModified":"2025-12-07T08:50:43+00:00","breadcrumb":{"@id":"https:\/\/iuexterior.org\/en\/estocolmo\/#breadcrumb"},"inLanguage":"de","potentialAction":[{"@type":"ReadAction","target":["https:\/\/iuexterior.org\/en\/estocolmo\/"]}]},{"@type":"ImageObject","inLanguage":"de","@id":"https:\/\/iuexterior.org\/en\/estocolmo\/#primaryimage","url":"https:\/\/iuexterior.org\/wp-content\/uploads\/2024\/05\/440367648_748176440831836_6141254249644761076_n.jpg","contentUrl":"https:\/\/iuexterior.org\/wp-content\/uploads\/2024\/05\/440367648_748176440831836_6141254249644761076_n.jpg","width":2048,"height":1862},{"@type":"BreadcrumbList","@id":"https:\/\/iuexterior.org\/en\/estocolmo\/#breadcrumb","itemListElement":[{"@type":"ListItem","position":1,"name":"Portada","item":"http:\/\/iuexterior.org\/de\/"},{"@type":"ListItem","position":2,"name":"IU Estocolmo"}]},{"@type":"WebSite","@id":"http:\/\/iuexterior.org\/de\/#website","url":"http:\/\/iuexterior.org\/de\/","name":"Federaci\u00f3n de Izquierda Unida en el Exterior (IU Exterior)","description":"La federaci\u00f3n de IU para la ciudadan\u00eda espa\u00f1ola emigrada.","potentialAction":[{"@type":"SearchAction","target":{"@type":"EntryPoint","urlTemplate":"http:\/\/iuexterior.org\/de\/?s={search_term_string}"},"query-input":{"@type":"PropertyValueSpecification","valueRequired":true,"valueName":"search_term_string"}}],"inLanguage":"de"}]}},"_links":{"self":[{"href":"https:\/\/iuexterior.org\/de\/wp-json\/wp\/v2\/pages\/2798","targetHints":{"allow":["GET"]}}],"collection":[{"href":"https:\/\/iuexterior.org\/de\/wp-json\/wp\/v2\/pages"}],"about":[{"href":"https:\/\/iuexterior.org\/de\/wp-json\/wp\/v2\/types\/page"}],"author":[{"embeddable":true,"href":"https:\/\/iuexterior.org\/de\/wp-json\/wp\/v2\/users\/1"}],"replies":[{"embeddable":true,"href":"https:\/\/iuexterior.org\/de\/wp-json\/wp\/v2\/comments?post=2798"}],"version-history":[{"count":0,"href":"https:\/\/iuexterior.org\/de\/wp-json\/wp\/v2\/pages\/2798\/revisions"}],"wp:featuredmedia":[{"embeddable":true,"href":"https:\/\/iuexterior.org\/de\/wp-json\/wp\/v2\/media\/2801"}],"wp:attachment":[{"href":"https:\/\/iuexterior.org\/de\/wp-json\/wp\/v2\/media?parent=2798"}],"curies":[{"name":"wp","href":"https:\/\/api.w.org\/{rel}","templated":true}]}}