{"id":9,"date":"2017-05-15T18:07:12","date_gmt":"2017-05-15T16:07:12","guid":{"rendered":"http:\/\/iuexterior.org\/?page_id=9"},"modified":"2017-10-08T20:46:01","modified_gmt":"2017-10-08T18:46:01","slug":"que-es-iu-exterior","status":"publish","type":"page","link":"https:\/\/iuexterior.org\/ca\/que-es-iu-exterior\/","title":{"rendered":"\u00bfQue \u00e9s IU Exterior?"},"content":{"rendered":"<p>La nova federaci\u00f3 d\u2019IU Exterior neix perqu\u00e8 entenem que el context migratori ha canviat i necessitem una nova estructura que s'adapti millor al mateix. L\u2019estructura formada per les antigues federacions per pa\u00efsos funcionava b\u00e9 en el context de l\u2019onada migrat\u00f2ria dels anys 60-70, en la que moltes persones emigraven a un lloc concret, ja sigui com \u201ctreballadors convidats\u201d a l\u2019ind\u00fastria, o en altres llocs de treball, i residien all\u00e0 per anys i incl\u00f2s d\u00e8cades. El fenomen migratori que va comen\u00e7ar a partir del 2010 i com a conseq\u00fc\u00e8ncia de la crisi econ\u00f2mica t\u00e9 caracter\u00edstiques molt diferents.<\/p>\n<p>La majoria de les m\u00e9s de 2,5 milions de persones que han marxat d\u2019Espanya en els \u00faltims set anys es concentren en les grans o mitjanes ciutats de pa\u00efsos com el Regne Unit, Alemanya, Fran\u00e7a o B\u00e8lgica, per\u00f2 tamb\u00e9 hi ha gent que viu en altres pa\u00efsos europeus com \u00c0ustria o Su\u00efssa i tamb\u00e9 a Am\u00e8rica Llatina, EUA i incl\u00f2s \u00c0sia. L\u2019exist\u00e8ncia de les antigues federacions hist\u00f2riques en pa\u00efsos com Fran\u00e7a, Alemanya o B\u00e8lgica plantejaven el problema de com coordinar el treball dels i les militants que vivien a altres pa\u00efsos. La nova estructura organitzativa permet per una banda un contacte m\u00e9s directe entre la milit\u00e0ncia i les estructures d\u2019IU-federal i per altra banda, que les persones que viuen en llocs distants d\u2019aquells on funcionaven les antigues federacions per pa\u00efsos poden incorporar-se a IU Exterior.<\/p>\n<p>El nostre repte principal \u00e9s aconseguir que el conjunt de militants d\u2019IU a l\u2019exterior treballin de forma organitzada independentment de la ciutat, pa\u00eds i continent en el qual es trobin, refor\u00e7ant les assemblees de base ja existents i creant noves. A m\u00e9s a m\u00e9s, ens hem proposat com a objectiu que la milit\u00e0ncia s\u2019impliqui en el treball dels conflictes laborals que afecten els migrants, participant en les xarxes de solidaritat ja existents i contribuint a generar-les en llocs on encara no existeixin.<\/p>\n<!-- AddThis Advanced Settings generic via filter on the_content --><!-- AddThis Share Buttons generic via filter on the_content -->","protected":false},"excerpt":{"rendered":"<p>La nueva federaci\u00f3n de IU Exterior nace porque entendemos que el contexto migratorio ha cambiado y necesitamos una nueva estructura que se adapte mejor al mismo. La estructura formada por &hellip;<!-- AddThis Advanced Settings generic via filter on get_the_excerpt --><!-- AddThis Share Buttons generic via filter on get_the_excerpt --><\/p>","protected":false},"author":1,"featured_media":0,"parent":0,"menu_order":0,"comment_status":"closed","ping_status":"closed","template":"","meta":{"footnotes":""},"class_list":["post-9","page","type-page","status-publish",""],"yoast_head":"<!-- This site is optimized with the Yoast SEO plugin v25.7 - https:\/\/yoast.com\/wordpress\/plugins\/seo\/ -->\n<title>\u00bfQu\u00e9 es IU Exterior? - Federaci\u00f3n de Izquierda Unida en el Exterior (IU Exterior)<\/title>\n<meta name=\"robots\" content=\"index, follow, max-snippet:-1, max-image-preview:large, max-video-preview:-1\" \/>\n<link rel=\"canonical\" href=\"http:\/\/iuexterior.org\/ca\/que-es-iu-exterior\/\" \/>\n<meta property=\"og:locale\" content=\"ca_ES\" \/>\n<meta property=\"og:type\" content=\"article\" \/>\n<meta property=\"og:title\" content=\"\u00bfQu\u00e9 es IU Exterior? - Federaci\u00f3n de Izquierda Unida en el Exterior (IU Exterior)\" \/>\n<meta property=\"og:description\" content=\"La nueva federaci\u00f3n de IU Exterior nace porque entendemos que el contexto migratorio ha cambiado y necesitamos una nueva estructura que se adapte mejor al mismo. La estructura formada por &hellip;\" \/>\n<meta property=\"og:url\" content=\"http:\/\/iuexterior.org\/ca\/que-es-iu-exterior\/\" \/>\n<meta property=\"og:site_name\" content=\"Federaci\u00f3n de Izquierda Unida en el Exterior (IU Exterior)\" \/>\n<meta property=\"article:modified_time\" content=\"2017-10-08T18:46:01+00:00\" \/>\n<meta name=\"twitter:card\" content=\"summary_large_image\" \/>\n<meta name=\"twitter:label1\" content=\"Temps estimat de lectura\" \/>\n\t<meta name=\"twitter:data1\" content=\"2 minuts\" \/>\n<script type=\"application\/ld+json\" class=\"yoast-schema-graph\">{\"@context\":\"https:\/\/schema.org\",\"@graph\":[{\"@type\":\"WebPage\",\"@id\":\"http:\/\/iuexterior.org\/fr\/que-es-iu-exterior\/\",\"url\":\"http:\/\/iuexterior.org\/fr\/que-es-iu-exterior\/\",\"name\":\"\u00bfQu\u00e9 es IU Exterior? - Federaci\u00f3n de Izquierda Unida en el Exterior (IU Exterior)\",\"isPartOf\":{\"@id\":\"http:\/\/iuexterior.org\/de\/#website\"},\"datePublished\":\"2017-05-15T16:07:12+00:00\",\"dateModified\":\"2017-10-08T18:46:01+00:00\",\"breadcrumb\":{\"@id\":\"http:\/\/iuexterior.org\/fr\/que-es-iu-exterior\/#breadcrumb\"},\"inLanguage\":\"ca\",\"potentialAction\":[{\"@type\":\"ReadAction\",\"target\":[\"http:\/\/iuexterior.org\/fr\/que-es-iu-exterior\/\"]}]},{\"@type\":\"BreadcrumbList\",\"@id\":\"http:\/\/iuexterior.org\/fr\/que-es-iu-exterior\/#breadcrumb\",\"itemListElement\":[{\"@type\":\"ListItem\",\"position\":1,\"name\":\"Portada\",\"item\":\"http:\/\/iuexterior.org\/de\/\"},{\"@type\":\"ListItem\",\"position\":2,\"name\":\"\u00bfQu\u00e9 es IU Exterior?\"}]},{\"@type\":\"WebSite\",\"@id\":\"http:\/\/iuexterior.org\/de\/#website\",\"url\":\"http:\/\/iuexterior.org\/de\/\",\"name\":\"Federaci\u00f3n de Izquierda Unida en el Exterior (IU Exterior)\",\"description\":\"La federaci\u00f3n de IU para la ciudadan\u00eda espa\u00f1ola emigrada.\",\"potentialAction\":[{\"@type\":\"SearchAction\",\"target\":{\"@type\":\"EntryPoint\",\"urlTemplate\":\"http:\/\/iuexterior.org\/de\/?s={search_term_string}\"},\"query-input\":{\"@type\":\"PropertyValueSpecification\",\"valueRequired\":true,\"valueName\":\"search_term_string\"}}],\"inLanguage\":\"ca\"}]}<\/script>\n<!-- \/ Yoast SEO plugin. -->","yoast_head_json":{"title":"\u00bfQu\u00e9 es IU Exterior? - Federaci\u00f3n de Izquierda Unida en el Exterior (IU Exterior)","robots":{"index":"index","follow":"follow","max-snippet":"max-snippet:-1","max-image-preview":"max-image-preview:large","max-video-preview":"max-video-preview:-1"},"canonical":"http:\/\/iuexterior.org\/ca\/que-es-iu-exterior\/","og_locale":"ca_ES","og_type":"article","og_title":"\u00bfQu\u00e9 es IU Exterior? - Federaci\u00f3n de Izquierda Unida en el Exterior (IU Exterior)","og_description":"La nueva federaci\u00f3n de IU Exterior nace porque entendemos que el contexto migratorio ha cambiado y necesitamos una nueva estructura que se adapte mejor al mismo. La estructura formada por &hellip;","og_url":"http:\/\/iuexterior.org\/ca\/que-es-iu-exterior\/","og_site_name":"Federaci\u00f3n de Izquierda Unida en el Exterior (IU Exterior)","article_modified_time":"2017-10-08T18:46:01+00:00","twitter_card":"summary_large_image","twitter_misc":{"Temps estimat de lectura":"2 minuts"},"schema":{"@context":"https:\/\/schema.org","@graph":[{"@type":"WebPage","@id":"http:\/\/iuexterior.org\/fr\/que-es-iu-exterior\/","url":"http:\/\/iuexterior.org\/fr\/que-es-iu-exterior\/","name":"\u00bfQu\u00e9 es IU Exterior? - Federaci\u00f3n de Izquierda Unida en el Exterior (IU Exterior)","isPartOf":{"@id":"http:\/\/iuexterior.org\/de\/#website"},"datePublished":"2017-05-15T16:07:12+00:00","dateModified":"2017-10-08T18:46:01+00:00","breadcrumb":{"@id":"http:\/\/iuexterior.org\/fr\/que-es-iu-exterior\/#breadcrumb"},"inLanguage":"ca","potentialAction":[{"@type":"ReadAction","target":["http:\/\/iuexterior.org\/fr\/que-es-iu-exterior\/"]}]},{"@type":"BreadcrumbList","@id":"http:\/\/iuexterior.org\/fr\/que-es-iu-exterior\/#breadcrumb","itemListElement":[{"@type":"ListItem","position":1,"name":"Portada","item":"http:\/\/iuexterior.org\/de\/"},{"@type":"ListItem","position":2,"name":"\u00bfQu\u00e9 es IU Exterior?"}]},{"@type":"WebSite","@id":"http:\/\/iuexterior.org\/de\/#website","url":"http:\/\/iuexterior.org\/de\/","name":"Federaci\u00f3 Izquierda Unida a l'Exterior (IU Exterior)","description":"La federaci\u00f3n de IU para la ciudadan\u00eda espa\u00f1ola emigrada.","potentialAction":[{"@type":"SearchAction","target":{"@type":"EntryPoint","urlTemplate":"http:\/\/iuexterior.org\/de\/?s={search_term_string}"},"query-input":{"@type":"PropertyValueSpecification","valueRequired":true,"valueName":"search_term_string"}}],"inLanguage":"ca"}]}},"_links":{"self":[{"href":"https:\/\/iuexterior.org\/ca\/wp-json\/wp\/v2\/pages\/9","targetHints":{"allow":["GET"]}}],"collection":[{"href":"https:\/\/iuexterior.org\/ca\/wp-json\/wp\/v2\/pages"}],"about":[{"href":"https:\/\/iuexterior.org\/ca\/wp-json\/wp\/v2\/types\/page"}],"author":[{"embeddable":true,"href":"https:\/\/iuexterior.org\/ca\/wp-json\/wp\/v2\/users\/1"}],"replies":[{"embeddable":true,"href":"https:\/\/iuexterior.org\/ca\/wp-json\/wp\/v2\/comments?post=9"}],"version-history":[{"count":0,"href":"https:\/\/iuexterior.org\/ca\/wp-json\/wp\/v2\/pages\/9\/revisions"}],"wp:attachment":[{"href":"https:\/\/iuexterior.org\/ca\/wp-json\/wp\/v2\/media?parent=9"}],"curies":[{"name":"wp","href":"https:\/\/api.w.org\/{rel}","templated":true}]}}