{"id":2050,"date":"2020-11-03T11:37:54","date_gmt":"2020-11-03T10:37:54","guid":{"rendered":"http:\/\/iuexterior.org\/?page_id=2050"},"modified":"2021-10-15T11:16:24","modified_gmt":"2021-10-15T09:16:24","slug":"coordinadora","status":"publish","type":"page","link":"https:\/\/iuexterior.org\/ca\/coordinadora\/","title":{"rendered":"Comisi\u00f3n Coordinadora"},"content":{"rendered":"<p>La <strong>Comisi\u00f3n Coordinadora de la federaci\u00f3n de Izquierda Unida en el Exterior (IU Exterior)<\/strong> es el m\u00e1ximo \u00f3rgano de direcci\u00f3n de la federaci\u00f3n entre sus Asambleas de Federaci\u00f3n, y est\u00e1 formada por las personas electas en la II Asamblea de Federaci\u00f3n, m\u00e1s una representante de cada una de las asambleas locales de la federaci\u00f3n: <a rel=\"noreferrer noopener\" href=\"https:\/\/iuexterior.org\/ca\/Bruselas\/\" target=\"_blank\">Bruselas<\/a>, en B\u00e9lgica;\u00a0<a rel=\"noreferrer noopener\" href=\"https:\/\/iuexterior.org\/ca\/Berlin\/\" target=\"_blank\">Berl\u00edn<\/a>\u00a0y\u00a0<a href=\"https:\/\/iuexterior.org\/ca\/Frankfurt\/\" target=\"_blank\" rel=\"noreferrer noopener\">Frankfurt<\/a>, en Alemania;\u00a0<a href=\"https:\/\/iuexterior.org\/ca\/Luexmburgo\/\" target=\"_blank\" rel=\"noreferrer noopener\">Luxemburgo<\/a>;\u00a0<a href=\"https:\/\/iuexterior.org\/ca\/Zurich\/\" target=\"_blank\" rel=\"noreferrer noopener\">Z\u00farich<\/a>, en Suiza; en\u00a0<a href=\"https:\/\/iuexterior.org\/ca\/Lyon\/\">Lyon<\/a>\u00a0y\u00a0<a href=\"https:\/\/iuexterior.org\/ca\/Toulouse\/\" target=\"_blank\" rel=\"noreferrer noopener\">Toulouse<\/a>, en Francia; <a href=\"https:\/\/iuexterior.org\/ca\/BuenosAires\/\" target=\"_blank\" rel=\"noreferrer noopener\">Ciudad de Buenos Aires<\/a>\u00a0y\u00a0<a href=\"http:\/\/iuexterior.org\/ca\/provinciabuenosaires\/\" target=\"_blank\" rel=\"noreferrer noopener\">Provincia de Buenos Aires<\/a>, Argentina. Adem\u00e1s, la federaci\u00f3n cuenta con\u00a0<a href=\"https:\/\/iuexterior.org\/ca\/Global\/\" target=\"_blank\" rel=\"noreferrer noopener\">IU Global<\/a>, una asamblea virtual para permitir la participaci\u00f3n de la militancia sin asamblea local cercana.<\/p>\n\n\n\n<iframe loading=\"lazy\" src=\"https:\/\/www.google.com\/maps\/d\/u\/1\/embed?mid=1xS3w03_Yuie5Dj0Xr2Rkh5orqCsgC3oY\" width=\"640\" height=\"480\"><\/iframe>\n<!-- AddThis Advanced Settings generic via filter on the_content --><!-- AddThis Share Buttons generic via filter on the_content -->","protected":false},"excerpt":{"rendered":"<p>La Comisi\u00f3n Coordinadora de la federaci\u00f3n de Izquierda Unida en el Exterior (IU Exterior) es el m\u00e1ximo \u00f3rgano de direcci\u00f3n de la federaci\u00f3n entre sus Asambleas de Federaci\u00f3n, y est\u00e1 &hellip;<!-- AddThis Advanced Settings generic via filter on get_the_excerpt --><!-- AddThis Share Buttons generic via filter on get_the_excerpt --><\/p>","protected":false},"author":2,"featured_media":1459,"parent":0,"menu_order":0,"comment_status":"closed","ping_status":"closed","template":"","meta":{"footnotes":""},"class_list":["post-2050","page","type-page","status-publish","has-post-thumbnail",""],"yoast_head":"<!-- This site is optimized with the Yoast SEO plugin v25.7 - https:\/\/yoast.com\/wordpress\/plugins\/seo\/ -->\n<title>Comisi\u00f3n Coordinadora - Federaci\u00f3n de Izquierda Unida en el Exterior (IU Exterior)<\/title>\n<meta name=\"robots\" content=\"index, follow, max-snippet:-1, max-image-preview:large, max-video-preview:-1\" \/>\n<link rel=\"canonical\" href=\"https:\/\/iuexterior.org\/ca\/coordinadora\/\" \/>\n<meta property=\"og:locale\" content=\"ca_ES\" \/>\n<meta property=\"og:type\" content=\"article\" \/>\n<meta property=\"og:title\" content=\"Comisi\u00f3n Coordinadora - Federaci\u00f3n de Izquierda Unida en el Exterior (IU Exterior)\" \/>\n<meta property=\"og:description\" content=\"La Comisi\u00f3n Coordinadora de la federaci\u00f3n de Izquierda Unida en el Exterior (IU Exterior) es el m\u00e1ximo \u00f3rgano de direcci\u00f3n de la federaci\u00f3n entre sus Asambleas de Federaci\u00f3n, y est\u00e1 &hellip;\" \/>\n<meta property=\"og:url\" content=\"https:\/\/iuexterior.org\/ca\/coordinadora\/\" \/>\n<meta property=\"og:site_name\" content=\"Federaci\u00f3n de Izquierda Unida en el Exterior (IU Exterior)\" \/>\n<meta property=\"article:modified_time\" content=\"2021-10-15T09:16:24+00:00\" \/>\n<meta property=\"og:image\" content=\"https:\/\/iuexterior.org\/wp-content\/uploads\/2020\/01\/IU-Global-1024x576.png\" \/>\n\t<meta property=\"og:image:width\" content=\"1024\" \/>\n\t<meta property=\"og:image:height\" content=\"576\" \/>\n\t<meta property=\"og:image:type\" content=\"image\/png\" \/>\n<meta name=\"twitter:card\" content=\"summary_large_image\" \/>\n<meta name=\"twitter:label1\" content=\"Temps estimat de lectura\" \/>\n\t<meta name=\"twitter:data1\" content=\"1 minut\" \/>\n<script type=\"application\/ld+json\" class=\"yoast-schema-graph\">{\"@context\":\"https:\/\/schema.org\",\"@graph\":[{\"@type\":\"WebPage\",\"@id\":\"https:\/\/iuexterior.org\/en\/coordinadora\/\",\"url\":\"https:\/\/iuexterior.org\/en\/coordinadora\/\",\"name\":\"Comisi\u00f3n Coordinadora - Federaci\u00f3n de Izquierda Unida en el Exterior (IU Exterior)\",\"isPartOf\":{\"@id\":\"http:\/\/iuexterior.org\/de\/#website\"},\"primaryImageOfPage\":{\"@id\":\"https:\/\/iuexterior.org\/en\/coordinadora\/#primaryimage\"},\"image\":{\"@id\":\"https:\/\/iuexterior.org\/en\/coordinadora\/#primaryimage\"},\"thumbnailUrl\":\"https:\/\/iuexterior.org\/wp-content\/uploads\/2020\/01\/IU-Global.png\",\"datePublished\":\"2020-11-03T10:37:54+00:00\",\"dateModified\":\"2021-10-15T09:16:24+00:00\",\"breadcrumb\":{\"@id\":\"https:\/\/iuexterior.org\/en\/coordinadora\/#breadcrumb\"},\"inLanguage\":\"ca\",\"potentialAction\":[{\"@type\":\"ReadAction\",\"target\":[\"https:\/\/iuexterior.org\/en\/coordinadora\/\"]}]},{\"@type\":\"ImageObject\",\"inLanguage\":\"ca\",\"@id\":\"https:\/\/iuexterior.org\/en\/coordinadora\/#primaryimage\",\"url\":\"https:\/\/iuexterior.org\/wp-content\/uploads\/2020\/01\/IU-Global.png\",\"contentUrl\":\"https:\/\/iuexterior.org\/wp-content\/uploads\/2020\/01\/IU-Global.png\",\"width\":1920,\"height\":1080},{\"@type\":\"BreadcrumbList\",\"@id\":\"https:\/\/iuexterior.org\/en\/coordinadora\/#breadcrumb\",\"itemListElement\":[{\"@type\":\"ListItem\",\"position\":1,\"name\":\"Portada\",\"item\":\"http:\/\/iuexterior.org\/de\/\"},{\"@type\":\"ListItem\",\"position\":2,\"name\":\"Comisi\u00f3n Coordinadora\"}]},{\"@type\":\"WebSite\",\"@id\":\"http:\/\/iuexterior.org\/de\/#website\",\"url\":\"http:\/\/iuexterior.org\/de\/\",\"name\":\"Federaci\u00f3n de Izquierda Unida en el Exterior (IU Exterior)\",\"description\":\"La federaci\u00f3n de IU para la ciudadan\u00eda espa\u00f1ola emigrada.\",\"potentialAction\":[{\"@type\":\"SearchAction\",\"target\":{\"@type\":\"EntryPoint\",\"urlTemplate\":\"http:\/\/iuexterior.org\/de\/?s={search_term_string}\"},\"query-input\":{\"@type\":\"PropertyValueSpecification\",\"valueRequired\":true,\"valueName\":\"search_term_string\"}}],\"inLanguage\":\"ca\"}]}<\/script>\n<!-- \/ Yoast SEO plugin. -->","yoast_head_json":{"title":"Comisi\u00f3n Coordinadora - Federaci\u00f3n de Izquierda Unida en el Exterior (IU Exterior)","robots":{"index":"index","follow":"follow","max-snippet":"max-snippet:-1","max-image-preview":"max-image-preview:large","max-video-preview":"max-video-preview:-1"},"canonical":"https:\/\/iuexterior.org\/ca\/coordinadora\/","og_locale":"ca_ES","og_type":"article","og_title":"Comisi\u00f3n Coordinadora - Federaci\u00f3n de Izquierda Unida en el Exterior (IU Exterior)","og_description":"La Comisi\u00f3n Coordinadora de la federaci\u00f3n de Izquierda Unida en el Exterior (IU Exterior) es el m\u00e1ximo \u00f3rgano de direcci\u00f3n de la federaci\u00f3n entre sus Asambleas de Federaci\u00f3n, y est\u00e1 &hellip;","og_url":"https:\/\/iuexterior.org\/ca\/coordinadora\/","og_site_name":"Federaci\u00f3n de Izquierda Unida en el Exterior (IU Exterior)","article_modified_time":"2021-10-15T09:16:24+00:00","og_image":[{"width":1024,"height":576,"url":"https:\/\/iuexterior.org\/wp-content\/uploads\/2020\/01\/IU-Global-1024x576.png","type":"image\/png"}],"twitter_card":"summary_large_image","twitter_misc":{"Temps estimat de lectura":"1 minut"},"schema":{"@context":"https:\/\/schema.org","@graph":[{"@type":"WebPage","@id":"https:\/\/iuexterior.org\/en\/coordinadora\/","url":"https:\/\/iuexterior.org\/en\/coordinadora\/","name":"Comisi\u00f3n Coordinadora - Federaci\u00f3n de Izquierda Unida en el Exterior (IU Exterior)","isPartOf":{"@id":"http:\/\/iuexterior.org\/de\/#website"},"primaryImageOfPage":{"@id":"https:\/\/iuexterior.org\/en\/coordinadora\/#primaryimage"},"image":{"@id":"https:\/\/iuexterior.org\/en\/coordinadora\/#primaryimage"},"thumbnailUrl":"https:\/\/iuexterior.org\/wp-content\/uploads\/2020\/01\/IU-Global.png","datePublished":"2020-11-03T10:37:54+00:00","dateModified":"2021-10-15T09:16:24+00:00","breadcrumb":{"@id":"https:\/\/iuexterior.org\/en\/coordinadora\/#breadcrumb"},"inLanguage":"ca","potentialAction":[{"@type":"ReadAction","target":["https:\/\/iuexterior.org\/en\/coordinadora\/"]}]},{"@type":"ImageObject","inLanguage":"ca","@id":"https:\/\/iuexterior.org\/en\/coordinadora\/#primaryimage","url":"https:\/\/iuexterior.org\/wp-content\/uploads\/2020\/01\/IU-Global.png","contentUrl":"https:\/\/iuexterior.org\/wp-content\/uploads\/2020\/01\/IU-Global.png","width":1920,"height":1080},{"@type":"BreadcrumbList","@id":"https:\/\/iuexterior.org\/en\/coordinadora\/#breadcrumb","itemListElement":[{"@type":"ListItem","position":1,"name":"Portada","item":"http:\/\/iuexterior.org\/de\/"},{"@type":"ListItem","position":2,"name":"Comisi\u00f3n Coordinadora"}]},{"@type":"WebSite","@id":"http:\/\/iuexterior.org\/de\/#website","url":"http:\/\/iuexterior.org\/de\/","name":"Federaci\u00f3 Izquierda Unida a l'Exterior (IU Exterior)","description":"La federaci\u00f3n de IU para la ciudadan\u00eda espa\u00f1ola emigrada.","potentialAction":[{"@type":"SearchAction","target":{"@type":"EntryPoint","urlTemplate":"http:\/\/iuexterior.org\/de\/?s={search_term_string}"},"query-input":{"@type":"PropertyValueSpecification","valueRequired":true,"valueName":"search_term_string"}}],"inLanguage":"ca"}]}},"_links":{"self":[{"href":"https:\/\/iuexterior.org\/ca\/wp-json\/wp\/v2\/pages\/2050","targetHints":{"allow":["GET"]}}],"collection":[{"href":"https:\/\/iuexterior.org\/ca\/wp-json\/wp\/v2\/pages"}],"about":[{"href":"https:\/\/iuexterior.org\/ca\/wp-json\/wp\/v2\/types\/page"}],"author":[{"embeddable":true,"href":"https:\/\/iuexterior.org\/ca\/wp-json\/wp\/v2\/users\/2"}],"replies":[{"embeddable":true,"href":"https:\/\/iuexterior.org\/ca\/wp-json\/wp\/v2\/comments?post=2050"}],"version-history":[{"count":0,"href":"https:\/\/iuexterior.org\/ca\/wp-json\/wp\/v2\/pages\/2050\/revisions"}],"wp:featuredmedia":[{"embeddable":true,"href":"https:\/\/iuexterior.org\/ca\/wp-json\/wp\/v2\/media\/1459"}],"wp:attachment":[{"href":"https:\/\/iuexterior.org\/ca\/wp-json\/wp\/v2\/media?parent=2050"}],"curies":[{"name":"wp","href":"https:\/\/api.w.org\/{rel}","templated":true}]}}