{"id":2005,"date":"2020-09-22T13:21:48","date_gmt":"2020-09-22T11:21:48","guid":{"rendered":"http:\/\/iuexterior.org\/?page_id=2005"},"modified":"2022-02-07T19:55:22","modified_gmt":"2022-02-07T18:55:22","slug":"afiliacion","status":"publish","type":"page","link":"https:\/\/iuexterior.org\/ca\/afiliacion\/","title":{"rendered":"Afil\u00b7liaci\u00f3"},"content":{"rendered":"<blockquote class=\"wp-block-quote is-layout-flow wp-block-quote-is-layout-flow\"><p class=\"translation-block\"><em>\u00abQu\u00e8 seria d'aquest m\u00f3n sense militants?, Com seria la condici\u00f3 humana si no hi hagu\u00e9s militants? No perqu\u00e8 els militants siguin perfectes, perqu\u00e8 tinguin sempre la ra\u00f3, perqu\u00e8 siguin superhomes i no s'equivoquin\u2026 No, no \u00e9s aix\u00f2. \u00c9s que els militants no v\u00e9nen a buscar la seva, v\u00e9nen a deixar l'\u00e0nima per un grapat de somnis. Perqu\u00e8, al cap i a la fi, el progr\u00e9s de la condici\u00f3 humana requereix, inapel\u00b7lablement, que existeixi gent que se senti en el fons feli\u00e7 a gastar la seva vida al servei del progr\u00e9s hum\u00e0. Perqu\u00e8 ser militant no \u00e9s carregar amb una creu de sacrifici, \u00e9s viure la gl\u00f2ria interior de lluitar per la llibertat en el sentit transcendent.\u00bb \u2013 <strong>Pepe M\u00fajica Cordano<\/strong>, expresident de la Rep\u00fablica de l'Uruguai<em><\/p><\/blockquote>\n\n\n\n<p class=\"translation-block\">A <strong>Izquierda Unida<\/strong> existeixen dos nivells de milit\u00e0ncia diferents: <strong>simpatitzant i afiliada o afiliat<\/strong>.<\/p>\n\n\n\n<ul class=\"wp-block-list\"><li>&#x1f1e7;&#x1f1ea; Bruselas \u2013 53002<\/li><li>&#x1f1eb;&#x1f1f7; Toulouse \u2013 53001<\/li><li>&#x1f1eb;&#x1f1f7; Lyon \u2013 53030<\/li><li>&#x1f1e9;&#x1f1ea; Berl\u00edn \u2013 53004<\/li><li>&#x1f1e9;&#x1f1ea; Frankfurt \u2013 53005<\/li><li>&#x1f1f1;&#x1f1fa; Luxemburgo \u2013 53999<\/li><li>&#x1f1e8;&#x1f1ed; Z\u00farich \u2013 53039<\/li><li>&#x1f5fa; Resto del mundo \u2013 53040<\/li><\/ul>\n\n\n\n<h3 class=\"wp-block-heading\" id=\"titulo_afiliacion\">Simpatitzants<\/h3>\n\n\n\n<p class=\"translation-block\">Com a simpatitzant tindr\u00e0s dret a accedir a la informaci\u00f3 sobre les activitats, posicionaments i propostes d'<strong>Izquierda Unida<\/strong>, aix\u00ed com a participar a les reunions que siguin convocades i a les \u00e0rees d'elaboraci\u00f3 col\u00b7lectiva, xarxes d'activistes i assemblees obertes. A m\u00e9s, tamb\u00e9 podr\u00e0s votar a alguns processos interns de l'organitzaci\u00f3, com per exemple a les prim\u00e0ries per a confeccionar les llistes electorals o als refer\u00e8ndums per a decidir la pol\u00edtica d'aliances electorals. El llistat complet de drets i deures del simpatitzant est\u00e0 descrit a l'article 31 dels <a href=\"http:\/\/izquierdaunida.org\/estatutos\/\" target=\"_self\" rel=\"noreferrer noopener\">Estatuts<\/a> d'<strong>Izquierda Unida<\/strong>.<\/p>\n\n\n\n<p class=\"translation-block\"><strong>La condici\u00f3 de simpatitzant requereix ser major de 16 anys i no comporta cap despesa econ\u00f2mica en forma de quota d'afiliaci\u00f3<\/strong>. Si vols fer-te simpatitzant, pots fer-ho acostant-te a l'assemblea de base d'<strong>Izquierda Unida<\/strong> m\u00e9s pr\u00f2xima o, si ho prefereixes, tamb\u00e9 pots fer la sol\u00b7licitud de manera online omplint el formulari que aqu\u00ed enllacem:<\/p>\n\n\n\n<figure class=\"wp-block-pullquote is-style-solid-color\"><blockquote><p><a href=\"https:\/\/militancia.izquierdaunida.org\/alta_simpatizante\" target=\"_blank\" rel=\"noreferrer noopener\"><strong>Formulari d'alta com a simpatitzant<\/strong><\/a><\/p><\/blockquote><\/figure>\n\n\n\n<p class=\"translation-block\">Si vols fer-nos alguna consulta, no dubtis a escriure'ns a <a href=\"mailto:simpatizantes@izquierdaunida.org\" target=\"_self\" rel=\"noreferrer noopener\">exterior@izquierdaunida.org<\/a><\/p>\n\n\n\n<hr class=\"wp-block-separator\"\/>\n\n\n\n<h3 class=\"wp-block-heading\">Afiliadas y afiliados<\/h3>\n\n\n\n<p class=\"translation-block\">L'afiliaci\u00f3 atorga un nivell de participaci\u00f3 plena a <strong>Izquierda Unida<\/strong>, adquirint un comprom\u00eds d'activitat a l'organitzaci\u00f3 adequat a la teva voluntat, possibilitats i disponibilitat. La llista complerta de drets i deures de les afiliades i dels afiliats est\u00e0 descrita a l'article 13 dels <a href=\"http:\/\/izquierdaunida.org\/estatutos\/\" target=\"_self\" rel=\"noreferrer noopener\">Estatuts<\/a> d'<strong>Esquerra Unida<\/strong>.<\/p>\n\n\n\n<p class=\"translation-block\">No s'acceptar\u00e0 l'afiliaci\u00f3 a <strong>Izquierda Unida<\/strong> a aquelles persones que de manera provada:<\/p>\n\n\n\n<ul class=\"wp-block-list\"><li>Tinguin posicions p\u00fabliques de defensa del model capitalista.<\/li><li>Hagin manifestat estar a favor o hagin format part d'accions de viol\u00e8ncia masclista o d'agressi\u00f3 al medi ambient.<\/li><li>Adoptin actituds contr\u00e0ries al respecte per les difer\u00e8ncies personals, siguin al seu vessant racial, f\u00edsica, cultural, religiosa, d'opci\u00f3 sexual o d'identitat de g\u00e8nere.<\/li><li>Practiquin el maltractament animal.<\/li><\/ul>\n\n\n\n<p class=\"translation-block\"><strong>La condici\u00f3 d'afiliada o afiliat requereix ser major d'edat i comporta una despesa econ\u00f2mica en forma de quota d'afiliaci\u00f3<\/strong>. Si vols afiliar-te, pots fer-ho acostant-te a l'assemblea de base d'Esquerra Unida m\u00e9s pr\u00f2xima o, si ho prefereixes, tamb\u00e9 pots fer la sol\u00b7licitud de manera online omplint el formulari que aqu\u00ed t'enllacem:<\/p>\n\n\n\n<figure class=\"wp-block-pullquote is-style-solid-color\"><blockquote><p><a href=\"https:\/\/militancia.izquierdaunida.org\/alta_afiliado\" target=\"_blank\" rel=\"noreferrer noopener\"><strong>Formulari d'alta com a afiliada o afiliat<\/strong><\/a><\/p><\/blockquote><\/figure>\n\n\n\n<p class=\"translation-block\">Si vols fer-nos alguna consulta, no dubtis a escriure'ns a <a href=\"mailto:simpatizantes@izquierdaunida.org\" target=\"_self\" rel=\"noreferrer noopener\">exterior@izquierdaunida.org<\/a><\/p>\n\n\n\n<h3 class=\"wp-block-heading\">Arxius adjunts<\/h3>\n\n\n\n<ul class=\"wp-block-list\"><li><img decoding=\"async\" src=\"https:\/\/izquierdaunida.org\/wp-content\/plugins\/download-attachments\/images\/ext\/pdf.gif\" alt=\"pdf\">&nbsp;<a href=\"https:\/\/izquierdaunida.org\/descargar-adjunto\/e89Suh1RYif0R3RaEJG5GeGFPCv6KzokUyEKUcHtlpo,\" target=\"_blank\" rel=\"noreferrer noopener\">Fitxa d'afiliaci\u00f3 a Izquierda Unida<\/a><\/li><\/ul>\n<!-- AddThis Advanced Settings generic via filter on the_content --><!-- AddThis Share Buttons generic via filter on the_content -->","protected":false},"excerpt":{"rendered":"<p>\u00ab\u00bfQu\u00e9 ser\u00eda de este mundo sin militantes?, \u00bfC\u00f3mo ser\u00eda la condici\u00f3n humana si no hubiera militantes? No porque los militantes sean perfectos, porque tengan siempre la raz\u00f3n, porque sean superhombres &hellip;<!-- AddThis Advanced Settings generic via filter on get_the_excerpt --><!-- AddThis Share Buttons generic via filter on get_the_excerpt --><\/p>","protected":false},"author":2,"featured_media":1459,"parent":0,"menu_order":0,"comment_status":"closed","ping_status":"closed","template":"","meta":{"footnotes":""},"class_list":["post-2005","page","type-page","status-publish","has-post-thumbnail",""],"yoast_head":"<!-- This site is optimized with the Yoast SEO plugin v25.7 - https:\/\/yoast.com\/wordpress\/plugins\/seo\/ -->\n<title>Afiliaci\u00f3n - Federaci\u00f3n de Izquierda Unida en el Exterior (IU Exterior)<\/title>\n<meta name=\"robots\" content=\"index, follow, max-snippet:-1, max-image-preview:large, max-video-preview:-1\" \/>\n<link rel=\"canonical\" href=\"http:\/\/iuexterior.org\/ca\/afiliacion\/\" \/>\n<meta property=\"og:locale\" content=\"ca_ES\" \/>\n<meta property=\"og:type\" content=\"article\" \/>\n<meta property=\"og:title\" content=\"Afiliaci\u00f3n - Federaci\u00f3n de Izquierda Unida en el Exterior (IU Exterior)\" \/>\n<meta property=\"og:description\" content=\"\u00ab\u00bfQu\u00e9 ser\u00eda de este mundo sin militantes?, \u00bfC\u00f3mo ser\u00eda la condici\u00f3n humana si no hubiera militantes? No porque los militantes sean perfectos, porque tengan siempre la raz\u00f3n, porque sean superhombres &hellip;\" \/>\n<meta property=\"og:url\" content=\"http:\/\/iuexterior.org\/ca\/afiliacion\/\" \/>\n<meta property=\"og:site_name\" content=\"Federaci\u00f3n de Izquierda Unida en el Exterior (IU Exterior)\" \/>\n<meta property=\"article:modified_time\" content=\"2022-02-07T18:55:22+00:00\" \/>\n<meta property=\"og:image\" content=\"http:\/\/iuexterior.org\/wp-content\/uploads\/2020\/01\/IU-Global-1024x576.png\" \/>\n\t<meta property=\"og:image:width\" content=\"1024\" \/>\n\t<meta property=\"og:image:height\" content=\"576\" \/>\n\t<meta property=\"og:image:type\" content=\"image\/png\" \/>\n<meta name=\"twitter:card\" content=\"summary_large_image\" \/>\n<meta name=\"twitter:label1\" content=\"Temps estimat de lectura\" \/>\n\t<meta name=\"twitter:data1\" content=\"3 minuts\" \/>\n<script type=\"application\/ld+json\" class=\"yoast-schema-graph\">{\"@context\":\"https:\/\/schema.org\",\"@graph\":[{\"@type\":\"WebPage\",\"@id\":\"http:\/\/iuexterior.org\/en\/afiliacion\/\",\"url\":\"http:\/\/iuexterior.org\/en\/afiliacion\/\",\"name\":\"Afiliaci\u00f3n - Federaci\u00f3n de Izquierda Unida en el Exterior (IU Exterior)\",\"isPartOf\":{\"@id\":\"https:\/\/iuexterior.org\/ca\/#website\"},\"primaryImageOfPage\":{\"@id\":\"http:\/\/iuexterior.org\/en\/afiliacion\/#primaryimage\"},\"image\":{\"@id\":\"http:\/\/iuexterior.org\/en\/afiliacion\/#primaryimage\"},\"thumbnailUrl\":\"https:\/\/iuexterior.org\/wp-content\/uploads\/2020\/01\/IU-Global.png\",\"datePublished\":\"2020-09-22T11:21:48+00:00\",\"dateModified\":\"2022-02-07T18:55:22+00:00\",\"breadcrumb\":{\"@id\":\"http:\/\/iuexterior.org\/en\/afiliacion\/#breadcrumb\"},\"inLanguage\":\"ca\",\"potentialAction\":[{\"@type\":\"ReadAction\",\"target\":[\"http:\/\/iuexterior.org\/en\/afiliacion\/\"]}]},{\"@type\":\"ImageObject\",\"inLanguage\":\"ca\",\"@id\":\"http:\/\/iuexterior.org\/en\/afiliacion\/#primaryimage\",\"url\":\"https:\/\/iuexterior.org\/wp-content\/uploads\/2020\/01\/IU-Global.png\",\"contentUrl\":\"https:\/\/iuexterior.org\/wp-content\/uploads\/2020\/01\/IU-Global.png\",\"width\":1920,\"height\":1080},{\"@type\":\"BreadcrumbList\",\"@id\":\"http:\/\/iuexterior.org\/en\/afiliacion\/#breadcrumb\",\"itemListElement\":[{\"@type\":\"ListItem\",\"position\":1,\"name\":\"Portada\",\"item\":\"https:\/\/iuexterior.org\/ca\/\"},{\"@type\":\"ListItem\",\"position\":2,\"name\":\"Afiliaci\u00f3n\"}]},{\"@type\":\"WebSite\",\"@id\":\"https:\/\/iuexterior.org\/ca\/#website\",\"url\":\"https:\/\/iuexterior.org\/ca\/\",\"name\":\"Federaci\u00f3n de Izquierda Unida en el Exterior (IU Exterior)\",\"description\":\"La federaci\u00f3n de IU para la ciudadan\u00eda espa\u00f1ola emigrada.\",\"potentialAction\":[{\"@type\":\"SearchAction\",\"target\":{\"@type\":\"EntryPoint\",\"urlTemplate\":\"https:\/\/iuexterior.org\/ca\/?s={search_term_string}\"},\"query-input\":{\"@type\":\"PropertyValueSpecification\",\"valueRequired\":true,\"valueName\":\"search_term_string\"}}],\"inLanguage\":\"ca\"}]}<\/script>\n<!-- \/ Yoast SEO plugin. -->","yoast_head_json":{"title":"Afiliaci\u00f3n - Federaci\u00f3n de Izquierda Unida en el Exterior (IU Exterior)","robots":{"index":"index","follow":"follow","max-snippet":"max-snippet:-1","max-image-preview":"max-image-preview:large","max-video-preview":"max-video-preview:-1"},"canonical":"http:\/\/iuexterior.org\/ca\/afiliacion\/","og_locale":"ca_ES","og_type":"article","og_title":"Afiliaci\u00f3n - Federaci\u00f3n de Izquierda Unida en el Exterior (IU Exterior)","og_description":"\u00ab\u00bfQu\u00e9 ser\u00eda de este mundo sin militantes?, \u00bfC\u00f3mo ser\u00eda la condici\u00f3n humana si no hubiera militantes? No porque los militantes sean perfectos, porque tengan siempre la raz\u00f3n, porque sean superhombres &hellip;","og_url":"http:\/\/iuexterior.org\/ca\/afiliacion\/","og_site_name":"Federaci\u00f3n de Izquierda Unida en el Exterior (IU Exterior)","article_modified_time":"2022-02-07T18:55:22+00:00","og_image":[{"width":1024,"height":576,"url":"http:\/\/iuexterior.org\/wp-content\/uploads\/2020\/01\/IU-Global-1024x576.png","type":"image\/png"}],"twitter_card":"summary_large_image","twitter_misc":{"Temps estimat de lectura":"3 minuts"},"schema":{"@context":"https:\/\/schema.org","@graph":[{"@type":"WebPage","@id":"http:\/\/iuexterior.org\/en\/afiliacion\/","url":"http:\/\/iuexterior.org\/en\/afiliacion\/","name":"Afiliaci\u00f3n - Federaci\u00f3n de Izquierda Unida en el Exterior (IU Exterior)","isPartOf":{"@id":"https:\/\/iuexterior.org\/ca\/#website"},"primaryImageOfPage":{"@id":"http:\/\/iuexterior.org\/en\/afiliacion\/#primaryimage"},"image":{"@id":"http:\/\/iuexterior.org\/en\/afiliacion\/#primaryimage"},"thumbnailUrl":"https:\/\/iuexterior.org\/wp-content\/uploads\/2020\/01\/IU-Global.png","datePublished":"2020-09-22T11:21:48+00:00","dateModified":"2022-02-07T18:55:22+00:00","breadcrumb":{"@id":"http:\/\/iuexterior.org\/en\/afiliacion\/#breadcrumb"},"inLanguage":"ca","potentialAction":[{"@type":"ReadAction","target":["http:\/\/iuexterior.org\/en\/afiliacion\/"]}]},{"@type":"ImageObject","inLanguage":"ca","@id":"http:\/\/iuexterior.org\/en\/afiliacion\/#primaryimage","url":"https:\/\/iuexterior.org\/wp-content\/uploads\/2020\/01\/IU-Global.png","contentUrl":"https:\/\/iuexterior.org\/wp-content\/uploads\/2020\/01\/IU-Global.png","width":1920,"height":1080},{"@type":"BreadcrumbList","@id":"http:\/\/iuexterior.org\/en\/afiliacion\/#breadcrumb","itemListElement":[{"@type":"ListItem","position":1,"name":"Portada","item":"https:\/\/iuexterior.org\/ca\/"},{"@type":"ListItem","position":2,"name":"Afiliaci\u00f3n"}]},{"@type":"WebSite","@id":"https:\/\/iuexterior.org\/ca\/#website","url":"https:\/\/iuexterior.org\/ca\/","name":"Federaci\u00f3 Izquierda Unida a l'Exterior (IU Exterior)","description":"La federaci\u00f3n de IU para la ciudadan\u00eda espa\u00f1ola emigrada.","potentialAction":[{"@type":"SearchAction","target":{"@type":"EntryPoint","urlTemplate":"https:\/\/iuexterior.org\/ca\/?s={search_term_string}"},"query-input":{"@type":"PropertyValueSpecification","valueRequired":true,"valueName":"search_term_string"}}],"inLanguage":"ca"}]}},"_links":{"self":[{"href":"https:\/\/iuexterior.org\/ca\/wp-json\/wp\/v2\/pages\/2005","targetHints":{"allow":["GET"]}}],"collection":[{"href":"https:\/\/iuexterior.org\/ca\/wp-json\/wp\/v2\/pages"}],"about":[{"href":"https:\/\/iuexterior.org\/ca\/wp-json\/wp\/v2\/types\/page"}],"author":[{"embeddable":true,"href":"https:\/\/iuexterior.org\/ca\/wp-json\/wp\/v2\/users\/2"}],"replies":[{"embeddable":true,"href":"https:\/\/iuexterior.org\/ca\/wp-json\/wp\/v2\/comments?post=2005"}],"version-history":[{"count":0,"href":"https:\/\/iuexterior.org\/ca\/wp-json\/wp\/v2\/pages\/2005\/revisions"}],"wp:featuredmedia":[{"embeddable":true,"href":"https:\/\/iuexterior.org\/ca\/wp-json\/wp\/v2\/media\/1459"}],"wp:attachment":[{"href":"https:\/\/iuexterior.org\/ca\/wp-json\/wp\/v2\/media?parent=2005"}],"curies":[{"name":"wp","href":"https:\/\/api.w.org\/{rel}","templated":true}]}}