{"id":9,"date":"2017-05-15T18:07:12","date_gmt":"2017-05-15T16:07:12","guid":{"rendered":"http:\/\/iuexterior.org\/?page_id=9"},"modified":"2017-10-08T20:46:01","modified_gmt":"2017-10-08T18:46:01","slug":"que-es-iu-exterior","status":"publish","type":"page","link":"http:\/\/iuexterior.org\/gl\/que-es-iu-exterior\/","title":{"rendered":"Qu\u00e9 e IU Exterior"},"content":{"rendered":"<p>A nova federaci\u00f3n de EU Exterior nace porque entendemos que o contexto migratorio cambiou e necesitamos unha nova estrutura que se adapte mellor ao mesmo. A estrutura formada polas antigas federaci\u00f3ns por pa\u00edses funcionaba ben no contexto da ondada migratoria dos anos 60-70, na que moitas persoas emigraban a un lugar concreto, ben como \u201c traballadores convidados\u201d na industria, ou noutro tipo de traballos, e permanec\u00edan al\u00ed durante anos, ou incluso d\u00e9cadas. O fen\u00f3meno migratorio que comeza a partires do 2010 e como consecuencia da crise econ\u00f3mica ten caracter\u00edsticas moi diferentes.<\/p>\n<p>Boa parte das m\u00e1is de 2,5 mill\u00f3ns de persoas que sa\u00edron f\u00f3ra de Espa\u00f1a nos \u00faltimos sete anos conc\u00e9ntrase nas grandes e medianas cidades de pa\u00edses como o Reino Unido, Alema\u00f1a, Francia, B\u00e9lxica, pero tam\u00e9n hai xente que vive noutros pa\u00edses europeos como Austria ou Su\u00edza e tam\u00e9n en Am\u00e9rica Latina, EEUU, e mesmo Asia. A existencia das antigas federaci\u00f3ns hist\u00f3ricas en pa\u00edses como Francia, Alema\u00f1a ou B\u00e9lxica plantexaba o problema de como coordinar o traballo dos militantes que viv\u00edan noutros pa\u00edses. A nova estrutura organizativa permite por un lado un contacto m\u00e1is directo entre a militancia e as estruturas de IU-federal e polo outro, coas persoas que viven en lugares distantes daqueles onde funcionaban as antigas federaci\u00f3ns por pa\u00edses poidan incorporarse a IU Exterior.<\/p>\n<p>O noso reto principal \u00e9 conseguir que o conxunto de militantes de IU no exterior traballen de forma organizada independentemente da cidade, do pa\u00eds e do continente no que se atopen, reforzando as asembleas de base xa existentes e creando novas asembleas. Ademais, fix\u00e1monos como obxectivo que a militancia se implique no traballo sobre os conflitos laborais que afectan aos migrantes participando nas redes de solidaridade xa existentes e contribu\u00edndo a xeralas nos lugares onde a\u00ednda non est\u00e1n.<\/p>\n<!-- AddThis Advanced Settings generic via filter on the_content --><!-- AddThis Share Buttons generic via filter on the_content -->","protected":false},"excerpt":{"rendered":"<p>La nueva federaci\u00f3n de IU Exterior nace porque entendemos que el contexto migratorio ha cambiado y necesitamos una nueva estructura que se adapte mejor al mismo. La estructura formada por &hellip;<!-- AddThis Advanced Settings generic via filter on get_the_excerpt --><!-- AddThis Share Buttons generic via filter on get_the_excerpt --><\/p>","protected":false},"author":1,"featured_media":0,"parent":0,"menu_order":0,"comment_status":"closed","ping_status":"closed","template":"","meta":{"footnotes":""},"class_list":["post-9","page","type-page","status-publish",""],"yoast_head":"<!-- This site is optimized with the Yoast SEO plugin v25.7 - https:\/\/yoast.com\/wordpress\/plugins\/seo\/ -->\n<title>\u00bfQu\u00e9 es IU Exterior? - Federaci\u00f3n de Izquierda Unida en el Exterior (IU Exterior)<\/title>\n<meta name=\"robots\" content=\"index, follow, max-snippet:-1, max-image-preview:large, max-video-preview:-1\" \/>\n<link rel=\"canonical\" href=\"http:\/\/iuexterior.org\/gl\/que-es-iu-exterior\/\" \/>\n<meta property=\"og:locale\" content=\"gl_ES\" \/>\n<meta property=\"og:type\" content=\"article\" \/>\n<meta property=\"og:title\" content=\"\u00bfQu\u00e9 es IU Exterior? - Federaci\u00f3n de Izquierda Unida en el Exterior (IU Exterior)\" \/>\n<meta property=\"og:description\" content=\"La nueva federaci\u00f3n de IU Exterior nace porque entendemos que el contexto migratorio ha cambiado y necesitamos una nueva estructura que se adapte mejor al mismo. La estructura formada por &hellip;\" \/>\n<meta property=\"og:url\" content=\"http:\/\/iuexterior.org\/gl\/que-es-iu-exterior\/\" \/>\n<meta property=\"og:site_name\" content=\"Federaci\u00f3n de Izquierda Unida en el Exterior (IU Exterior)\" \/>\n<meta property=\"article:modified_time\" content=\"2017-10-08T18:46:01+00:00\" \/>\n<meta name=\"twitter:card\" content=\"summary_large_image\" \/>\n<meta name=\"twitter:label1\" content=\"Tempo de lectura\" \/>\n\t<meta name=\"twitter:data1\" content=\"2 minutos\" \/>\n<script type=\"application\/ld+json\" class=\"yoast-schema-graph\">{\"@context\":\"https:\/\/schema.org\",\"@graph\":[{\"@type\":\"WebPage\",\"@id\":\"http:\/\/iuexterior.org\/fr\/que-es-iu-exterior\/\",\"url\":\"http:\/\/iuexterior.org\/fr\/que-es-iu-exterior\/\",\"name\":\"\u00bfQu\u00e9 es IU Exterior? - Federaci\u00f3n de Izquierda Unida en el Exterior (IU Exterior)\",\"isPartOf\":{\"@id\":\"http:\/\/iuexterior.org\/de\/#website\"},\"datePublished\":\"2017-05-15T16:07:12+00:00\",\"dateModified\":\"2017-10-08T18:46:01+00:00\",\"breadcrumb\":{\"@id\":\"http:\/\/iuexterior.org\/fr\/que-es-iu-exterior\/#breadcrumb\"},\"inLanguage\":\"gl-ES\",\"potentialAction\":[{\"@type\":\"ReadAction\",\"target\":[\"http:\/\/iuexterior.org\/fr\/que-es-iu-exterior\/\"]}]},{\"@type\":\"BreadcrumbList\",\"@id\":\"http:\/\/iuexterior.org\/fr\/que-es-iu-exterior\/#breadcrumb\",\"itemListElement\":[{\"@type\":\"ListItem\",\"position\":1,\"name\":\"Portada\",\"item\":\"http:\/\/iuexterior.org\/de\/\"},{\"@type\":\"ListItem\",\"position\":2,\"name\":\"\u00bfQu\u00e9 es IU Exterior?\"}]},{\"@type\":\"WebSite\",\"@id\":\"http:\/\/iuexterior.org\/de\/#website\",\"url\":\"http:\/\/iuexterior.org\/de\/\",\"name\":\"Federaci\u00f3n de Izquierda Unida en el Exterior (IU Exterior)\",\"description\":\"La federaci\u00f3n de IU para la ciudadan\u00eda espa\u00f1ola emigrada.\",\"potentialAction\":[{\"@type\":\"SearchAction\",\"target\":{\"@type\":\"EntryPoint\",\"urlTemplate\":\"http:\/\/iuexterior.org\/de\/?s={search_term_string}\"},\"query-input\":{\"@type\":\"PropertyValueSpecification\",\"valueRequired\":true,\"valueName\":\"search_term_string\"}}],\"inLanguage\":\"gl-ES\"}]}<\/script>\n<!-- \/ Yoast SEO plugin. -->","yoast_head_json":{"title":"\u00bfQu\u00e9 es IU Exterior? - Federaci\u00f3n de Izquierda Unida en el Exterior (IU Exterior)","robots":{"index":"index","follow":"follow","max-snippet":"max-snippet:-1","max-image-preview":"max-image-preview:large","max-video-preview":"max-video-preview:-1"},"canonical":"http:\/\/iuexterior.org\/gl\/que-es-iu-exterior\/","og_locale":"gl_ES","og_type":"article","og_title":"\u00bfQu\u00e9 es IU Exterior? - Federaci\u00f3n de Izquierda Unida en el Exterior (IU Exterior)","og_description":"La nueva federaci\u00f3n de IU Exterior nace porque entendemos que el contexto migratorio ha cambiado y necesitamos una nueva estructura que se adapte mejor al mismo. La estructura formada por &hellip;","og_url":"http:\/\/iuexterior.org\/gl\/que-es-iu-exterior\/","og_site_name":"Federaci\u00f3n de Izquierda Unida en el Exterior (IU Exterior)","article_modified_time":"2017-10-08T18:46:01+00:00","twitter_card":"summary_large_image","twitter_misc":{"Tempo de lectura":"2 minutos"},"schema":{"@context":"https:\/\/schema.org","@graph":[{"@type":"WebPage","@id":"http:\/\/iuexterior.org\/fr\/que-es-iu-exterior\/","url":"http:\/\/iuexterior.org\/fr\/que-es-iu-exterior\/","name":"\u00bfQu\u00e9 es IU Exterior? - Federaci\u00f3n de Izquierda Unida en el Exterior (IU Exterior)","isPartOf":{"@id":"http:\/\/iuexterior.org\/de\/#website"},"datePublished":"2017-05-15T16:07:12+00:00","dateModified":"2017-10-08T18:46:01+00:00","breadcrumb":{"@id":"http:\/\/iuexterior.org\/fr\/que-es-iu-exterior\/#breadcrumb"},"inLanguage":"gl-ES","potentialAction":[{"@type":"ReadAction","target":["http:\/\/iuexterior.org\/fr\/que-es-iu-exterior\/"]}]},{"@type":"BreadcrumbList","@id":"http:\/\/iuexterior.org\/fr\/que-es-iu-exterior\/#breadcrumb","itemListElement":[{"@type":"ListItem","position":1,"name":"Portada","item":"http:\/\/iuexterior.org\/de\/"},{"@type":"ListItem","position":2,"name":"\u00bfQu\u00e9 es IU Exterior?"}]},{"@type":"WebSite","@id":"http:\/\/iuexterior.org\/de\/#website","url":"http:\/\/iuexterior.org\/de\/","name":"Federaci\u00f3n de Izquierda Unida en el Exterior (IU Exterior)","description":"La federaci\u00f3n de IU para la ciudadan\u00eda espa\u00f1ola emigrada.","potentialAction":[{"@type":"SearchAction","target":{"@type":"EntryPoint","urlTemplate":"http:\/\/iuexterior.org\/de\/?s={search_term_string}"},"query-input":{"@type":"PropertyValueSpecification","valueRequired":true,"valueName":"search_term_string"}}],"inLanguage":"gl-ES"}]}},"_links":{"self":[{"href":"http:\/\/iuexterior.org\/gl\/wp-json\/wp\/v2\/pages\/9","targetHints":{"allow":["GET"]}}],"collection":[{"href":"http:\/\/iuexterior.org\/gl\/wp-json\/wp\/v2\/pages"}],"about":[{"href":"http:\/\/iuexterior.org\/gl\/wp-json\/wp\/v2\/types\/page"}],"author":[{"embeddable":true,"href":"http:\/\/iuexterior.org\/gl\/wp-json\/wp\/v2\/users\/1"}],"replies":[{"embeddable":true,"href":"http:\/\/iuexterior.org\/gl\/wp-json\/wp\/v2\/comments?post=9"}],"version-history":[{"count":0,"href":"http:\/\/iuexterior.org\/gl\/wp-json\/wp\/v2\/pages\/9\/revisions"}],"wp:attachment":[{"href":"http:\/\/iuexterior.org\/gl\/wp-json\/wp\/v2\/media?parent=9"}],"curies":[{"name":"wp","href":"https:\/\/api.w.org\/{rel}","templated":true}]}}