{"id":2096,"date":"2020-11-01T12:55:51","date_gmt":"2020-11-01T11:55:51","guid":{"rendered":"http:\/\/iuexterior.org\/?page_id=2096"},"modified":"2025-11-04T11:20:39","modified_gmt":"2025-11-04T10:20:39","slug":"buenosaires","status":"publish","type":"page","link":"http:\/\/iuexterior.org\/gl\/buenosaires\/","title":{"rendered":"IU Buenos Aires"},"content":{"rendered":"<p>La asamblea de <strong>IU Buenos Aires<\/strong> se fund\u00f3 el <strong><a href=\"https:\/\/twitter.com\/IUBuenosAires\/status\/886874647001739265\" target=\"_blank\" rel=\"noreferrer noopener\">16 de julio de 2017<\/a><\/strong>, unos meses despu\u00e9s de la&nbsp;<a href=\"http:\/\/iuexterior.org\/gl\/i-asamblea-de-iu-exterior\/\" target=\"_blank\" rel=\"noreferrer noopener\">I Asemblea de EU Exterior<\/a>.&nbsp;<\/p>\n\n\n\n<blockquote class=\"twitter-tweet\"><p lang=\"es\" dir=\"ltr\">[SE CONSTITUY\u00d3 LA ASAMBLEA DE IZQUIERDA UNIDA EN BUENOS AIRES] <a href=\"https:\/\/t.co\/qInfHGs5js\">pic.twitter.com\/qInfHGs5js<\/a><\/p>&mdash; IU Buenos Aires (@IUBuenosAires) <a href=\"https:\/\/twitter.com\/IUBuenosAires\/status\/886874647001739265?ref_src=twsrc%5Etfw\">July 17, 2017<\/a><\/blockquote> <script async src=\"https:\/\/platform.twitter.com\/widgets.js\" charset=\"utf-8\"><\/script>\n\n\n\n<p>Su&nbsp;<strong>Coordinadora Local<\/strong>&nbsp;est\u00e1 compuesta por:<\/p>\n\n\n\n<ul class=\"wp-block-list\">\n<li><strong>Coordinadora<\/strong>: Mar\u00eda del Pilar Moura<\/li>\n\n\n\n<li><strong>Organizaci\u00f3n<\/strong>: Dante Sabatto y Clelia Volonteri<\/li>\n\n\n\n<li><strong>Acci\u00f3n Pol\u00edtica<\/strong>: Ayel\u00e9n Mangas e Ignacio Cicilio<\/li>\n\n\n\n<li><strong>Comunicaci\u00f3n<\/strong>: Luc\u00eda Ana\u00ed Sabini Fraga y Juan Ignacio Arce<\/li>\n<\/ul>\n\n\n\n<p>Puedes contactar con&nbsp;<strong>IU Buenos Aires <\/strong>a trav\u00e9s del correo&nbsp;<a href=\"mailto:buenosaires@iuexterior.org\">buenosaires@iuexterior.org<\/a>&nbsp;y de sus perfiles en&nbsp;<a href=\"https:\/\/www.facebook.com\/iuBuenosAires\" target=\"_blank\" rel=\"noreferrer noopener\"><strong>Facebook<\/strong><\/a>,&nbsp;<strong><a href=\"https:\/\/twitter.com\/IUBuenosAires\" target=\"_blank\" rel=\"noreferrer noopener\">Twitter<\/a>&nbsp;<\/strong>e&nbsp;<a href=\"https:\/\/www.instagram.com\/iubuenosaires\" target=\"_blank\" rel=\"noreferrer noopener\"><strong>Instagram<\/strong><\/a>.<\/p>\n\n\n\n<ul class=\"wp-block-social-links is-layout-flex wp-block-social-links-is-layout-flex\">\n\n<li class=\"wp-social-link wp-social-link-facebook  wp-block-social-link\"><a href=\"https:\/\/facebook.com\/iubuenosaires\" class=\"wp-block-social-link-anchor\"><svg width=\"24\" height=\"24\" viewbox=\"0 0 24 24\" version=\"1.1\" xmlns=\"http:\/\/www.w3.org\/2000\/svg\" aria-hidden=\"true\" focusable=\"false\"><path d=\"M12 2C6.5 2 2 6.5 2 12c0 5 3.7 9.1 8.4 9.9v-7H7.9V12h2.5V9.8c0-2.5 1.5-3.9 3.8-3.9 1.1 0 2.2.2 2.2.2v2.5h-1.3c-1.2 0-1.6.8-1.6 1.6V12h2.8l-.4 2.9h-2.3v7C18.3 21.1 22 17 22 12c0-5.5-4.5-10-10-10z\"><\/path><\/svg><span class=\"wp-block-social-link-label screen-reader-text\">Facebook<\/span><\/a><\/li>\n\n<li class=\"wp-social-link wp-social-link-twitter  wp-block-social-link\"><a href=\"https:\/\/twitter.com\/iubuenosaires\" class=\"wp-block-social-link-anchor\"><svg width=\"24\" height=\"24\" viewbox=\"0 0 24 24\" version=\"1.1\" xmlns=\"http:\/\/www.w3.org\/2000\/svg\" aria-hidden=\"true\" focusable=\"false\"><path d=\"M22.23,5.924c-0.736,0.326-1.527,0.547-2.357,0.646c0.847-0.508,1.498-1.312,1.804-2.27 c-0.793,0.47-1.671,0.812-2.606,0.996C18.324,4.498,17.257,4,16.077,4c-2.266,0-4.103,1.837-4.103,4.103 c0,0.322,0.036,0.635,0.106,0.935C8.67,8.867,5.647,7.234,3.623,4.751C3.27,5.357,3.067,6.062,3.067,6.814 c0,1.424,0.724,2.679,1.825,3.415c-0.673-0.021-1.305-0.206-1.859-0.513c0,0.017,0,0.034,0,0.052c0,1.988,1.414,3.647,3.292,4.023 c-0.344,0.094-0.707,0.144-1.081,0.144c-0.264,0-0.521-0.026-0.772-0.074c0.522,1.63,2.038,2.816,3.833,2.85 c-1.404,1.1-3.174,1.756-5.096,1.756c-0.331,0-0.658-0.019-0.979-0.057c1.816,1.164,3.973,1.843,6.29,1.843 c7.547,0,11.675-6.252,11.675-11.675c0-0.178-0.004-0.355-0.012-0.531C20.985,7.47,21.68,6.747,22.23,5.924z\"><\/path><\/svg><span class=\"wp-block-social-link-label screen-reader-text\">Twitter<\/span><\/a><\/li>\n\n<li class=\"wp-social-link wp-social-link-instagram  wp-block-social-link\"><a href=\"https:\/\/instagram.com\/iubuenosaires\" class=\"wp-block-social-link-anchor\"><svg width=\"24\" height=\"24\" viewbox=\"0 0 24 24\" version=\"1.1\" xmlns=\"http:\/\/www.w3.org\/2000\/svg\" aria-hidden=\"true\" focusable=\"false\"><path d=\"M12,4.622c2.403,0,2.688,0.009,3.637,0.052c0.877,0.04,1.354,0.187,1.671,0.31c0.42,0.163,0.72,0.358,1.035,0.673 c0.315,0.315,0.51,0.615,0.673,1.035c0.123,0.317,0.27,0.794,0.31,1.671c0.043,0.949,0.052,1.234,0.052,3.637 s-0.009,2.688-0.052,3.637c-0.04,0.877-0.187,1.354-0.31,1.671c-0.163,0.42-0.358,0.72-0.673,1.035 c-0.315,0.315-0.615,0.51-1.035,0.673c-0.317,0.123-0.794,0.27-1.671,0.31c-0.949,0.043-1.233,0.052-3.637,0.052 s-2.688-0.009-3.637-0.052c-0.877-0.04-1.354-0.187-1.671-0.31c-0.42-0.163-0.72-0.358-1.035-0.673 c-0.315-0.315-0.51-0.615-0.673-1.035c-0.123-0.317-0.27-0.794-0.31-1.671C4.631,14.688,4.622,14.403,4.622,12 s0.009-2.688,0.052-3.637c0.04-0.877,0.187-1.354,0.31-1.671c0.163-0.42,0.358-0.72,0.673-1.035 c0.315-0.315,0.615-0.51,1.035-0.673c0.317-0.123,0.794-0.27,1.671-0.31C9.312,4.631,9.597,4.622,12,4.622 M12,3 C9.556,3,9.249,3.01,8.289,3.054C7.331,3.098,6.677,3.25,6.105,3.472C5.513,3.702,5.011,4.01,4.511,4.511 c-0.5,0.5-0.808,1.002-1.038,1.594C3.25,6.677,3.098,7.331,3.054,8.289C3.01,9.249,3,9.556,3,12c0,2.444,0.01,2.751,0.054,3.711 c0.044,0.958,0.196,1.612,0.418,2.185c0.23,0.592,0.538,1.094,1.038,1.594c0.5,0.5,1.002,0.808,1.594,1.038 c0.572,0.222,1.227,0.375,2.185,0.418C9.249,20.99,9.556,21,12,21s2.751-0.01,3.711-0.054c0.958-0.044,1.612-0.196,2.185-0.418 c0.592-0.23,1.094-0.538,1.594-1.038c0.5-0.5,0.808-1.002,1.038-1.594c0.222-0.572,0.375-1.227,0.418-2.185 C20.99,14.751,21,14.444,21,12s-0.01-2.751-0.054-3.711c-0.044-0.958-0.196-1.612-0.418-2.185c-0.23-0.592-0.538-1.094-1.038-1.594 c-0.5-0.5-1.002-0.808-1.594-1.038c-0.572-0.222-1.227-0.375-2.185-0.418C14.751,3.01,14.444,3,12,3L12,3z M12,7.378 c-2.552,0-4.622,2.069-4.622,4.622S9.448,16.622,12,16.622s4.622-2.069,4.622-4.622S14.552,7.378,12,7.378z M12,15 c-1.657,0-3-1.343-3-3s1.343-3,3-3s3,1.343,3,3S13.657,15,12,15z M16.804,6.116c-0.596,0-1.08,0.484-1.08,1.08 s0.484,1.08,1.08,1.08c0.596,0,1.08-0.484,1.08-1.08S17.401,6.116,16.804,6.116z\"><\/path><\/svg><span class=\"wp-block-social-link-label screen-reader-text\">Instagram<\/span><\/a><\/li>\n\n\n\n<\/ul>\n\n\n\n<h3 class=\"wp-block-heading\">Noticias de IU Buenos Aires<\/h3>\n\n\n<ul class=\"wp-block-latest-posts__list is-grid columns-3 wp-block-latest-posts\"><li><div class=\"wp-block-latest-posts__featured-image\"><img loading=\"lazy\" decoding=\"async\" width=\"300\" height=\"178\" src=\"http:\/\/iuexterior.org\/wp-content\/uploads\/2025\/12\/G68WC2JXIAAwS62-300x178.jpeg\" class=\"attachment-medium size-medium wp-post-image\" alt=\"\" style=\"\" srcset=\"http:\/\/iuexterior.org\/wp-content\/uploads\/2025\/12\/G68WC2JXIAAwS62-300x178.jpeg 300w, http:\/\/iuexterior.org\/wp-content\/uploads\/2025\/12\/G68WC2JXIAAwS62-1024x606.jpeg 1024w, http:\/\/iuexterior.org\/wp-content\/uploads\/2025\/12\/G68WC2JXIAAwS62-768x455.jpeg 768w, http:\/\/iuexterior.org\/wp-content\/uploads\/2025\/12\/G68WC2JXIAAwS62-1536x909.jpeg 1536w, http:\/\/iuexterior.org\/wp-content\/uploads\/2025\/12\/G68WC2JXIAAwS62-18x12.jpeg 18w, http:\/\/iuexterior.org\/wp-content\/uploads\/2025\/12\/G68WC2JXIAAwS62.jpeg 2047w\" sizes=\"auto, (max-width: 300px) 100vw, 300px\" \/><\/div><a class=\"wp-block-latest-posts__post-title\" href=\"http:\/\/iuexterior.org\/gl\/2025\/12\/04\/izquierda-unida-exterior-celebra-su-iii-asamblea-y-reelige-a-luis-cortes-como-coordinador\/\">Izquierda Unida Exterior celebra su III Asamblea y reelige a Luis Cort\u00e9s como coordinador<\/a><\/li>\n<li><div class=\"wp-block-latest-posts__featured-image\"><img loading=\"lazy\" decoding=\"async\" width=\"300\" height=\"204\" src=\"http:\/\/iuexterior.org\/wp-content\/uploads\/2025\/05\/escuela-iuexterior-2025-a-e1762251741761-300x204.png\" class=\"attachment-medium size-medium wp-post-image\" alt=\"\" style=\"\" srcset=\"http:\/\/iuexterior.org\/wp-content\/uploads\/2025\/05\/escuela-iuexterior-2025-a-e1762251741761-300x204.png 300w, http:\/\/iuexterior.org\/wp-content\/uploads\/2025\/05\/escuela-iuexterior-2025-a-e1762251741761-18x12.png 18w, http:\/\/iuexterior.org\/wp-content\/uploads\/2025\/05\/escuela-iuexterior-2025-a-e1762251741761-110x75.png 110w, http:\/\/iuexterior.org\/wp-content\/uploads\/2025\/05\/escuela-iuexterior-2025-a-e1762251741761.png 620w\" sizes=\"auto, (max-width: 300px) 100vw, 300px\" \/><\/div><a class=\"wp-block-latest-posts__post-title\" href=\"http:\/\/iuexterior.org\/gl\/2025\/05\/05\/ii-escuela-de-primavera-de-iu-exterior-en-berlin\/\">II Escuela de Primavera de IU Exterior en Berl\u00edn<\/a><\/li>\n<li><div class=\"wp-block-latest-posts__featured-image\"><img loading=\"lazy\" decoding=\"async\" width=\"300\" height=\"225\" src=\"http:\/\/iuexterior.org\/wp-content\/uploads\/2021\/03\/Hospital-Espanol-300x225.jpg\" class=\"attachment-medium size-medium wp-post-image\" alt=\"\" style=\"\" srcset=\"http:\/\/iuexterior.org\/wp-content\/uploads\/2021\/03\/Hospital-Espanol-300x225.jpg 300w, http:\/\/iuexterior.org\/wp-content\/uploads\/2021\/03\/Hospital-Espanol-1024x768.jpg 1024w, http:\/\/iuexterior.org\/wp-content\/uploads\/2021\/03\/Hospital-Espanol-768x576.jpg 768w, http:\/\/iuexterior.org\/wp-content\/uploads\/2021\/03\/Hospital-Espanol-16x12.jpg 16w, http:\/\/iuexterior.org\/wp-content\/uploads\/2021\/03\/Hospital-Espanol.jpg 1280w\" sizes=\"auto, (max-width: 300px) 100vw, 300px\" \/><\/div><a class=\"wp-block-latest-posts__post-title\" href=\"http:\/\/iuexterior.org\/gl\/2021\/03\/16\/iu-considera-una-decision-a-favor-del-covid-la-clausura-del-hospital-espanol-en-buenos-aires\/\">IU considera \u00abuna decisi\u00f3n a favor del covid\u00bb la clausura del Hospital Espa\u00f1ol en Buenos Aires<\/a><\/li>\n<li><div class=\"wp-block-latest-posts__featured-image\"><img loading=\"lazy\" decoding=\"async\" width=\"300\" height=\"169\" src=\"http:\/\/iuexterior.org\/wp-content\/uploads\/2020\/01\/IU-Global-300x169.png\" class=\"attachment-medium size-medium wp-post-image\" alt=\"\" style=\"\" srcset=\"http:\/\/iuexterior.org\/wp-content\/uploads\/2020\/01\/IU-Global-300x169.png 300w, http:\/\/iuexterior.org\/wp-content\/uploads\/2020\/01\/IU-Global-1024x576.png 1024w, http:\/\/iuexterior.org\/wp-content\/uploads\/2020\/01\/IU-Global-768x432.png 768w, http:\/\/iuexterior.org\/wp-content\/uploads\/2020\/01\/IU-Global-1536x864.png 1536w, http:\/\/iuexterior.org\/wp-content\/uploads\/2020\/01\/IU-Global.png 1920w\" sizes=\"auto, (max-width: 300px) 100vw, 300px\" \/><\/div><a class=\"wp-block-latest-posts__post-title\" href=\"http:\/\/iuexterior.org\/gl\/2020\/11\/12\/la-emigracion-participa-en-el-proceso-de-debate-hacia-la-xii-asamblea-de-iu\/\">La emigraci\u00f3n participa en el proceso de debate hacia la XII Asamblea de IU<\/a><\/li>\n<li><div class=\"wp-block-latest-posts__featured-image\"><img loading=\"lazy\" decoding=\"async\" width=\"300\" height=\"169\" src=\"http:\/\/iuexterior.org\/wp-content\/uploads\/2020\/05\/Stanbrook-personas-Alicante-Oran-Argelia_EDIIMA20160617_0514_26-300x169.jpg\" class=\"attachment-medium size-medium wp-post-image\" alt=\"\" style=\"\" srcset=\"http:\/\/iuexterior.org\/wp-content\/uploads\/2020\/05\/Stanbrook-personas-Alicante-Oran-Argelia_EDIIMA20160617_0514_26-300x169.jpg 300w, http:\/\/iuexterior.org\/wp-content\/uploads\/2020\/05\/Stanbrook-personas-Alicante-Oran-Argelia_EDIIMA20160617_0514_26.jpg 643w\" sizes=\"auto, (max-width: 300px) 100vw, 300px\" \/><\/div><a class=\"wp-block-latest-posts__post-title\" href=\"http:\/\/iuexterior.org\/gl\/2020\/05\/19\/iu-exterior-abordara-la-ley-de-nacionalidad-para-descendientes-este-viernes-en-un-nuevo-taller-virtual\/\">IU Exterior abordar\u00e1 este viernes la Ley de Nacionalidad para Descendientes en un nuevo taller virtual<\/a><\/li>\n<li><div class=\"wp-block-latest-posts__featured-image\"><img loading=\"lazy\" decoding=\"async\" width=\"300\" height=\"169\" src=\"http:\/\/iuexterior.org\/wp-content\/uploads\/2020\/02\/Reuniones-Pilu-300x169.jpg\" class=\"attachment-medium size-medium wp-post-image\" alt=\"\" style=\"\" srcset=\"http:\/\/iuexterior.org\/wp-content\/uploads\/2020\/02\/Reuniones-Pilu-300x169.jpg 300w, http:\/\/iuexterior.org\/wp-content\/uploads\/2020\/02\/Reuniones-Pilu-1024x576.jpg 1024w, http:\/\/iuexterior.org\/wp-content\/uploads\/2020\/02\/Reuniones-Pilu-768x432.jpg 768w, http:\/\/iuexterior.org\/wp-content\/uploads\/2020\/02\/Reuniones-Pilu-1536x864.jpg 1536w, http:\/\/iuexterior.org\/wp-content\/uploads\/2020\/02\/Reuniones-Pilu.jpg 1600w\" sizes=\"auto, (max-width: 300px) 100vw, 300px\" \/><\/div><a class=\"wp-block-latest-posts__post-title\" href=\"http:\/\/iuexterior.org\/gl\/2020\/02\/10\/la-corresponsable-de-iu-exterior-pilar-moura-cierra-una-semana-de-encuentros-con-agentes-politicos-y-sociales-en-madrid\/\">La corresponsable de Acci\u00f3n Pol\u00edtica de IU Exterior Pilar Moura cierra una semana de encuentros con agentes pol\u00edticos y sociales en Madrid<\/a><\/li>\n<\/ul><!-- AddThis Advanced Settings generic via filter on the_content --><!-- AddThis Share Buttons generic via filter on the_content -->","protected":false},"excerpt":{"rendered":"<p>La asamblea de IU Buenos Aires se fund\u00f3 el 16 de julio de 2017, unos meses despu\u00e9s de la&nbsp;I Asamblea de IU Exterior.&nbsp; [SE CONSTITUY\u00d3 LA ASAMBLEA DE IZQUIERDA UNIDA &hellip;<!-- AddThis Advanced Settings generic via filter on get_the_excerpt --><!-- AddThis Share Buttons generic via filter on get_the_excerpt --><\/p>","protected":false},"author":2,"featured_media":341,"parent":0,"menu_order":0,"comment_status":"closed","ping_status":"closed","template":"","meta":{"footnotes":""},"class_list":["post-2096","page","type-page","status-publish","has-post-thumbnail",""],"yoast_head":"<!-- This site is optimized with the Yoast SEO plugin v25.7 - https:\/\/yoast.com\/wordpress\/plugins\/seo\/ -->\n<title>IU Buenos Aires - Federaci\u00f3n de Izquierda Unida en el Exterior (IU Exterior)<\/title>\n<meta name=\"robots\" content=\"index, follow, max-snippet:-1, max-image-preview:large, max-video-preview:-1\" \/>\n<link rel=\"canonical\" href=\"https:\/\/iuexterior.org\/gl\/buenosaires\/\" \/>\n<meta property=\"og:locale\" content=\"gl_ES\" \/>\n<meta property=\"og:type\" content=\"article\" \/>\n<meta property=\"og:title\" content=\"IU Buenos Aires - Federaci\u00f3n de Izquierda Unida en el Exterior (IU Exterior)\" \/>\n<meta property=\"og:description\" content=\"La asamblea de IU Buenos Aires se fund\u00f3 el 16 de julio de 2017, unos meses despu\u00e9s de la&nbsp;I Asamblea de IU Exterior.&nbsp; [SE CONSTITUY\u00d3 LA ASAMBLEA DE IZQUIERDA UNIDA &hellip;\" \/>\n<meta property=\"og:url\" content=\"https:\/\/iuexterior.org\/gl\/buenosaires\/\" \/>\n<meta property=\"og:site_name\" content=\"Federaci\u00f3n de Izquierda Unida en el Exterior (IU Exterior)\" \/>\n<meta property=\"article:modified_time\" content=\"2025-11-04T10:20:39+00:00\" \/>\n<meta property=\"og:image\" content=\"https:\/\/iuexterior.org\/wp-content\/uploads\/2018\/03\/photo_2018-03-24_19-13-07.jpg\" \/>\n\t<meta property=\"og:image:width\" content=\"1280\" \/>\n\t<meta property=\"og:image:height\" content=\"960\" \/>\n\t<meta property=\"og:image:type\" content=\"image\/jpeg\" \/>\n<meta name=\"twitter:card\" content=\"summary_large_image\" \/>\n<meta name=\"twitter:label1\" content=\"Tempo de lectura\" \/>\n\t<meta name=\"twitter:data1\" content=\"1 minuto\" \/>\n<script type=\"application\/ld+json\" class=\"yoast-schema-graph\">{\"@context\":\"https:\/\/schema.org\",\"@graph\":[{\"@type\":\"WebPage\",\"@id\":\"https:\/\/iuexterior.org\/en\/buenosaires\/\",\"url\":\"https:\/\/iuexterior.org\/en\/buenosaires\/\",\"name\":\"IU Buenos Aires - Federaci\u00f3n de Izquierda Unida en el Exterior (IU Exterior)\",\"isPartOf\":{\"@id\":\"http:\/\/iuexterior.org\/de\/#website\"},\"primaryImageOfPage\":{\"@id\":\"https:\/\/iuexterior.org\/en\/buenosaires\/#primaryimage\"},\"image\":{\"@id\":\"https:\/\/iuexterior.org\/en\/buenosaires\/#primaryimage\"},\"thumbnailUrl\":\"http:\/\/iuexterior.org\/wp-content\/uploads\/2018\/03\/photo_2018-03-24_19-13-07.jpg\",\"datePublished\":\"2020-11-01T11:55:51+00:00\",\"dateModified\":\"2025-11-04T10:20:39+00:00\",\"breadcrumb\":{\"@id\":\"https:\/\/iuexterior.org\/en\/buenosaires\/#breadcrumb\"},\"inLanguage\":\"gl-ES\",\"potentialAction\":[{\"@type\":\"ReadAction\",\"target\":[\"https:\/\/iuexterior.org\/en\/buenosaires\/\"]}]},{\"@type\":\"ImageObject\",\"inLanguage\":\"gl-ES\",\"@id\":\"https:\/\/iuexterior.org\/en\/buenosaires\/#primaryimage\",\"url\":\"http:\/\/iuexterior.org\/wp-content\/uploads\/2018\/03\/photo_2018-03-24_19-13-07.jpg\",\"contentUrl\":\"http:\/\/iuexterior.org\/wp-content\/uploads\/2018\/03\/photo_2018-03-24_19-13-07.jpg\",\"width\":1280,\"height\":960,\"caption\":\"La militancia de IU Buenos Aires durante la marcha\"},{\"@type\":\"BreadcrumbList\",\"@id\":\"https:\/\/iuexterior.org\/en\/buenosaires\/#breadcrumb\",\"itemListElement\":[{\"@type\":\"ListItem\",\"position\":1,\"name\":\"Portada\",\"item\":\"http:\/\/iuexterior.org\/de\/\"},{\"@type\":\"ListItem\",\"position\":2,\"name\":\"IU Buenos Aires\"}]},{\"@type\":\"WebSite\",\"@id\":\"http:\/\/iuexterior.org\/de\/#website\",\"url\":\"http:\/\/iuexterior.org\/de\/\",\"name\":\"Federaci\u00f3n de Izquierda Unida en el Exterior (IU Exterior)\",\"description\":\"La federaci\u00f3n de IU para la ciudadan\u00eda espa\u00f1ola emigrada.\",\"potentialAction\":[{\"@type\":\"SearchAction\",\"target\":{\"@type\":\"EntryPoint\",\"urlTemplate\":\"http:\/\/iuexterior.org\/de\/?s={search_term_string}\"},\"query-input\":{\"@type\":\"PropertyValueSpecification\",\"valueRequired\":true,\"valueName\":\"search_term_string\"}}],\"inLanguage\":\"gl-ES\"}]}<\/script>\n<!-- \/ Yoast SEO plugin. -->","yoast_head_json":{"title":"IU Buenos Aires - Federaci\u00f3n de Izquierda Unida en el Exterior (IU Exterior)","robots":{"index":"index","follow":"follow","max-snippet":"max-snippet:-1","max-image-preview":"max-image-preview:large","max-video-preview":"max-video-preview:-1"},"canonical":"https:\/\/iuexterior.org\/gl\/buenosaires\/","og_locale":"gl_ES","og_type":"article","og_title":"IU Buenos Aires - Federaci\u00f3n de Izquierda Unida en el Exterior (IU Exterior)","og_description":"La asamblea de IU Buenos Aires se fund\u00f3 el 16 de julio de 2017, unos meses despu\u00e9s de la&nbsp;I Asamblea de IU Exterior.&nbsp; [SE CONSTITUY\u00d3 LA ASAMBLEA DE IZQUIERDA UNIDA &hellip;","og_url":"https:\/\/iuexterior.org\/gl\/buenosaires\/","og_site_name":"Federaci\u00f3n de Izquierda Unida en el Exterior (IU Exterior)","article_modified_time":"2025-11-04T10:20:39+00:00","og_image":[{"width":1280,"height":960,"url":"https:\/\/iuexterior.org\/wp-content\/uploads\/2018\/03\/photo_2018-03-24_19-13-07.jpg","type":"image\/jpeg"}],"twitter_card":"summary_large_image","twitter_misc":{"Tempo de lectura":"1 minuto"},"schema":{"@context":"https:\/\/schema.org","@graph":[{"@type":"WebPage","@id":"https:\/\/iuexterior.org\/en\/buenosaires\/","url":"https:\/\/iuexterior.org\/en\/buenosaires\/","name":"IU Buenos Aires - Federaci\u00f3n de Izquierda Unida en el Exterior (IU Exterior)","isPartOf":{"@id":"http:\/\/iuexterior.org\/de\/#website"},"primaryImageOfPage":{"@id":"https:\/\/iuexterior.org\/en\/buenosaires\/#primaryimage"},"image":{"@id":"https:\/\/iuexterior.org\/en\/buenosaires\/#primaryimage"},"thumbnailUrl":"http:\/\/iuexterior.org\/wp-content\/uploads\/2018\/03\/photo_2018-03-24_19-13-07.jpg","datePublished":"2020-11-01T11:55:51+00:00","dateModified":"2025-11-04T10:20:39+00:00","breadcrumb":{"@id":"https:\/\/iuexterior.org\/en\/buenosaires\/#breadcrumb"},"inLanguage":"gl-ES","potentialAction":[{"@type":"ReadAction","target":["https:\/\/iuexterior.org\/en\/buenosaires\/"]}]},{"@type":"ImageObject","inLanguage":"gl-ES","@id":"https:\/\/iuexterior.org\/en\/buenosaires\/#primaryimage","url":"http:\/\/iuexterior.org\/wp-content\/uploads\/2018\/03\/photo_2018-03-24_19-13-07.jpg","contentUrl":"http:\/\/iuexterior.org\/wp-content\/uploads\/2018\/03\/photo_2018-03-24_19-13-07.jpg","width":1280,"height":960,"caption":"La militancia de IU Buenos Aires durante la marcha"},{"@type":"BreadcrumbList","@id":"https:\/\/iuexterior.org\/en\/buenosaires\/#breadcrumb","itemListElement":[{"@type":"ListItem","position":1,"name":"Portada","item":"http:\/\/iuexterior.org\/de\/"},{"@type":"ListItem","position":2,"name":"IU Buenos Aires"}]},{"@type":"WebSite","@id":"http:\/\/iuexterior.org\/de\/#website","url":"http:\/\/iuexterior.org\/de\/","name":"Federaci\u00f3n de Izquierda Unida en el Exterior (IU Exterior)","description":"La federaci\u00f3n de IU para la ciudadan\u00eda espa\u00f1ola emigrada.","potentialAction":[{"@type":"SearchAction","target":{"@type":"EntryPoint","urlTemplate":"http:\/\/iuexterior.org\/de\/?s={search_term_string}"},"query-input":{"@type":"PropertyValueSpecification","valueRequired":true,"valueName":"search_term_string"}}],"inLanguage":"gl-ES"}]}},"_links":{"self":[{"href":"http:\/\/iuexterior.org\/gl\/wp-json\/wp\/v2\/pages\/2096","targetHints":{"allow":["GET"]}}],"collection":[{"href":"http:\/\/iuexterior.org\/gl\/wp-json\/wp\/v2\/pages"}],"about":[{"href":"http:\/\/iuexterior.org\/gl\/wp-json\/wp\/v2\/types\/page"}],"author":[{"embeddable":true,"href":"http:\/\/iuexterior.org\/gl\/wp-json\/wp\/v2\/users\/2"}],"replies":[{"embeddable":true,"href":"http:\/\/iuexterior.org\/gl\/wp-json\/wp\/v2\/comments?post=2096"}],"version-history":[{"count":0,"href":"http:\/\/iuexterior.org\/gl\/wp-json\/wp\/v2\/pages\/2096\/revisions"}],"wp:featuredmedia":[{"embeddable":true,"href":"http:\/\/iuexterior.org\/gl\/wp-json\/wp\/v2\/media\/341"}],"wp:attachment":[{"href":"http:\/\/iuexterior.org\/gl\/wp-json\/wp\/v2\/media?parent=2096"}],"curies":[{"name":"wp","href":"https:\/\/api.w.org\/{rel}","templated":true}]}}