{"id":2089,"date":"2020-10-30T07:37:07","date_gmt":"2020-10-30T06:37:07","guid":{"rendered":"http:\/\/iuexterior.org\/?page_id=2089"},"modified":"2025-11-04T11:23:51","modified_gmt":"2025-11-04T10:23:51","slug":"global","status":"publish","type":"page","link":"http:\/\/iuexterior.org\/gl\/global\/","title":{"rendered":"IU Global"},"content":{"rendered":"<p>La <strong>Asamblea Global de IU Exterior<\/strong> se fund\u00f3 el <strong><a href=\"http:\/\/iuexterior.org\/gl\/2020\/01\/31\/nace-iu-global-una-asamblea-virtual-para-permitir-la-participacion-de-la-militancia-sin-asamblea-local-cercana\/\" target=\"_blank\" rel=\"noreferrer noopener\">30 de enero de 2020<\/a><\/strong> para aglutinar a los y las militantes que carecen de asamblea de base en su ciudad de residencia. Su militancia est\u00e1 repartida por tres continentes: <strong>Europa, Am\u00e9rica y \u00c1frica<\/strong>. Desde su creaci\u00f3n, la asamblea se re\u00fane de mensualmente de forma telem\u00e1tica. Ha formado parte de la organizaci\u00f3n de eventos en ciudades como <strong>Viena <\/strong>o <strong>Londres<\/strong>, y participado en otros en ciudades como <strong>Dubl\u00edn<\/strong>, <strong>Estocolmo<\/strong>, <strong>Nueva York<\/strong> o <strong>Kaunas<\/strong>.<\/p>\n\n\n\n<p>La <strong>Coordinadora de IU Global<\/strong> est\u00e1 formada por:<\/p>\n\n\n\n<ul class=\"wp-block-list\">\n<li><strong>Portavoc\u00eda y coordinaci\u00f3n<\/strong>: Paula Navascu\u00e9s Garv\u00edn<\/li>\n\n\n\n<li><strong>Organizaci\u00f3n y Finanzas<\/strong>: David Garc\u00eda L\u00f3pez<\/li>\n\n\n\n<li><strong>Redes sociales y comunicaci\u00f3n<\/strong>: Josafat Concepci\u00f3n Gonz\u00e1lez<\/li>\n<\/ul>\n\n\n\n<p>Puedes contactar con&nbsp;<strong>IU Global <\/strong>a trav\u00e9s del correo&nbsp;<a href=\"mailto:global@iuexterior.org\">global@iuexterior.org<\/a>&nbsp;y de sus perfiles en&nbsp;<strong><a href=\"https:\/\/www.facebook.com\/IUAsambleaGlobal\/\" target=\"_blank\" rel=\"noreferrer noopener\">Facebook<\/a><\/strong> y&nbsp;<strong><a href=\"https:\/\/twitter.com\/IU_Global\" target=\"_blank\" rel=\"noreferrer noopener\">Twitter<\/a><\/strong>.<a href=\"https:\/\/www.facebook.com\/IUBruselas\/\"><\/a><\/p>\n\n\n\n<ul class=\"wp-block-social-links is-layout-flex wp-block-social-links-is-layout-flex\">\n\n\n\n\n\n\n\n\n\n\n\n<li class=\"wp-social-link wp-social-link-facebook  wp-block-social-link\"><a href=\"https:\/\/www.facebook.com\/IUAsambleaGlobal\/\" class=\"wp-block-social-link-anchor\"><svg width=\"24\" height=\"24\" viewbox=\"0 0 24 24\" version=\"1.1\" xmlns=\"http:\/\/www.w3.org\/2000\/svg\" aria-hidden=\"true\" focusable=\"false\"><path d=\"M12 2C6.5 2 2 6.5 2 12c0 5 3.7 9.1 8.4 9.9v-7H7.9V12h2.5V9.8c0-2.5 1.5-3.9 3.8-3.9 1.1 0 2.2.2 2.2.2v2.5h-1.3c-1.2 0-1.6.8-1.6 1.6V12h2.8l-.4 2.9h-2.3v7C18.3 21.1 22 17 22 12c0-5.5-4.5-10-10-10z\"><\/path><\/svg><span class=\"wp-block-social-link-label screen-reader-text\">Facebook<\/span><\/a><\/li>\n\n<li class=\"wp-social-link wp-social-link-twitter  wp-block-social-link\"><a href=\"https:\/\/twitter.com\/IU_Global\" class=\"wp-block-social-link-anchor\"><svg width=\"24\" height=\"24\" viewbox=\"0 0 24 24\" version=\"1.1\" xmlns=\"http:\/\/www.w3.org\/2000\/svg\" aria-hidden=\"true\" focusable=\"false\"><path d=\"M22.23,5.924c-0.736,0.326-1.527,0.547-2.357,0.646c0.847-0.508,1.498-1.312,1.804-2.27 c-0.793,0.47-1.671,0.812-2.606,0.996C18.324,4.498,17.257,4,16.077,4c-2.266,0-4.103,1.837-4.103,4.103 c0,0.322,0.036,0.635,0.106,0.935C8.67,8.867,5.647,7.234,3.623,4.751C3.27,5.357,3.067,6.062,3.067,6.814 c0,1.424,0.724,2.679,1.825,3.415c-0.673-0.021-1.305-0.206-1.859-0.513c0,0.017,0,0.034,0,0.052c0,1.988,1.414,3.647,3.292,4.023 c-0.344,0.094-0.707,0.144-1.081,0.144c-0.264,0-0.521-0.026-0.772-0.074c0.522,1.63,2.038,2.816,3.833,2.85 c-1.404,1.1-3.174,1.756-5.096,1.756c-0.331,0-0.658-0.019-0.979-0.057c1.816,1.164,3.973,1.843,6.29,1.843 c7.547,0,11.675-6.252,11.675-11.675c0-0.178-0.004-0.355-0.012-0.531C20.985,7.47,21.68,6.747,22.23,5.924z\"><\/path><\/svg><span class=\"wp-block-social-link-label screen-reader-text\">Twitter<\/span><\/a><\/li><\/ul>\n\n\n\n<h3 class=\"wp-block-heading\">Noticias de IU Global<\/h3>\n\n\n<ul class=\"wp-block-latest-posts__list is-grid columns-3 wp-block-latest-posts\"><li><div class=\"wp-block-latest-posts__featured-image\"><img loading=\"lazy\" decoding=\"async\" width=\"300\" height=\"178\" src=\"http:\/\/iuexterior.org\/wp-content\/uploads\/2025\/12\/G68WC2JXIAAwS62-300x178.jpeg\" class=\"attachment-medium size-medium wp-post-image\" alt=\"\" style=\"\" srcset=\"http:\/\/iuexterior.org\/wp-content\/uploads\/2025\/12\/G68WC2JXIAAwS62-300x178.jpeg 300w, http:\/\/iuexterior.org\/wp-content\/uploads\/2025\/12\/G68WC2JXIAAwS62-1024x606.jpeg 1024w, http:\/\/iuexterior.org\/wp-content\/uploads\/2025\/12\/G68WC2JXIAAwS62-768x455.jpeg 768w, http:\/\/iuexterior.org\/wp-content\/uploads\/2025\/12\/G68WC2JXIAAwS62-1536x909.jpeg 1536w, http:\/\/iuexterior.org\/wp-content\/uploads\/2025\/12\/G68WC2JXIAAwS62-18x12.jpeg 18w, http:\/\/iuexterior.org\/wp-content\/uploads\/2025\/12\/G68WC2JXIAAwS62.jpeg 2047w\" sizes=\"auto, (max-width: 300px) 100vw, 300px\" \/><\/div><a class=\"wp-block-latest-posts__post-title\" href=\"http:\/\/iuexterior.org\/gl\/2025\/12\/04\/izquierda-unida-exterior-celebra-su-iii-asamblea-y-reelige-a-luis-cortes-como-coordinador\/\">Izquierda Unida Exterior celebra su III Asamblea y reelige a Luis Cort\u00e9s como coordinador<\/a><\/li>\n<li><div class=\"wp-block-latest-posts__featured-image\"><img loading=\"lazy\" decoding=\"async\" width=\"300\" height=\"204\" src=\"http:\/\/iuexterior.org\/wp-content\/uploads\/2025\/05\/escuela-iuexterior-2025-a-e1762251741761-300x204.png\" class=\"attachment-medium size-medium wp-post-image\" alt=\"\" style=\"\" srcset=\"http:\/\/iuexterior.org\/wp-content\/uploads\/2025\/05\/escuela-iuexterior-2025-a-e1762251741761-300x204.png 300w, http:\/\/iuexterior.org\/wp-content\/uploads\/2025\/05\/escuela-iuexterior-2025-a-e1762251741761-18x12.png 18w, http:\/\/iuexterior.org\/wp-content\/uploads\/2025\/05\/escuela-iuexterior-2025-a-e1762251741761-110x75.png 110w, http:\/\/iuexterior.org\/wp-content\/uploads\/2025\/05\/escuela-iuexterior-2025-a-e1762251741761.png 620w\" sizes=\"auto, (max-width: 300px) 100vw, 300px\" \/><\/div><a class=\"wp-block-latest-posts__post-title\" href=\"http:\/\/iuexterior.org\/gl\/2025\/05\/05\/ii-escuela-de-primavera-de-iu-exterior-en-berlin\/\">II Escuela de Primavera de IU Exterior en Berl\u00edn<\/a><\/li>\n<li><a class=\"wp-block-latest-posts__post-title\" href=\"http:\/\/iuexterior.org\/gl\/2023\/10\/02\/borrador-automatico\/\">Paula Navascu\u00e9s, nueva portavoz de IU Global<\/a><\/li>\n<li><a class=\"wp-block-latest-posts__post-title\" href=\"http:\/\/iuexterior.org\/gl\/2023\/04\/05\/izquierda-unida-global-celebrara-su-proxima-asamblea-de-forma-abierta\/\">Izquierda Unida Global celebrar\u00e1 su pr\u00f3xima asamblea de forma abierta<\/a><\/li>\n<li><div class=\"wp-block-latest-posts__featured-image\"><img loading=\"lazy\" decoding=\"async\" width=\"300\" height=\"200\" src=\"http:\/\/iuexterior.org\/wp-content\/uploads\/2022\/06\/kyle-glenn-nXt5HtLmlgE-unsplash-300x200.jpg\" class=\"attachment-medium size-medium wp-post-image\" alt=\"\" style=\"\" srcset=\"http:\/\/iuexterior.org\/wp-content\/uploads\/2022\/06\/kyle-glenn-nXt5HtLmlgE-unsplash-300x200.jpg 300w, http:\/\/iuexterior.org\/wp-content\/uploads\/2022\/06\/kyle-glenn-nXt5HtLmlgE-unsplash-1024x683.jpg 1024w, http:\/\/iuexterior.org\/wp-content\/uploads\/2022\/06\/kyle-glenn-nXt5HtLmlgE-unsplash-768x512.jpg 768w, http:\/\/iuexterior.org\/wp-content\/uploads\/2022\/06\/kyle-glenn-nXt5HtLmlgE-unsplash-1536x1024.jpg 1536w, http:\/\/iuexterior.org\/wp-content\/uploads\/2022\/06\/kyle-glenn-nXt5HtLmlgE-unsplash-2048x1365.jpg 2048w, http:\/\/iuexterior.org\/wp-content\/uploads\/2022\/06\/kyle-glenn-nXt5HtLmlgE-unsplash-16x12.jpg 16w\" sizes=\"auto, (max-width: 300px) 100vw, 300px\" \/><\/div><a class=\"wp-block-latest-posts__post-title\" href=\"http:\/\/iuexterior.org\/gl\/2022\/06\/13\/iu-exterior-presenta-un-informe-sobre-la-educacion-exterior-y-el-papel-de-los-centros-educativos-espanoles-en-el-exterior\/\">IU Exterior presenta un informe sobre la educaci\u00f3n exterior y el papel de los centros educativos espa\u00f1oles en el exterior<\/a><\/li>\n<li><div class=\"wp-block-latest-posts__featured-image\"><img loading=\"lazy\" decoding=\"async\" width=\"300\" height=\"157\" src=\"http:\/\/iuexterior.org\/wp-content\/uploads\/2021\/06\/photo5024053126122023166-300x157.jpg\" class=\"attachment-medium size-medium wp-post-image\" alt=\"\" style=\"\" srcset=\"http:\/\/iuexterior.org\/wp-content\/uploads\/2021\/06\/photo5024053126122023166-300x157.jpg 300w, http:\/\/iuexterior.org\/wp-content\/uploads\/2021\/06\/photo5024053126122023166-1024x536.jpg 1024w, http:\/\/iuexterior.org\/wp-content\/uploads\/2021\/06\/photo5024053126122023166-768x402.jpg 768w, http:\/\/iuexterior.org\/wp-content\/uploads\/2021\/06\/photo5024053126122023166-16x8.jpg 16w, http:\/\/iuexterior.org\/wp-content\/uploads\/2021\/06\/photo5024053126122023166.jpg 1200w\" sizes=\"auto, (max-width: 300px) 100vw, 300px\" \/><\/div><a class=\"wp-block-latest-posts__post-title\" href=\"http:\/\/iuexterior.org\/gl\/2021\/06\/02\/iu-global-conversara-este-sabado-sobre-el-conflicto-del-sahara-occidental\/\">IU Global conversar\u00e1 este s\u00e1bado sobre el conflicto del S\u00e1hara Occidental<\/a><\/li>\n<\/ul><!-- AddThis Advanced Settings generic via filter on the_content --><!-- AddThis Share Buttons generic via filter on the_content -->","protected":false},"excerpt":{"rendered":"<p>La Asamblea Global de IU Exterior se fund\u00f3 el 30 de enero de 2020 para aglutinar a los y las militantes que carecen de asamblea de base en su ciudad &hellip;<!-- AddThis Advanced Settings generic via filter on get_the_excerpt --><!-- AddThis Share Buttons generic via filter on get_the_excerpt --><\/p>","protected":false},"author":2,"featured_media":1459,"parent":0,"menu_order":0,"comment_status":"closed","ping_status":"closed","template":"","meta":{"footnotes":""},"class_list":["post-2089","page","type-page","status-publish","has-post-thumbnail",""],"yoast_head":"<!-- This site is optimized with the Yoast SEO plugin v25.7 - https:\/\/yoast.com\/wordpress\/plugins\/seo\/ -->\n<title>IU Global - Federaci\u00f3n de Izquierda Unida en el Exterior (IU Exterior)<\/title>\n<meta name=\"robots\" content=\"index, follow, max-snippet:-1, max-image-preview:large, max-video-preview:-1\" \/>\n<link rel=\"canonical\" href=\"https:\/\/iuexterior.org\/gl\/global\/\" \/>\n<meta property=\"og:locale\" content=\"gl_ES\" \/>\n<meta property=\"og:type\" content=\"article\" \/>\n<meta property=\"og:title\" content=\"IU Global - Federaci\u00f3n de Izquierda Unida en el Exterior (IU Exterior)\" \/>\n<meta property=\"og:description\" content=\"La Asamblea Global de IU Exterior se fund\u00f3 el 30 de enero de 2020 para aglutinar a los y las militantes que carecen de asamblea de base en su ciudad &hellip;\" \/>\n<meta property=\"og:url\" content=\"https:\/\/iuexterior.org\/gl\/global\/\" \/>\n<meta property=\"og:site_name\" content=\"Federaci\u00f3n de Izquierda Unida en el Exterior (IU Exterior)\" \/>\n<meta property=\"article:modified_time\" content=\"2025-11-04T10:23:51+00:00\" \/>\n<meta property=\"og:image\" content=\"https:\/\/iuexterior.org\/wp-content\/uploads\/2020\/01\/IU-Global-1024x576.png\" \/>\n\t<meta property=\"og:image:width\" content=\"1024\" \/>\n\t<meta property=\"og:image:height\" content=\"576\" \/>\n\t<meta property=\"og:image:type\" content=\"image\/png\" \/>\n<meta name=\"twitter:card\" content=\"summary_large_image\" \/>\n<meta name=\"twitter:label1\" content=\"Tempo de lectura\" \/>\n\t<meta name=\"twitter:data1\" content=\"1 minuto\" \/>\n<script type=\"application\/ld+json\" class=\"yoast-schema-graph\">{\"@context\":\"https:\/\/schema.org\",\"@graph\":[{\"@type\":\"WebPage\",\"@id\":\"https:\/\/iuexterior.org\/global\/\",\"url\":\"https:\/\/iuexterior.org\/global\/\",\"name\":\"IU Global - Federaci\u00f3n de Izquierda Unida en el Exterior (IU Exterior)\",\"isPartOf\":{\"@id\":\"http:\/\/iuexterior.org\/de\/#website\"},\"primaryImageOfPage\":{\"@id\":\"https:\/\/iuexterior.org\/global\/#primaryimage\"},\"image\":{\"@id\":\"https:\/\/iuexterior.org\/global\/#primaryimage\"},\"thumbnailUrl\":\"http:\/\/iuexterior.org\/wp-content\/uploads\/2020\/01\/IU-Global.png\",\"datePublished\":\"2020-10-30T06:37:07+00:00\",\"dateModified\":\"2025-11-04T10:23:51+00:00\",\"breadcrumb\":{\"@id\":\"https:\/\/iuexterior.org\/global\/#breadcrumb\"},\"inLanguage\":\"gl-ES\",\"potentialAction\":[{\"@type\":\"ReadAction\",\"target\":[\"https:\/\/iuexterior.org\/global\/\"]}]},{\"@type\":\"ImageObject\",\"inLanguage\":\"gl-ES\",\"@id\":\"https:\/\/iuexterior.org\/global\/#primaryimage\",\"url\":\"http:\/\/iuexterior.org\/wp-content\/uploads\/2020\/01\/IU-Global.png\",\"contentUrl\":\"http:\/\/iuexterior.org\/wp-content\/uploads\/2020\/01\/IU-Global.png\",\"width\":1920,\"height\":1080},{\"@type\":\"BreadcrumbList\",\"@id\":\"https:\/\/iuexterior.org\/global\/#breadcrumb\",\"itemListElement\":[{\"@type\":\"ListItem\",\"position\":1,\"name\":\"Portada\",\"item\":\"http:\/\/iuexterior.org\/de\/\"},{\"@type\":\"ListItem\",\"position\":2,\"name\":\"IU Global\"}]},{\"@type\":\"WebSite\",\"@id\":\"http:\/\/iuexterior.org\/de\/#website\",\"url\":\"http:\/\/iuexterior.org\/de\/\",\"name\":\"Federaci\u00f3n de Izquierda Unida en el Exterior (IU Exterior)\",\"description\":\"La federaci\u00f3n de IU para la ciudadan\u00eda espa\u00f1ola emigrada.\",\"potentialAction\":[{\"@type\":\"SearchAction\",\"target\":{\"@type\":\"EntryPoint\",\"urlTemplate\":\"http:\/\/iuexterior.org\/de\/?s={search_term_string}\"},\"query-input\":{\"@type\":\"PropertyValueSpecification\",\"valueRequired\":true,\"valueName\":\"search_term_string\"}}],\"inLanguage\":\"gl-ES\"}]}<\/script>\n<!-- \/ Yoast SEO plugin. -->","yoast_head_json":{"title":"IU Global - Federaci\u00f3n de Izquierda Unida en el Exterior (IU Exterior)","robots":{"index":"index","follow":"follow","max-snippet":"max-snippet:-1","max-image-preview":"max-image-preview:large","max-video-preview":"max-video-preview:-1"},"canonical":"https:\/\/iuexterior.org\/gl\/global\/","og_locale":"gl_ES","og_type":"article","og_title":"IU Global - Federaci\u00f3n de Izquierda Unida en el Exterior (IU Exterior)","og_description":"La Asamblea Global de IU Exterior se fund\u00f3 el 30 de enero de 2020 para aglutinar a los y las militantes que carecen de asamblea de base en su ciudad &hellip;","og_url":"https:\/\/iuexterior.org\/gl\/global\/","og_site_name":"Federaci\u00f3n de Izquierda Unida en el Exterior (IU Exterior)","article_modified_time":"2025-11-04T10:23:51+00:00","og_image":[{"width":1024,"height":576,"url":"https:\/\/iuexterior.org\/wp-content\/uploads\/2020\/01\/IU-Global-1024x576.png","type":"image\/png"}],"twitter_card":"summary_large_image","twitter_misc":{"Tempo de lectura":"1 minuto"},"schema":{"@context":"https:\/\/schema.org","@graph":[{"@type":"WebPage","@id":"https:\/\/iuexterior.org\/global\/","url":"https:\/\/iuexterior.org\/global\/","name":"IU Global - Federaci\u00f3n de Izquierda Unida en el Exterior (IU Exterior)","isPartOf":{"@id":"http:\/\/iuexterior.org\/de\/#website"},"primaryImageOfPage":{"@id":"https:\/\/iuexterior.org\/global\/#primaryimage"},"image":{"@id":"https:\/\/iuexterior.org\/global\/#primaryimage"},"thumbnailUrl":"http:\/\/iuexterior.org\/wp-content\/uploads\/2020\/01\/IU-Global.png","datePublished":"2020-10-30T06:37:07+00:00","dateModified":"2025-11-04T10:23:51+00:00","breadcrumb":{"@id":"https:\/\/iuexterior.org\/global\/#breadcrumb"},"inLanguage":"gl-ES","potentialAction":[{"@type":"ReadAction","target":["https:\/\/iuexterior.org\/global\/"]}]},{"@type":"ImageObject","inLanguage":"gl-ES","@id":"https:\/\/iuexterior.org\/global\/#primaryimage","url":"http:\/\/iuexterior.org\/wp-content\/uploads\/2020\/01\/IU-Global.png","contentUrl":"http:\/\/iuexterior.org\/wp-content\/uploads\/2020\/01\/IU-Global.png","width":1920,"height":1080},{"@type":"BreadcrumbList","@id":"https:\/\/iuexterior.org\/global\/#breadcrumb","itemListElement":[{"@type":"ListItem","position":1,"name":"Portada","item":"http:\/\/iuexterior.org\/de\/"},{"@type":"ListItem","position":2,"name":"IU Global"}]},{"@type":"WebSite","@id":"http:\/\/iuexterior.org\/de\/#website","url":"http:\/\/iuexterior.org\/de\/","name":"Federaci\u00f3n de Izquierda Unida en el Exterior (IU Exterior)","description":"La federaci\u00f3n de IU para la ciudadan\u00eda espa\u00f1ola emigrada.","potentialAction":[{"@type":"SearchAction","target":{"@type":"EntryPoint","urlTemplate":"http:\/\/iuexterior.org\/de\/?s={search_term_string}"},"query-input":{"@type":"PropertyValueSpecification","valueRequired":true,"valueName":"search_term_string"}}],"inLanguage":"gl-ES"}]}},"_links":{"self":[{"href":"http:\/\/iuexterior.org\/gl\/wp-json\/wp\/v2\/pages\/2089","targetHints":{"allow":["GET"]}}],"collection":[{"href":"http:\/\/iuexterior.org\/gl\/wp-json\/wp\/v2\/pages"}],"about":[{"href":"http:\/\/iuexterior.org\/gl\/wp-json\/wp\/v2\/types\/page"}],"author":[{"embeddable":true,"href":"http:\/\/iuexterior.org\/gl\/wp-json\/wp\/v2\/users\/2"}],"replies":[{"embeddable":true,"href":"http:\/\/iuexterior.org\/gl\/wp-json\/wp\/v2\/comments?post=2089"}],"version-history":[{"count":0,"href":"http:\/\/iuexterior.org\/gl\/wp-json\/wp\/v2\/pages\/2089\/revisions"}],"wp:featuredmedia":[{"embeddable":true,"href":"http:\/\/iuexterior.org\/gl\/wp-json\/wp\/v2\/media\/1459"}],"wp:attachment":[{"href":"http:\/\/iuexterior.org\/gl\/wp-json\/wp\/v2\/media?parent=2089"}],"curies":[{"name":"wp","href":"https:\/\/api.w.org\/{rel}","templated":true}]}}