{"id":11,"date":"2017-05-15T18:07:46","date_gmt":"2017-05-15T16:07:46","guid":{"rendered":"http:\/\/iuexterior.org\/?page_id=11"},"modified":"2017-12-17T11:42:07","modified_gmt":"2017-12-17T10:42:07","slug":"i-asamblea-de-iu-exterior","status":"publish","type":"page","link":"http:\/\/iuexterior.org\/gl\/i-asamblea-de-iu-exterior\/","title":{"rendered":"I Asemblea de EU Exterior"},"content":{"rendered":"<p>Os d\u00edas 29 e 30 de abril de 2017 celebrouse en Bruxelas a primeira asemblea da Federaci\u00f3n de Esquerda Unida no exterior (EU Exterior). Desta Asemblea, chea de debates e espazos de compa\u00f1eirismo, sa\u00edmos cunha direcci\u00f3n, uns documentos organizativos e uns plans de traballo sectoriais que nos gustar\u00eda explicarvos brevemente. Pero en primeiro lugar, po\u00f1\u00e1monos en contexto.<\/p>\n<p>Algunhas de n\u00f3s, militantes de Esquerda Unida desde o exterior, chegamos \u00e1s nosas actuais cidades de acollida naqueles tempos nos que s\u00f3 se pod\u00eda militar no Partido Comunista de Espa\u00f1a de xeito clandestino. Tempos de xu\u00edzos sumarios e penas de morte, de traballadores convidados e peonaxes, pero tam\u00e9n de loita e esperanza. Outras sa\u00edmos de Espa\u00f1a durante os derradeiros anos, e na \u00e9poca na que a mal chamada crise mandou a paseo t\u00f3dolos nosos proxectos de vida, conden\u00e1ndonos ao paro, a precariedade e o exilio. Todos e todas mantivemos a nosa militancia ao longo dos anos e en circunstancias dif\u00edciles. Contar coa experiencia vital e de loita de diferentes xeraci\u00f3ns de persoas emigrantes, \u00e9 un tesouro, pero para po\u00f1elo en valor c\u00f3mpre que nos organicemos do xeito m\u00e1is adecuado.<\/p>\n<p>Tradicionalmente, a militancia de IU no exterior organizouse en federaci\u00f3ns por pa\u00edses como as de Alema\u00f1a, B\u00e9lxica, Francia, Luxemburgo, Su\u00edza e Suecia. Esta estrutura funcionou ben nun contexto migratorio no que a maior\u00eda de persoas emigraban a un pa\u00eds e permanec\u00edan al\u00ed durante un longo per\u00edodo de tempo. Por\u00e9n, o contexto actual, caracterizado pola flexibilidade e a precariedade laboral, con frecuentes cambios de residencia e de traballo, e no que moitos e moitas militantes se atopan xeograficamente illados, impo\u00f1\u00eda un modelo distinto. \u00c9 por iso que cumprindo o mandato da XI Asemblea Federal, entre todas e todos creamos a Federaci\u00f3n de IU no exterior.<\/p>\n<p>A Federaci\u00f3n de IU no Exterior nace co obxectivo de organizar o traballo pol\u00edtico da militancia que reside e traballa f\u00f3ra de Espa\u00f1a nunha \u00fanica estrutura, en contacto directo coas asembleas de base e a militancia, e con presenza nas reuni\u00f3ns da Coordinadora Federal e da Asemblea Pol\u00edtico e Social, para das e dos emigrantes estea sempre presente.<\/p>\n<p class=\"translation-block\">A direcci\u00f3n elixida na I Asemblea est\u00e1 composta por un grupo de oito compa\u00f1eiras e compa\u00f1eiros elixidos por sufraxio directo entre a militancia e con responsabilidades paritarias no grupo de <strong>voceiros<\/strong> (Marta Mosquera e Eduardo Vel\u00e1zquez), de <strong>Organizaci\u00f3n de Finanzas<\/strong> (Alicia de Medina e Miguel S\u00e1nchez), de <strong>Acci\u00f3n Pol\u00edtica<\/strong> (Teresa Laguna e Alejo Beltr\u00e1n) e de <strong>Comunicaci\u00f3n Pol\u00edtica<\/strong> (Mar\u00eda Mart\u00ednez e Gonzalo Montoro). Conclu\u00edmos que a mellor maneira de contribu\u00edr \u00e1 construci\u00f3n desde novo pa\u00eds que so\u00f1amos \u00e9 centrar a nosa atenci\u00f3n pol\u00edtica nos movementos sociais e sindicais que traballan os conflitos laborais e sociais das persoas emigrantes de nacionalidade espa\u00f1ola, e na construci\u00f3n de espazos unitarios de loita. Tam\u00e9n consideramos importante estender a nosa organizaci\u00f3n a novas cidades e pa\u00edses, po\u00f1er a traballar \u00e1 militancia xeograficamente illada e constru\u00edr un novo discurso sobre a recente onda de emigraci\u00f3n, deixando claro que as cifras da mesma est\u00e1n subestimadas, que non se trata s\u00f3 de persoas novas e formadas.<\/p>\n<p>A continuaci\u00f3n podes descargar t\u00f3dolos materiais relacionados coa I Asemblea de EU Exterior, inclu\u00edndo os documentos organizativos elaborados e a acta  da mesma.<\/p>\n<!-- AddThis Advanced Settings generic via filter on the_content --><!-- AddThis Share Buttons generic via filter on the_content -->","protected":false},"excerpt":{"rendered":"<p>Los d\u00edas 29 y 30 de abril de 2017 se celebr\u00f3 en Bruselas la primera asamblea de la Federaci\u00f3n de Izquierda Unida en el exterior (IU Exterior). De esta Asamblea, &hellip;<!-- AddThis Advanced Settings generic via filter on get_the_excerpt --><!-- AddThis Share Buttons generic via filter on get_the_excerpt --><\/p>","protected":false},"author":1,"featured_media":0,"parent":0,"menu_order":0,"comment_status":"closed","ping_status":"closed","template":"","meta":{"footnotes":""},"class_list":["post-11","page","type-page","status-publish",""],"yoast_head":"<!-- This site is optimized with the Yoast SEO plugin v25.7 - https:\/\/yoast.com\/wordpress\/plugins\/seo\/ -->\n<title>I Asamblea de IU Exterior - Federaci\u00f3n de Izquierda Unida en el Exterior (IU Exterior)<\/title>\n<meta name=\"robots\" content=\"index, follow, max-snippet:-1, max-image-preview:large, max-video-preview:-1\" \/>\n<link rel=\"canonical\" href=\"http:\/\/iuexterior.org\/gl\/i-asamblea-de-iu-exterior\/\" \/>\n<meta property=\"og:locale\" content=\"gl_ES\" \/>\n<meta property=\"og:type\" content=\"article\" \/>\n<meta property=\"og:title\" content=\"I Asamblea de IU Exterior - Federaci\u00f3n de Izquierda Unida en el Exterior (IU Exterior)\" \/>\n<meta property=\"og:description\" content=\"Los d\u00edas 29 y 30 de abril de 2017 se celebr\u00f3 en Bruselas la primera asamblea de la Federaci\u00f3n de Izquierda Unida en el exterior (IU Exterior). De esta Asamblea, &hellip;\" \/>\n<meta property=\"og:url\" content=\"http:\/\/iuexterior.org\/gl\/i-asamblea-de-iu-exterior\/\" \/>\n<meta property=\"og:site_name\" content=\"Federaci\u00f3n de Izquierda Unida en el Exterior (IU Exterior)\" \/>\n<meta property=\"article:modified_time\" content=\"2017-12-17T10:42:07+00:00\" \/>\n<meta name=\"twitter:card\" content=\"summary_large_image\" \/>\n<meta name=\"twitter:label1\" content=\"Tempo de lectura\" \/>\n\t<meta name=\"twitter:data1\" content=\"3 minutos\" \/>\n<script type=\"application\/ld+json\" class=\"yoast-schema-graph\">{\"@context\":\"https:\/\/schema.org\",\"@graph\":[{\"@type\":\"WebPage\",\"@id\":\"http:\/\/iuexterior.org\/gl\/i-asamblea-de-iu-exterior\/\",\"url\":\"http:\/\/iuexterior.org\/gl\/i-asamblea-de-iu-exterior\/\",\"name\":\"I Asamblea de IU Exterior - Federaci\u00f3n de Izquierda Unida en el Exterior (IU Exterior)\",\"isPartOf\":{\"@id\":\"http:\/\/iuexterior.org\/de\/#website\"},\"datePublished\":\"2017-05-15T16:07:46+00:00\",\"dateModified\":\"2017-12-17T10:42:07+00:00\",\"breadcrumb\":{\"@id\":\"http:\/\/iuexterior.org\/gl\/i-asamblea-de-iu-exterior\/#breadcrumb\"},\"inLanguage\":\"gl-ES\",\"potentialAction\":[{\"@type\":\"ReadAction\",\"target\":[\"http:\/\/iuexterior.org\/gl\/i-asamblea-de-iu-exterior\/\"]}]},{\"@type\":\"BreadcrumbList\",\"@id\":\"http:\/\/iuexterior.org\/gl\/i-asamblea-de-iu-exterior\/#breadcrumb\",\"itemListElement\":[{\"@type\":\"ListItem\",\"position\":1,\"name\":\"Portada\",\"item\":\"http:\/\/iuexterior.org\/de\/\"},{\"@type\":\"ListItem\",\"position\":2,\"name\":\"I Asamblea de IU Exterior\"}]},{\"@type\":\"WebSite\",\"@id\":\"http:\/\/iuexterior.org\/de\/#website\",\"url\":\"http:\/\/iuexterior.org\/de\/\",\"name\":\"Federaci\u00f3n de Izquierda Unida en el Exterior (IU Exterior)\",\"description\":\"La federaci\u00f3n de IU para la ciudadan\u00eda espa\u00f1ola emigrada.\",\"potentialAction\":[{\"@type\":\"SearchAction\",\"target\":{\"@type\":\"EntryPoint\",\"urlTemplate\":\"http:\/\/iuexterior.org\/de\/?s={search_term_string}\"},\"query-input\":{\"@type\":\"PropertyValueSpecification\",\"valueRequired\":true,\"valueName\":\"search_term_string\"}}],\"inLanguage\":\"gl-ES\"}]}<\/script>\n<!-- \/ Yoast SEO plugin. -->","yoast_head_json":{"title":"I Asamblea de IU Exterior - Federaci\u00f3n de Izquierda Unida en el Exterior (IU Exterior)","robots":{"index":"index","follow":"follow","max-snippet":"max-snippet:-1","max-image-preview":"max-image-preview:large","max-video-preview":"max-video-preview:-1"},"canonical":"http:\/\/iuexterior.org\/gl\/i-asamblea-de-iu-exterior\/","og_locale":"gl_ES","og_type":"article","og_title":"I Asamblea de IU Exterior - Federaci\u00f3n de Izquierda Unida en el Exterior (IU Exterior)","og_description":"Los d\u00edas 29 y 30 de abril de 2017 se celebr\u00f3 en Bruselas la primera asamblea de la Federaci\u00f3n de Izquierda Unida en el exterior (IU Exterior). De esta Asamblea, &hellip;","og_url":"http:\/\/iuexterior.org\/gl\/i-asamblea-de-iu-exterior\/","og_site_name":"Federaci\u00f3n de Izquierda Unida en el Exterior (IU Exterior)","article_modified_time":"2017-12-17T10:42:07+00:00","twitter_card":"summary_large_image","twitter_misc":{"Tempo de lectura":"3 minutos"},"schema":{"@context":"https:\/\/schema.org","@graph":[{"@type":"WebPage","@id":"http:\/\/iuexterior.org\/gl\/i-asamblea-de-iu-exterior\/","url":"http:\/\/iuexterior.org\/gl\/i-asamblea-de-iu-exterior\/","name":"I Asamblea de IU Exterior - Federaci\u00f3n de Izquierda Unida en el Exterior (IU Exterior)","isPartOf":{"@id":"http:\/\/iuexterior.org\/de\/#website"},"datePublished":"2017-05-15T16:07:46+00:00","dateModified":"2017-12-17T10:42:07+00:00","breadcrumb":{"@id":"http:\/\/iuexterior.org\/gl\/i-asamblea-de-iu-exterior\/#breadcrumb"},"inLanguage":"gl-ES","potentialAction":[{"@type":"ReadAction","target":["http:\/\/iuexterior.org\/gl\/i-asamblea-de-iu-exterior\/"]}]},{"@type":"BreadcrumbList","@id":"http:\/\/iuexterior.org\/gl\/i-asamblea-de-iu-exterior\/#breadcrumb","itemListElement":[{"@type":"ListItem","position":1,"name":"Portada","item":"http:\/\/iuexterior.org\/de\/"},{"@type":"ListItem","position":2,"name":"I Asamblea de IU Exterior"}]},{"@type":"WebSite","@id":"http:\/\/iuexterior.org\/de\/#website","url":"http:\/\/iuexterior.org\/de\/","name":"Federaci\u00f3n de Izquierda Unida en el Exterior (IU Exterior)","description":"La federaci\u00f3n de IU para la ciudadan\u00eda espa\u00f1ola emigrada.","potentialAction":[{"@type":"SearchAction","target":{"@type":"EntryPoint","urlTemplate":"http:\/\/iuexterior.org\/de\/?s={search_term_string}"},"query-input":{"@type":"PropertyValueSpecification","valueRequired":true,"valueName":"search_term_string"}}],"inLanguage":"gl-ES"}]}},"_links":{"self":[{"href":"http:\/\/iuexterior.org\/gl\/wp-json\/wp\/v2\/pages\/11","targetHints":{"allow":["GET"]}}],"collection":[{"href":"http:\/\/iuexterior.org\/gl\/wp-json\/wp\/v2\/pages"}],"about":[{"href":"http:\/\/iuexterior.org\/gl\/wp-json\/wp\/v2\/types\/page"}],"author":[{"embeddable":true,"href":"http:\/\/iuexterior.org\/gl\/wp-json\/wp\/v2\/users\/1"}],"replies":[{"embeddable":true,"href":"http:\/\/iuexterior.org\/gl\/wp-json\/wp\/v2\/comments?post=11"}],"version-history":[{"count":0,"href":"http:\/\/iuexterior.org\/gl\/wp-json\/wp\/v2\/pages\/11\/revisions"}],"wp:attachment":[{"href":"http:\/\/iuexterior.org\/gl\/wp-json\/wp\/v2\/media?parent=11"}],"curies":[{"name":"wp","href":"https:\/\/api.w.org\/{rel}","templated":true}]}}