{"id":9,"date":"2017-05-15T18:07:12","date_gmt":"2017-05-15T16:07:12","guid":{"rendered":"http:\/\/iuexterior.org\/?page_id=9"},"modified":"2017-10-08T20:46:01","modified_gmt":"2017-10-08T18:46:01","slug":"que-es-iu-exterior","status":"publish","type":"page","link":"http:\/\/iuexterior.org\/fr\/que-es-iu-exterior\/","title":{"rendered":"Qu\u2019est-ce que l\u2019IU Exterior ?"},"content":{"rendered":"<p>La nouvelle f\u00e9d\u00e9ration d'IU Exterior est n\u00e9e parce que nous pensons que le contexte migratoire a chang\u00e9 et que nous avons besoin d'une nouvelle structure qui s'y adapte mieux. La structure form\u00e9e par les anciennes f\u00e9d\u00e9rations par pays a bien fonctionn\u00e9 dans le contexte de la vague migratoire des ann\u00e9es 60 et 70, au cours de laquelle de nombreuses personnes ont migr\u00e9 vers un endroit sp\u00e9cifique, soit comme \u00ab travailleurs invit\u00e9s \u00bb dans l'industrie, soit dans d'autres types d'emplois, et y sont rest\u00e9es pendant des ann\u00e9es, voire des d\u00e9cennies. Le ph\u00e9nom\u00e8ne migratoire \u00e0 partir de 2010 et en raison de la crise \u00e9conomique pr\u00e9sente des caract\u00e9ristiques tr\u00e8s diff\u00e9rentes.<\/p>\n<p>La plupart des plus de 2,5 millions de personnes qui ont quitt\u00e9 l'Espagne au cours des sept derni\u00e8res ann\u00e9es se concentrent dans les grandes et moyennes villes de pays comme le Royaume-Uni, l'Allemagne, la France ou la Belgique, mais il y a aussi des personnes qui vivent dans d'autres pays europ\u00e9ens comme l'Autriche ou la Suisse, ainsi qu'en Am\u00e9rique latine, aux \u00c9tats-Unis et m\u00eame en Asie. L'existence des anciennes f\u00e9d\u00e9rations historiques dans des pays comme la France, l'Allemagne ou la Belgique a pos\u00e9 le probl\u00e8me de la coordination du travail des militants vivant dans d'autres pays. La nouvelle structure organisationnelle permet d'une part un contact plus direct entre le militantisme et les structures de l'IU-f\u00e9d\u00e9ral et d'autre part, que les personnes qui vivent dans des endroits \u00e9loign\u00e9s de ceux o\u00f9 travaillaient les anciennes f\u00e9d\u00e9rations par pays puissent rejoindre l'IU-Exterior.<\/p>\n<p>Notre principal d\u00e9fi est de faire en sorte que tous les militants de l'IU \u00e0 l'\u00e9tranger travaillent de mani\u00e8re organis\u00e9e, quels que soient la ville, le pays et le continent o\u00f9 ils se trouvent, en renfor\u00e7ant les assembl\u00e9es de base existantes et en en cr\u00e9ant de nouvelles. En outre, nous nous sommes fix\u00e9 pour objectif d'impliquer le militantisme dans le travail sur les conflits du travail qui touchent les migrants en participant aux r\u00e9seaux de solidarit\u00e9 d\u00e9j\u00e0 existants et en contribuant \u00e0 les g\u00e9n\u00e9rer l\u00e0 o\u00f9 ils ne le sont pas encore.<\/p>\n<!-- AddThis Advanced Settings generic via filter on the_content --><!-- AddThis Share Buttons generic via filter on the_content -->","protected":false},"excerpt":{"rendered":"<p>La nueva federaci\u00f3n de IU Exterior nace porque entendemos que el contexto migratorio ha cambiado y necesitamos una nueva estructura que se adapte mejor al mismo. La estructura formada por &hellip;<!-- AddThis Advanced Settings generic via filter on get_the_excerpt --><!-- AddThis Share Buttons generic via filter on get_the_excerpt --><\/p>","protected":false},"author":1,"featured_media":0,"parent":0,"menu_order":0,"comment_status":"closed","ping_status":"closed","template":"","meta":{"footnotes":""},"class_list":["post-9","page","type-page","status-publish",""],"yoast_head":"<!-- This site is optimized with the Yoast SEO plugin v25.7 - https:\/\/yoast.com\/wordpress\/plugins\/seo\/ -->\n<title>\u00bfQu\u00e9 es IU Exterior? - Federaci\u00f3n de Izquierda Unida en el Exterior (IU Exterior)<\/title>\n<meta name=\"robots\" content=\"index, follow, max-snippet:-1, max-image-preview:large, max-video-preview:-1\" \/>\n<link rel=\"canonical\" href=\"http:\/\/iuexterior.org\/fr\/que-es-iu-exterior\/\" \/>\n<meta property=\"og:locale\" content=\"fr_FR\" \/>\n<meta property=\"og:type\" content=\"article\" \/>\n<meta property=\"og:title\" content=\"\u00bfQu\u00e9 es IU Exterior? - Federaci\u00f3n de Izquierda Unida en el Exterior (IU Exterior)\" \/>\n<meta property=\"og:description\" content=\"La nueva federaci\u00f3n de IU Exterior nace porque entendemos que el contexto migratorio ha cambiado y necesitamos una nueva estructura que se adapte mejor al mismo. La estructura formada por &hellip;\" \/>\n<meta property=\"og:url\" content=\"http:\/\/iuexterior.org\/fr\/que-es-iu-exterior\/\" \/>\n<meta property=\"og:site_name\" content=\"Federaci\u00f3n de Izquierda Unida en el Exterior (IU Exterior)\" \/>\n<meta property=\"article:modified_time\" content=\"2017-10-08T18:46:01+00:00\" \/>\n<meta name=\"twitter:card\" content=\"summary_large_image\" \/>\n<meta name=\"twitter:label1\" content=\"Dur\u00e9e de lecture estim\u00e9e\" \/>\n\t<meta name=\"twitter:data1\" content=\"2 minutes\" \/>\n<script type=\"application\/ld+json\" class=\"yoast-schema-graph\">{\"@context\":\"https:\/\/schema.org\",\"@graph\":[{\"@type\":\"WebPage\",\"@id\":\"http:\/\/iuexterior.org\/que-es-iu-exterior\/\",\"url\":\"http:\/\/iuexterior.org\/que-es-iu-exterior\/\",\"name\":\"\u00bfQu\u00e9 es IU Exterior? - Federaci\u00f3n de Izquierda Unida en el Exterior (IU Exterior)\",\"isPartOf\":{\"@id\":\"https:\/\/iuexterior.org\/gl\/#website\"},\"datePublished\":\"2017-05-15T16:07:12+00:00\",\"dateModified\":\"2017-10-08T18:46:01+00:00\",\"breadcrumb\":{\"@id\":\"http:\/\/iuexterior.org\/que-es-iu-exterior\/#breadcrumb\"},\"inLanguage\":\"fr-FR\",\"potentialAction\":[{\"@type\":\"ReadAction\",\"target\":[\"http:\/\/iuexterior.org\/que-es-iu-exterior\/\"]}]},{\"@type\":\"BreadcrumbList\",\"@id\":\"http:\/\/iuexterior.org\/que-es-iu-exterior\/#breadcrumb\",\"itemListElement\":[{\"@type\":\"ListItem\",\"position\":1,\"name\":\"Portada\",\"item\":\"https:\/\/iuexterior.org\/en\/\"},{\"@type\":\"ListItem\",\"position\":2,\"name\":\"\u00bfQu\u00e9 es IU Exterior?\"}]},{\"@type\":\"WebSite\",\"@id\":\"https:\/\/iuexterior.org\/gl\/#website\",\"url\":\"https:\/\/iuexterior.org\/gl\/\",\"name\":\"Federaci\u00f3n de Izquierda Unida en el Exterior (IU Exterior)\",\"description\":\"La federaci\u00f3n de IU para la ciudadan\u00eda espa\u00f1ola emigrada.\",\"potentialAction\":[{\"@type\":\"SearchAction\",\"target\":{\"@type\":\"EntryPoint\",\"urlTemplate\":\"https:\/\/iuexterior.org\/gl\/?s={search_term_string}\"},\"query-input\":{\"@type\":\"PropertyValueSpecification\",\"valueRequired\":true,\"valueName\":\"search_term_string\"}}],\"inLanguage\":\"fr-FR\"}]}<\/script>\n<!-- \/ Yoast SEO plugin. -->","yoast_head_json":{"title":"\u00bfQu\u00e9 es IU Exterior? - Federaci\u00f3n de Izquierda Unida en el Exterior (IU Exterior)","robots":{"index":"index","follow":"follow","max-snippet":"max-snippet:-1","max-image-preview":"max-image-preview:large","max-video-preview":"max-video-preview:-1"},"canonical":"http:\/\/iuexterior.org\/fr\/que-es-iu-exterior\/","og_locale":"fr_FR","og_type":"article","og_title":"\u00bfQu\u00e9 es IU Exterior? - Federaci\u00f3n de Izquierda Unida en el Exterior (IU Exterior)","og_description":"La nueva federaci\u00f3n de IU Exterior nace porque entendemos que el contexto migratorio ha cambiado y necesitamos una nueva estructura que se adapte mejor al mismo. La estructura formada por &hellip;","og_url":"http:\/\/iuexterior.org\/fr\/que-es-iu-exterior\/","og_site_name":"Federaci\u00f3n de Izquierda Unida en el Exterior (IU Exterior)","article_modified_time":"2017-10-08T18:46:01+00:00","twitter_card":"summary_large_image","twitter_misc":{"Dur\u00e9e de lecture estim\u00e9e":"2 minutes"},"schema":{"@context":"https:\/\/schema.org","@graph":[{"@type":"WebPage","@id":"http:\/\/iuexterior.org\/que-es-iu-exterior\/","url":"http:\/\/iuexterior.org\/que-es-iu-exterior\/","name":"\u00bfQu\u00e9 es IU Exterior? - Federaci\u00f3n de Izquierda Unida en el Exterior (IU Exterior)","isPartOf":{"@id":"https:\/\/iuexterior.org\/gl\/#website"},"datePublished":"2017-05-15T16:07:12+00:00","dateModified":"2017-10-08T18:46:01+00:00","breadcrumb":{"@id":"http:\/\/iuexterior.org\/que-es-iu-exterior\/#breadcrumb"},"inLanguage":"fr-FR","potentialAction":[{"@type":"ReadAction","target":["http:\/\/iuexterior.org\/que-es-iu-exterior\/"]}]},{"@type":"BreadcrumbList","@id":"http:\/\/iuexterior.org\/que-es-iu-exterior\/#breadcrumb","itemListElement":[{"@type":"ListItem","position":1,"name":"Portada","item":"https:\/\/iuexterior.org\/en\/"},{"@type":"ListItem","position":2,"name":"\u00bfQu\u00e9 es IU Exterior?"}]},{"@type":"WebSite","@id":"https:\/\/iuexterior.org\/gl\/#website","url":"https:\/\/iuexterior.org\/gl\/","name":"Federaci\u00f3n de Izquierda Unida en el Exterior (IU Exterior)","description":"La federaci\u00f3n de IU para la ciudadan\u00eda espa\u00f1ola emigrada.","potentialAction":[{"@type":"SearchAction","target":{"@type":"EntryPoint","urlTemplate":"https:\/\/iuexterior.org\/gl\/?s={search_term_string}"},"query-input":{"@type":"PropertyValueSpecification","valueRequired":true,"valueName":"search_term_string"}}],"inLanguage":"fr-FR"}]}},"_links":{"self":[{"href":"http:\/\/iuexterior.org\/fr\/wp-json\/wp\/v2\/pages\/9","targetHints":{"allow":["GET"]}}],"collection":[{"href":"http:\/\/iuexterior.org\/fr\/wp-json\/wp\/v2\/pages"}],"about":[{"href":"http:\/\/iuexterior.org\/fr\/wp-json\/wp\/v2\/types\/page"}],"author":[{"embeddable":true,"href":"http:\/\/iuexterior.org\/fr\/wp-json\/wp\/v2\/users\/1"}],"replies":[{"embeddable":true,"href":"http:\/\/iuexterior.org\/fr\/wp-json\/wp\/v2\/comments?post=9"}],"version-history":[{"count":0,"href":"http:\/\/iuexterior.org\/fr\/wp-json\/wp\/v2\/pages\/9\/revisions"}],"wp:attachment":[{"href":"http:\/\/iuexterior.org\/fr\/wp-json\/wp\/v2\/media?parent=9"}],"curies":[{"name":"wp","href":"https:\/\/api.w.org\/{rel}","templated":true}]}}