{"id":2500,"date":"2021-07-05T20:00:13","date_gmt":"2021-07-05T18:00:13","guid":{"rendered":"http:\/\/iuexterior.org\/?page_id=2500"},"modified":"2021-08-11T12:39:36","modified_gmt":"2021-08-11T10:39:36","slug":"ii-asamblea-iu-exterior","status":"publish","type":"page","link":"http:\/\/iuexterior.org\/fr\/ii-asamblea-iu-exterior\/","title":{"rendered":"II Asamblea de IU Exterior"},"content":{"rendered":"<h2 class=\"wp-block-heading\">Llamamiento a la emigraci\u00f3n organizada<\/h2>\n\n\n\n<p>La <strong>Federaci\u00f3n de Izquierda Unida en el Exterior<\/strong> (IU Exterior) <a href=\"http:\/\/iuexterior.org\/fr\/i-asamblea-de-iu-exterior\/\">se fund\u00f3 en el a\u00f1o 2017<\/a> con el objetivo de organizar el trabajo pol\u00edtico de la militancia que reside y trabaja fuera del Estado espa\u00f1ol en una \u00fanica estructura, dando voz a la militancia y a las simpatizantes a trav\u00e9s de las asambleas de base. En estos \u00faltimos a\u00f1os <strong>IU Exterior<\/strong> ha conseguido afianzar su presencia en el exterior contando con asambleas de base estables <a href=\"http:\/\/iuexterior.org\/fr\/Bruselas\/\" rel=\"noreferrer noopener\" target=\"_blank\">Bruselas<\/a>, B\u00e9lgica;&nbsp;<a href=\"http:\/\/iuexterior.org\/fr\/Berlin\/\" rel=\"noreferrer noopener\" target=\"_blank\">Berl\u00edn<\/a>&nbsp;y&nbsp;<a href=\"http:\/\/iuexterior.org\/fr\/Frankfurt\/\" rel=\"noreferrer noopener\" target=\"_blank\">Frankfurt<\/a>, en Alemania;&nbsp;<a href=\"http:\/\/iuexterior.org\/fr\/Luexmburgo\/\" rel=\"noreferrer noopener\" target=\"_blank\">Luxemburgo<\/a>;&nbsp;<a href=\"http:\/\/iuexterior.org\/fr\/Zurich\/\" rel=\"noreferrer noopener\" target=\"_blank\">Z\u00farich<\/a>, en Suiza; en&nbsp;<a href=\"http:\/\/iuexterior.org\/fr\/Lyon\/\">Lyon<\/a>&nbsp;y&nbsp;<a href=\"http:\/\/iuexterior.org\/fr\/Toulouse\/\" rel=\"noreferrer noopener\" target=\"_blank\">Toulouse<\/a>, en Francia; y tanto en&nbsp;la&nbsp;<a href=\"http:\/\/iuexterior.org\/fr\/BuenosAires\/\" rel=\"noreferrer noopener\" target=\"_blank\">Ciudad de Buenos Aires<\/a>&nbsp;como en la&nbsp;<a href=\"http:\/\/iuexterior.org\/fr\/provinciabuenosaires\/\" rel=\"noreferrer noopener\" target=\"_blank\">Provincia de Buenos Aires<\/a>, Argentina. Adem\u00e1s, la federaci\u00f3n dispone de la asamblea&nbsp;<a href=\"http:\/\/iuexterior.org\/fr\/Global\/\" rel=\"noreferrer noopener\" target=\"_blank\">IU Global<\/a>, por medio de la cual participa la militancia dispersa por el mundo sin acceso a una asamblea local propia. Gracias al trabajo constante de estas, <strong>IU Exterior <\/strong>est\u00e1 consiguiendo llevar las propuestas y problem\u00e1ticas de la emigraci\u00f3n al centro del debate en el seno de los \u00f3rganos de direcci\u00f3n de Izquierda Unida, tanto en las reuniones de la Coordinadora Federal y de la Asamblea Pol\u00edtico y Social.<\/p>\n\n\n\n<p>Han pasado cuatro a\u00f1os desde la asamblea de fundaci\u00f3n de la <strong>Federaci\u00f3n<\/strong>, la realidad de la emigraci\u00f3n ha cambiado y los flujos migratorios hacia el exterior no han cesado. Por tanto, desde la emigraci\u00f3n m\u00e1s que nunca necesitamos reforzar nuestra estructura de base para poder seguir avanzando en la defensa de los derechos de la emigraci\u00f3n y de las descendientes, no solo en las instituciones, sino tambi\u00e9n, y sobre todo, en las calles.&nbsp;<\/p>\n\n\n\n<p>Nuestro <strong>reto principal<\/strong> es conseguir que el conjunto de militantes y de simpatizantes de <strong>IU Exterior<\/strong> trabajen de forma organizada independientemente de la ciudad, el pa\u00eds y el continente en el que se encuentren, reforzando las asambleas de base ya existentes y creando nuevas asambleas. Adem\u00e1s, nos hemos marcado como objetivo que la militancia se implique en el trabajo sobre los conflictos laborales que afectan a los migrantes participando en las redes de solidaridad ya existentes y contribuyendo a generarlas en los lugares donde a\u00fan no est\u00e9n.<\/p>\n\n\n\n<p>La <strong>II Asamblea de Federaci\u00f3n<\/strong> marca el proceso de debate para conseguir avanzar a nuestro objetivo y a la que todas las militantes y simpatizantes est\u00e1n invitadas a participar a trav\u00e9s de sus asambleas de base. La voz de cada una de las personas que formamos esta organizaci\u00f3n es necesaria para poder seguir construyendo <strong>IU Exterio<\/strong>r, una organizaci\u00f3n que pone en el centro del debate las problem\u00e1ticas de la emigraci\u00f3n.&nbsp;<\/p>\n\n\n\n<p>El trabajo humano y militante que llevamos a cabo en <strong>IU Exterior<\/strong> es el que nos lleva a avanzar y conquistar derechos. Para ello necesitamos organizarnos y decidir colectivamente c\u00f3mo queremos seguir trabajando. Todas conocemos ese fuego y rebeld\u00eda militante; esa chispa que nace de la mente y del coraz\u00f3n, como dec\u00eda Julio Anguita, con conciencia de clase que nos ilumina para luchar juntas y seguir avanzando a mejorar nuestra realidad material y nuestros derechos como clase trabajadora y migrante. No somos indiferentes, vivir significa tomar partido y para eso necesitamos la fuerza de todas y cada una de nosotras.<\/p>\n\n\n\n<p class=\"has-text-align-center\"><strong>Lucha globalmente, organ\u00edzate en el exterior<\/strong><\/p>\n\n\n\n<ul class=\"wp-block-list\"><li><strong><strong>La II Asamblea de Federaci\u00f3n tendr\u00e1 lugar de forma telem\u00e1tica el pr\u00f3ximo 2 de octubre de 2021.<\/strong><\/strong><\/li><\/ul>\n\n\n\n<h2 class=\"wp-block-heading\">Documentos<\/h2>\n\n\n\n<ul class=\"wp-block-list\"><li><a href=\"http:\/\/iuexterior.org\/wp-content\/uploads\/2021\/07\/Llamamiento_II-Asamblea-de-Federacion.pdf\">Llamamiento<\/a><\/li><li><a href=\"http:\/\/iuexterior.org\/wp-content\/uploads\/2021\/07\/93103790-354e-4b85-b926-da7db74e116d.pdf\">Normas y calendario<\/a><\/li><li><a href=\"http:\/\/iuexterior.org\/wp-content\/uploads\/2021\/08\/En-todas-partes-IU-Exterior.-Documento-politico-organizativo.pdf\">\u00abEn todas partes, IU Exterior\u00bb. Documento pol\u00edtico-organizativo<\/a><\/li><li><a href=\"http:\/\/iuexterior.org\/wp-content\/uploads\/2021\/07\/PROPUESTA-ESTATUTOS-II-ASAMBLEA-IU-EXTERIOR.pdf\">Estatutos de IU Exterior<\/a><\/li><li><a href=\"http:\/\/iuexterior.org\/wp-content\/uploads\/2021\/08\/Informe-de-gestion-2017-2021.pdf\">Informe de gesti\u00f3n 2017-2021<\/a><\/li><\/ul>\n\n\n\n<h2 class=\"wp-block-heading\">Candidatura<\/h2>\n\n\n\n<p><strong>Candidatura a la Coordinadora de Izquierda Unida Exterior<\/strong> &#8211; <a href=\"http:\/\/iuexterior.org\/wp-content\/uploads\/2021\/08\/En-todas-partes-IU-Exterior_candidatura.pdf\">Lista \u00abEn todas partes, IU Exterior<\/a>\u00ab<\/p>\n\n\n\n<h2 class=\"wp-block-heading\">\u00c0 propos de IU Exterior<\/h2>\n\n\n\n<p class=\"translation-block\">La&nbsp;<strong>Federaci\u00f3n del Exterior de Izquierda Unida<\/strong>&nbsp;<a href=\"http:\/\/iuexterior.org\/fr\/2017\/04\/30\/la-federacion-del-exterior-de-iu-nace-para-movilizar-politicamente-a-la-emigracion-espanola\/\" target=\"_self\">naci\u00f3 en abril de 2017<\/a>&nbsp;para movilizar pol\u00edticamente a la emigraci\u00f3n espa\u00f1ola y darle voz a sus reivindicaciones. Actualmente contamos con asambleas estables en&nbsp;<a href=\"http:\/\/iuexterior.org\/fr\/Bruselas\/\" rel=\"noreferrer noopener\" target=\"_self\">Bruselas<\/a>, B\u00e9lgica;&nbsp;<a href=\"http:\/\/iuexterior.org\/fr\/Berlin\/\" rel=\"noreferrer noopener\" target=\"_self\">Berl\u00edn<\/a>&nbsp;y&nbsp;<a href=\"http:\/\/iuexterior.org\/fr\/Frankfurt\/\" rel=\"noreferrer noopener\" target=\"_self\">Frankfurt<\/a>, en Alemania;&nbsp;<a href=\"http:\/\/iuexterior.org\/fr\/Luexmburgo\/\" rel=\"noreferrer noopener\" target=\"_self\">Luxemburgo<\/a>;&nbsp;<a href=\"http:\/\/iuexterior.org\/fr\/Zurich\/\" rel=\"noreferrer noopener\" target=\"_self\">Z\u00farich<\/a>, en Suiza; en&nbsp;<a href=\"http:\/\/iuexterior.org\/fr\/Lyon\/\" target=\"_self\">Lyon<\/a>&nbsp;y&nbsp;<a href=\"http:\/\/iuexterior.org\/fr\/Toulouse\/\" rel=\"noreferrer noopener\" target=\"_self\">Toulouse<\/a>, en Francia; y tanto en&nbsp;la&nbsp;<a href=\"http:\/\/iuexterior.org\/fr\/BuenosAires\/\" rel=\"noreferrer noopener\" target=\"_self\">Ciudad de Buenos Aires<\/a>&nbsp;como en la&nbsp;<a href=\"http:\/\/iuexterior.org\/fr\/provinciabuenosaires\/\" rel=\"noreferrer noopener\" target=\"_self\">Provincia de Buenos Aires<\/a>, Argentina. Adem\u00e1s, la federaci\u00f3n dispone de la asamblea&nbsp;<a href=\"http:\/\/iuexterior.org\/fr\/Global\/\" rel=\"noreferrer noopener\" target=\"_self\">IU Global<\/a>, por medio de la cual participa la militancia dispersa por el mundo sin acceso a una asamblea local propia.<\/p>\n\n\n\n<p class=\"translation-block\">Puedes contactar con&nbsp;<strong>IU Exterior<\/strong>&nbsp;a trav\u00e9s del correo&nbsp;<a href=\"mailto:exterior@izquierdaunida.org\" rel=\"noreferrer noopener\" target=\"_self\"><strong>exterior@izquierdaunida.org<\/strong><\/a>&nbsp;o de nuestros perfiles en&nbsp;<a href=\"https:\/\/www.facebook.com\/IUExterior\/\" rel=\"noreferrer noopener\" target=\"_self\"><strong>Facebook<\/strong><\/a>,&nbsp;<a href=\"https:\/\/twitter.com\/IUExterior\/\" rel=\"noreferrer noopener\" target=\"_self\"><strong>Twitter<\/strong><\/a>&nbsp;e&nbsp;<a href=\"https:\/\/www.instagram.com\/IUExterior\/\" rel=\"noreferrer noopener\" target=\"_self\"><strong>Instagram<\/strong><\/a>.<\/p>\n<!-- AddThis Advanced Settings generic via filter on the_content --><!-- AddThis Share Buttons generic via filter on the_content -->","protected":false},"excerpt":{"rendered":"<p>Llamamiento a la emigraci\u00f3n organizada La Federaci\u00f3n de Izquierda Unida en el Exterior (IU Exterior) se fund\u00f3 en el a\u00f1o 2017 con el objetivo de organizar el trabajo pol\u00edtico de &hellip;<!-- AddThis Advanced Settings generic via filter on get_the_excerpt --><!-- AddThis Share Buttons generic via filter on get_the_excerpt --><\/p>","protected":false},"author":3,"featured_media":2489,"parent":0,"menu_order":0,"comment_status":"closed","ping_status":"closed","template":"","meta":{"footnotes":""},"class_list":["post-2500","page","type-page","status-publish","has-post-thumbnail",""],"yoast_head":"<!-- This site is optimized with the Yoast SEO plugin v25.7 - https:\/\/yoast.com\/wordpress\/plugins\/seo\/ -->\n<title>II Asamblea de IU Exterior - Federaci\u00f3n de Izquierda Unida en el Exterior (IU Exterior)<\/title>\n<meta name=\"robots\" content=\"index, follow, max-snippet:-1, max-image-preview:large, max-video-preview:-1\" \/>\n<link rel=\"canonical\" href=\"https:\/\/iuexterior.org\/fr\/ii-asamblea-iu-exterior\/\" \/>\n<meta property=\"og:locale\" content=\"fr_FR\" \/>\n<meta property=\"og:type\" content=\"article\" \/>\n<meta property=\"og:title\" content=\"II Asamblea de IU Exterior - Federaci\u00f3n de Izquierda Unida en el Exterior (IU Exterior)\" \/>\n<meta property=\"og:description\" content=\"Llamamiento a la emigraci\u00f3n organizada La Federaci\u00f3n de Izquierda Unida en el Exterior (IU Exterior) se fund\u00f3 en el a\u00f1o 2017 con el objetivo de organizar el trabajo pol\u00edtico de &hellip;\" \/>\n<meta property=\"og:url\" content=\"https:\/\/iuexterior.org\/fr\/ii-asamblea-iu-exterior\/\" \/>\n<meta property=\"og:site_name\" content=\"Federaci\u00f3n de Izquierda Unida en el Exterior (IU Exterior)\" \/>\n<meta property=\"article:modified_time\" content=\"2021-08-11T10:39:36+00:00\" \/>\n<meta property=\"og:image\" content=\"https:\/\/iuexterior.org\/wp-content\/uploads\/2021\/06\/Untitled-design.png\" \/>\n\t<meta property=\"og:image:width\" content=\"1350\" \/>\n\t<meta property=\"og:image:height\" content=\"650\" \/>\n\t<meta property=\"og:image:type\" content=\"image\/png\" \/>\n<meta name=\"twitter:card\" content=\"summary_large_image\" \/>\n<meta name=\"twitter:label1\" content=\"Dur\u00e9e de lecture estim\u00e9e\" \/>\n\t<meta name=\"twitter:data1\" content=\"4 minutes\" \/>\n<script type=\"application\/ld+json\" class=\"yoast-schema-graph\">{\"@context\":\"https:\/\/schema.org\",\"@graph\":[{\"@type\":\"WebPage\",\"@id\":\"https:\/\/iuexterior.org\/ii-asamblea-iu-exterior\/\",\"url\":\"https:\/\/iuexterior.org\/ii-asamblea-iu-exterior\/\",\"name\":\"II Asamblea de IU Exterior - Federaci\u00f3n de Izquierda Unida en el Exterior (IU Exterior)\",\"isPartOf\":{\"@id\":\"http:\/\/iuexterior.org\/de\/#website\"},\"primaryImageOfPage\":{\"@id\":\"https:\/\/iuexterior.org\/ii-asamblea-iu-exterior\/#primaryimage\"},\"image\":{\"@id\":\"https:\/\/iuexterior.org\/ii-asamblea-iu-exterior\/#primaryimage\"},\"thumbnailUrl\":\"http:\/\/iuexterior.org\/wp-content\/uploads\/2021\/06\/Untitled-design.png\",\"datePublished\":\"2021-07-05T18:00:13+00:00\",\"dateModified\":\"2021-08-11T10:39:36+00:00\",\"breadcrumb\":{\"@id\":\"https:\/\/iuexterior.org\/ii-asamblea-iu-exterior\/#breadcrumb\"},\"inLanguage\":\"fr-FR\",\"potentialAction\":[{\"@type\":\"ReadAction\",\"target\":[\"https:\/\/iuexterior.org\/ii-asamblea-iu-exterior\/\"]}]},{\"@type\":\"ImageObject\",\"inLanguage\":\"fr-FR\",\"@id\":\"https:\/\/iuexterior.org\/ii-asamblea-iu-exterior\/#primaryimage\",\"url\":\"http:\/\/iuexterior.org\/wp-content\/uploads\/2021\/06\/Untitled-design.png\",\"contentUrl\":\"http:\/\/iuexterior.org\/wp-content\/uploads\/2021\/06\/Untitled-design.png\",\"width\":1350,\"height\":650},{\"@type\":\"BreadcrumbList\",\"@id\":\"https:\/\/iuexterior.org\/ii-asamblea-iu-exterior\/#breadcrumb\",\"itemListElement\":[{\"@type\":\"ListItem\",\"position\":1,\"name\":\"Portada\",\"item\":\"http:\/\/iuexterior.org\/de\/\"},{\"@type\":\"ListItem\",\"position\":2,\"name\":\"II Asamblea de IU Exterior\"}]},{\"@type\":\"WebSite\",\"@id\":\"http:\/\/iuexterior.org\/de\/#website\",\"url\":\"http:\/\/iuexterior.org\/de\/\",\"name\":\"Federaci\u00f3n de Izquierda Unida en el Exterior (IU Exterior)\",\"description\":\"La federaci\u00f3n de IU para la ciudadan\u00eda espa\u00f1ola emigrada.\",\"potentialAction\":[{\"@type\":\"SearchAction\",\"target\":{\"@type\":\"EntryPoint\",\"urlTemplate\":\"http:\/\/iuexterior.org\/de\/?s={search_term_string}\"},\"query-input\":{\"@type\":\"PropertyValueSpecification\",\"valueRequired\":true,\"valueName\":\"search_term_string\"}}],\"inLanguage\":\"fr-FR\"}]}<\/script>\n<!-- \/ Yoast SEO plugin. -->","yoast_head_json":{"title":"II Asamblea de IU Exterior - Federaci\u00f3n de Izquierda Unida en el Exterior (IU Exterior)","robots":{"index":"index","follow":"follow","max-snippet":"max-snippet:-1","max-image-preview":"max-image-preview:large","max-video-preview":"max-video-preview:-1"},"canonical":"https:\/\/iuexterior.org\/fr\/ii-asamblea-iu-exterior\/","og_locale":"fr_FR","og_type":"article","og_title":"II Asamblea de IU Exterior - Federaci\u00f3n de Izquierda Unida en el Exterior (IU Exterior)","og_description":"Llamamiento a la emigraci\u00f3n organizada La Federaci\u00f3n de Izquierda Unida en el Exterior (IU Exterior) se fund\u00f3 en el a\u00f1o 2017 con el objetivo de organizar el trabajo pol\u00edtico de &hellip;","og_url":"https:\/\/iuexterior.org\/fr\/ii-asamblea-iu-exterior\/","og_site_name":"Federaci\u00f3n de Izquierda Unida en el Exterior (IU Exterior)","article_modified_time":"2021-08-11T10:39:36+00:00","og_image":[{"width":1350,"height":650,"url":"https:\/\/iuexterior.org\/wp-content\/uploads\/2021\/06\/Untitled-design.png","type":"image\/png"}],"twitter_card":"summary_large_image","twitter_misc":{"Dur\u00e9e de lecture estim\u00e9e":"4 minutes"},"schema":{"@context":"https:\/\/schema.org","@graph":[{"@type":"WebPage","@id":"https:\/\/iuexterior.org\/ii-asamblea-iu-exterior\/","url":"https:\/\/iuexterior.org\/ii-asamblea-iu-exterior\/","name":"II Asamblea de IU Exterior - Federaci\u00f3n de Izquierda Unida en el Exterior (IU Exterior)","isPartOf":{"@id":"http:\/\/iuexterior.org\/de\/#website"},"primaryImageOfPage":{"@id":"https:\/\/iuexterior.org\/ii-asamblea-iu-exterior\/#primaryimage"},"image":{"@id":"https:\/\/iuexterior.org\/ii-asamblea-iu-exterior\/#primaryimage"},"thumbnailUrl":"http:\/\/iuexterior.org\/wp-content\/uploads\/2021\/06\/Untitled-design.png","datePublished":"2021-07-05T18:00:13+00:00","dateModified":"2021-08-11T10:39:36+00:00","breadcrumb":{"@id":"https:\/\/iuexterior.org\/ii-asamblea-iu-exterior\/#breadcrumb"},"inLanguage":"fr-FR","potentialAction":[{"@type":"ReadAction","target":["https:\/\/iuexterior.org\/ii-asamblea-iu-exterior\/"]}]},{"@type":"ImageObject","inLanguage":"fr-FR","@id":"https:\/\/iuexterior.org\/ii-asamblea-iu-exterior\/#primaryimage","url":"http:\/\/iuexterior.org\/wp-content\/uploads\/2021\/06\/Untitled-design.png","contentUrl":"http:\/\/iuexterior.org\/wp-content\/uploads\/2021\/06\/Untitled-design.png","width":1350,"height":650},{"@type":"BreadcrumbList","@id":"https:\/\/iuexterior.org\/ii-asamblea-iu-exterior\/#breadcrumb","itemListElement":[{"@type":"ListItem","position":1,"name":"Portada","item":"http:\/\/iuexterior.org\/de\/"},{"@type":"ListItem","position":2,"name":"II Asamblea de IU Exterior"}]},{"@type":"WebSite","@id":"http:\/\/iuexterior.org\/de\/#website","url":"http:\/\/iuexterior.org\/de\/","name":"Federaci\u00f3n de Izquierda Unida en el Exterior (IU Exterior)","description":"La federaci\u00f3n de IU para la ciudadan\u00eda espa\u00f1ola emigrada.","potentialAction":[{"@type":"SearchAction","target":{"@type":"EntryPoint","urlTemplate":"http:\/\/iuexterior.org\/de\/?s={search_term_string}"},"query-input":{"@type":"PropertyValueSpecification","valueRequired":true,"valueName":"search_term_string"}}],"inLanguage":"fr-FR"}]}},"_links":{"self":[{"href":"http:\/\/iuexterior.org\/fr\/wp-json\/wp\/v2\/pages\/2500","targetHints":{"allow":["GET"]}}],"collection":[{"href":"http:\/\/iuexterior.org\/fr\/wp-json\/wp\/v2\/pages"}],"about":[{"href":"http:\/\/iuexterior.org\/fr\/wp-json\/wp\/v2\/types\/page"}],"author":[{"embeddable":true,"href":"http:\/\/iuexterior.org\/fr\/wp-json\/wp\/v2\/users\/3"}],"replies":[{"embeddable":true,"href":"http:\/\/iuexterior.org\/fr\/wp-json\/wp\/v2\/comments?post=2500"}],"version-history":[{"count":0,"href":"http:\/\/iuexterior.org\/fr\/wp-json\/wp\/v2\/pages\/2500\/revisions"}],"wp:featuredmedia":[{"embeddable":true,"href":"http:\/\/iuexterior.org\/fr\/wp-json\/wp\/v2\/media\/2489"}],"wp:attachment":[{"href":"http:\/\/iuexterior.org\/fr\/wp-json\/wp\/v2\/media?parent=2500"}],"curies":[{"name":"wp","href":"https:\/\/api.w.org\/{rel}","templated":true}]}}