{"id":2104,"date":"2020-11-03T09:33:31","date_gmt":"2020-11-03T08:33:31","guid":{"rendered":"http:\/\/iuexterior.org\/?page_id=2104"},"modified":"2025-11-04T11:21:36","modified_gmt":"2025-11-04T10:21:36","slug":"provinciabuenosaires","status":"publish","type":"page","link":"http:\/\/iuexterior.org\/fr\/provinciabuenosaires\/","title":{"rendered":"IU Provincia de Buenos Aires"},"content":{"rendered":"<p>La asamblea de&nbsp;<strong>IU Buenos Aires<\/strong>&nbsp;se fund\u00f3 el&nbsp;<strong><a href=\"http:\/\/iuexterior.org\/fr\/2020\/11\/03\/alejandra-ramos-elegida-coordinadora-de-la-nueva-asamblea-de-iu-exterior-en-la-provincia-de-buenos-aires\/\" target=\"_blank\" rel=\"noreferrer noopener\">31 de octubre de 2020<\/a><\/strong> a iniciativa de un grupo de militantes y simpatizantes de&nbsp;<strong>IU Exterior<\/strong>&nbsp;residentes en el \u00e1rea metropolitana de la provincia de&nbsp;<strong>Buenos Aires<\/strong>.<\/p>\n\n\n\n<iframe loading=\"lazy\" src=\"https:\/\/www.facebook.com\/plugins\/video.php?href=https%3A%2F%2Fwww.facebook.com%2FIUExterior%2Fvideos%2F416954472628002%2F&amp;show_text=1&amp;width=560\" width=\"560\" height=\"506\" style=\"border:none;overflow:hidden\" scrolling=\"no\" frameborder=\"0\" allowtransparency=\"true\" allow=\"encrypted-media\" allowfullscreen=\"true\"><\/iframe>\n\n\n\n<p>Su&nbsp;<strong>Coordinadora Local<\/strong>&nbsp;est\u00e1 compuesta por:<\/p>\n\n\n\n<ul class=\"wp-block-list\">\n<li><strong>Coordinadora<\/strong>: Alejandra Ramos<\/li>\n\n\n\n<li><strong>Organisation<\/strong>: Carlos Mesa<\/li>\n\n\n\n<li><strong>Tesorer\u00eda<\/strong>: Horacio Batall\u00e1n<\/li>\n\n\n\n<li><strong>Comunicaci\u00f3n<\/strong>: Ana D\u00edaz y Horacio Dom\u00ednguez<\/li>\n\n\n\n<li><strong>G\u00e9nero<\/strong>: Cristina Campos<\/li>\n\n\n\n<li><strong>Juventud<\/strong>: Mariana Soengas<\/li>\n\n\n\n<li><strong>Cultura<\/strong>: Daniel Altan\u00e9s y Antonio Santamar\u00eda<\/li>\n\n\n\n<li><strong>Derechos Humanos<\/strong>: Juan Jes\u00fas L\u00f3pez<\/li>\n\n\n\n<li><strong>Relaciones Institucionales<\/strong>: H\u00e9ctor Rumbo<\/li>\n<\/ul>\n\n\n\n<p>Puedes contactar con&nbsp;<strong>IU Provincia de Buenos Aires&nbsp;<\/strong>a trav\u00e9s del correo&nbsp;<a rel=\"noreferrer noopener\" href=\"mailto:buenosaires.provincia@iuexterior.org\" target=\"_blank\">buenosaires.provincia@iuexterior.org<\/a> &nbsp;y de sus perfiles en&nbsp;<a rel=\"noreferrer noopener\" href=\"https:\/\/www.facebook.com\/IUProvinciaBuenosAires\" target=\"_blank\"><strong>Facebook<\/strong><\/a>,&nbsp;<strong><a rel=\"noreferrer noopener\" href=\"https:\/\/twitter.com\/IUProvinciaBsAs\" target=\"_blank\">Twitter<\/a>&nbsp;<\/strong>e&nbsp;<a rel=\"noreferrer noopener\" href=\"https:\/\/instagram.com\/IUProvinciaBsAs\" target=\"_blank\"><strong>Instagram<\/strong><\/a>.<\/p>\n\n\n\n<ul class=\"wp-block-social-links is-layout-flex wp-block-social-links-is-layout-flex\">\n\n<li class=\"wp-social-link wp-social-link-facebook  wp-block-social-link\"><a href=\"https:\/\/www.facebook.com\/IUProvinciaBuenosAires\" class=\"wp-block-social-link-anchor\"><svg width=\"24\" height=\"24\" viewbox=\"0 0 24 24\" version=\"1.1\" xmlns=\"http:\/\/www.w3.org\/2000\/svg\" aria-hidden=\"true\" focusable=\"false\"><path d=\"M12 2C6.5 2 2 6.5 2 12c0 5 3.7 9.1 8.4 9.9v-7H7.9V12h2.5V9.8c0-2.5 1.5-3.9 3.8-3.9 1.1 0 2.2.2 2.2.2v2.5h-1.3c-1.2 0-1.6.8-1.6 1.6V12h2.8l-.4 2.9h-2.3v7C18.3 21.1 22 17 22 12c0-5.5-4.5-10-10-10z\"><\/path><\/svg><span class=\"wp-block-social-link-label screen-reader-text\">Facebook<\/span><\/a><\/li>\n\n<li class=\"wp-social-link wp-social-link-twitter  wp-block-social-link\"><a href=\"https:\/\/twitter.com\/IUProvinciaBsAs\" class=\"wp-block-social-link-anchor\"><svg width=\"24\" height=\"24\" viewbox=\"0 0 24 24\" version=\"1.1\" xmlns=\"http:\/\/www.w3.org\/2000\/svg\" aria-hidden=\"true\" focusable=\"false\"><path d=\"M22.23,5.924c-0.736,0.326-1.527,0.547-2.357,0.646c0.847-0.508,1.498-1.312,1.804-2.27 c-0.793,0.47-1.671,0.812-2.606,0.996C18.324,4.498,17.257,4,16.077,4c-2.266,0-4.103,1.837-4.103,4.103 c0,0.322,0.036,0.635,0.106,0.935C8.67,8.867,5.647,7.234,3.623,4.751C3.27,5.357,3.067,6.062,3.067,6.814 c0,1.424,0.724,2.679,1.825,3.415c-0.673-0.021-1.305-0.206-1.859-0.513c0,0.017,0,0.034,0,0.052c0,1.988,1.414,3.647,3.292,4.023 c-0.344,0.094-0.707,0.144-1.081,0.144c-0.264,0-0.521-0.026-0.772-0.074c0.522,1.63,2.038,2.816,3.833,2.85 c-1.404,1.1-3.174,1.756-5.096,1.756c-0.331,0-0.658-0.019-0.979-0.057c1.816,1.164,3.973,1.843,6.29,1.843 c7.547,0,11.675-6.252,11.675-11.675c0-0.178-0.004-0.355-0.012-0.531C20.985,7.47,21.68,6.747,22.23,5.924z\"><\/path><\/svg><span class=\"wp-block-social-link-label screen-reader-text\">Twitter<\/span><\/a><\/li>\n\n<li class=\"wp-social-link wp-social-link-instagram  wp-block-social-link\"><a href=\"https:\/\/instagram.com\/IUProvinciaBsAs\" class=\"wp-block-social-link-anchor\"><svg width=\"24\" height=\"24\" viewbox=\"0 0 24 24\" version=\"1.1\" xmlns=\"http:\/\/www.w3.org\/2000\/svg\" aria-hidden=\"true\" focusable=\"false\"><path d=\"M12,4.622c2.403,0,2.688,0.009,3.637,0.052c0.877,0.04,1.354,0.187,1.671,0.31c0.42,0.163,0.72,0.358,1.035,0.673 c0.315,0.315,0.51,0.615,0.673,1.035c0.123,0.317,0.27,0.794,0.31,1.671c0.043,0.949,0.052,1.234,0.052,3.637 s-0.009,2.688-0.052,3.637c-0.04,0.877-0.187,1.354-0.31,1.671c-0.163,0.42-0.358,0.72-0.673,1.035 c-0.315,0.315-0.615,0.51-1.035,0.673c-0.317,0.123-0.794,0.27-1.671,0.31c-0.949,0.043-1.233,0.052-3.637,0.052 s-2.688-0.009-3.637-0.052c-0.877-0.04-1.354-0.187-1.671-0.31c-0.42-0.163-0.72-0.358-1.035-0.673 c-0.315-0.315-0.51-0.615-0.673-1.035c-0.123-0.317-0.27-0.794-0.31-1.671C4.631,14.688,4.622,14.403,4.622,12 s0.009-2.688,0.052-3.637c0.04-0.877,0.187-1.354,0.31-1.671c0.163-0.42,0.358-0.72,0.673-1.035 c0.315-0.315,0.615-0.51,1.035-0.673c0.317-0.123,0.794-0.27,1.671-0.31C9.312,4.631,9.597,4.622,12,4.622 M12,3 C9.556,3,9.249,3.01,8.289,3.054C7.331,3.098,6.677,3.25,6.105,3.472C5.513,3.702,5.011,4.01,4.511,4.511 c-0.5,0.5-0.808,1.002-1.038,1.594C3.25,6.677,3.098,7.331,3.054,8.289C3.01,9.249,3,9.556,3,12c0,2.444,0.01,2.751,0.054,3.711 c0.044,0.958,0.196,1.612,0.418,2.185c0.23,0.592,0.538,1.094,1.038,1.594c0.5,0.5,1.002,0.808,1.594,1.038 c0.572,0.222,1.227,0.375,2.185,0.418C9.249,20.99,9.556,21,12,21s2.751-0.01,3.711-0.054c0.958-0.044,1.612-0.196,2.185-0.418 c0.592-0.23,1.094-0.538,1.594-1.038c0.5-0.5,0.808-1.002,1.038-1.594c0.222-0.572,0.375-1.227,0.418-2.185 C20.99,14.751,21,14.444,21,12s-0.01-2.751-0.054-3.711c-0.044-0.958-0.196-1.612-0.418-2.185c-0.23-0.592-0.538-1.094-1.038-1.594 c-0.5-0.5-1.002-0.808-1.594-1.038c-0.572-0.222-1.227-0.375-2.185-0.418C14.751,3.01,14.444,3,12,3L12,3z M12,7.378 c-2.552,0-4.622,2.069-4.622,4.622S9.448,16.622,12,16.622s4.622-2.069,4.622-4.622S14.552,7.378,12,7.378z M12,15 c-1.657,0-3-1.343-3-3s1.343-3,3-3s3,1.343,3,3S13.657,15,12,15z M16.804,6.116c-0.596,0-1.08,0.484-1.08,1.08 s0.484,1.08,1.08,1.08c0.596,0,1.08-0.484,1.08-1.08S17.401,6.116,16.804,6.116z\"><\/path><\/svg><span class=\"wp-block-social-link-label screen-reader-text\">Instagram<\/span><\/a><\/li>\n\n\n\n<\/ul>\n\n\n<ul class=\"wp-block-latest-posts__list is-grid columns-3 wp-block-latest-posts\"><li><div class=\"wp-block-latest-posts__featured-image\"><img loading=\"lazy\" decoding=\"async\" width=\"300\" height=\"178\" src=\"http:\/\/iuexterior.org\/wp-content\/uploads\/2025\/12\/G68WC2JXIAAwS62-300x178.jpeg\" class=\"attachment-medium size-medium wp-post-image\" alt=\"\" style=\"\" srcset=\"http:\/\/iuexterior.org\/wp-content\/uploads\/2025\/12\/G68WC2JXIAAwS62-300x178.jpeg 300w, http:\/\/iuexterior.org\/wp-content\/uploads\/2025\/12\/G68WC2JXIAAwS62-1024x606.jpeg 1024w, http:\/\/iuexterior.org\/wp-content\/uploads\/2025\/12\/G68WC2JXIAAwS62-768x455.jpeg 768w, http:\/\/iuexterior.org\/wp-content\/uploads\/2025\/12\/G68WC2JXIAAwS62-1536x909.jpeg 1536w, http:\/\/iuexterior.org\/wp-content\/uploads\/2025\/12\/G68WC2JXIAAwS62-18x12.jpeg 18w, http:\/\/iuexterior.org\/wp-content\/uploads\/2025\/12\/G68WC2JXIAAwS62.jpeg 2047w\" sizes=\"auto, (max-width: 300px) 100vw, 300px\" \/><\/div><a class=\"wp-block-latest-posts__post-title\" href=\"http:\/\/iuexterior.org\/fr\/2025\/12\/04\/izquierda-unida-exterior-celebra-su-iii-asamblea-y-reelige-a-luis-cortes-como-coordinador\/\">Izquierda Unida Exterior celebra su III Asamblea y reelige a Luis Cort\u00e9s como coordinador<\/a><\/li>\n<li><div class=\"wp-block-latest-posts__featured-image\"><img loading=\"lazy\" decoding=\"async\" width=\"300\" height=\"204\" src=\"http:\/\/iuexterior.org\/wp-content\/uploads\/2025\/05\/escuela-iuexterior-2025-a-e1762251741761-300x204.png\" class=\"attachment-medium size-medium wp-post-image\" alt=\"\" style=\"\" srcset=\"http:\/\/iuexterior.org\/wp-content\/uploads\/2025\/05\/escuela-iuexterior-2025-a-e1762251741761-300x204.png 300w, http:\/\/iuexterior.org\/wp-content\/uploads\/2025\/05\/escuela-iuexterior-2025-a-e1762251741761-18x12.png 18w, http:\/\/iuexterior.org\/wp-content\/uploads\/2025\/05\/escuela-iuexterior-2025-a-e1762251741761-110x75.png 110w, http:\/\/iuexterior.org\/wp-content\/uploads\/2025\/05\/escuela-iuexterior-2025-a-e1762251741761.png 620w\" sizes=\"auto, (max-width: 300px) 100vw, 300px\" \/><\/div><a class=\"wp-block-latest-posts__post-title\" href=\"http:\/\/iuexterior.org\/fr\/2025\/05\/05\/ii-escuela-de-primavera-de-iu-exterior-en-berlin\/\">II Escuela de Primavera de IU Exterior en Berl\u00edn<\/a><\/li>\n<li><div class=\"wp-block-latest-posts__featured-image\"><img loading=\"lazy\" decoding=\"async\" width=\"300\" height=\"225\" src=\"http:\/\/iuexterior.org\/wp-content\/uploads\/2021\/03\/Hospital-Espanol-300x225.jpg\" class=\"attachment-medium size-medium wp-post-image\" alt=\"\" style=\"\" srcset=\"http:\/\/iuexterior.org\/wp-content\/uploads\/2021\/03\/Hospital-Espanol-300x225.jpg 300w, http:\/\/iuexterior.org\/wp-content\/uploads\/2021\/03\/Hospital-Espanol-1024x768.jpg 1024w, http:\/\/iuexterior.org\/wp-content\/uploads\/2021\/03\/Hospital-Espanol-768x576.jpg 768w, http:\/\/iuexterior.org\/wp-content\/uploads\/2021\/03\/Hospital-Espanol-16x12.jpg 16w, http:\/\/iuexterior.org\/wp-content\/uploads\/2021\/03\/Hospital-Espanol.jpg 1280w\" sizes=\"auto, (max-width: 300px) 100vw, 300px\" \/><\/div><a class=\"wp-block-latest-posts__post-title\" href=\"http:\/\/iuexterior.org\/fr\/2021\/03\/16\/iu-considera-una-decision-a-favor-del-covid-la-clausura-del-hospital-espanol-en-buenos-aires\/\">IU considera \u00abuna decisi\u00f3n a favor del covid\u00bb la clausura del Hospital Espa\u00f1ol en Buenos Aires<\/a><\/li>\n<li><div class=\"wp-block-latest-posts__featured-image\"><img loading=\"lazy\" decoding=\"async\" width=\"300\" height=\"169\" src=\"http:\/\/iuexterior.org\/wp-content\/uploads\/2021\/03\/8MdeMigrante-16-9-300x169.png\" class=\"attachment-medium size-medium wp-post-image\" alt=\"\" style=\"\" srcset=\"http:\/\/iuexterior.org\/wp-content\/uploads\/2021\/03\/8MdeMigrante-16-9-300x169.png 300w, http:\/\/iuexterior.org\/wp-content\/uploads\/2021\/03\/8MdeMigrante-16-9-1024x576.png 1024w, http:\/\/iuexterior.org\/wp-content\/uploads\/2021\/03\/8MdeMigrante-16-9-768x432.png 768w, http:\/\/iuexterior.org\/wp-content\/uploads\/2021\/03\/8MdeMigrante-16-9-1536x864.png 1536w, http:\/\/iuexterior.org\/wp-content\/uploads\/2021\/03\/8MdeMigrante-16-9-16x9.png 16w, http:\/\/iuexterior.org\/wp-content\/uploads\/2021\/03\/8MdeMigrante-16-9.png 1920w\" sizes=\"auto, (max-width: 300px) 100vw, 300px\" \/><\/div><a class=\"wp-block-latest-posts__post-title\" href=\"http:\/\/iuexterior.org\/fr\/2021\/03\/06\/mujeres-emigradas-reivindican-un-8m-de-mujer-y-de-migrante-desde-todo-el-mundo\/\">Mujeres emigradas reivindican un 8M \u00abde Mujer y de Migrante\u00bb desde todo el mundo<\/a><\/li>\n<li><div class=\"wp-block-latest-posts__featured-image\"><img loading=\"lazy\" decoding=\"async\" width=\"300\" height=\"169\" src=\"http:\/\/iuexterior.org\/wp-content\/uploads\/2020\/01\/IU-Global-300x169.png\" class=\"attachment-medium size-medium wp-post-image\" alt=\"\" style=\"\" srcset=\"http:\/\/iuexterior.org\/wp-content\/uploads\/2020\/01\/IU-Global-300x169.png 300w, http:\/\/iuexterior.org\/wp-content\/uploads\/2020\/01\/IU-Global-1024x576.png 1024w, http:\/\/iuexterior.org\/wp-content\/uploads\/2020\/01\/IU-Global-768x432.png 768w, http:\/\/iuexterior.org\/wp-content\/uploads\/2020\/01\/IU-Global-1536x864.png 1536w, http:\/\/iuexterior.org\/wp-content\/uploads\/2020\/01\/IU-Global.png 1920w\" sizes=\"auto, (max-width: 300px) 100vw, 300px\" \/><\/div><a class=\"wp-block-latest-posts__post-title\" href=\"http:\/\/iuexterior.org\/fr\/2020\/11\/12\/la-emigracion-participa-en-el-proceso-de-debate-hacia-la-xii-asamblea-de-iu\/\">La emigraci\u00f3n participa en el proceso de debate hacia la XII Asamblea de IU<\/a><\/li>\n<li><div class=\"wp-block-latest-posts__featured-image\"><img loading=\"lazy\" decoding=\"async\" width=\"300\" height=\"150\" src=\"http:\/\/iuexterior.org\/wp-content\/uploads\/2020\/11\/IU-Provincia-de-Buenos-Aires-300x150.png\" class=\"attachment-medium size-medium wp-post-image\" alt=\"\" style=\"\" srcset=\"http:\/\/iuexterior.org\/wp-content\/uploads\/2020\/11\/IU-Provincia-de-Buenos-Aires-300x150.png 300w, http:\/\/iuexterior.org\/wp-content\/uploads\/2020\/11\/IU-Provincia-de-Buenos-Aires-16x8.png 16w, http:\/\/iuexterior.org\/wp-content\/uploads\/2020\/11\/IU-Provincia-de-Buenos-Aires.png 660w\" sizes=\"auto, (max-width: 300px) 100vw, 300px\" \/><\/div><a class=\"wp-block-latest-posts__post-title\" href=\"http:\/\/iuexterior.org\/fr\/2020\/11\/03\/alejandra-ramos-elegida-coordinadora-de-la-nueva-asamblea-de-iu-exterior-en-la-provincia-de-buenos-aires\/\">Alejandra Ramos, elegida coordinadora de la nueva asamblea de IU Exterior en la Provincia de Buenos Aires<\/a><\/li>\n<\/ul>\n\n\n<p><\/p>\n<!-- AddThis Advanced Settings generic via filter on the_content --><!-- AddThis Share Buttons generic via filter on the_content -->","protected":false},"excerpt":{"rendered":"<p>La asamblea de&nbsp;IU Buenos Aires&nbsp;se fund\u00f3 el&nbsp;31 de octubre de 2020 a iniciativa de un grupo de militantes y simpatizantes de&nbsp;IU Exterior&nbsp;residentes en el \u00e1rea metropolitana de la provincia de&nbsp;Buenos &hellip;<!-- AddThis Advanced Settings generic via filter on get_the_excerpt --><!-- AddThis Share Buttons generic via filter on get_the_excerpt --><\/p>","protected":false},"author":2,"featured_media":2106,"parent":0,"menu_order":0,"comment_status":"closed","ping_status":"closed","template":"","meta":{"footnotes":""},"class_list":["post-2104","page","type-page","status-publish","has-post-thumbnail",""],"yoast_head":"<!-- This site is optimized with the Yoast SEO plugin v25.7 - https:\/\/yoast.com\/wordpress\/plugins\/seo\/ -->\n<title>IU Provincia de Buenos Aires - Federaci\u00f3n de Izquierda Unida en el Exterior (IU Exterior)<\/title>\n<meta name=\"robots\" content=\"index, follow, max-snippet:-1, max-image-preview:large, max-video-preview:-1\" \/>\n<link rel=\"canonical\" href=\"http:\/\/iuexterior.org\/fr\/provinciabuenosaires\/\" \/>\n<meta property=\"og:locale\" content=\"fr_FR\" \/>\n<meta property=\"og:type\" content=\"article\" \/>\n<meta property=\"og:title\" content=\"IU Provincia de Buenos Aires - Federaci\u00f3n de Izquierda Unida en el Exterior (IU Exterior)\" \/>\n<meta property=\"og:description\" content=\"La asamblea de&nbsp;IU Buenos Aires&nbsp;se fund\u00f3 el&nbsp;31 de octubre de 2020 a iniciativa de un grupo de militantes y simpatizantes de&nbsp;IU Exterior&nbsp;residentes en el \u00e1rea metropolitana de la provincia de&nbsp;Buenos &hellip;\" \/>\n<meta property=\"og:url\" content=\"http:\/\/iuexterior.org\/fr\/provinciabuenosaires\/\" \/>\n<meta property=\"og:site_name\" content=\"Federaci\u00f3n de Izquierda Unida en el Exterior (IU Exterior)\" \/>\n<meta property=\"article:modified_time\" content=\"2025-11-04T10:21:36+00:00\" \/>\n<meta property=\"og:image\" content=\"http:\/\/iuexterior.org\/wp-content\/uploads\/2020\/11\/IU-Provincia-de-Buenos-Aires.png\" \/>\n\t<meta property=\"og:image:width\" content=\"660\" \/>\n\t<meta property=\"og:image:height\" content=\"330\" \/>\n\t<meta property=\"og:image:type\" content=\"image\/png\" \/>\n<meta name=\"twitter:card\" content=\"summary_large_image\" \/>\n<meta name=\"twitter:label1\" content=\"Dur\u00e9e de lecture estim\u00e9e\" \/>\n\t<meta name=\"twitter:data1\" content=\"1 minute\" \/>\n<script type=\"application\/ld+json\" class=\"yoast-schema-graph\">{\"@context\":\"https:\/\/schema.org\",\"@graph\":[{\"@type\":\"WebPage\",\"@id\":\"http:\/\/iuexterior.org\/de\/provinciabuenosaires\/\",\"url\":\"http:\/\/iuexterior.org\/de\/provinciabuenosaires\/\",\"name\":\"IU Provincia de Buenos Aires - Federaci\u00f3n de Izquierda Unida en el Exterior (IU Exterior)\",\"isPartOf\":{\"@id\":\"http:\/\/iuexterior.org\/de\/#website\"},\"primaryImageOfPage\":{\"@id\":\"http:\/\/iuexterior.org\/de\/provinciabuenosaires\/#primaryimage\"},\"image\":{\"@id\":\"http:\/\/iuexterior.org\/de\/provinciabuenosaires\/#primaryimage\"},\"thumbnailUrl\":\"http:\/\/iuexterior.org\/wp-content\/uploads\/2020\/11\/IU-Provincia-de-Buenos-Aires.png\",\"datePublished\":\"2020-11-03T08:33:31+00:00\",\"dateModified\":\"2025-11-04T10:21:36+00:00\",\"breadcrumb\":{\"@id\":\"http:\/\/iuexterior.org\/de\/provinciabuenosaires\/#breadcrumb\"},\"inLanguage\":\"fr-FR\",\"potentialAction\":[{\"@type\":\"ReadAction\",\"target\":[\"http:\/\/iuexterior.org\/de\/provinciabuenosaires\/\"]}]},{\"@type\":\"ImageObject\",\"inLanguage\":\"fr-FR\",\"@id\":\"http:\/\/iuexterior.org\/de\/provinciabuenosaires\/#primaryimage\",\"url\":\"http:\/\/iuexterior.org\/wp-content\/uploads\/2020\/11\/IU-Provincia-de-Buenos-Aires.png\",\"contentUrl\":\"http:\/\/iuexterior.org\/wp-content\/uploads\/2020\/11\/IU-Provincia-de-Buenos-Aires.png\",\"width\":660,\"height\":330},{\"@type\":\"BreadcrumbList\",\"@id\":\"http:\/\/iuexterior.org\/de\/provinciabuenosaires\/#breadcrumb\",\"itemListElement\":[{\"@type\":\"ListItem\",\"position\":1,\"name\":\"Portada\",\"item\":\"http:\/\/iuexterior.org\/de\/\"},{\"@type\":\"ListItem\",\"position\":2,\"name\":\"IU Provincia de Buenos Aires\"}]},{\"@type\":\"WebSite\",\"@id\":\"http:\/\/iuexterior.org\/de\/#website\",\"url\":\"http:\/\/iuexterior.org\/de\/\",\"name\":\"Federaci\u00f3n de Izquierda Unida en el Exterior (IU Exterior)\",\"description\":\"La federaci\u00f3n de IU para la ciudadan\u00eda espa\u00f1ola emigrada.\",\"potentialAction\":[{\"@type\":\"SearchAction\",\"target\":{\"@type\":\"EntryPoint\",\"urlTemplate\":\"http:\/\/iuexterior.org\/de\/?s={search_term_string}\"},\"query-input\":{\"@type\":\"PropertyValueSpecification\",\"valueRequired\":true,\"valueName\":\"search_term_string\"}}],\"inLanguage\":\"fr-FR\"}]}<\/script>\n<!-- \/ Yoast SEO plugin. -->","yoast_head_json":{"title":"IU Provincia de Buenos Aires - Federaci\u00f3n de Izquierda Unida en el Exterior (IU Exterior)","robots":{"index":"index","follow":"follow","max-snippet":"max-snippet:-1","max-image-preview":"max-image-preview:large","max-video-preview":"max-video-preview:-1"},"canonical":"http:\/\/iuexterior.org\/fr\/provinciabuenosaires\/","og_locale":"fr_FR","og_type":"article","og_title":"IU Provincia de Buenos Aires - Federaci\u00f3n de Izquierda Unida en el Exterior (IU Exterior)","og_description":"La asamblea de&nbsp;IU Buenos Aires&nbsp;se fund\u00f3 el&nbsp;31 de octubre de 2020 a iniciativa de un grupo de militantes y simpatizantes de&nbsp;IU Exterior&nbsp;residentes en el \u00e1rea metropolitana de la provincia de&nbsp;Buenos &hellip;","og_url":"http:\/\/iuexterior.org\/fr\/provinciabuenosaires\/","og_site_name":"Federaci\u00f3n de Izquierda Unida en el Exterior (IU Exterior)","article_modified_time":"2025-11-04T10:21:36+00:00","og_image":[{"width":660,"height":330,"url":"http:\/\/iuexterior.org\/wp-content\/uploads\/2020\/11\/IU-Provincia-de-Buenos-Aires.png","type":"image\/png"}],"twitter_card":"summary_large_image","twitter_misc":{"Dur\u00e9e de lecture estim\u00e9e":"1 minute"},"schema":{"@context":"https:\/\/schema.org","@graph":[{"@type":"WebPage","@id":"http:\/\/iuexterior.org\/de\/provinciabuenosaires\/","url":"http:\/\/iuexterior.org\/de\/provinciabuenosaires\/","name":"IU Provincia de Buenos Aires - Federaci\u00f3n de Izquierda Unida en el Exterior (IU Exterior)","isPartOf":{"@id":"http:\/\/iuexterior.org\/de\/#website"},"primaryImageOfPage":{"@id":"http:\/\/iuexterior.org\/de\/provinciabuenosaires\/#primaryimage"},"image":{"@id":"http:\/\/iuexterior.org\/de\/provinciabuenosaires\/#primaryimage"},"thumbnailUrl":"http:\/\/iuexterior.org\/wp-content\/uploads\/2020\/11\/IU-Provincia-de-Buenos-Aires.png","datePublished":"2020-11-03T08:33:31+00:00","dateModified":"2025-11-04T10:21:36+00:00","breadcrumb":{"@id":"http:\/\/iuexterior.org\/de\/provinciabuenosaires\/#breadcrumb"},"inLanguage":"fr-FR","potentialAction":[{"@type":"ReadAction","target":["http:\/\/iuexterior.org\/de\/provinciabuenosaires\/"]}]},{"@type":"ImageObject","inLanguage":"fr-FR","@id":"http:\/\/iuexterior.org\/de\/provinciabuenosaires\/#primaryimage","url":"http:\/\/iuexterior.org\/wp-content\/uploads\/2020\/11\/IU-Provincia-de-Buenos-Aires.png","contentUrl":"http:\/\/iuexterior.org\/wp-content\/uploads\/2020\/11\/IU-Provincia-de-Buenos-Aires.png","width":660,"height":330},{"@type":"BreadcrumbList","@id":"http:\/\/iuexterior.org\/de\/provinciabuenosaires\/#breadcrumb","itemListElement":[{"@type":"ListItem","position":1,"name":"Portada","item":"http:\/\/iuexterior.org\/de\/"},{"@type":"ListItem","position":2,"name":"IU Provincia de Buenos Aires"}]},{"@type":"WebSite","@id":"http:\/\/iuexterior.org\/de\/#website","url":"http:\/\/iuexterior.org\/de\/","name":"Federaci\u00f3n de Izquierda Unida en el Exterior (IU Exterior)","description":"La federaci\u00f3n de IU para la ciudadan\u00eda espa\u00f1ola emigrada.","potentialAction":[{"@type":"SearchAction","target":{"@type":"EntryPoint","urlTemplate":"http:\/\/iuexterior.org\/de\/?s={search_term_string}"},"query-input":{"@type":"PropertyValueSpecification","valueRequired":true,"valueName":"search_term_string"}}],"inLanguage":"fr-FR"}]}},"_links":{"self":[{"href":"http:\/\/iuexterior.org\/fr\/wp-json\/wp\/v2\/pages\/2104","targetHints":{"allow":["GET"]}}],"collection":[{"href":"http:\/\/iuexterior.org\/fr\/wp-json\/wp\/v2\/pages"}],"about":[{"href":"http:\/\/iuexterior.org\/fr\/wp-json\/wp\/v2\/types\/page"}],"author":[{"embeddable":true,"href":"http:\/\/iuexterior.org\/fr\/wp-json\/wp\/v2\/users\/2"}],"replies":[{"embeddable":true,"href":"http:\/\/iuexterior.org\/fr\/wp-json\/wp\/v2\/comments?post=2104"}],"version-history":[{"count":0,"href":"http:\/\/iuexterior.org\/fr\/wp-json\/wp\/v2\/pages\/2104\/revisions"}],"wp:featuredmedia":[{"embeddable":true,"href":"http:\/\/iuexterior.org\/fr\/wp-json\/wp\/v2\/media\/2106"}],"wp:attachment":[{"href":"http:\/\/iuexterior.org\/fr\/wp-json\/wp\/v2\/media?parent=2104"}],"curies":[{"name":"wp","href":"https:\/\/api.w.org\/{rel}","templated":true}]}}