{"id":2098,"date":"2020-11-01T13:12:12","date_gmt":"2020-11-01T12:12:12","guid":{"rendered":"http:\/\/iuexterior.org\/?page_id=2098"},"modified":"2025-11-04T11:25:41","modified_gmt":"2025-11-04T10:25:41","slug":"zurich","status":"publish","type":"page","link":"http:\/\/iuexterior.org\/fr\/zurich\/","title":{"rendered":"IU Z\u00farich"},"content":{"rendered":"<p>La asamblea de <strong>IU Z\u00farich<\/strong> se refund\u00f3 el <strong><a href=\"https:\/\/twitter.com\/IUExterior\/status\/967337434995359744\" target=\"_blank\" rel=\"noreferrer noopener\">24 de febrero de 2018<\/a><\/strong>, unos meses despu\u00e9s de la&nbsp;<a href=\"http:\/\/iuexterior.org\/fr\/i-asamblea-de-iu-exterior\/\" target=\"_blank\" rel=\"noreferrer noopener\">I Asemblea de IU Exterior<\/a>.&nbsp;Hasta entonces, ven\u00edan trabajando como parte de la extinta federaci\u00f3n de IU Suiza.<\/p>\n\n\n\n<blockquote class=\"twitter-tweet\"><p lang=\"es\" dir=\"ltr\">Aunque nunca han dejado de funcionar como asamblea, las compas de <a href=\"https:\/\/twitter.com\/IUZurich?ref_src=twsrc%5Etfw\">@IUZurich<\/a> celebraron ayer su asamblea de vuelta y ya forman parte de IU Exterior oficialmente. <br><br>\u00a1Bienvenidas! &#x270a; <a href=\"https:\/\/t.co\/GpUh7aTJlH\">pic.twitter.com\/GpUh7aTJlH<\/a><\/p>&mdash; IU Exterior&#x1f53b; (@IUExterior) <a href=\"https:\/\/twitter.com\/IUExterior\/status\/967337434995359744?ref_src=twsrc%5Etfw\">February 24, 2018<\/a><\/blockquote> <script async src=\"https:\/\/platform.twitter.com\/widgets.js\" charset=\"utf-8\"><\/script>\n\n\n\n<p>Su <strong>Coordinadora Local<\/strong> est\u00e1 compuesta por:<\/p>\n\n\n\n<ul class=\"wp-block-list\">\n<li><strong>Coordinaci\u00f3n<\/strong>: Manuel Joglar<\/li>\n\n\n\n<li><strong>Organisation<\/strong>: Pedro Castro<\/li>\n\n\n\n<li><strong>Responsable del local y Feminismo<\/strong>: Cuqui Cueto<\/li>\n<\/ul>\n\n\n\n<p>Puedes contactar con&nbsp;<strong>IU Z\u00farich <\/strong>a trav\u00e9s del correo&nbsp;<a href=\"mailto:zurich@iuexterior.org\" target=\"_blank\" rel=\"noreferrer noopener\">zurich@iuexterior.org<\/a>&nbsp;y de sus perfiles en&nbsp;<strong><a href=\"https:\/\/www.facebook.com\/IUZurich\" target=\"_blank\" rel=\"noreferrer noopener\">Facebook<\/a><\/strong> y&nbsp;<strong><a href=\"https:\/\/twitter.com\/IUZurich\" target=\"_blank\" rel=\"noreferrer noopener\">Twitter<\/a><\/strong>.<\/p>\n\n\n\n<ul class=\"wp-block-social-links is-layout-flex wp-block-social-links-is-layout-flex\">\n\n<li class=\"wp-social-link wp-social-link-facebook  wp-block-social-link\"><a href=\"https:\/\/facebook.com\/iuzurich\" class=\"wp-block-social-link-anchor\"><svg width=\"24\" height=\"24\" viewbox=\"0 0 24 24\" version=\"1.1\" xmlns=\"http:\/\/www.w3.org\/2000\/svg\" aria-hidden=\"true\" focusable=\"false\"><path d=\"M12 2C6.5 2 2 6.5 2 12c0 5 3.7 9.1 8.4 9.9v-7H7.9V12h2.5V9.8c0-2.5 1.5-3.9 3.8-3.9 1.1 0 2.2.2 2.2.2v2.5h-1.3c-1.2 0-1.6.8-1.6 1.6V12h2.8l-.4 2.9h-2.3v7C18.3 21.1 22 17 22 12c0-5.5-4.5-10-10-10z\"><\/path><\/svg><span class=\"wp-block-social-link-label screen-reader-text\">Facebook<\/span><\/a><\/li>\n\n<li class=\"wp-social-link wp-social-link-twitter  wp-block-social-link\"><a href=\"https:\/\/twitter.com\/iuzurich\" class=\"wp-block-social-link-anchor\"><svg width=\"24\" height=\"24\" viewbox=\"0 0 24 24\" version=\"1.1\" xmlns=\"http:\/\/www.w3.org\/2000\/svg\" aria-hidden=\"true\" focusable=\"false\"><path d=\"M22.23,5.924c-0.736,0.326-1.527,0.547-2.357,0.646c0.847-0.508,1.498-1.312,1.804-2.27 c-0.793,0.47-1.671,0.812-2.606,0.996C18.324,4.498,17.257,4,16.077,4c-2.266,0-4.103,1.837-4.103,4.103 c0,0.322,0.036,0.635,0.106,0.935C8.67,8.867,5.647,7.234,3.623,4.751C3.27,5.357,3.067,6.062,3.067,6.814 c0,1.424,0.724,2.679,1.825,3.415c-0.673-0.021-1.305-0.206-1.859-0.513c0,0.017,0,0.034,0,0.052c0,1.988,1.414,3.647,3.292,4.023 c-0.344,0.094-0.707,0.144-1.081,0.144c-0.264,0-0.521-0.026-0.772-0.074c0.522,1.63,2.038,2.816,3.833,2.85 c-1.404,1.1-3.174,1.756-5.096,1.756c-0.331,0-0.658-0.019-0.979-0.057c1.816,1.164,3.973,1.843,6.29,1.843 c7.547,0,11.675-6.252,11.675-11.675c0-0.178-0.004-0.355-0.012-0.531C20.985,7.47,21.68,6.747,22.23,5.924z\"><\/path><\/svg><span class=\"wp-block-social-link-label screen-reader-text\">Twitter<\/span><\/a><\/li>\n\n\n\n\n\n<\/ul>\n\n\n\n<h3 class=\"wp-block-heading\">Noticias de IU Z\u00farich<\/h3>\n\n\n<ul class=\"wp-block-latest-posts__list is-grid columns-3 wp-block-latest-posts\"><li><div class=\"wp-block-latest-posts__featured-image\"><img loading=\"lazy\" decoding=\"async\" width=\"300\" height=\"178\" src=\"http:\/\/iuexterior.org\/wp-content\/uploads\/2025\/12\/G68WC2JXIAAwS62-300x178.jpeg\" class=\"attachment-medium size-medium wp-post-image\" alt=\"\" style=\"\" srcset=\"http:\/\/iuexterior.org\/wp-content\/uploads\/2025\/12\/G68WC2JXIAAwS62-300x178.jpeg 300w, http:\/\/iuexterior.org\/wp-content\/uploads\/2025\/12\/G68WC2JXIAAwS62-1024x606.jpeg 1024w, http:\/\/iuexterior.org\/wp-content\/uploads\/2025\/12\/G68WC2JXIAAwS62-768x455.jpeg 768w, http:\/\/iuexterior.org\/wp-content\/uploads\/2025\/12\/G68WC2JXIAAwS62-1536x909.jpeg 1536w, http:\/\/iuexterior.org\/wp-content\/uploads\/2025\/12\/G68WC2JXIAAwS62-18x12.jpeg 18w, http:\/\/iuexterior.org\/wp-content\/uploads\/2025\/12\/G68WC2JXIAAwS62.jpeg 2047w\" sizes=\"auto, (max-width: 300px) 100vw, 300px\" \/><\/div><a class=\"wp-block-latest-posts__post-title\" href=\"http:\/\/iuexterior.org\/fr\/2025\/12\/04\/izquierda-unida-exterior-celebra-su-iii-asamblea-y-reelige-a-luis-cortes-como-coordinador\/\">Izquierda Unida Exterior celebra su III Asamblea y reelige a Luis Cort\u00e9s como coordinador<\/a><\/li>\n<li><div class=\"wp-block-latest-posts__featured-image\"><img loading=\"lazy\" decoding=\"async\" width=\"300\" height=\"204\" src=\"http:\/\/iuexterior.org\/wp-content\/uploads\/2025\/05\/escuela-iuexterior-2025-a-e1762251741761-300x204.png\" class=\"attachment-medium size-medium wp-post-image\" alt=\"\" style=\"\" srcset=\"http:\/\/iuexterior.org\/wp-content\/uploads\/2025\/05\/escuela-iuexterior-2025-a-e1762251741761-300x204.png 300w, http:\/\/iuexterior.org\/wp-content\/uploads\/2025\/05\/escuela-iuexterior-2025-a-e1762251741761-18x12.png 18w, http:\/\/iuexterior.org\/wp-content\/uploads\/2025\/05\/escuela-iuexterior-2025-a-e1762251741761-110x75.png 110w, http:\/\/iuexterior.org\/wp-content\/uploads\/2025\/05\/escuela-iuexterior-2025-a-e1762251741761.png 620w\" sizes=\"auto, (max-width: 300px) 100vw, 300px\" \/><\/div><a class=\"wp-block-latest-posts__post-title\" href=\"http:\/\/iuexterior.org\/fr\/2025\/05\/05\/ii-escuela-de-primavera-de-iu-exterior-en-berlin\/\">II Escuela de Primavera de IU Exterior en Berl\u00edn<\/a><\/li>\n<li><div class=\"wp-block-latest-posts__featured-image\"><img loading=\"lazy\" decoding=\"async\" width=\"300\" height=\"169\" src=\"http:\/\/iuexterior.org\/wp-content\/uploads\/2020\/01\/IU-Global-300x169.png\" class=\"attachment-medium size-medium wp-post-image\" alt=\"\" style=\"\" srcset=\"http:\/\/iuexterior.org\/wp-content\/uploads\/2020\/01\/IU-Global-300x169.png 300w, http:\/\/iuexterior.org\/wp-content\/uploads\/2020\/01\/IU-Global-1024x576.png 1024w, http:\/\/iuexterior.org\/wp-content\/uploads\/2020\/01\/IU-Global-768x432.png 768w, http:\/\/iuexterior.org\/wp-content\/uploads\/2020\/01\/IU-Global-1536x864.png 1536w, http:\/\/iuexterior.org\/wp-content\/uploads\/2020\/01\/IU-Global.png 1920w\" sizes=\"auto, (max-width: 300px) 100vw, 300px\" \/><\/div><a class=\"wp-block-latest-posts__post-title\" href=\"http:\/\/iuexterior.org\/fr\/2020\/11\/12\/la-emigracion-participa-en-el-proceso-de-debate-hacia-la-xii-asamblea-de-iu\/\">La emigraci\u00f3n participa en el proceso de debate hacia la XII Asamblea de IU<\/a><\/li>\n<li><div class=\"wp-block-latest-posts__featured-image\"><img loading=\"lazy\" decoding=\"async\" width=\"300\" height=\"300\" src=\"http:\/\/iuexterior.org\/wp-content\/uploads\/2020\/03\/photo5985780424925884967-300x300.jpg\" class=\"attachment-medium size-medium wp-post-image\" alt=\"\" style=\"\" srcset=\"http:\/\/iuexterior.org\/wp-content\/uploads\/2020\/03\/photo5985780424925884967-300x300.jpg 300w, http:\/\/iuexterior.org\/wp-content\/uploads\/2020\/03\/photo5985780424925884967.jpg 1024w, http:\/\/iuexterior.org\/wp-content\/uploads\/2020\/03\/photo5985780424925884967-150x150.jpg 150w, http:\/\/iuexterior.org\/wp-content\/uploads\/2020\/03\/photo5985780424925884967-768x768.jpg 768w\" sizes=\"auto, (max-width: 300px) 100vw, 300px\" \/><\/div><a class=\"wp-block-latest-posts__post-title\" href=\"http:\/\/iuexterior.org\/fr\/2020\/03\/06\/iu-exterior-se-suma-a-las-movilizaciones-del-8m-desde-ciudades-como-berlin-bruselas-dublin-leipzig-luxemburgo-toulouse-o-zurich\/\">IU Exterior se suma a las movilizaciones del 8M desde ciudades como Berl\u00edn, Bruselas, Dubl\u00edn, Leipzig, Luxemburgo, Toulouse o Z\u00farich<\/a><\/li>\n<li><div class=\"wp-block-latest-posts__featured-image\"><img loading=\"lazy\" decoding=\"async\" width=\"300\" height=\"169\" src=\"http:\/\/iuexterior.org\/wp-content\/uploads\/2019\/10\/Cartela-IU-v\u00eddeos-300x169.png\" class=\"attachment-medium size-medium wp-post-image\" alt=\"\" style=\"\" srcset=\"http:\/\/iuexterior.org\/wp-content\/uploads\/2019\/10\/Cartela-IU-v\u00eddeos-300x169.png 300w, http:\/\/iuexterior.org\/wp-content\/uploads\/2019\/10\/Cartela-IU-v\u00eddeos-768x432.png 768w, http:\/\/iuexterior.org\/wp-content\/uploads\/2019\/10\/Cartela-IU-v\u00eddeos-1024x576.png 1024w, http:\/\/iuexterior.org\/wp-content\/uploads\/2019\/10\/Cartela-IU-v\u00eddeos.png 1280w\" sizes=\"auto, (max-width: 300px) 100vw, 300px\" \/><\/div><a class=\"wp-block-latest-posts__post-title\" href=\"http:\/\/iuexterior.org\/fr\/2019\/10\/18\/iu-zurich-celebra-un-encuentro-con-el-economista-carlos-sanchez-mato\/\">IU Z\u00farich celebra un encuentro con el economista Carlos S\u00e1nchez Mato<\/a><\/li>\n<li><div class=\"wp-block-latest-posts__featured-image\"><img loading=\"lazy\" decoding=\"async\" width=\"300\" height=\"169\" src=\"http:\/\/iuexterior.org\/wp-content\/uploads\/2018\/09\/Collage-DaelpasoaIU-300x169.jpg\" class=\"attachment-medium size-medium wp-post-image\" alt=\"\" style=\"\" srcset=\"http:\/\/iuexterior.org\/wp-content\/uploads\/2018\/09\/Collage-DaelpasoaIU-300x169.jpg 300w, http:\/\/iuexterior.org\/wp-content\/uploads\/2018\/09\/Collage-DaelpasoaIU-768x432.jpg 768w, http:\/\/iuexterior.org\/wp-content\/uploads\/2018\/09\/Collage-DaelpasoaIU-1024x576.jpg 1024w, http:\/\/iuexterior.org\/wp-content\/uploads\/2018\/09\/Collage-DaelpasoaIU.jpg 1920w\" sizes=\"auto, (max-width: 300px) 100vw, 300px\" \/><\/div><a class=\"wp-block-latest-posts__post-title\" href=\"http:\/\/iuexterior.org\/fr\/2018\/09\/15\/daelpasoaiu-defiende-tus-derechos-con-iu-exterior\/\">#DaelpasoaIU: defiende tus derechos desde la emigraci\u00f3n con IU Exterior<\/a><\/li>\n<\/ul>\n\n\n<h3 class=\"wp-block-heading\"><a href=\"http:\/\/facebook.com\/iubuenosaires\"><\/a><a href=\"http:\/\/twitter.com\/iubuenosaires\"><\/a><\/h3>\n\n\n\n<p><a href=\"http:\/\/instagram.com\/iubuenosaires\"><\/a><\/p>\n<!-- AddThis Advanced Settings generic via filter on the_content --><!-- AddThis Share Buttons generic via filter on the_content -->","protected":false},"excerpt":{"rendered":"<p>La asamblea de IU Z\u00farich se refund\u00f3 el 24 de febrero de 2018, unos meses despu\u00e9s de la&nbsp;I Asamblea de IU Exterior.&nbsp;Hasta entonces, ven\u00edan trabajando como parte de la extinta &hellip;<!-- AddThis Advanced Settings generic via filter on get_the_excerpt --><!-- AddThis Share Buttons generic via filter on get_the_excerpt --><\/p>","protected":false},"author":2,"featured_media":2099,"parent":0,"menu_order":0,"comment_status":"closed","ping_status":"closed","template":"","meta":{"footnotes":""},"class_list":["post-2098","page","type-page","status-publish","has-post-thumbnail",""],"yoast_head":"<!-- This site is optimized with the Yoast SEO plugin v25.7 - https:\/\/yoast.com\/wordpress\/plugins\/seo\/ -->\n<title>IU Z\u00farich - Federaci\u00f3n de Izquierda Unida en el Exterior (IU Exterior)<\/title>\n<meta name=\"robots\" content=\"index, follow, max-snippet:-1, max-image-preview:large, max-video-preview:-1\" \/>\n<link rel=\"canonical\" href=\"http:\/\/iuexterior.org\/fr\/zurich\/\" \/>\n<meta property=\"og:locale\" content=\"fr_FR\" \/>\n<meta property=\"og:type\" content=\"article\" \/>\n<meta property=\"og:title\" content=\"IU Z\u00farich - Federaci\u00f3n de Izquierda Unida en el Exterior (IU Exterior)\" \/>\n<meta property=\"og:description\" content=\"La asamblea de IU Z\u00farich se refund\u00f3 el 24 de febrero de 2018, unos meses despu\u00e9s de la&nbsp;I Asamblea de IU Exterior.&nbsp;Hasta entonces, ven\u00edan trabajando como parte de la extinta &hellip;\" \/>\n<meta property=\"og:url\" content=\"http:\/\/iuexterior.org\/fr\/zurich\/\" \/>\n<meta property=\"og:site_name\" content=\"Federaci\u00f3n de Izquierda Unida en el Exterior (IU Exterior)\" \/>\n<meta property=\"article:modified_time\" content=\"2025-11-04T10:25:41+00:00\" \/>\n<meta property=\"og:image\" content=\"http:\/\/iuexterior.org\/wp-content\/uploads\/2020\/11\/DWysQuRWsAAMXHA.jpg\" \/>\n\t<meta property=\"og:image:width\" content=\"798\" \/>\n\t<meta property=\"og:image:height\" content=\"448\" \/>\n\t<meta property=\"og:image:type\" content=\"image\/jpeg\" \/>\n<meta name=\"twitter:card\" content=\"summary_large_image\" \/>\n<meta name=\"twitter:label1\" content=\"Dur\u00e9e de lecture estim\u00e9e\" \/>\n\t<meta name=\"twitter:data1\" content=\"1 minute\" \/>\n<script type=\"application\/ld+json\" class=\"yoast-schema-graph\">{\"@context\":\"https:\/\/schema.org\",\"@graph\":[{\"@type\":\"WebPage\",\"@id\":\"http:\/\/iuexterior.org\/de\/zurich\/\",\"url\":\"http:\/\/iuexterior.org\/de\/zurich\/\",\"name\":\"IU Z\u00farich - Federaci\u00f3n de Izquierda Unida en el Exterior (IU Exterior)\",\"isPartOf\":{\"@id\":\"http:\/\/iuexterior.org\/de\/#website\"},\"primaryImageOfPage\":{\"@id\":\"http:\/\/iuexterior.org\/de\/zurich\/#primaryimage\"},\"image\":{\"@id\":\"http:\/\/iuexterior.org\/de\/zurich\/#primaryimage\"},\"thumbnailUrl\":\"http:\/\/iuexterior.org\/wp-content\/uploads\/2020\/11\/DWysQuRWsAAMXHA.jpg\",\"datePublished\":\"2020-11-01T12:12:12+00:00\",\"dateModified\":\"2025-11-04T10:25:41+00:00\",\"breadcrumb\":{\"@id\":\"http:\/\/iuexterior.org\/de\/zurich\/#breadcrumb\"},\"inLanguage\":\"fr-FR\",\"potentialAction\":[{\"@type\":\"ReadAction\",\"target\":[\"http:\/\/iuexterior.org\/de\/zurich\/\"]}]},{\"@type\":\"ImageObject\",\"inLanguage\":\"fr-FR\",\"@id\":\"http:\/\/iuexterior.org\/de\/zurich\/#primaryimage\",\"url\":\"http:\/\/iuexterior.org\/wp-content\/uploads\/2020\/11\/DWysQuRWsAAMXHA.jpg\",\"contentUrl\":\"http:\/\/iuexterior.org\/wp-content\/uploads\/2020\/11\/DWysQuRWsAAMXHA.jpg\",\"width\":798,\"height\":448},{\"@type\":\"BreadcrumbList\",\"@id\":\"http:\/\/iuexterior.org\/de\/zurich\/#breadcrumb\",\"itemListElement\":[{\"@type\":\"ListItem\",\"position\":1,\"name\":\"Portada\",\"item\":\"http:\/\/iuexterior.org\/de\/\"},{\"@type\":\"ListItem\",\"position\":2,\"name\":\"IU Z\u00farich\"}]},{\"@type\":\"WebSite\",\"@id\":\"http:\/\/iuexterior.org\/de\/#website\",\"url\":\"http:\/\/iuexterior.org\/de\/\",\"name\":\"Federaci\u00f3n de Izquierda Unida en el Exterior (IU Exterior)\",\"description\":\"La federaci\u00f3n de IU para la ciudadan\u00eda espa\u00f1ola emigrada.\",\"potentialAction\":[{\"@type\":\"SearchAction\",\"target\":{\"@type\":\"EntryPoint\",\"urlTemplate\":\"http:\/\/iuexterior.org\/de\/?s={search_term_string}\"},\"query-input\":{\"@type\":\"PropertyValueSpecification\",\"valueRequired\":true,\"valueName\":\"search_term_string\"}}],\"inLanguage\":\"fr-FR\"}]}<\/script>\n<!-- \/ Yoast SEO plugin. -->","yoast_head_json":{"title":"IU Z\u00farich - Federaci\u00f3n de Izquierda Unida en el Exterior (IU Exterior)","robots":{"index":"index","follow":"follow","max-snippet":"max-snippet:-1","max-image-preview":"max-image-preview:large","max-video-preview":"max-video-preview:-1"},"canonical":"http:\/\/iuexterior.org\/fr\/zurich\/","og_locale":"fr_FR","og_type":"article","og_title":"IU Z\u00farich - Federaci\u00f3n de Izquierda Unida en el Exterior (IU Exterior)","og_description":"La asamblea de IU Z\u00farich se refund\u00f3 el 24 de febrero de 2018, unos meses despu\u00e9s de la&nbsp;I Asamblea de IU Exterior.&nbsp;Hasta entonces, ven\u00edan trabajando como parte de la extinta &hellip;","og_url":"http:\/\/iuexterior.org\/fr\/zurich\/","og_site_name":"Federaci\u00f3n de Izquierda Unida en el Exterior (IU Exterior)","article_modified_time":"2025-11-04T10:25:41+00:00","og_image":[{"width":798,"height":448,"url":"http:\/\/iuexterior.org\/wp-content\/uploads\/2020\/11\/DWysQuRWsAAMXHA.jpg","type":"image\/jpeg"}],"twitter_card":"summary_large_image","twitter_misc":{"Dur\u00e9e de lecture estim\u00e9e":"1 minute"},"schema":{"@context":"https:\/\/schema.org","@graph":[{"@type":"WebPage","@id":"http:\/\/iuexterior.org\/de\/zurich\/","url":"http:\/\/iuexterior.org\/de\/zurich\/","name":"IU Z\u00farich - Federaci\u00f3n de Izquierda Unida en el Exterior (IU Exterior)","isPartOf":{"@id":"http:\/\/iuexterior.org\/de\/#website"},"primaryImageOfPage":{"@id":"http:\/\/iuexterior.org\/de\/zurich\/#primaryimage"},"image":{"@id":"http:\/\/iuexterior.org\/de\/zurich\/#primaryimage"},"thumbnailUrl":"http:\/\/iuexterior.org\/wp-content\/uploads\/2020\/11\/DWysQuRWsAAMXHA.jpg","datePublished":"2020-11-01T12:12:12+00:00","dateModified":"2025-11-04T10:25:41+00:00","breadcrumb":{"@id":"http:\/\/iuexterior.org\/de\/zurich\/#breadcrumb"},"inLanguage":"fr-FR","potentialAction":[{"@type":"ReadAction","target":["http:\/\/iuexterior.org\/de\/zurich\/"]}]},{"@type":"ImageObject","inLanguage":"fr-FR","@id":"http:\/\/iuexterior.org\/de\/zurich\/#primaryimage","url":"http:\/\/iuexterior.org\/wp-content\/uploads\/2020\/11\/DWysQuRWsAAMXHA.jpg","contentUrl":"http:\/\/iuexterior.org\/wp-content\/uploads\/2020\/11\/DWysQuRWsAAMXHA.jpg","width":798,"height":448},{"@type":"BreadcrumbList","@id":"http:\/\/iuexterior.org\/de\/zurich\/#breadcrumb","itemListElement":[{"@type":"ListItem","position":1,"name":"Portada","item":"http:\/\/iuexterior.org\/de\/"},{"@type":"ListItem","position":2,"name":"IU Z\u00farich"}]},{"@type":"WebSite","@id":"http:\/\/iuexterior.org\/de\/#website","url":"http:\/\/iuexterior.org\/de\/","name":"Federaci\u00f3n de Izquierda Unida en el Exterior (IU Exterior)","description":"La federaci\u00f3n de IU para la ciudadan\u00eda espa\u00f1ola emigrada.","potentialAction":[{"@type":"SearchAction","target":{"@type":"EntryPoint","urlTemplate":"http:\/\/iuexterior.org\/de\/?s={search_term_string}"},"query-input":{"@type":"PropertyValueSpecification","valueRequired":true,"valueName":"search_term_string"}}],"inLanguage":"fr-FR"}]}},"_links":{"self":[{"href":"http:\/\/iuexterior.org\/fr\/wp-json\/wp\/v2\/pages\/2098","targetHints":{"allow":["GET"]}}],"collection":[{"href":"http:\/\/iuexterior.org\/fr\/wp-json\/wp\/v2\/pages"}],"about":[{"href":"http:\/\/iuexterior.org\/fr\/wp-json\/wp\/v2\/types\/page"}],"author":[{"embeddable":true,"href":"http:\/\/iuexterior.org\/fr\/wp-json\/wp\/v2\/users\/2"}],"replies":[{"embeddable":true,"href":"http:\/\/iuexterior.org\/fr\/wp-json\/wp\/v2\/comments?post=2098"}],"version-history":[{"count":0,"href":"http:\/\/iuexterior.org\/fr\/wp-json\/wp\/v2\/pages\/2098\/revisions"}],"wp:featuredmedia":[{"embeddable":true,"href":"http:\/\/iuexterior.org\/fr\/wp-json\/wp\/v2\/media\/2099"}],"wp:attachment":[{"href":"http:\/\/iuexterior.org\/fr\/wp-json\/wp\/v2\/media?parent=2098"}],"curies":[{"name":"wp","href":"https:\/\/api.w.org\/{rel}","templated":true}]}}