{"id":2005,"date":"2020-09-22T13:21:48","date_gmt":"2020-09-22T11:21:48","guid":{"rendered":"http:\/\/iuexterior.org\/?page_id=2005"},"modified":"2022-02-07T19:55:22","modified_gmt":"2022-02-07T18:55:22","slug":"afiliacion","status":"publish","type":"page","link":"http:\/\/iuexterior.org\/fr\/afiliacion\/","title":{"rendered":"Adh\u00e9sion"},"content":{"rendered":"<blockquote class=\"wp-block-quote is-layout-flow wp-block-quote-is-layout-flow\"><p class=\"translation-block\"><em>\u00ab\"\u00c0 quoi ressemblerait notre monde sans militants? Comment serait-elle la condition humaine s'il n'y avait pas des militants? Non parce que les militants sont parfaits, ou parce qu'ils ont toujours raison, ou parce qu'ils sont des surhommes et ils ne font pas d'erreurs... Non, il ne s'agit pas de \u00e7a. La raison est que le militant ne s'applique pas le \"Chaqu'un pour soit\", il se laisse la peau dans la poursuite de ses r\u00eaves. Car, apr\u00e8s tout, le progr\u00e8s de la condition humaine exige in\u00e9vitablement qu'il y ait des gens qui se sentent profond\u00e9ment heureux de passer leur vie au service du progr\u00e8s de l'\u00eatre humain. Parce qu'\u00eatre militant, ce n'est pas porter une croix, des sacrifices,  c'est vivre la gloire int\u00e9rieure du combat pour la libert\u00e9 au sens transcendant. \"  \u2013\u00a0<strong>Pepe M\u00fajica Cordano<\/strong>, ancien pr\u00e9sident de la R\u00e9publique d'Uruguay\n<\/em><\/p><\/blockquote>\n\n\n\n<p class=\"translation-block\">\u00c0<strong>IU (Izquierda Unida \/Gauche Unie)<\/strong>\u00a0il y a deux niveaux diff\u00e9rents de militantisme: sympathisants et affili\u00e9e ou affili\u00e9.\n. Dans les deux cas, pour vous inscrire <strong><span class=\"has-inline-color has-vivid-red-color\">ous devez entrer un code postal sp\u00e9cifique <\/span><\/strong> pour l'ext\u00e9rieur dans le formulaire d'inscription :<\/p>\n\n\n\n<ul class=\"wp-block-list\"><li>&#x1f1e7;&#x1f1ea; Bruselas \u2013 53002<\/li><li>&#x1f1eb;&#x1f1f7; Toulouse \u2013 53001<\/li><li>&#x1f1eb;&#x1f1f7; Lyon \u2013 53030<\/li><li>&#x1f1e9;&#x1f1ea; Berl\u00edn \u2013 53004<\/li><li>&#x1f1e9;&#x1f1ea; Frankfurt \u2013 53005<\/li><li>\ud83c\uddf1\ud83c\uddfa Luxembourg \u2013 53999<\/li><li>&#x1f1e8;&#x1f1ed; Z\u00farich \u2013 53039<\/li><li>&#x1f5fa; Resto del mundo \u2013 53040<\/li><\/ul>\n\n\n\n<h3 class=\"wp-block-heading\" id=\"titulo_afiliacion\">Sympathisants<\/h3>\n\n\n\n<p class=\"translation-block\">En tant que supporter, vous aurez le droit d'acc\u00e9der aux informations sur les activit\u00e9s, les positions et les propositions d\u00a0<strong>Izquierda Unida<\/strong> ainsi que de participer aux r\u00e9unions convoqu\u00e9es et dans les domaines de l'\u00e9laboration collective, des r\u00e9seaux militants et des assembl\u00e9es ouvertes. En outre, vous pouvez \u00e9galement voter dans certains processus internes de l'organisation, comme lors des primaires pour dresser les listes \u00e9lectorales ou dans les r\u00e9f\u00e9rendums pour d\u00e9cider de la politique d'alliances \u00e9lectorales. La liste compl\u00e8te des droits et devoirs du supporter est d\u00e9crite \u00e0 l'article 31 des Statuts d'<a href=\"http:\/\/izquierdaunida.org\/estatutos\/\" target=\"_self\" rel=\"noreferrer noopener\"><strong>Izquierda Unida<\/strong>.<\/p>\n\n\n\n<p class=\"translation-block\"><strong>La condition de sympathisant n\u00e9cessite d'\u00eatre \u00e2g\u00e9 de plus de 16 ans et n'entra\u00eene aucune d\u00e9pense financi\u00e8re sous forme de cotisation.<\/strong>.Si tu souhaites devenir supporter, tu peux le faire en te rendant \u00e0 l'assembl\u00e9e de base d' <strong>Izquierda Unida<\/strong>la plus proche ou, si tu le pr\u00e9f\u00e8res, tu peux \u00e9galement faire la demande en ligne en remplissant le formulaire sur le lien ici:<\/p>\n\n\n\n<figure class=\"wp-block-pullquote is-style-solid-color\"><blockquote><p><a href=\"https:\/\/militancia.izquierdaunida.org\/alta_simpatizante\" target=\"_blank\" rel=\"noreferrer noopener\"><strong>Formulaire d'inscription des sympathisants<\/strong><\/a><\/p><\/blockquote><\/figure>\n\n\n\n<p class=\"translation-block\">Si tu veux nous poser des questions, n'h\u00e9sites pas \u00e0 nous \u00e9crire \u00e0<a href=\"mailto:simpatizantes@izquierdaunida.org\" target=\"_self\" rel=\"noreferrer noopener\">exterior@izquierdaunida.org<\/a><\/p>\n\n\n\n<hr class=\"wp-block-separator\"\/>\n\n\n\n<h3 class=\"wp-block-heading\">Affili\u00e9es et affili\u00e9s<\/h3>\n\n\n\n<p class=\"translation-block\">L'adh\u00e9sion vous accorde un niveau de pleine participation, acqu\u00e9rant un engagement \u00e0 l'activit\u00e9 dans l'organisation ajust\u00e9e \u00e0 votre volont\u00e9, possibilit\u00e9s et disponibilit\u00e9. La liste compl\u00e8te des droits et devoirs des affili\u00e9s et affili\u00e9s est d\u00e9crite \u00e0 l'article 13 des Statuts d'\u00a0<a href=\"http:\/\/izquierdaunida.org\/estatutos\/\" target=\"_self\" rel=\"noreferrer noopener\"><strong>Izquierda Unida<\/strong>.<\/p>\n\n\n\n<p class=\"translation-block\">L'adh\u00e9sion \u00e0 <strong>Izquierda Unida<\/strong>ne sera pas accept\u00e9e pour les personnes dont les suivants cas de figures sont prouv\u00e9es:<\/p>\n\n\n\n<ul class=\"wp-block-list\"><li>Avoir des positions publiques en d\u00e9fense du mod\u00e8le capitaliste.<\/li><li>Ils se sont d\u00e9clar\u00e9s favorables ou ont particip\u00e9 \u00e0 des actes de violence sexiste ou d'agression contre l'environnement.<\/li><li>Poss\u00e9dant des attitudes contraires au respect des diff\u00e9rences personnelles, qu'il s'agisse d'identit\u00e9 raciale, physique, culturelle, religieuse, sexuelle ou de genre.<\/li><li>Pratiquant la maltraitance des animaux.<\/li><\/ul>\n\n\n\n<p class=\"translation-block\"><strong>La condition d'affil\u00e9e ou d'affili\u00e9 n\u00e9cessite d'avoir l'\u00e2ge l\u00e9gal et entra\u00eene une d\u00e9pense \u00e9conomique sous forme de cotisation.<\/strong>. Si tu souhaites t' inscrire, tu peux le faire en te rendant \u00e0 l'assembl\u00e9e de base d' IU la plus proche ou, si tu le pr\u00e9f\u00e8res, tu peux \u00e9galement demander en ligne en remplissant le formulaire ci-dessous:<\/p>\n\n\n\n<figure class=\"wp-block-pullquote is-style-solid-color\"><blockquote><p><a href=\"https:\/\/militancia.izquierdaunida.org\/alta_afiliado\" target=\"_blank\" rel=\"noreferrer noopener\"><strong>Formulaire d'inscription en tant qu'affili\u00e9es et affili\u00e9s<\/strong><\/a><\/p><\/blockquote><\/figure>\n\n\n\n<p class=\"translation-block\">Si tu souhaites nous poser des questions relatives \u00e0 l'adh\u00e9sion, n'h\u00e9sites pas \u00e0 \u00e9crire \u00e0 <a href=\"mailto:incidencias.afiliacion@izquierdaunida.org\" target=\"_self\">incidencias.afiliacion@izquierdaunida.org<\/a><\/p>\n\n\n\n<h3 class=\"wp-block-heading\">Pi\u00e8ces jointes :<\/h3>\n\n\n\n<ul class=\"wp-block-list\"><li><img decoding=\"async\" src=\"https:\/\/izquierdaunida.org\/wp-content\/plugins\/download-attachments\/images\/ext\/pdf.gif\" alt=\"pdf\">&nbsp;<a href=\"https:\/\/izquierdaunida.org\/descargar-adjunto\/e89Suh1RYif0R3RaEJG5GeGFPCv6KzokUyEKUcHtlpo,\" target=\"_blank\" rel=\"noreferrer noopener\">Carte de membre Izquierda Unida<\/a><\/li><\/ul>\n<!-- AddThis Advanced Settings generic via filter on the_content --><!-- AddThis Share Buttons generic via filter on the_content -->","protected":false},"excerpt":{"rendered":"<p>\u00ab\u00bfQu\u00e9 ser\u00eda de este mundo sin militantes?, \u00bfC\u00f3mo ser\u00eda la condici\u00f3n humana si no hubiera militantes? No porque los militantes sean perfectos, porque tengan siempre la raz\u00f3n, porque sean superhombres &hellip;<!-- AddThis Advanced Settings generic via filter on get_the_excerpt --><!-- AddThis Share Buttons generic via filter on get_the_excerpt --><\/p>","protected":false},"author":2,"featured_media":1459,"parent":0,"menu_order":0,"comment_status":"closed","ping_status":"closed","template":"","meta":{"footnotes":""},"class_list":["post-2005","page","type-page","status-publish","has-post-thumbnail",""],"yoast_head":"<!-- This site is optimized with the Yoast SEO plugin v25.7 - https:\/\/yoast.com\/wordpress\/plugins\/seo\/ -->\n<title>Afiliaci\u00f3n - Federaci\u00f3n de Izquierda Unida en el Exterior (IU Exterior)<\/title>\n<meta name=\"robots\" content=\"index, follow, max-snippet:-1, max-image-preview:large, max-video-preview:-1\" \/>\n<link rel=\"canonical\" href=\"http:\/\/iuexterior.org\/fr\/afiliacion\/\" \/>\n<meta property=\"og:locale\" content=\"fr_FR\" \/>\n<meta property=\"og:type\" content=\"article\" \/>\n<meta property=\"og:title\" content=\"Afiliaci\u00f3n - Federaci\u00f3n de Izquierda Unida en el Exterior (IU Exterior)\" \/>\n<meta property=\"og:description\" content=\"\u00ab\u00bfQu\u00e9 ser\u00eda de este mundo sin militantes?, \u00bfC\u00f3mo ser\u00eda la condici\u00f3n humana si no hubiera militantes? No porque los militantes sean perfectos, porque tengan siempre la raz\u00f3n, porque sean superhombres &hellip;\" \/>\n<meta property=\"og:url\" content=\"http:\/\/iuexterior.org\/fr\/afiliacion\/\" \/>\n<meta property=\"og:site_name\" content=\"Federaci\u00f3n de Izquierda Unida en el Exterior (IU Exterior)\" \/>\n<meta property=\"article:modified_time\" content=\"2022-02-07T18:55:22+00:00\" \/>\n<meta property=\"og:image\" content=\"http:\/\/iuexterior.org\/wp-content\/uploads\/2020\/01\/IU-Global-1024x576.png\" \/>\n\t<meta property=\"og:image:width\" content=\"1024\" \/>\n\t<meta property=\"og:image:height\" content=\"576\" \/>\n\t<meta property=\"og:image:type\" content=\"image\/png\" \/>\n<meta name=\"twitter:card\" content=\"summary_large_image\" \/>\n<meta name=\"twitter:label1\" content=\"Dur\u00e9e de lecture estim\u00e9e\" \/>\n\t<meta name=\"twitter:data1\" content=\"3 minutes\" \/>\n<script type=\"application\/ld+json\" class=\"yoast-schema-graph\">{\"@context\":\"https:\/\/schema.org\",\"@graph\":[{\"@type\":\"WebPage\",\"@id\":\"http:\/\/iuexterior.org\/afiliacion\/\",\"url\":\"http:\/\/iuexterior.org\/afiliacion\/\",\"name\":\"Afiliaci\u00f3n - Federaci\u00f3n de Izquierda Unida en el Exterior (IU Exterior)\",\"isPartOf\":{\"@id\":\"http:\/\/iuexterior.org\/gl\/#website\"},\"primaryImageOfPage\":{\"@id\":\"http:\/\/iuexterior.org\/afiliacion\/#primaryimage\"},\"image\":{\"@id\":\"http:\/\/iuexterior.org\/afiliacion\/#primaryimage\"},\"thumbnailUrl\":\"http:\/\/iuexterior.org\/wp-content\/uploads\/2020\/01\/IU-Global.png\",\"datePublished\":\"2020-09-22T11:21:48+00:00\",\"dateModified\":\"2022-02-07T18:55:22+00:00\",\"breadcrumb\":{\"@id\":\"http:\/\/iuexterior.org\/afiliacion\/#breadcrumb\"},\"inLanguage\":\"fr-FR\",\"potentialAction\":[{\"@type\":\"ReadAction\",\"target\":[\"http:\/\/iuexterior.org\/afiliacion\/\"]}]},{\"@type\":\"ImageObject\",\"inLanguage\":\"fr-FR\",\"@id\":\"http:\/\/iuexterior.org\/afiliacion\/#primaryimage\",\"url\":\"http:\/\/iuexterior.org\/wp-content\/uploads\/2020\/01\/IU-Global.png\",\"contentUrl\":\"http:\/\/iuexterior.org\/wp-content\/uploads\/2020\/01\/IU-Global.png\",\"width\":1920,\"height\":1080},{\"@type\":\"BreadcrumbList\",\"@id\":\"http:\/\/iuexterior.org\/afiliacion\/#breadcrumb\",\"itemListElement\":[{\"@type\":\"ListItem\",\"position\":1,\"name\":\"Portada\",\"item\":\"https:\/\/iuexterior.org\/ca\/\"},{\"@type\":\"ListItem\",\"position\":2,\"name\":\"Afiliaci\u00f3n\"}]},{\"@type\":\"WebSite\",\"@id\":\"http:\/\/iuexterior.org\/gl\/#website\",\"url\":\"http:\/\/iuexterior.org\/gl\/\",\"name\":\"Federaci\u00f3n de Izquierda Unida en el Exterior (IU Exterior)\",\"description\":\"La federaci\u00f3n de IU para la ciudadan\u00eda espa\u00f1ola emigrada.\",\"potentialAction\":[{\"@type\":\"SearchAction\",\"target\":{\"@type\":\"EntryPoint\",\"urlTemplate\":\"http:\/\/iuexterior.org\/gl\/?s={search_term_string}\"},\"query-input\":{\"@type\":\"PropertyValueSpecification\",\"valueRequired\":true,\"valueName\":\"search_term_string\"}}],\"inLanguage\":\"fr-FR\"}]}<\/script>\n<!-- \/ Yoast SEO plugin. -->","yoast_head_json":{"title":"Afiliaci\u00f3n - Federaci\u00f3n de Izquierda Unida en el Exterior (IU Exterior)","robots":{"index":"index","follow":"follow","max-snippet":"max-snippet:-1","max-image-preview":"max-image-preview:large","max-video-preview":"max-video-preview:-1"},"canonical":"http:\/\/iuexterior.org\/fr\/afiliacion\/","og_locale":"fr_FR","og_type":"article","og_title":"Afiliaci\u00f3n - Federaci\u00f3n de Izquierda Unida en el Exterior (IU Exterior)","og_description":"\u00ab\u00bfQu\u00e9 ser\u00eda de este mundo sin militantes?, \u00bfC\u00f3mo ser\u00eda la condici\u00f3n humana si no hubiera militantes? No porque los militantes sean perfectos, porque tengan siempre la raz\u00f3n, porque sean superhombres &hellip;","og_url":"http:\/\/iuexterior.org\/fr\/afiliacion\/","og_site_name":"Federaci\u00f3n de Izquierda Unida en el Exterior (IU Exterior)","article_modified_time":"2022-02-07T18:55:22+00:00","og_image":[{"width":1024,"height":576,"url":"http:\/\/iuexterior.org\/wp-content\/uploads\/2020\/01\/IU-Global-1024x576.png","type":"image\/png"}],"twitter_card":"summary_large_image","twitter_misc":{"Dur\u00e9e de lecture estim\u00e9e":"3 minutes"},"schema":{"@context":"https:\/\/schema.org","@graph":[{"@type":"WebPage","@id":"http:\/\/iuexterior.org\/afiliacion\/","url":"http:\/\/iuexterior.org\/afiliacion\/","name":"Afiliaci\u00f3n - Federaci\u00f3n de Izquierda Unida en el Exterior (IU Exterior)","isPartOf":{"@id":"http:\/\/iuexterior.org\/gl\/#website"},"primaryImageOfPage":{"@id":"http:\/\/iuexterior.org\/afiliacion\/#primaryimage"},"image":{"@id":"http:\/\/iuexterior.org\/afiliacion\/#primaryimage"},"thumbnailUrl":"http:\/\/iuexterior.org\/wp-content\/uploads\/2020\/01\/IU-Global.png","datePublished":"2020-09-22T11:21:48+00:00","dateModified":"2022-02-07T18:55:22+00:00","breadcrumb":{"@id":"http:\/\/iuexterior.org\/afiliacion\/#breadcrumb"},"inLanguage":"fr-FR","potentialAction":[{"@type":"ReadAction","target":["http:\/\/iuexterior.org\/afiliacion\/"]}]},{"@type":"ImageObject","inLanguage":"fr-FR","@id":"http:\/\/iuexterior.org\/afiliacion\/#primaryimage","url":"http:\/\/iuexterior.org\/wp-content\/uploads\/2020\/01\/IU-Global.png","contentUrl":"http:\/\/iuexterior.org\/wp-content\/uploads\/2020\/01\/IU-Global.png","width":1920,"height":1080},{"@type":"BreadcrumbList","@id":"http:\/\/iuexterior.org\/afiliacion\/#breadcrumb","itemListElement":[{"@type":"ListItem","position":1,"name":"Portada","item":"https:\/\/iuexterior.org\/ca\/"},{"@type":"ListItem","position":2,"name":"Afiliaci\u00f3n"}]},{"@type":"WebSite","@id":"http:\/\/iuexterior.org\/gl\/#website","url":"http:\/\/iuexterior.org\/gl\/","name":"Federaci\u00f3n de Izquierda Unida en el Exterior (IU Exterior)","description":"La federaci\u00f3n de IU para la ciudadan\u00eda espa\u00f1ola emigrada.","potentialAction":[{"@type":"SearchAction","target":{"@type":"EntryPoint","urlTemplate":"http:\/\/iuexterior.org\/gl\/?s={search_term_string}"},"query-input":{"@type":"PropertyValueSpecification","valueRequired":true,"valueName":"search_term_string"}}],"inLanguage":"fr-FR"}]}},"_links":{"self":[{"href":"http:\/\/iuexterior.org\/fr\/wp-json\/wp\/v2\/pages\/2005","targetHints":{"allow":["GET"]}}],"collection":[{"href":"http:\/\/iuexterior.org\/fr\/wp-json\/wp\/v2\/pages"}],"about":[{"href":"http:\/\/iuexterior.org\/fr\/wp-json\/wp\/v2\/types\/page"}],"author":[{"embeddable":true,"href":"http:\/\/iuexterior.org\/fr\/wp-json\/wp\/v2\/users\/2"}],"replies":[{"embeddable":true,"href":"http:\/\/iuexterior.org\/fr\/wp-json\/wp\/v2\/comments?post=2005"}],"version-history":[{"count":0,"href":"http:\/\/iuexterior.org\/fr\/wp-json\/wp\/v2\/pages\/2005\/revisions"}],"wp:featuredmedia":[{"embeddable":true,"href":"http:\/\/iuexterior.org\/fr\/wp-json\/wp\/v2\/media\/1459"}],"wp:attachment":[{"href":"http:\/\/iuexterior.org\/fr\/wp-json\/wp\/v2\/media?parent=2005"}],"curies":[{"name":"wp","href":"https:\/\/api.w.org\/{rel}","templated":true}]}}