{"id":9,"date":"2017-05-15T18:07:12","date_gmt":"2017-05-15T16:07:12","guid":{"rendered":"http:\/\/iuexterior.org\/?page_id=9"},"modified":"2017-10-08T20:46:01","modified_gmt":"2017-10-08T18:46:01","slug":"que-es-iu-exterior","status":"publish","type":"page","link":"http:\/\/iuexterior.org\/en\/que-es-iu-exterior\/","title":{"rendered":"What is United Left Abroad (IU Exterior)?"},"content":{"rendered":"<p>The new IU Exterior (United Left Abroad) federation was created because it is our understanding that the context of migration has changed and we need a new structure that better adapts to it. The old federal structure, arranged by countries, was suitable in the context of the migration waves during the 60\u2019s and 70\u2019s, when large numbers of people would migrate to one place in particular, either as industrial \u201cguest workers\u201d or to fill other jobs, and stay there for years, or even decades. The migration process starting in 2010 as a result of the economic crisis presents very different characteristics.<\/p>\n<p>Most of the 2.5 million people that left Spain since 2010 are located in medium and large cities in countries such as the United Kingdom, Germany, France or Belgium, but many also live in other European countries such as Austria or Switzerland, in Latin America, USA, or even Asia. The historical federations, which were located in countries such as France, Germany or Belgium, were not an effective way of coordinating the contributions of members living outside of those countries. The new internal structure not only brings the party\u2019s federal structure closer to its members, it also allows people to join IU Exterior even when they live far away from where the historical federations used to be established.<\/p>\n<p>Our main challenge is to make possible that every Izquierda Unida (United Left) member living abroad can collaborate in an organized manner, regardless of the city, country or even continent they live in, strengthening existing base assemblies as well as creating new ones. We have also set ourselves the goal of having our members get involved in industrial conflicts that affect migrants, either by participating in existing activist networks or by creating new ones where these don\u2019t exist.<\/p>\n<!-- AddThis Advanced Settings generic via filter on the_content --><!-- AddThis Share Buttons generic via filter on the_content -->","protected":false},"excerpt":{"rendered":"<p>La nueva federaci\u00f3n de IU Exterior nace porque entendemos que el contexto migratorio ha cambiado y necesitamos una nueva estructura que se adapte mejor al mismo. La estructura formada por &hellip;<!-- AddThis Advanced Settings generic via filter on get_the_excerpt --><!-- AddThis Share Buttons generic via filter on get_the_excerpt --><\/p>","protected":false},"author":1,"featured_media":0,"parent":0,"menu_order":0,"comment_status":"closed","ping_status":"closed","template":"","meta":{"footnotes":""},"class_list":["post-9","page","type-page","status-publish",""],"yoast_head":"<!-- This site is optimized with the Yoast SEO plugin v25.7 - https:\/\/yoast.com\/wordpress\/plugins\/seo\/ -->\n<title>\u00bfQu\u00e9 es IU Exterior? - Federaci\u00f3n de Izquierda Unida en el Exterior (IU Exterior)<\/title>\n<meta name=\"robots\" content=\"index, follow, max-snippet:-1, max-image-preview:large, max-video-preview:-1\" \/>\n<link rel=\"canonical\" href=\"http:\/\/iuexterior.org\/en\/que-es-iu-exterior\/\" \/>\n<meta property=\"og:locale\" content=\"en_GB\" \/>\n<meta property=\"og:type\" content=\"article\" \/>\n<meta property=\"og:title\" content=\"\u00bfQu\u00e9 es IU Exterior? - Federaci\u00f3n de Izquierda Unida en el Exterior (IU Exterior)\" \/>\n<meta property=\"og:description\" content=\"La nueva federaci\u00f3n de IU Exterior nace porque entendemos que el contexto migratorio ha cambiado y necesitamos una nueva estructura que se adapte mejor al mismo. La estructura formada por &hellip;\" \/>\n<meta property=\"og:url\" content=\"http:\/\/iuexterior.org\/en\/que-es-iu-exterior\/\" \/>\n<meta property=\"og:site_name\" content=\"Federaci\u00f3n de Izquierda Unida en el Exterior (IU Exterior)\" \/>\n<meta property=\"article:modified_time\" content=\"2017-10-08T18:46:01+00:00\" \/>\n<meta name=\"twitter:card\" content=\"summary_large_image\" \/>\n<meta name=\"twitter:label1\" content=\"Estimated reading time\" \/>\n\t<meta name=\"twitter:data1\" content=\"2 minutes\" \/>\n<script type=\"application\/ld+json\" class=\"yoast-schema-graph\">{\"@context\":\"https:\/\/schema.org\",\"@graph\":[{\"@type\":\"WebPage\",\"@id\":\"http:\/\/iuexterior.org\/que-es-iu-exterior\/\",\"url\":\"http:\/\/iuexterior.org\/que-es-iu-exterior\/\",\"name\":\"\u00bfQu\u00e9 es IU Exterior? - Federaci\u00f3n de Izquierda Unida en el Exterior (IU Exterior)\",\"isPartOf\":{\"@id\":\"https:\/\/iuexterior.org\/gl\/#website\"},\"datePublished\":\"2017-05-15T16:07:12+00:00\",\"dateModified\":\"2017-10-08T18:46:01+00:00\",\"breadcrumb\":{\"@id\":\"http:\/\/iuexterior.org\/que-es-iu-exterior\/#breadcrumb\"},\"inLanguage\":\"en-GB\",\"potentialAction\":[{\"@type\":\"ReadAction\",\"target\":[\"http:\/\/iuexterior.org\/que-es-iu-exterior\/\"]}]},{\"@type\":\"BreadcrumbList\",\"@id\":\"http:\/\/iuexterior.org\/que-es-iu-exterior\/#breadcrumb\",\"itemListElement\":[{\"@type\":\"ListItem\",\"position\":1,\"name\":\"Portada\",\"item\":\"https:\/\/iuexterior.org\/en\/\"},{\"@type\":\"ListItem\",\"position\":2,\"name\":\"\u00bfQu\u00e9 es IU Exterior?\"}]},{\"@type\":\"WebSite\",\"@id\":\"https:\/\/iuexterior.org\/gl\/#website\",\"url\":\"https:\/\/iuexterior.org\/gl\/\",\"name\":\"Federaci\u00f3n de Izquierda Unida en el Exterior (IU Exterior)\",\"description\":\"La federaci\u00f3n de IU para la ciudadan\u00eda espa\u00f1ola emigrada.\",\"potentialAction\":[{\"@type\":\"SearchAction\",\"target\":{\"@type\":\"EntryPoint\",\"urlTemplate\":\"https:\/\/iuexterior.org\/gl\/?s={search_term_string}\"},\"query-input\":{\"@type\":\"PropertyValueSpecification\",\"valueRequired\":true,\"valueName\":\"search_term_string\"}}],\"inLanguage\":\"en-GB\"}]}<\/script>\n<!-- \/ Yoast SEO plugin. -->","yoast_head_json":{"title":"\u00bfQu\u00e9 es IU Exterior? - Federaci\u00f3n de Izquierda Unida en el Exterior (IU Exterior)","robots":{"index":"index","follow":"follow","max-snippet":"max-snippet:-1","max-image-preview":"max-image-preview:large","max-video-preview":"max-video-preview:-1"},"canonical":"http:\/\/iuexterior.org\/en\/que-es-iu-exterior\/","og_locale":"en_GB","og_type":"article","og_title":"\u00bfQu\u00e9 es IU Exterior? - Federaci\u00f3n de Izquierda Unida en el Exterior (IU Exterior)","og_description":"La nueva federaci\u00f3n de IU Exterior nace porque entendemos que el contexto migratorio ha cambiado y necesitamos una nueva estructura que se adapte mejor al mismo. La estructura formada por &hellip;","og_url":"http:\/\/iuexterior.org\/en\/que-es-iu-exterior\/","og_site_name":"Federaci\u00f3n de Izquierda Unida en el Exterior (IU Exterior)","article_modified_time":"2017-10-08T18:46:01+00:00","twitter_card":"summary_large_image","twitter_misc":{"Estimated reading time":"2 minutes"},"schema":{"@context":"https:\/\/schema.org","@graph":[{"@type":"WebPage","@id":"http:\/\/iuexterior.org\/que-es-iu-exterior\/","url":"http:\/\/iuexterior.org\/que-es-iu-exterior\/","name":"\u00bfQu\u00e9 es IU Exterior? - Federaci\u00f3n de Izquierda Unida en el Exterior (IU Exterior)","isPartOf":{"@id":"https:\/\/iuexterior.org\/gl\/#website"},"datePublished":"2017-05-15T16:07:12+00:00","dateModified":"2017-10-08T18:46:01+00:00","breadcrumb":{"@id":"http:\/\/iuexterior.org\/que-es-iu-exterior\/#breadcrumb"},"inLanguage":"en-GB","potentialAction":[{"@type":"ReadAction","target":["http:\/\/iuexterior.org\/que-es-iu-exterior\/"]}]},{"@type":"BreadcrumbList","@id":"http:\/\/iuexterior.org\/que-es-iu-exterior\/#breadcrumb","itemListElement":[{"@type":"ListItem","position":1,"name":"Portada","item":"https:\/\/iuexterior.org\/en\/"},{"@type":"ListItem","position":2,"name":"\u00bfQu\u00e9 es IU Exterior?"}]},{"@type":"WebSite","@id":"https:\/\/iuexterior.org\/gl\/#website","url":"https:\/\/iuexterior.org\/gl\/","name":"Federaci\u00f3n de Izquierda Unida en el Exterior (IU Exterior)","description":"La federaci\u00f3n de IU para la ciudadan\u00eda espa\u00f1ola emigrada.","potentialAction":[{"@type":"SearchAction","target":{"@type":"EntryPoint","urlTemplate":"https:\/\/iuexterior.org\/gl\/?s={search_term_string}"},"query-input":{"@type":"PropertyValueSpecification","valueRequired":true,"valueName":"search_term_string"}}],"inLanguage":"en-GB"}]}},"_links":{"self":[{"href":"http:\/\/iuexterior.org\/en\/wp-json\/wp\/v2\/pages\/9","targetHints":{"allow":["GET"]}}],"collection":[{"href":"http:\/\/iuexterior.org\/en\/wp-json\/wp\/v2\/pages"}],"about":[{"href":"http:\/\/iuexterior.org\/en\/wp-json\/wp\/v2\/types\/page"}],"author":[{"embeddable":true,"href":"http:\/\/iuexterior.org\/en\/wp-json\/wp\/v2\/users\/1"}],"replies":[{"embeddable":true,"href":"http:\/\/iuexterior.org\/en\/wp-json\/wp\/v2\/comments?post=9"}],"version-history":[{"count":0,"href":"http:\/\/iuexterior.org\/en\/wp-json\/wp\/v2\/pages\/9\/revisions"}],"wp:attachment":[{"href":"http:\/\/iuexterior.org\/en\/wp-json\/wp\/v2\/media?parent=9"}],"curies":[{"name":"wp","href":"https:\/\/api.w.org\/{rel}","templated":true}]}}