{"id":309,"date":"2018-03-06T23:15:45","date_gmt":"2018-03-06T22:15:45","guid":{"rendered":"http:\/\/iuexterior.org\/?page_id=309"},"modified":"2021-10-15T09:52:04","modified_gmt":"2021-10-15T07:52:04","slug":"boletin","status":"publish","type":"page","link":"http:\/\/iuexterior.org\/en\/boletin\/","title":{"rendered":"Newsletter"},"content":{"rendered":"<p><!-- Begin MailChimp Signup Form --><\/p>\n<style type=\"text\/css\">\n\t#mc_embed_signup{background:#fff; clear:left; font:14px Helvetica,Arial,sans-serif; }<br \/>\t\/* Add your own MailChimp form style overrides in your site stylesheet or in this style block.<br \/>\t   We recommend moving this block and the preceding CSS link to the HEAD of your HTML file. *\/<br \/><\/style>\n<div id=\"mc_embed_signup\">\n<form id=\"mc-embedded-subscribe-form\" class=\"validate\" action=\"https:\/\/iuexterior.us17.list-manage.com\/subscribe\/post?u=fb3b3f2505de1afaf3d0d5c22&amp;id=b2aef9aaf1\" method=\"post\" name=\"mc-embedded-subscribe-form\" novalidate=\"\" target=\"_blank\">\n<h3><label for=\"mce-EMAIL\">Subscribe to our newsletter<\/label><\/h3>\n<h3><input id=\"mce-EMAIL\" class=\"email\" name=\"EMAIL\" required=\"\" type=\"email\" value=\"\" placeholder=\"email address\" \/><br \/>\n<!-- real people should not fill this in and expect good things - do not remove this or risk form bot signups--><\/h3>\n<div style=\"position: absolute; left: -5000px;\" aria-hidden=\"true\"><input tabindex=\"-1\" name=\"b_fb3b3f2505de1afaf3d0d5c22_b2aef9aaf1\" type=\"text\" value=\"\" \/><\/div>\n<div class=\"clear\"><input id=\"mc-embedded-subscribe\" class=\"button\" name=\"subscribe\" type=\"submit\" value=\"Sign up\" \/><\/div>\n<\/form>\n<\/div>\n<p><!--End mc_embed_signup--><\/p>\n<h3>Latest newsletters (in Spanish)<\/h3>\n<h4><strong>2021<\/strong><\/h4>\n<ul>\n<li><a href=\"https:\/\/mailchi.mp\/e3d63d856fdb\/septiembre_2021\"><strong>Bolet\u00edn De IU Exterior | septiembre<\/strong><\/a><\/li>\n<li><a href=\"https:\/\/mailchi.mp\/f608cea046a7\/junio_2021\"><strong>Bolet\u00edn De IU Exterior | junio<\/strong><\/a><\/li>\n<li><a href=\"https:\/\/mailchi.mp\/276ca71f3460\/mayo_2021?e=754418f8b9\"><strong>Bolet\u00edn De IU Exterior | mayo<\/strong><\/a><\/li>\n<li><a href=\"https:\/\/mailchi.mp\/86d991dcd837\/abril_2021?e=9718e02066\"><strong>Bolet\u00edn De IU Exterior | abril<\/strong><\/a><\/li>\n<li><strong><a href=\"https:\/\/mailchi.mp\/d7852a85b7c5\/marzo_2021?e=9718e02066\">Bolet\u00edn De IU Exterior | marzo<\/a><\/strong><\/li>\n<li><strong><a href=\"https:\/\/mailchi.mp\/7bb4014a28f4\/febrero_2021\">Bolet\u00edn De IU Exterior | febrero\u00a0<\/a><\/strong><\/li>\n<li><a href=\"https:\/\/mailchi.mp\/de09d9cfa187\/diciembre_20-enero_21\"><strong>Bolet\u00edn De IU Exterior | diciembre 2020 &#8211; enero 2021<\/strong><\/a><\/li>\n<\/ul>\n<h4><strong>2020<\/strong><\/h4>\n<ul>\n<li><a href=\"https:\/\/mailchi.mp\/d20a6da690b6\/2020-somos-iu-exterior\"><strong>Bolet\u00edn De IU Exterior | destacados 2020<\/strong><\/a><\/li>\n<li><a href=\"https:\/\/mailchi.mp\/ffa063039269\/octubre-2020\"><strong>Bolet\u00edn de IU Exterior | octubre<\/strong><\/a><\/li>\n<li><strong><a href=\"https:\/\/mailchi.mp\/c518a843c596\/primavera-verano-2020\">Bolet\u00edn de IU Exterior | primavera &#8211; verano<\/a><\/strong><\/li>\n<li><a href=\"https:\/\/mailchi.mp\/ec89e754cfb4\/febrero-8marzo?e=a1df7570c3\"><strong>Bolet\u00edn IU Exterior | febrero<\/strong><\/a><\/li>\n<li><a href=\"https:\/\/mailchi.mp\/1d412137b359\/diciembre-enero?e=a1df7570c3\"><strong>Bolet\u00edn IU Exterior | diciembre 2019- enero 2020<\/strong><\/a><\/li>\n<\/ul>\n<h4><strong>2019<\/strong><\/h4>\n<ul>\n<li><strong><a href=\"https:\/\/mailchi.mp\/3a16925835c0\/octubre-noviembre-2\" target=\"_blank\" rel=\"noopener noreferrer\">Bolet\u00edn IU Exterior | octubre &#8211; noviembre<\/a><\/strong><\/li>\n<li><strong><a href=\"https:\/\/us17.campaign-archive.com\/?u=fb3b3f2505de1afaf3d0d5c22&amp;id=e1d4028673\" target=\"_blank\" rel=\"noopener noreferrer\">Bolet\u00edn IU Exterior | agosto &#8211; septiembre<\/a><\/strong><\/li>\n<li><strong><a href=\"https:\/\/mailchi.mp\/a9faa01d1420\/boletin-mayo-junio-2019\" target=\"_blank\" rel=\"noopener noreferrer\">Bolet\u00edn IU Exterior | mayo &#8211; junio <\/a><\/strong><\/li>\n<li><strong><a href=\"https:\/\/mailchi.mp\/ac48c0129e1c\/boletin-marzo-abril-2019\" target=\"_blank\" rel=\"noopener noreferrer\">Bolet\u00edn IU Exterior | marzo &#8211; abril <\/a><\/strong><\/li>\n<li><a href=\"https:\/\/mailchi.mp\/785033b65bcd\/boletin-enero-febrero\"><strong>Bolet\u00edn IU Exterior | enero &#8211; febrero <\/strong><\/a><\/li>\n<\/ul>\n<h4><strong>2018<\/strong><\/h4>\n<ul>\n<li><a href=\"https:\/\/mailchi.mp\/a0902f2e81db\/boletin-noviembre-diciembre-2018\"><strong>Bolet\u00edn IU Exterior | noviembre &#8211; diciembre <\/strong><\/a><\/li>\n<li><strong><a href=\"https:\/\/mailchi.mp\/ea86562597f7\/boletin-septiembre-octubre-2018\">Bolet\u00edn IU Exterior | septiembre &#8211; octubre <\/a><\/strong><\/li>\n<li><strong><a href=\"https:\/\/mailchi.mp\/e8cea1c467bb\/boletin-julio-agosto\">Bolet\u00edn IU Exterior | julio &#8211; agosto <\/a><\/strong><\/li>\n<li><a href=\"https:\/\/mailchi.mp\/664a5a4341a6\/boletin-mayo-junio-2018\"><strong>Bolet\u00edn IU Exterior | mayo &#8211; junio <\/strong><\/a><\/li>\n<li><a href=\"https:\/\/mailchi.mp\/495d1740861e\/boletin-2018-258685\"><strong>Bolet\u00edn IU Exterior | marzo &#8211; abril <\/strong><\/a><\/li>\n<li><strong><a href=\"https:\/\/mailchi.mp\/8254183b3db8\/boletin-2018-01\">Bolet\u00edn IU Exterior | enero &#8211; febrero <\/a><\/strong><\/li>\n<\/ul>\n<!-- AddThis Advanced Settings generic via filter on the_content --><!-- AddThis Share Buttons generic via filter on the_content -->","protected":false},"excerpt":{"rendered":"<p>Suscr\u00edbete a nuestro bolet\u00edn \u00daltimos boletines 2021 Bolet\u00edn De IU Exterior | septiembre Bolet\u00edn De IU Exterior | junio Bolet\u00edn De IU Exterior | mayo Bolet\u00edn De IU Exterior | &hellip;<!-- AddThis Advanced Settings generic via filter on get_the_excerpt --><!-- AddThis Share Buttons generic via filter on get_the_excerpt --><\/p>","protected":false},"author":1,"featured_media":0,"parent":0,"menu_order":0,"comment_status":"closed","ping_status":"closed","template":"","meta":{"footnotes":""},"class_list":["post-309","page","type-page","status-publish",""],"yoast_head":"<!-- This site is optimized with the Yoast SEO plugin v25.7 - https:\/\/yoast.com\/wordpress\/plugins\/seo\/ -->\n<title>Bolet\u00edn - Federaci\u00f3n de Izquierda Unida en el Exterior (IU Exterior)<\/title>\n<meta name=\"robots\" content=\"index, follow, max-snippet:-1, max-image-preview:large, max-video-preview:-1\" \/>\n<link rel=\"canonical\" href=\"https:\/\/iuexterior.org\/en\/boletin\/\" \/>\n<meta property=\"og:locale\" content=\"en_GB\" \/>\n<meta property=\"og:type\" content=\"article\" \/>\n<meta property=\"og:title\" content=\"Bolet\u00edn - Federaci\u00f3n de Izquierda Unida en el Exterior (IU Exterior)\" \/>\n<meta property=\"og:description\" content=\"Suscr\u00edbete a nuestro bolet\u00edn \u00daltimos boletines 2021 Bolet\u00edn De IU Exterior | septiembre Bolet\u00edn De IU Exterior | junio Bolet\u00edn De IU Exterior | mayo Bolet\u00edn De IU Exterior | &hellip;\" \/>\n<meta property=\"og:url\" content=\"https:\/\/iuexterior.org\/en\/boletin\/\" \/>\n<meta property=\"og:site_name\" content=\"Federaci\u00f3n de Izquierda Unida en el Exterior (IU Exterior)\" \/>\n<meta property=\"article:modified_time\" content=\"2021-10-15T07:52:04+00:00\" \/>\n<meta name=\"twitter:card\" content=\"summary_large_image\" \/>\n<meta name=\"twitter:label1\" content=\"Estimated reading time\" \/>\n\t<meta name=\"twitter:data1\" content=\"1 minute\" \/>\n<script type=\"application\/ld+json\" class=\"yoast-schema-graph\">{\"@context\":\"https:\/\/schema.org\",\"@graph\":[{\"@type\":\"WebPage\",\"@id\":\"https:\/\/iuexterior.org\/boletin\/\",\"url\":\"https:\/\/iuexterior.org\/boletin\/\",\"name\":\"Bolet\u00edn - Federaci\u00f3n de Izquierda Unida en el Exterior (IU Exterior)\",\"isPartOf\":{\"@id\":\"http:\/\/iuexterior.org\/de\/#website\"},\"datePublished\":\"2018-03-06T22:15:45+00:00\",\"dateModified\":\"2021-10-15T07:52:04+00:00\",\"breadcrumb\":{\"@id\":\"https:\/\/iuexterior.org\/boletin\/#breadcrumb\"},\"inLanguage\":\"en-GB\",\"potentialAction\":[{\"@type\":\"ReadAction\",\"target\":[\"https:\/\/iuexterior.org\/boletin\/\"]}]},{\"@type\":\"BreadcrumbList\",\"@id\":\"https:\/\/iuexterior.org\/boletin\/#breadcrumb\",\"itemListElement\":[{\"@type\":\"ListItem\",\"position\":1,\"name\":\"Portada\",\"item\":\"http:\/\/iuexterior.org\/de\/\"},{\"@type\":\"ListItem\",\"position\":2,\"name\":\"Bolet\u00edn\"}]},{\"@type\":\"WebSite\",\"@id\":\"http:\/\/iuexterior.org\/de\/#website\",\"url\":\"http:\/\/iuexterior.org\/de\/\",\"name\":\"Federaci\u00f3n de Izquierda Unida en el Exterior (IU Exterior)\",\"description\":\"La federaci\u00f3n de IU para la ciudadan\u00eda espa\u00f1ola emigrada.\",\"potentialAction\":[{\"@type\":\"SearchAction\",\"target\":{\"@type\":\"EntryPoint\",\"urlTemplate\":\"http:\/\/iuexterior.org\/de\/?s={search_term_string}\"},\"query-input\":{\"@type\":\"PropertyValueSpecification\",\"valueRequired\":true,\"valueName\":\"search_term_string\"}}],\"inLanguage\":\"en-GB\"}]}<\/script>\n<!-- \/ Yoast SEO plugin. -->","yoast_head_json":{"title":"Bolet\u00edn - Federaci\u00f3n de Izquierda Unida en el Exterior (IU Exterior)","robots":{"index":"index","follow":"follow","max-snippet":"max-snippet:-1","max-image-preview":"max-image-preview:large","max-video-preview":"max-video-preview:-1"},"canonical":"https:\/\/iuexterior.org\/en\/boletin\/","og_locale":"en_GB","og_type":"article","og_title":"Bolet\u00edn - Federaci\u00f3n de Izquierda Unida en el Exterior (IU Exterior)","og_description":"Suscr\u00edbete a nuestro bolet\u00edn \u00daltimos boletines 2021 Bolet\u00edn De IU Exterior | septiembre Bolet\u00edn De IU Exterior | junio Bolet\u00edn De IU Exterior | mayo Bolet\u00edn De IU Exterior | &hellip;","og_url":"https:\/\/iuexterior.org\/en\/boletin\/","og_site_name":"Federaci\u00f3n de Izquierda Unida en el Exterior (IU Exterior)","article_modified_time":"2021-10-15T07:52:04+00:00","twitter_card":"summary_large_image","twitter_misc":{"Estimated reading time":"1 minute"},"schema":{"@context":"https:\/\/schema.org","@graph":[{"@type":"WebPage","@id":"https:\/\/iuexterior.org\/boletin\/","url":"https:\/\/iuexterior.org\/boletin\/","name":"Bolet\u00edn - Federaci\u00f3n de Izquierda Unida en el Exterior (IU Exterior)","isPartOf":{"@id":"http:\/\/iuexterior.org\/de\/#website"},"datePublished":"2018-03-06T22:15:45+00:00","dateModified":"2021-10-15T07:52:04+00:00","breadcrumb":{"@id":"https:\/\/iuexterior.org\/boletin\/#breadcrumb"},"inLanguage":"en-GB","potentialAction":[{"@type":"ReadAction","target":["https:\/\/iuexterior.org\/boletin\/"]}]},{"@type":"BreadcrumbList","@id":"https:\/\/iuexterior.org\/boletin\/#breadcrumb","itemListElement":[{"@type":"ListItem","position":1,"name":"Portada","item":"http:\/\/iuexterior.org\/de\/"},{"@type":"ListItem","position":2,"name":"Bolet\u00edn"}]},{"@type":"WebSite","@id":"http:\/\/iuexterior.org\/de\/#website","url":"http:\/\/iuexterior.org\/de\/","name":"Federaci\u00f3n de Izquierda Unida en el Exterior (IU Exterior)","description":"La federaci\u00f3n de IU para la ciudadan\u00eda espa\u00f1ola emigrada.","potentialAction":[{"@type":"SearchAction","target":{"@type":"EntryPoint","urlTemplate":"http:\/\/iuexterior.org\/de\/?s={search_term_string}"},"query-input":{"@type":"PropertyValueSpecification","valueRequired":true,"valueName":"search_term_string"}}],"inLanguage":"en-GB"}]}},"_links":{"self":[{"href":"http:\/\/iuexterior.org\/en\/wp-json\/wp\/v2\/pages\/309","targetHints":{"allow":["GET"]}}],"collection":[{"href":"http:\/\/iuexterior.org\/en\/wp-json\/wp\/v2\/pages"}],"about":[{"href":"http:\/\/iuexterior.org\/en\/wp-json\/wp\/v2\/types\/page"}],"author":[{"embeddable":true,"href":"http:\/\/iuexterior.org\/en\/wp-json\/wp\/v2\/users\/1"}],"replies":[{"embeddable":true,"href":"http:\/\/iuexterior.org\/en\/wp-json\/wp\/v2\/comments?post=309"}],"version-history":[{"count":0,"href":"http:\/\/iuexterior.org\/en\/wp-json\/wp\/v2\/pages\/309\/revisions"}],"wp:attachment":[{"href":"http:\/\/iuexterior.org\/en\/wp-json\/wp\/v2\/media?parent=309"}],"curies":[{"name":"wp","href":"https:\/\/api.w.org\/{rel}","templated":true}]}}