{"id":2081,"date":"2020-10-28T20:22:14","date_gmt":"2020-10-28T19:22:14","guid":{"rendered":"http:\/\/iuexterior.org\/?page_id=2081"},"modified":"2025-11-04T11:24:21","modified_gmt":"2025-11-04T10:24:21","slug":"luxemburgo","status":"publish","type":"page","link":"http:\/\/iuexterior.org\/en\/luxemburgo\/","title":{"rendered":"IU Luxembourg"},"content":{"rendered":"<p>La asamblea de <strong>IU Luxembourg<\/strong> se constituy\u00f3 el <strong>5 de junio de 2017<\/strong>, poco despu\u00e9s de la celebraci\u00f3n de la <a href=\"http:\/\/iuexterior.org\/en\/i-asamblea-de-iu-exterior\/\">asamblea de creaci\u00f3n de IU Exterior<\/a>. Anteriormente, su militancia participaba en la estructura de la antigua federaci\u00f3n de IU Luxemburgo.<\/p>\n\n\n\n<p>En la asamblea militan desde aquellos emigrantes que salieron de Espa\u00f1a en los a\u00f1os 60 a la b\u00fasqueda de unas condiciones de vida dignas y mejores, hasta j\u00f3venes que han salido de Espa\u00f1a como consecuencia de posteriores crisis econ\u00f3micas, pasando por aquellos que llegaron a Luxemburgo con la entrada de Espa\u00f1a en la Uni\u00f3n Europea. Casi todos los militantes de IU Luxemburgo lo son tambi\u00e9n del n\u00facleo del <a href=\"https:\/\/www.facebook.com\/PCELuxemburgo\" target=\"_blank\" rel=\"noreferrer noopener\">PCE Luxemburgo<\/a>, con el que existe una estrecha colaboraci\u00f3n.<\/p>\n\n\n\n<figure class=\"wp-block-image size-large\"><img loading=\"lazy\" decoding=\"async\" width=\"1024\" height=\"768\" src=\"http:\/\/iuexterior.org\/wp-content\/uploads\/2020\/10\/IMG-20201027-WA0008-1024x768.jpg\" alt=\"\" class=\"wp-image-2086\" srcset=\"http:\/\/iuexterior.org\/wp-content\/uploads\/2020\/10\/IMG-20201027-WA0008-1024x768.jpg 1024w, http:\/\/iuexterior.org\/wp-content\/uploads\/2020\/10\/IMG-20201027-WA0008-300x225.jpg 300w, http:\/\/iuexterior.org\/wp-content\/uploads\/2020\/10\/IMG-20201027-WA0008-768x576.jpg 768w, http:\/\/iuexterior.org\/wp-content\/uploads\/2020\/10\/IMG-20201027-WA0008-16x12.jpg 16w, http:\/\/iuexterior.org\/wp-content\/uploads\/2020\/10\/IMG-20201027-WA0008.jpg 1280w\" sizes=\"auto, (max-width: 1024px) 100vw, 1024px\" \/><\/figure>\n\n\n\n<p>La asamblea de IU Luxemburgo colabora con partidos locales como <strong>Dei L\u00e8nk<\/strong> o el <strong>KPL<\/strong> (Partido Comunista de Luxemburgo), y todos los a\u00f1os tiene una presencia activa en el <a href=\"https:\/\/www.clae.lu\/festival\/festival-des-migrations\/\" target=\"_blank\" rel=\"noreferrer noopener\">Festival de las Migraciones<\/a> organizado por el CLAE (Comit\u00e9 de liaison des associations d\u2019\u00e9trangers); gran evento multicultural en el que participan numerosos colectivos pol\u00edticos y sociales de distintas nacionalidades. Adem\u00e1s, los militantes de IU Luxemburgo son miembros activos de la <a href=\"https:\/\/www.facebook.com\/ARELuxemburgo\/\" target=\"_blank\" rel=\"noreferrer noopener\">asociaci\u00f3n republicana AREL<\/a> (Amistad con la Rep\u00fablica Espa\u00f1ola en Luxemburgo) y del <a href=\"https:\/\/www.facebook.com\/mdmluxemburgo\" target=\"_blank\" rel=\"noreferrer noopener\">MDM Luxemburgo<\/a> (Movimiento Democr\u00e1tico de Mujeres), asociaci\u00f3n feminista que trabaja con las organizaciones de mujeres de Luxemburgo.<\/p>\n\n\n\n<figure class=\"wp-block-image size-large\"><img loading=\"lazy\" decoding=\"async\" width=\"1024\" height=\"768\" src=\"http:\/\/iuexterior.org\/wp-content\/uploads\/2020\/10\/IMG-20201027-WA0004-1024x768.jpg\" alt=\"\" class=\"wp-image-2085\" srcset=\"http:\/\/iuexterior.org\/wp-content\/uploads\/2020\/10\/IMG-20201027-WA0004-1024x768.jpg 1024w, http:\/\/iuexterior.org\/wp-content\/uploads\/2020\/10\/IMG-20201027-WA0004-300x225.jpg 300w, http:\/\/iuexterior.org\/wp-content\/uploads\/2020\/10\/IMG-20201027-WA0004-768x576.jpg 768w, http:\/\/iuexterior.org\/wp-content\/uploads\/2020\/10\/IMG-20201027-WA0004-1536x1152.jpg 1536w, http:\/\/iuexterior.org\/wp-content\/uploads\/2020\/10\/IMG-20201027-WA0004-16x12.jpg 16w, http:\/\/iuexterior.org\/wp-content\/uploads\/2020\/10\/IMG-20201027-WA0004.jpg 1600w\" sizes=\"auto, (max-width: 1024px) 100vw, 1024px\" \/><\/figure>\n\n\n\n<p>La asamblea de <strong>IU Luxembourg <\/strong>se re\u00fane, por lo general, una vez al mes en los locales del CLAE, s\u00edmbolo de la emigraci\u00f3n en Luxemburgo.<\/p>\n\n\n\n<p>Su <strong>Coordinadora Local<\/strong> est\u00e1 formada por:<\/p>\n\n\n\n<ul class=\"wp-block-list\">\n<li><strong>Portavoc\u00eda y organizaci\u00f3n<\/strong>: Marta de Medina-Rosales<\/li>\n\n\n\n<li><strong>Comunicaci\u00f3n<\/strong>: Luis Cascales<\/li>\n\n\n\n<li><strong>Feminismo<\/strong>: Alicia de Medina-Rosales y Silvia Cebri\u00e1n<\/li>\n\n\n\n<li><strong>Memoria hist\u00f3rica<\/strong>: Sergio \u00c1lvarez<\/li>\n<\/ul>\n\n\n\n<p>Puedes contactar con IU Luxemburgo a trav\u00e9s del correo <a href=\"mailto:luxemburgo@iuexterior.org\">luxemburgo@iuexterior.org<\/a> y de sus perfiles en <a href=\"http:\/\/facebook.com\/IzquierdaUnidaLuxemburgo\" target=\"_blank\" rel=\"noreferrer noopener\">Facebook<\/a>, <a href=\"http:\/\/twitter.com\/IULuxemburgo\" target=\"_blank\" rel=\"noreferrer noopener\">Twitter<\/a> e <a href=\"http:\/\/instagram.com\/IULuxemburgo\/\" target=\"_blank\" rel=\"noreferrer noopener\">Instagram<\/a>.<\/p>\n\n\n\n<ul class=\"wp-block-social-links is-layout-flex wp-block-social-links-is-layout-flex\"><li class=\"wp-social-link wp-social-link-facebook  wp-block-social-link\"><a href=\"https:\/\/facebook.com\/IULuxemburgo\/\" class=\"wp-block-social-link-anchor\"><svg width=\"24\" height=\"24\" viewbox=\"0 0 24 24\" version=\"1.1\" xmlns=\"http:\/\/www.w3.org\/2000\/svg\" aria-hidden=\"true\" focusable=\"false\"><path d=\"M12 2C6.5 2 2 6.5 2 12c0 5 3.7 9.1 8.4 9.9v-7H7.9V12h2.5V9.8c0-2.5 1.5-3.9 3.8-3.9 1.1 0 2.2.2 2.2.2v2.5h-1.3c-1.2 0-1.6.8-1.6 1.6V12h2.8l-.4 2.9h-2.3v7C18.3 21.1 22 17 22 12c0-5.5-4.5-10-10-10z\"><\/path><\/svg><span class=\"wp-block-social-link-label screen-reader-text\">Facebook<\/span><\/a><\/li>\n\n<li class=\"wp-social-link wp-social-link-twitter  wp-block-social-link\"><a href=\"https:\/\/twitter.com\/IULuxemburgo\/\" class=\"wp-block-social-link-anchor\"><svg width=\"24\" height=\"24\" viewbox=\"0 0 24 24\" version=\"1.1\" xmlns=\"http:\/\/www.w3.org\/2000\/svg\" aria-hidden=\"true\" focusable=\"false\"><path d=\"M22.23,5.924c-0.736,0.326-1.527,0.547-2.357,0.646c0.847-0.508,1.498-1.312,1.804-2.27 c-0.793,0.47-1.671,0.812-2.606,0.996C18.324,4.498,17.257,4,16.077,4c-2.266,0-4.103,1.837-4.103,4.103 c0,0.322,0.036,0.635,0.106,0.935C8.67,8.867,5.647,7.234,3.623,4.751C3.27,5.357,3.067,6.062,3.067,6.814 c0,1.424,0.724,2.679,1.825,3.415c-0.673-0.021-1.305-0.206-1.859-0.513c0,0.017,0,0.034,0,0.052c0,1.988,1.414,3.647,3.292,4.023 c-0.344,0.094-0.707,0.144-1.081,0.144c-0.264,0-0.521-0.026-0.772-0.074c0.522,1.63,2.038,2.816,3.833,2.85 c-1.404,1.1-3.174,1.756-5.096,1.756c-0.331,0-0.658-0.019-0.979-0.057c1.816,1.164,3.973,1.843,6.29,1.843 c7.547,0,11.675-6.252,11.675-11.675c0-0.178-0.004-0.355-0.012-0.531C20.985,7.47,21.68,6.747,22.23,5.924z\"><\/path><\/svg><span class=\"wp-block-social-link-label screen-reader-text\">Twitter<\/span><\/a><\/li>\n\n<li class=\"wp-social-link wp-social-link-instagram  wp-block-social-link\"><a href=\"https:\/\/instagram.com\/IULuxemburgo\/\" class=\"wp-block-social-link-anchor\"><svg width=\"24\" height=\"24\" viewbox=\"0 0 24 24\" version=\"1.1\" xmlns=\"http:\/\/www.w3.org\/2000\/svg\" aria-hidden=\"true\" focusable=\"false\"><path d=\"M12,4.622c2.403,0,2.688,0.009,3.637,0.052c0.877,0.04,1.354,0.187,1.671,0.31c0.42,0.163,0.72,0.358,1.035,0.673 c0.315,0.315,0.51,0.615,0.673,1.035c0.123,0.317,0.27,0.794,0.31,1.671c0.043,0.949,0.052,1.234,0.052,3.637 s-0.009,2.688-0.052,3.637c-0.04,0.877-0.187,1.354-0.31,1.671c-0.163,0.42-0.358,0.72-0.673,1.035 c-0.315,0.315-0.615,0.51-1.035,0.673c-0.317,0.123-0.794,0.27-1.671,0.31c-0.949,0.043-1.233,0.052-3.637,0.052 s-2.688-0.009-3.637-0.052c-0.877-0.04-1.354-0.187-1.671-0.31c-0.42-0.163-0.72-0.358-1.035-0.673 c-0.315-0.315-0.51-0.615-0.673-1.035c-0.123-0.317-0.27-0.794-0.31-1.671C4.631,14.688,4.622,14.403,4.622,12 s0.009-2.688,0.052-3.637c0.04-0.877,0.187-1.354,0.31-1.671c0.163-0.42,0.358-0.72,0.673-1.035 c0.315-0.315,0.615-0.51,1.035-0.673c0.317-0.123,0.794-0.27,1.671-0.31C9.312,4.631,9.597,4.622,12,4.622 M12,3 C9.556,3,9.249,3.01,8.289,3.054C7.331,3.098,6.677,3.25,6.105,3.472C5.513,3.702,5.011,4.01,4.511,4.511 c-0.5,0.5-0.808,1.002-1.038,1.594C3.25,6.677,3.098,7.331,3.054,8.289C3.01,9.249,3,9.556,3,12c0,2.444,0.01,2.751,0.054,3.711 c0.044,0.958,0.196,1.612,0.418,2.185c0.23,0.592,0.538,1.094,1.038,1.594c0.5,0.5,1.002,0.808,1.594,1.038 c0.572,0.222,1.227,0.375,2.185,0.418C9.249,20.99,9.556,21,12,21s2.751-0.01,3.711-0.054c0.958-0.044,1.612-0.196,2.185-0.418 c0.592-0.23,1.094-0.538,1.594-1.038c0.5-0.5,0.808-1.002,1.038-1.594c0.222-0.572,0.375-1.227,0.418-2.185 C20.99,14.751,21,14.444,21,12s-0.01-2.751-0.054-3.711c-0.044-0.958-0.196-1.612-0.418-2.185c-0.23-0.592-0.538-1.094-1.038-1.594 c-0.5-0.5-1.002-0.808-1.594-1.038c-0.572-0.222-1.227-0.375-2.185-0.418C14.751,3.01,14.444,3,12,3L12,3z M12,7.378 c-2.552,0-4.622,2.069-4.622,4.622S9.448,16.622,12,16.622s4.622-2.069,4.622-4.622S14.552,7.378,12,7.378z M12,15 c-1.657,0-3-1.343-3-3s1.343-3,3-3s3,1.343,3,3S13.657,15,12,15z M16.804,6.116c-0.596,0-1.08,0.484-1.08,1.08 s0.484,1.08,1.08,1.08c0.596,0,1.08-0.484,1.08-1.08S17.401,6.116,16.804,6.116z\"><\/path><\/svg><span class=\"wp-block-social-link-label screen-reader-text\">Instagram<\/span><\/a><\/li>\n\n\n\n<\/ul>\n\n\n<ul class=\"wp-block-latest-posts__list is-grid columns-3 wp-block-latest-posts\"><li><div class=\"wp-block-latest-posts__featured-image\"><img loading=\"lazy\" decoding=\"async\" width=\"300\" height=\"178\" src=\"http:\/\/iuexterior.org\/wp-content\/uploads\/2025\/12\/G68WC2JXIAAwS62-300x178.jpeg\" class=\"attachment-medium size-medium wp-post-image\" alt=\"\" style=\"\" srcset=\"http:\/\/iuexterior.org\/wp-content\/uploads\/2025\/12\/G68WC2JXIAAwS62-300x178.jpeg 300w, http:\/\/iuexterior.org\/wp-content\/uploads\/2025\/12\/G68WC2JXIAAwS62-1024x606.jpeg 1024w, http:\/\/iuexterior.org\/wp-content\/uploads\/2025\/12\/G68WC2JXIAAwS62-768x455.jpeg 768w, http:\/\/iuexterior.org\/wp-content\/uploads\/2025\/12\/G68WC2JXIAAwS62-1536x909.jpeg 1536w, http:\/\/iuexterior.org\/wp-content\/uploads\/2025\/12\/G68WC2JXIAAwS62-18x12.jpeg 18w, http:\/\/iuexterior.org\/wp-content\/uploads\/2025\/12\/G68WC2JXIAAwS62.jpeg 2047w\" sizes=\"auto, (max-width: 300px) 100vw, 300px\" \/><\/div><a class=\"wp-block-latest-posts__post-title\" href=\"http:\/\/iuexterior.org\/en\/2025\/12\/04\/izquierda-unida-exterior-celebra-su-iii-asamblea-y-reelige-a-luis-cortes-como-coordinador\/\">Izquierda Unida Exterior celebra su III Asamblea y reelige a Luis Cort\u00e9s como coordinador<\/a><\/li>\n<li><div class=\"wp-block-latest-posts__featured-image\"><img loading=\"lazy\" decoding=\"async\" width=\"300\" height=\"204\" src=\"http:\/\/iuexterior.org\/wp-content\/uploads\/2025\/05\/escuela-iuexterior-2025-a-e1762251741761-300x204.png\" class=\"attachment-medium size-medium wp-post-image\" alt=\"\" style=\"\" srcset=\"http:\/\/iuexterior.org\/wp-content\/uploads\/2025\/05\/escuela-iuexterior-2025-a-e1762251741761-300x204.png 300w, http:\/\/iuexterior.org\/wp-content\/uploads\/2025\/05\/escuela-iuexterior-2025-a-e1762251741761-18x12.png 18w, http:\/\/iuexterior.org\/wp-content\/uploads\/2025\/05\/escuela-iuexterior-2025-a-e1762251741761-110x75.png 110w, http:\/\/iuexterior.org\/wp-content\/uploads\/2025\/05\/escuela-iuexterior-2025-a-e1762251741761.png 620w\" sizes=\"auto, (max-width: 300px) 100vw, 300px\" \/><\/div><a class=\"wp-block-latest-posts__post-title\" href=\"http:\/\/iuexterior.org\/en\/2025\/05\/05\/ii-escuela-de-primavera-de-iu-exterior-en-berlin\/\">II Escuela de Primavera de IU Exterior en Berl\u00edn<\/a><\/li>\n<li><div class=\"wp-block-latest-posts__featured-image\"><img loading=\"lazy\" decoding=\"async\" width=\"300\" height=\"169\" src=\"http:\/\/iuexterior.org\/wp-content\/uploads\/2020\/01\/IU-Global-300x169.png\" class=\"attachment-medium size-medium wp-post-image\" alt=\"\" style=\"\" srcset=\"http:\/\/iuexterior.org\/wp-content\/uploads\/2020\/01\/IU-Global-300x169.png 300w, http:\/\/iuexterior.org\/wp-content\/uploads\/2020\/01\/IU-Global-1024x576.png 1024w, http:\/\/iuexterior.org\/wp-content\/uploads\/2020\/01\/IU-Global-768x432.png 768w, http:\/\/iuexterior.org\/wp-content\/uploads\/2020\/01\/IU-Global-1536x864.png 1536w, http:\/\/iuexterior.org\/wp-content\/uploads\/2020\/01\/IU-Global.png 1920w\" sizes=\"auto, (max-width: 300px) 100vw, 300px\" \/><\/div><a class=\"wp-block-latest-posts__post-title\" href=\"http:\/\/iuexterior.org\/en\/2020\/11\/12\/la-emigracion-participa-en-el-proceso-de-debate-hacia-la-xii-asamblea-de-iu\/\">La emigraci\u00f3n participa en el proceso de debate hacia la XII Asamblea de IU<\/a><\/li>\n<li><div class=\"wp-block-latest-posts__featured-image\"><img loading=\"lazy\" decoding=\"async\" width=\"300\" height=\"300\" src=\"http:\/\/iuexterior.org\/wp-content\/uploads\/2020\/03\/photo5985780424925884967-300x300.jpg\" class=\"attachment-medium size-medium wp-post-image\" alt=\"\" style=\"\" srcset=\"http:\/\/iuexterior.org\/wp-content\/uploads\/2020\/03\/photo5985780424925884967-300x300.jpg 300w, http:\/\/iuexterior.org\/wp-content\/uploads\/2020\/03\/photo5985780424925884967.jpg 1024w, http:\/\/iuexterior.org\/wp-content\/uploads\/2020\/03\/photo5985780424925884967-150x150.jpg 150w, http:\/\/iuexterior.org\/wp-content\/uploads\/2020\/03\/photo5985780424925884967-768x768.jpg 768w\" sizes=\"auto, (max-width: 300px) 100vw, 300px\" \/><\/div><a class=\"wp-block-latest-posts__post-title\" href=\"http:\/\/iuexterior.org\/en\/2020\/03\/06\/iu-exterior-se-suma-a-las-movilizaciones-del-8m-desde-ciudades-como-berlin-bruselas-dublin-leipzig-luxemburgo-toulouse-o-zurich\/\">IU Exterior se suma a las movilizaciones del 8M desde ciudades como Berl\u00edn, Bruselas, Dubl\u00edn, Leipzig, Luxemburgo, Toulouse o Z\u00farich<\/a><\/li>\n<li><div class=\"wp-block-latest-posts__featured-image\"><img loading=\"lazy\" decoding=\"async\" width=\"300\" height=\"225\" src=\"http:\/\/iuexterior.org\/wp-content\/uploads\/2019\/10\/f0e586aa-74c3-495d-96ab-cb53db6219f8-300x225.jpg\" class=\"attachment-medium size-medium wp-post-image\" alt=\"\" style=\"\" srcset=\"http:\/\/iuexterior.org\/wp-content\/uploads\/2019\/10\/f0e586aa-74c3-495d-96ab-cb53db6219f8-300x225.jpg 300w, http:\/\/iuexterior.org\/wp-content\/uploads\/2019\/10\/f0e586aa-74c3-495d-96ab-cb53db6219f8-768x576.jpg 768w, http:\/\/iuexterior.org\/wp-content\/uploads\/2019\/10\/f0e586aa-74c3-495d-96ab-cb53db6219f8-1024x768.jpg 1024w, http:\/\/iuexterior.org\/wp-content\/uploads\/2019\/10\/f0e586aa-74c3-495d-96ab-cb53db6219f8.jpg 1280w\" sizes=\"auto, (max-width: 300px) 100vw, 300px\" \/><\/div><a class=\"wp-block-latest-posts__post-title\" href=\"http:\/\/iuexterior.org\/en\/2019\/10\/17\/luxemburgo-leipzig-berlin-y-bruselas-preparan-la-campana-electoral-como-unidas-podemos\/\">Luxemburgo, Leipzig, Berl\u00edn y Bruselas preparan la campa\u00f1a electoral como Unidas Podemos<\/a><\/li>\n<li><div class=\"wp-block-latest-posts__featured-image\"><img loading=\"lazy\" decoding=\"async\" width=\"300\" height=\"169\" src=\"http:\/\/iuexterior.org\/wp-content\/uploads\/2018\/09\/Collage-DaelpasoaIU-300x169.jpg\" class=\"attachment-medium size-medium wp-post-image\" alt=\"\" style=\"\" srcset=\"http:\/\/iuexterior.org\/wp-content\/uploads\/2018\/09\/Collage-DaelpasoaIU-300x169.jpg 300w, http:\/\/iuexterior.org\/wp-content\/uploads\/2018\/09\/Collage-DaelpasoaIU-768x432.jpg 768w, http:\/\/iuexterior.org\/wp-content\/uploads\/2018\/09\/Collage-DaelpasoaIU-1024x576.jpg 1024w, http:\/\/iuexterior.org\/wp-content\/uploads\/2018\/09\/Collage-DaelpasoaIU.jpg 1920w\" sizes=\"auto, (max-width: 300px) 100vw, 300px\" \/><\/div><a class=\"wp-block-latest-posts__post-title\" href=\"http:\/\/iuexterior.org\/en\/2018\/09\/15\/daelpasoaiu-defiende-tus-derechos-con-iu-exterior\/\">#DaelpasoaIU: defiende tus derechos desde la emigraci\u00f3n con IU Exterior<\/a><\/li>\n<\/ul><!-- AddThis Advanced Settings generic via filter on the_content --><!-- AddThis Share Buttons generic via filter on the_content -->","protected":false},"excerpt":{"rendered":"<p>La asamblea de IU Luxemburgo se constituy\u00f3 el 5 de junio de 2017, poco despu\u00e9s de la celebraci\u00f3n de la asamblea de creaci\u00f3n de IU Exterior. Anteriormente, su militancia participaba &hellip;<!-- AddThis Advanced Settings generic via filter on get_the_excerpt --><!-- AddThis Share Buttons generic via filter on get_the_excerpt --><\/p>","protected":false},"author":2,"featured_media":2082,"parent":0,"menu_order":0,"comment_status":"closed","ping_status":"closed","template":"","meta":{"footnotes":""},"class_list":["post-2081","page","type-page","status-publish","has-post-thumbnail",""],"yoast_head":"<!-- This site is optimized with the Yoast SEO plugin v25.7 - https:\/\/yoast.com\/wordpress\/plugins\/seo\/ -->\n<title>IU Luxemburgo - Federaci\u00f3n de Izquierda Unida en el Exterior (IU Exterior)<\/title>\n<meta name=\"robots\" content=\"index, follow, max-snippet:-1, max-image-preview:large, max-video-preview:-1\" \/>\n<link rel=\"canonical\" href=\"http:\/\/iuexterior.org\/en\/luxemburgo\/\" \/>\n<meta property=\"og:locale\" content=\"en_GB\" \/>\n<meta property=\"og:type\" content=\"article\" \/>\n<meta property=\"og:title\" content=\"IU Luxemburgo - Federaci\u00f3n de Izquierda Unida en el Exterior (IU Exterior)\" \/>\n<meta property=\"og:description\" content=\"La asamblea de IU Luxemburgo se constituy\u00f3 el 5 de junio de 2017, poco despu\u00e9s de la celebraci\u00f3n de la asamblea de creaci\u00f3n de IU Exterior. Anteriormente, su militancia participaba &hellip;\" \/>\n<meta property=\"og:url\" content=\"http:\/\/iuexterior.org\/en\/luxemburgo\/\" \/>\n<meta property=\"og:site_name\" content=\"Federaci\u00f3n de Izquierda Unida en el Exterior (IU Exterior)\" \/>\n<meta property=\"article:modified_time\" content=\"2025-11-04T10:24:21+00:00\" \/>\n<meta property=\"og:image\" content=\"http:\/\/iuexterior.org\/wp-content\/uploads\/2020\/10\/IMG-20201027-WA0000.jpg\" \/>\n\t<meta property=\"og:image:width\" content=\"1280\" \/>\n\t<meta property=\"og:image:height\" content=\"720\" \/>\n\t<meta property=\"og:image:type\" content=\"image\/jpeg\" \/>\n<meta name=\"twitter:card\" content=\"summary_large_image\" \/>\n<meta name=\"twitter:label1\" content=\"Estimated reading time\" \/>\n\t<meta name=\"twitter:data1\" content=\"2 minutes\" \/>\n<script type=\"application\/ld+json\" class=\"yoast-schema-graph\">{\"@context\":\"https:\/\/schema.org\",\"@graph\":[{\"@type\":\"WebPage\",\"@id\":\"http:\/\/iuexterior.org\/luxemburgo\/\",\"url\":\"http:\/\/iuexterior.org\/luxemburgo\/\",\"name\":\"IU Luxemburgo - Federaci\u00f3n de Izquierda Unida en el Exterior (IU Exterior)\",\"isPartOf\":{\"@id\":\"http:\/\/iuexterior.org\/de\/#website\"},\"primaryImageOfPage\":{\"@id\":\"http:\/\/iuexterior.org\/luxemburgo\/#primaryimage\"},\"image\":{\"@id\":\"http:\/\/iuexterior.org\/luxemburgo\/#primaryimage\"},\"thumbnailUrl\":\"http:\/\/iuexterior.org\/wp-content\/uploads\/2020\/10\/IMG-20201027-WA0000.jpg\",\"datePublished\":\"2020-10-28T19:22:14+00:00\",\"dateModified\":\"2025-11-04T10:24:21+00:00\",\"breadcrumb\":{\"@id\":\"http:\/\/iuexterior.org\/luxemburgo\/#breadcrumb\"},\"inLanguage\":\"en-GB\",\"potentialAction\":[{\"@type\":\"ReadAction\",\"target\":[\"http:\/\/iuexterior.org\/luxemburgo\/\"]}]},{\"@type\":\"ImageObject\",\"inLanguage\":\"en-GB\",\"@id\":\"http:\/\/iuexterior.org\/luxemburgo\/#primaryimage\",\"url\":\"http:\/\/iuexterior.org\/wp-content\/uploads\/2020\/10\/IMG-20201027-WA0000.jpg\",\"contentUrl\":\"http:\/\/iuexterior.org\/wp-content\/uploads\/2020\/10\/IMG-20201027-WA0000.jpg\",\"width\":1280,\"height\":720},{\"@type\":\"BreadcrumbList\",\"@id\":\"http:\/\/iuexterior.org\/luxemburgo\/#breadcrumb\",\"itemListElement\":[{\"@type\":\"ListItem\",\"position\":1,\"name\":\"Portada\",\"item\":\"http:\/\/iuexterior.org\/de\/\"},{\"@type\":\"ListItem\",\"position\":2,\"name\":\"IU Luxemburgo\"}]},{\"@type\":\"WebSite\",\"@id\":\"http:\/\/iuexterior.org\/de\/#website\",\"url\":\"http:\/\/iuexterior.org\/de\/\",\"name\":\"Federaci\u00f3n de Izquierda Unida en el Exterior (IU Exterior)\",\"description\":\"La federaci\u00f3n de IU para la ciudadan\u00eda espa\u00f1ola emigrada.\",\"potentialAction\":[{\"@type\":\"SearchAction\",\"target\":{\"@type\":\"EntryPoint\",\"urlTemplate\":\"http:\/\/iuexterior.org\/de\/?s={search_term_string}\"},\"query-input\":{\"@type\":\"PropertyValueSpecification\",\"valueRequired\":true,\"valueName\":\"search_term_string\"}}],\"inLanguage\":\"en-GB\"}]}<\/script>\n<!-- \/ Yoast SEO plugin. -->","yoast_head_json":{"title":"IU Luxemburgo - Federaci\u00f3n de Izquierda Unida en el Exterior (IU Exterior)","robots":{"index":"index","follow":"follow","max-snippet":"max-snippet:-1","max-image-preview":"max-image-preview:large","max-video-preview":"max-video-preview:-1"},"canonical":"http:\/\/iuexterior.org\/en\/luxemburgo\/","og_locale":"en_GB","og_type":"article","og_title":"IU Luxemburgo - Federaci\u00f3n de Izquierda Unida en el Exterior (IU Exterior)","og_description":"La asamblea de IU Luxemburgo se constituy\u00f3 el 5 de junio de 2017, poco despu\u00e9s de la celebraci\u00f3n de la asamblea de creaci\u00f3n de IU Exterior. Anteriormente, su militancia participaba &hellip;","og_url":"http:\/\/iuexterior.org\/en\/luxemburgo\/","og_site_name":"Federaci\u00f3n de Izquierda Unida en el Exterior (IU Exterior)","article_modified_time":"2025-11-04T10:24:21+00:00","og_image":[{"width":1280,"height":720,"url":"http:\/\/iuexterior.org\/wp-content\/uploads\/2020\/10\/IMG-20201027-WA0000.jpg","type":"image\/jpeg"}],"twitter_card":"summary_large_image","twitter_misc":{"Estimated reading time":"2 minutes"},"schema":{"@context":"https:\/\/schema.org","@graph":[{"@type":"WebPage","@id":"http:\/\/iuexterior.org\/luxemburgo\/","url":"http:\/\/iuexterior.org\/luxemburgo\/","name":"IU Luxemburgo - Federaci\u00f3n de Izquierda Unida en el Exterior (IU Exterior)","isPartOf":{"@id":"http:\/\/iuexterior.org\/de\/#website"},"primaryImageOfPage":{"@id":"http:\/\/iuexterior.org\/luxemburgo\/#primaryimage"},"image":{"@id":"http:\/\/iuexterior.org\/luxemburgo\/#primaryimage"},"thumbnailUrl":"http:\/\/iuexterior.org\/wp-content\/uploads\/2020\/10\/IMG-20201027-WA0000.jpg","datePublished":"2020-10-28T19:22:14+00:00","dateModified":"2025-11-04T10:24:21+00:00","breadcrumb":{"@id":"http:\/\/iuexterior.org\/luxemburgo\/#breadcrumb"},"inLanguage":"en-GB","potentialAction":[{"@type":"ReadAction","target":["http:\/\/iuexterior.org\/luxemburgo\/"]}]},{"@type":"ImageObject","inLanguage":"en-GB","@id":"http:\/\/iuexterior.org\/luxemburgo\/#primaryimage","url":"http:\/\/iuexterior.org\/wp-content\/uploads\/2020\/10\/IMG-20201027-WA0000.jpg","contentUrl":"http:\/\/iuexterior.org\/wp-content\/uploads\/2020\/10\/IMG-20201027-WA0000.jpg","width":1280,"height":720},{"@type":"BreadcrumbList","@id":"http:\/\/iuexterior.org\/luxemburgo\/#breadcrumb","itemListElement":[{"@type":"ListItem","position":1,"name":"Portada","item":"http:\/\/iuexterior.org\/de\/"},{"@type":"ListItem","position":2,"name":"IU Luxemburgo"}]},{"@type":"WebSite","@id":"http:\/\/iuexterior.org\/de\/#website","url":"http:\/\/iuexterior.org\/de\/","name":"Federaci\u00f3n de Izquierda Unida en el Exterior (IU Exterior)","description":"La federaci\u00f3n de IU para la ciudadan\u00eda espa\u00f1ola emigrada.","potentialAction":[{"@type":"SearchAction","target":{"@type":"EntryPoint","urlTemplate":"http:\/\/iuexterior.org\/de\/?s={search_term_string}"},"query-input":{"@type":"PropertyValueSpecification","valueRequired":true,"valueName":"search_term_string"}}],"inLanguage":"en-GB"}]}},"_links":{"self":[{"href":"http:\/\/iuexterior.org\/en\/wp-json\/wp\/v2\/pages\/2081","targetHints":{"allow":["GET"]}}],"collection":[{"href":"http:\/\/iuexterior.org\/en\/wp-json\/wp\/v2\/pages"}],"about":[{"href":"http:\/\/iuexterior.org\/en\/wp-json\/wp\/v2\/types\/page"}],"author":[{"embeddable":true,"href":"http:\/\/iuexterior.org\/en\/wp-json\/wp\/v2\/users\/2"}],"replies":[{"embeddable":true,"href":"http:\/\/iuexterior.org\/en\/wp-json\/wp\/v2\/comments?post=2081"}],"version-history":[{"count":0,"href":"http:\/\/iuexterior.org\/en\/wp-json\/wp\/v2\/pages\/2081\/revisions"}],"wp:featuredmedia":[{"embeddable":true,"href":"http:\/\/iuexterior.org\/en\/wp-json\/wp\/v2\/media\/2082"}],"wp:attachment":[{"href":"http:\/\/iuexterior.org\/en\/wp-json\/wp\/v2\/media?parent=2081"}],"curies":[{"name":"wp","href":"https:\/\/api.w.org\/{rel}","templated":true}]}}