{"id":9,"date":"2017-05-15T18:07:12","date_gmt":"2017-05-15T16:07:12","guid":{"rendered":"http:\/\/iuexterior.org\/?page_id=9"},"modified":"2017-10-08T20:46:01","modified_gmt":"2017-10-08T18:46:01","slug":"que-es-iu-exterior","status":"publish","type":"page","link":"http:\/\/iuexterior.org\/de\/que-es-iu-exterior\/","title":{"rendered":"Was ist die Vereinigte Linke im Ausland (IU Exterior)?"},"content":{"rendered":"<p>Die neue F\u00f6deration \u201eVereinigte Linke im Ausland\u201c (IU Exterior) entsteht, weil der Migrationszusammenhang sich ge\u00e4ndert hat und wir eine neue Struktur brauchen, die sich daran besser anpasst. Die alte Struktur, die von der F\u00f6derationen in den verschiedenen L\u00e4ndern gebildet wurde, funktionierte erfolgreich im Zusammenhang der 60ger\/70ger Migrationswelle. W\u00e4hrend dieser Welle sind viele Menschen an einen konkreten Ort ausgewandert, entweder als Gastarbeiter in die Industrie oder in einen anderen Bereich von Arbeit; und sie sind dort viele Jahre, sogar Jahrzehnte, geblieben. Das Migrationsph\u00e4nomen, das im Jahr 2010 wegen der Wirtschaftskrise anf\u00e4ngt, hat ganz andere Charakteristiken.<\/p>\n<p>Der gr\u00f6\u00dfte Teil der mehr als 2,5 Millionen Menschen, die in den letzten sieben Jahren aus Spanien fortgegangen sind, sammelt sich in den gro\u00dfen und mittelgro\u00dfen St\u00e4dten der L\u00e4nder sowie im Vereinigten K\u00f6nigreich, in Deutschland, Frankreich oder Belgien. Jedoch gibt es Menschen, die in anderen europ\u00e4ischen L\u00e4ndern sowie in \u00d6sterreich oder in der Schweiz wohnen; und auch in Latinamerika, in der USA und sogar in Asien. Das Bestehen der alten geschichtlichen F\u00f6derationen in L\u00e4ndern wie Frankreich, Deutschland oder Belgien warft das Problem auf, wie die Arbeit der Mitglieder in anderen L\u00e4ndern zu koordinieren ist. Die neue Organisationsstruktur erm\u00f6glicht einerseits einen direkteren Kontakt zwischen den Mitgliedern und den Strukturen der Bundesorganisation und andererseits, dass die Menschen, die in entfernten Orten von den L\u00e4ndern, in denen die \u00e4ltere F\u00f6derationen funktionert haben, sich an die IU Exterior anschlie\u00dfen k\u00f6nnen.<\/p>\n<p>Unsere Hauptherausforderung ist, dass alle Mitglieder von der IU im Ausland in organisierter Weise arbeiten, unabh\u00e4ngig von der Stadt, dem Land und dem Kontinent, in dem sie sich befinden. Daf\u00fcr verst\u00e4rken wir die vorhandenen Grundversammlungen und gr\u00fcnden andere neue Versammlungen. Au\u00dferdem haben wir uns das Ziel gesetzt, dass die Mitglieder von der IU Exterior sich in die Arbeit und in die Konflikte, die die Migranten betreffen, einbringen; und dass sie zu diesem Zweck an den bestehenden Solidarit\u00e4tsnetzen teilnehmen  und sie dort, wo sie nicht existieren, dazu beitragen, diese zu errichten.<\/p>\n<!-- AddThis Advanced Settings generic via filter on the_content --><!-- AddThis Share Buttons generic via filter on the_content -->","protected":false},"excerpt":{"rendered":"<p>La nueva federaci\u00f3n de IU Exterior nace porque entendemos que el contexto migratorio ha cambiado y necesitamos una nueva estructura que se adapte mejor al mismo. La estructura formada por &hellip;<!-- AddThis Advanced Settings generic via filter on get_the_excerpt --><!-- AddThis Share Buttons generic via filter on get_the_excerpt --><\/p>","protected":false},"author":1,"featured_media":0,"parent":0,"menu_order":0,"comment_status":"closed","ping_status":"closed","template":"","meta":{"footnotes":""},"class_list":["post-9","page","type-page","status-publish",""],"yoast_head":"<!-- This site is optimized with the Yoast SEO plugin v25.7 - https:\/\/yoast.com\/wordpress\/plugins\/seo\/ -->\n<title>\u00bfQu\u00e9 es IU Exterior? - Federaci\u00f3n de Izquierda Unida en el Exterior (IU Exterior)<\/title>\n<meta name=\"robots\" content=\"index, follow, max-snippet:-1, max-image-preview:large, max-video-preview:-1\" \/>\n<link rel=\"canonical\" href=\"http:\/\/iuexterior.org\/de\/que-es-iu-exterior\/\" \/>\n<meta property=\"og:locale\" content=\"de_DE\" \/>\n<meta property=\"og:type\" content=\"article\" \/>\n<meta property=\"og:title\" content=\"\u00bfQu\u00e9 es IU Exterior? - Federaci\u00f3n de Izquierda Unida en el Exterior (IU Exterior)\" \/>\n<meta property=\"og:description\" content=\"La nueva federaci\u00f3n de IU Exterior nace porque entendemos que el contexto migratorio ha cambiado y necesitamos una nueva estructura que se adapte mejor al mismo. La estructura formada por &hellip;\" \/>\n<meta property=\"og:url\" content=\"http:\/\/iuexterior.org\/de\/que-es-iu-exterior\/\" \/>\n<meta property=\"og:site_name\" content=\"Federaci\u00f3n de Izquierda Unida en el Exterior (IU Exterior)\" \/>\n<meta property=\"article:modified_time\" content=\"2017-10-08T18:46:01+00:00\" \/>\n<meta name=\"twitter:card\" content=\"summary_large_image\" \/>\n<meta name=\"twitter:label1\" content=\"Gesch\u00e4tzte Lesezeit\" \/>\n\t<meta name=\"twitter:data1\" content=\"2\u00a0Minuten\" \/>\n<script type=\"application\/ld+json\" class=\"yoast-schema-graph\">{\"@context\":\"https:\/\/schema.org\",\"@graph\":[{\"@type\":\"WebPage\",\"@id\":\"http:\/\/iuexterior.org\/fr\/que-es-iu-exterior\/\",\"url\":\"http:\/\/iuexterior.org\/fr\/que-es-iu-exterior\/\",\"name\":\"\u00bfQu\u00e9 es IU Exterior? - Federaci\u00f3n de Izquierda Unida en el Exterior (IU Exterior)\",\"isPartOf\":{\"@id\":\"http:\/\/iuexterior.org\/de\/#website\"},\"datePublished\":\"2017-05-15T16:07:12+00:00\",\"dateModified\":\"2017-10-08T18:46:01+00:00\",\"breadcrumb\":{\"@id\":\"http:\/\/iuexterior.org\/fr\/que-es-iu-exterior\/#breadcrumb\"},\"inLanguage\":\"de\",\"potentialAction\":[{\"@type\":\"ReadAction\",\"target\":[\"http:\/\/iuexterior.org\/fr\/que-es-iu-exterior\/\"]}]},{\"@type\":\"BreadcrumbList\",\"@id\":\"http:\/\/iuexterior.org\/fr\/que-es-iu-exterior\/#breadcrumb\",\"itemListElement\":[{\"@type\":\"ListItem\",\"position\":1,\"name\":\"Portada\",\"item\":\"http:\/\/iuexterior.org\/de\/\"},{\"@type\":\"ListItem\",\"position\":2,\"name\":\"\u00bfQu\u00e9 es IU Exterior?\"}]},{\"@type\":\"WebSite\",\"@id\":\"http:\/\/iuexterior.org\/de\/#website\",\"url\":\"http:\/\/iuexterior.org\/de\/\",\"name\":\"Federaci\u00f3n de Izquierda Unida en el Exterior (IU Exterior)\",\"description\":\"La federaci\u00f3n de IU para la ciudadan\u00eda espa\u00f1ola emigrada.\",\"potentialAction\":[{\"@type\":\"SearchAction\",\"target\":{\"@type\":\"EntryPoint\",\"urlTemplate\":\"http:\/\/iuexterior.org\/de\/?s={search_term_string}\"},\"query-input\":{\"@type\":\"PropertyValueSpecification\",\"valueRequired\":true,\"valueName\":\"search_term_string\"}}],\"inLanguage\":\"de\"}]}<\/script>\n<!-- \/ Yoast SEO plugin. -->","yoast_head_json":{"title":"\u00bfQu\u00e9 es IU Exterior? - Federaci\u00f3n de Izquierda Unida en el Exterior (IU Exterior)","robots":{"index":"index","follow":"follow","max-snippet":"max-snippet:-1","max-image-preview":"max-image-preview:large","max-video-preview":"max-video-preview:-1"},"canonical":"http:\/\/iuexterior.org\/de\/que-es-iu-exterior\/","og_locale":"de_DE","og_type":"article","og_title":"\u00bfQu\u00e9 es IU Exterior? - Federaci\u00f3n de Izquierda Unida en el Exterior (IU Exterior)","og_description":"La nueva federaci\u00f3n de IU Exterior nace porque entendemos que el contexto migratorio ha cambiado y necesitamos una nueva estructura que se adapte mejor al mismo. La estructura formada por &hellip;","og_url":"http:\/\/iuexterior.org\/de\/que-es-iu-exterior\/","og_site_name":"Federaci\u00f3n de Izquierda Unida en el Exterior (IU Exterior)","article_modified_time":"2017-10-08T18:46:01+00:00","twitter_card":"summary_large_image","twitter_misc":{"Gesch\u00e4tzte Lesezeit":"2\u00a0Minuten"},"schema":{"@context":"https:\/\/schema.org","@graph":[{"@type":"WebPage","@id":"http:\/\/iuexterior.org\/fr\/que-es-iu-exterior\/","url":"http:\/\/iuexterior.org\/fr\/que-es-iu-exterior\/","name":"\u00bfQu\u00e9 es IU Exterior? - Federaci\u00f3n de Izquierda Unida en el Exterior (IU Exterior)","isPartOf":{"@id":"http:\/\/iuexterior.org\/de\/#website"},"datePublished":"2017-05-15T16:07:12+00:00","dateModified":"2017-10-08T18:46:01+00:00","breadcrumb":{"@id":"http:\/\/iuexterior.org\/fr\/que-es-iu-exterior\/#breadcrumb"},"inLanguage":"de","potentialAction":[{"@type":"ReadAction","target":["http:\/\/iuexterior.org\/fr\/que-es-iu-exterior\/"]}]},{"@type":"BreadcrumbList","@id":"http:\/\/iuexterior.org\/fr\/que-es-iu-exterior\/#breadcrumb","itemListElement":[{"@type":"ListItem","position":1,"name":"Portada","item":"http:\/\/iuexterior.org\/de\/"},{"@type":"ListItem","position":2,"name":"\u00bfQu\u00e9 es IU Exterior?"}]},{"@type":"WebSite","@id":"http:\/\/iuexterior.org\/de\/#website","url":"http:\/\/iuexterior.org\/de\/","name":"Federaci\u00f3n de Izquierda Unida en el Exterior (IU Exterior)","description":"La federaci\u00f3n de IU para la ciudadan\u00eda espa\u00f1ola emigrada.","potentialAction":[{"@type":"SearchAction","target":{"@type":"EntryPoint","urlTemplate":"http:\/\/iuexterior.org\/de\/?s={search_term_string}"},"query-input":{"@type":"PropertyValueSpecification","valueRequired":true,"valueName":"search_term_string"}}],"inLanguage":"de"}]}},"_links":{"self":[{"href":"http:\/\/iuexterior.org\/de\/wp-json\/wp\/v2\/pages\/9","targetHints":{"allow":["GET"]}}],"collection":[{"href":"http:\/\/iuexterior.org\/de\/wp-json\/wp\/v2\/pages"}],"about":[{"href":"http:\/\/iuexterior.org\/de\/wp-json\/wp\/v2\/types\/page"}],"author":[{"embeddable":true,"href":"http:\/\/iuexterior.org\/de\/wp-json\/wp\/v2\/users\/1"}],"replies":[{"embeddable":true,"href":"http:\/\/iuexterior.org\/de\/wp-json\/wp\/v2\/comments?post=9"}],"version-history":[{"count":0,"href":"http:\/\/iuexterior.org\/de\/wp-json\/wp\/v2\/pages\/9\/revisions"}],"wp:attachment":[{"href":"http:\/\/iuexterior.org\/de\/wp-json\/wp\/v2\/media?parent=9"}],"curies":[{"name":"wp","href":"https:\/\/api.w.org\/{rel}","templated":true}]}}