{"id":7,"date":"2017-05-15T18:07:00","date_gmt":"2017-05-15T16:07:00","guid":{"rendered":"http:\/\/iuexterior.org\/?page_id=7"},"modified":"2020-10-19T11:26:04","modified_gmt":"2020-10-19T09:26:04","slug":"contacto","status":"publish","type":"page","link":"http:\/\/iuexterior.org\/de\/contacto\/","title":{"rendered":"Kontakt"},"content":{"rendered":"<h3 class=\"has-text-align-center wp-block-heading\"><a href=\"https:\/\/iuexterior.org\/de\/afiliacion\/\" target=\"_blank\" rel=\"noopener noreferrer\">\u00a1Af\u00edliate como militante o simpatizante de<br>IU Exterior aqu\u00ed!<\/a><\/h3>\n\n\n\n<p class=\"translation-block\">Falls du uns kontaktieren willst, schreib uns ein E-Mail an <a style=\"color: #df0022;font-weight: bold\" href=\"mailto:exterior@izquierdaunida.org\" target=\"_self\">exterior@izquierdaunida.org<\/a> oder schick uns eine Message durch dieses Formular:<\/p>\n\n\n\n<div class=\"wpcf7 no-js\" id=\"wpcf7-f63-o1\" lang=\"es-ES\" dir=\"ltr\" data-wpcf7-id=\"63\">\n<div class=\"screen-reader-response\"><p role=\"status\" aria-live=\"polite\" aria-atomic=\"true\"><\/p> <ul><\/ul><\/div>\n<form action=\"\/de\/wp-json\/wp\/v2\/pages\/7#wpcf7-f63-o1\" method=\"post\" class=\"wpcf7-form init\" aria-label=\"Formulario de contacto\" enctype=\"multipart\/form-data\" novalidate=\"novalidate\" data-status=\"init\" data-trp-original-action=\"\/de\/wp-json\/wp\/v2\/pages\/7#wpcf7-f63-o1\">\n<fieldset class=\"hidden-fields-container\"><input type=\"hidden\" name=\"_wpcf7\" value=\"63\" \/><input type=\"hidden\" name=\"_wpcf7_version\" value=\"6.1.1\" \/><input type=\"hidden\" name=\"_wpcf7_locale\" value=\"es_ES\" \/><input type=\"hidden\" name=\"_wpcf7_unit_tag\" value=\"wpcf7-f63-o1\" \/><input type=\"hidden\" name=\"_wpcf7_container_post\" value=\"0\" \/><input type=\"hidden\" name=\"_wpcf7_posted_data_hash\" value=\"\" \/><input type=\"hidden\" name=\"_wpcf7_recaptcha_response\" value=\"\" \/>\n<\/fieldset>\n<p><label> Vor- und Nachname (geforderte)<br \/>\n<span class=\"wpcf7-form-control-wrap\" data-name=\"your-name\"><input size=\"40\" maxlength=\"400\" class=\"wpcf7-form-control wpcf7-text wpcf7-validates-as-required\" aria-required=\"true\" aria-invalid=\"false\" value=\"\" type=\"text\" name=\"your-name\" \/><\/span> <\/label>\n<\/p>\n<p><label> E-Mail (geforderte)<br \/>\n<span class=\"wpcf7-form-control-wrap\" data-name=\"your-email\"><input size=\"40\" maxlength=\"400\" class=\"wpcf7-form-control wpcf7-email wpcf7-validates-as-required wpcf7-text wpcf7-validates-as-email\" aria-required=\"true\" aria-invalid=\"false\" value=\"\" type=\"email\" name=\"your-email\" \/><\/span> <\/label>\n<\/p>\n<p><label> Message<br \/>\n<span class=\"wpcf7-form-control-wrap\" data-name=\"your-message\"><textarea cols=\"40\" rows=\"10\" maxlength=\"2000\" class=\"wpcf7-form-control wpcf7-textarea\" aria-invalid=\"false\" name=\"your-message\"><\/textarea><\/span> <\/label>\n<\/p>\n<p><span class=\"wpcf7-form-control-wrap\" data-name=\"file-451\"><input size=\"40\" class=\"wpcf7-form-control wpcf7-file\" accept=\".pdf,.jpg,.png,.gif,.bmp\" aria-invalid=\"false\" type=\"file\" name=\"file-451\" \/><\/span>\n<\/p>\n<p><input class=\"wpcf7-form-control wpcf7-submit has-spinner\" type=\"submit\" value=\"Enviar\" \/>\n<\/p><p style=\"display: none !important;\" class=\"akismet-fields-container\" data-prefix=\"_wpcf7_ak_\"><label>&#916;<textarea name=\"_wpcf7_ak_hp_textarea\" cols=\"45\" rows=\"8\" maxlength=\"100\"><\/textarea><\/label><input type=\"hidden\" id=\"ak_js_1\" name=\"_wpcf7_ak_js\" value=\"9\"\/><script>document.getElementById( \"ak_js_1\" ).setAttribute( \"value\", ( new Date() ).getTime() );<\/script><\/p><div class=\"wpcf7-response-output\" aria-hidden=\"true\"><\/div>\n<input type=\"hidden\" name=\"trp-form-language\" value=\"de\"\/><\/form>\n<\/div>\n\n\n\n\n<p>Tambi\u00e9n puedes contactar con nuestras asambleas locales pulsando sobre cada una de ellas en el siguiente mapa:<\/p>\n\n\n\n<iframe loading=\"lazy\" src=\"https:\/\/www.google.com\/maps\/d\/u\/1\/embed?mid=1xS3w03_Yuie5Dj0Xr2Rkh5orqCsgC3oY\" width=\"640\" height=\"480\"><\/iframe>\n<!-- AddThis Advanced Settings generic via filter on the_content --><!-- AddThis Share Buttons generic via filter on the_content -->","protected":false},"excerpt":{"rendered":"<p>\u00a1Af\u00edliate como militante o simpatizante deIU Exterior aqu\u00ed! Si lo que quieres es ponerte en contacto con IU Exterior, escr\u00edbenos un correo electr\u00f3nico a la direcci\u00f3n exterior@izquierdaunida.org o m\u00e1ndanos un &hellip;<!-- AddThis Advanced Settings generic via filter on get_the_excerpt --><!-- AddThis Share Buttons generic via filter on get_the_excerpt --><\/p>","protected":false},"author":1,"featured_media":326,"parent":0,"menu_order":0,"comment_status":"closed","ping_status":"closed","template":"","meta":{"footnotes":""},"class_list":["post-7","page","type-page","status-publish","has-post-thumbnail",""],"yoast_head":"<!-- This site is optimized with the Yoast SEO plugin v25.7 - https:\/\/yoast.com\/wordpress\/plugins\/seo\/ -->\n<title>Contacto - Federaci\u00f3n de Izquierda Unida en el Exterior (IU Exterior)<\/title>\n<meta name=\"robots\" content=\"index, follow, max-snippet:-1, max-image-preview:large, max-video-preview:-1\" \/>\n<link rel=\"canonical\" href=\"https:\/\/iuexterior.org\/de\/contacto\/\" \/>\n<meta property=\"og:locale\" content=\"de_DE\" \/>\n<meta property=\"og:type\" content=\"article\" \/>\n<meta property=\"og:title\" content=\"Contacto - Federaci\u00f3n de Izquierda Unida en el Exterior (IU Exterior)\" \/>\n<meta property=\"og:description\" content=\"\u00a1Af\u00edliate como militante o simpatizante deIU Exterior aqu\u00ed! Si lo que quieres es ponerte en contacto con IU Exterior, escr\u00edbenos un correo electr\u00f3nico a la direcci\u00f3n exterior@izquierdaunida.org o m\u00e1ndanos un &hellip;\" \/>\n<meta property=\"og:url\" content=\"https:\/\/iuexterior.org\/de\/contacto\/\" \/>\n<meta property=\"og:site_name\" content=\"Federaci\u00f3n de Izquierda Unida en el Exterior (IU Exterior)\" \/>\n<meta property=\"article:modified_time\" content=\"2020-10-19T09:26:04+00:00\" \/>\n<meta property=\"og:image\" content=\"https:\/\/iuexterior.org\/wp-content\/uploads\/2018\/03\/28871939_219468735283668_5245420816752967680_n.jpg\" \/>\n\t<meta property=\"og:image:width\" content=\"951\" \/>\n\t<meta property=\"og:image:height\" content=\"454\" \/>\n\t<meta property=\"og:image:type\" content=\"image\/jpeg\" \/>\n<meta name=\"twitter:card\" content=\"summary_large_image\" \/>\n<script type=\"application\/ld+json\" class=\"yoast-schema-graph\">{\"@context\":\"https:\/\/schema.org\",\"@graph\":[{\"@type\":\"WebPage\",\"@id\":\"https:\/\/iuexterior.org\/contacto\/\",\"url\":\"https:\/\/iuexterior.org\/contacto\/\",\"name\":\"Contacto - Federaci\u00f3n de Izquierda Unida en el Exterior (IU Exterior)\",\"isPartOf\":{\"@id\":\"http:\/\/iuexterior.org\/de\/#website\"},\"primaryImageOfPage\":{\"@id\":\"https:\/\/iuexterior.org\/contacto\/#primaryimage\"},\"image\":{\"@id\":\"https:\/\/iuexterior.org\/contacto\/#primaryimage\"},\"thumbnailUrl\":\"http:\/\/iuexterior.org\/wp-content\/uploads\/2018\/03\/28871939_219468735283668_5245420816752967680_n.jpg\",\"datePublished\":\"2017-05-15T16:07:00+00:00\",\"dateModified\":\"2020-10-19T09:26:04+00:00\",\"breadcrumb\":{\"@id\":\"https:\/\/iuexterior.org\/contacto\/#breadcrumb\"},\"inLanguage\":\"de\",\"potentialAction\":[{\"@type\":\"ReadAction\",\"target\":[\"https:\/\/iuexterior.org\/contacto\/\"]}]},{\"@type\":\"ImageObject\",\"inLanguage\":\"de\",\"@id\":\"https:\/\/iuexterior.org\/contacto\/#primaryimage\",\"url\":\"http:\/\/iuexterior.org\/wp-content\/uploads\/2018\/03\/28871939_219468735283668_5245420816752967680_n.jpg\",\"contentUrl\":\"http:\/\/iuexterior.org\/wp-content\/uploads\/2018\/03\/28871939_219468735283668_5245420816752967680_n.jpg\",\"width\":951,\"height\":454,\"caption\":\"Militantes de IU Berl\u00edn durante la manifestaci\u00f3n en la asamblea de la capital alemana\"},{\"@type\":\"BreadcrumbList\",\"@id\":\"https:\/\/iuexterior.org\/contacto\/#breadcrumb\",\"itemListElement\":[{\"@type\":\"ListItem\",\"position\":1,\"name\":\"Portada\",\"item\":\"http:\/\/iuexterior.org\/de\/\"},{\"@type\":\"ListItem\",\"position\":2,\"name\":\"Contacto\"}]},{\"@type\":\"WebSite\",\"@id\":\"http:\/\/iuexterior.org\/de\/#website\",\"url\":\"http:\/\/iuexterior.org\/de\/\",\"name\":\"Federaci\u00f3n de Izquierda Unida en el Exterior (IU Exterior)\",\"description\":\"La federaci\u00f3n de IU para la ciudadan\u00eda espa\u00f1ola emigrada.\",\"potentialAction\":[{\"@type\":\"SearchAction\",\"target\":{\"@type\":\"EntryPoint\",\"urlTemplate\":\"http:\/\/iuexterior.org\/de\/?s={search_term_string}\"},\"query-input\":{\"@type\":\"PropertyValueSpecification\",\"valueRequired\":true,\"valueName\":\"search_term_string\"}}],\"inLanguage\":\"de\"}]}<\/script>\n<!-- \/ Yoast SEO plugin. -->","yoast_head_json":{"title":"Contacto - Federaci\u00f3n de Izquierda Unida en el Exterior (IU Exterior)","robots":{"index":"index","follow":"follow","max-snippet":"max-snippet:-1","max-image-preview":"max-image-preview:large","max-video-preview":"max-video-preview:-1"},"canonical":"https:\/\/iuexterior.org\/de\/contacto\/","og_locale":"de_DE","og_type":"article","og_title":"Contacto - Federaci\u00f3n de Izquierda Unida en el Exterior (IU Exterior)","og_description":"\u00a1Af\u00edliate como militante o simpatizante deIU Exterior aqu\u00ed! Si lo que quieres es ponerte en contacto con IU Exterior, escr\u00edbenos un correo electr\u00f3nico a la direcci\u00f3n exterior@izquierdaunida.org o m\u00e1ndanos un &hellip;","og_url":"https:\/\/iuexterior.org\/de\/contacto\/","og_site_name":"Federaci\u00f3n de Izquierda Unida en el Exterior (IU Exterior)","article_modified_time":"2020-10-19T09:26:04+00:00","og_image":[{"width":951,"height":454,"url":"https:\/\/iuexterior.org\/wp-content\/uploads\/2018\/03\/28871939_219468735283668_5245420816752967680_n.jpg","type":"image\/jpeg"}],"twitter_card":"summary_large_image","schema":{"@context":"https:\/\/schema.org","@graph":[{"@type":"WebPage","@id":"https:\/\/iuexterior.org\/contacto\/","url":"https:\/\/iuexterior.org\/contacto\/","name":"Contacto - Federaci\u00f3n de Izquierda Unida en el Exterior (IU Exterior)","isPartOf":{"@id":"http:\/\/iuexterior.org\/de\/#website"},"primaryImageOfPage":{"@id":"https:\/\/iuexterior.org\/contacto\/#primaryimage"},"image":{"@id":"https:\/\/iuexterior.org\/contacto\/#primaryimage"},"thumbnailUrl":"http:\/\/iuexterior.org\/wp-content\/uploads\/2018\/03\/28871939_219468735283668_5245420816752967680_n.jpg","datePublished":"2017-05-15T16:07:00+00:00","dateModified":"2020-10-19T09:26:04+00:00","breadcrumb":{"@id":"https:\/\/iuexterior.org\/contacto\/#breadcrumb"},"inLanguage":"de","potentialAction":[{"@type":"ReadAction","target":["https:\/\/iuexterior.org\/contacto\/"]}]},{"@type":"ImageObject","inLanguage":"de","@id":"https:\/\/iuexterior.org\/contacto\/#primaryimage","url":"http:\/\/iuexterior.org\/wp-content\/uploads\/2018\/03\/28871939_219468735283668_5245420816752967680_n.jpg","contentUrl":"http:\/\/iuexterior.org\/wp-content\/uploads\/2018\/03\/28871939_219468735283668_5245420816752967680_n.jpg","width":951,"height":454,"caption":"Militantes de IU Berl\u00edn durante la manifestaci\u00f3n en la asamblea de la capital alemana"},{"@type":"BreadcrumbList","@id":"https:\/\/iuexterior.org\/contacto\/#breadcrumb","itemListElement":[{"@type":"ListItem","position":1,"name":"Portada","item":"http:\/\/iuexterior.org\/de\/"},{"@type":"ListItem","position":2,"name":"Contacto"}]},{"@type":"WebSite","@id":"http:\/\/iuexterior.org\/de\/#website","url":"http:\/\/iuexterior.org\/de\/","name":"Federaci\u00f3n de Izquierda Unida en el Exterior (IU Exterior)","description":"La federaci\u00f3n de IU para la ciudadan\u00eda espa\u00f1ola emigrada.","potentialAction":[{"@type":"SearchAction","target":{"@type":"EntryPoint","urlTemplate":"http:\/\/iuexterior.org\/de\/?s={search_term_string}"},"query-input":{"@type":"PropertyValueSpecification","valueRequired":true,"valueName":"search_term_string"}}],"inLanguage":"de"}]}},"_links":{"self":[{"href":"http:\/\/iuexterior.org\/de\/wp-json\/wp\/v2\/pages\/7","targetHints":{"allow":["GET"]}}],"collection":[{"href":"http:\/\/iuexterior.org\/de\/wp-json\/wp\/v2\/pages"}],"about":[{"href":"http:\/\/iuexterior.org\/de\/wp-json\/wp\/v2\/types\/page"}],"author":[{"embeddable":true,"href":"http:\/\/iuexterior.org\/de\/wp-json\/wp\/v2\/users\/1"}],"replies":[{"embeddable":true,"href":"http:\/\/iuexterior.org\/de\/wp-json\/wp\/v2\/comments?post=7"}],"version-history":[{"count":0,"href":"http:\/\/iuexterior.org\/de\/wp-json\/wp\/v2\/pages\/7\/revisions"}],"wp:featuredmedia":[{"embeddable":true,"href":"http:\/\/iuexterior.org\/de\/wp-json\/wp\/v2\/media\/326"}],"wp:attachment":[{"href":"http:\/\/iuexterior.org\/de\/wp-json\/wp\/v2\/media?parent=7"}],"curies":[{"name":"wp","href":"https:\/\/api.w.org\/{rel}","templated":true}]}}