{"id":2005,"date":"2020-09-22T13:21:48","date_gmt":"2020-09-22T11:21:48","guid":{"rendered":"http:\/\/iuexterior.org\/?page_id=2005"},"modified":"2022-02-07T19:55:22","modified_gmt":"2022-02-07T18:55:22","slug":"afiliacion","status":"publish","type":"page","link":"http:\/\/iuexterior.org\/de\/afiliacion\/","title":{"rendered":"Beitritt"},"content":{"rendered":"<blockquote class=\"wp-block-quote is-layout-flow wp-block-quote-is-layout-flow\"><p class=\"translation-block\"><em>\u201eWas w\u00e4re die Welt ohne Aktivisten? Welche w\u00e4re die conditio humana, wenn es keine Aktivisten g\u00e4be? Nicht weil Aktivisten perfekt w\u00e4ren, nicht weil sie immer recht h\u00e4tten, nicht weil sie \u00dcbermenschen w\u00e4ren und sich nie irrten... Nein, das ist es nicht. Sondern weil sie nicht nach ihrem eigenen Vorteil suchen \u2013 sie k\u00e4mpfen f\u00fcr eine Handvoll Tr\u00e4ume. Letztendlich, erfordert der Fortschritt der Menschlichkeit, dass es Leute gibt, die Erf\u00fcllung darin finden, ihr Leben in den Dienst der Humanit\u00e4t zu stellen. Weil Aktivist zu sein nicht bedeutet eine schwere B\u00fcrde auf sich zu nehmen, sondern in dem Kampf f\u00fcr Freiheit, in einem transzendenten Sinn, Bedeutung zu finden\u201c <strong>Pepe Mujica Cordano<\/strong>, ehermaliger Pr\u00e4sident der Republik des Uruguay<\/em><\/p><\/blockquote>\n\n\n\n<p class=\"translation-block\">In <strong>Vereinigten Linken<\/strong> gibt es zwei Zugeh\u00f6rigkeitsebenen: <strong>Unterst\u00fctzerInnen und Mitglied<\/strong>. In beiden F\u00e4llen, <strong><span class=\"has-inline-color has-vivid-red-color\">muss man, um einzutreten, im entsprechenden Anmeldeformular einen der folgende L\u00e4ndercodes als Postleitzahl eintragen<\/span><\/strong>:<\/p>\n\n\n\n<ul class=\"wp-block-list\"><li>&#x1f1e7;&#x1f1ea; Bruselas \u2013 53002<\/li><li>&#x1f1eb;&#x1f1f7; Toulouse \u2013 53001<\/li><li>&#x1f1eb;&#x1f1f7; Lyon \u2013 53030<\/li><li>&#x1f1e9;&#x1f1ea; Berl\u00edn \u2013 53004<\/li><li>&#x1f1e9;&#x1f1ea; Frankfurt \u2013 53005<\/li><li>\ud83c\uddf1\ud83c\uddfa Luxemburg \u2013 53999<\/li><li>&#x1f1e8;&#x1f1ed; Z\u00farich \u2013 53039<\/li><li>\ud83d\uddfa Rest der Welt \u2013 53040<\/li><\/ul>\n\n\n\n<h3 class=\"wp-block-heading\" id=\"titulo_afiliacion\">Unterst\u00fctzerInnen<\/h3>\n\n\n\n<p class=\"translation-block\">Als Unterst\u00fctzer(in) hat man Anspruch auf Zugang zu Informationen \u00fcber Aktionen, Positionierungen und Vorschl\u00e4ge der <strong>Vereinigten Linken<\/strong>, sowie das Recht auf die Teilnahme einberufener Sitzungen, kann in politischen Arbeitsgruppe mitwirken, hat Zugang zu den Netzwerken der AktivistInnen und darf an \u00f6ffentlichen Versammlungen teilnehmen. Au\u00dferdem darf man in manchen inneren Prozessen der Organisation w\u00e4hlen; wie zum Beispiel in der Vorwahlen, um die Wahllisten anzufertigen, oder in der Referendums \u00fcber die Bundspolitik f\u00fcr die Wahlen. Die komplette Liste der Rechte und Pflichten der Unterst\u00fctzerInnen ist im Paragraf 31 der <a href=\"http:\/\/izquierdaunida.org\/estatutos\/\" target=\"_self\" rel=\"noreferrer noopener\">Satzung<\/a> der <strong>Vereinigten Linken<\/strong> zu finden.<\/p>\n\n\n\n<p class=\"translation-block\"><strong>Um als Unterst\u00fctzer(in) beitreten zu k\u00f6nnen, muss man \u00e4lter als 16 Jahre sein<\/strong>. F\u00fcr Unterst\u00fctzerInnen gibt es keinen Mitgliedsbeitrag. Wenn du als Unterst\u00fctzer(in) eintreten willst, kannst du zur n\u00e4chsten Lokal- oder Grundversammlung kommen; oder, wenn du es vorziehst, kannst du den Antrag online stellen, indem du das nachfolgend verlinkte Formular ausf\u00fcllst:<\/p>\n\n\n\n<figure class=\"wp-block-pullquote is-style-solid-color\"><blockquote><p><a href=\"https:\/\/militancia.izquierdaunida.org\/alta_simpatizante\" target=\"_blank\" rel=\"noreferrer noopener\"><strong>Eintrittsformular als Unterst\u00fctzer(in)<\/strong><\/a><\/p><\/blockquote><\/figure>\n\n\n\n<p class=\"translation-block\">Falls du uns kontaktieren willst, z\u00f6gere nicht uns zu schreiben an: <a href=\"mailto:simpatizantes@izquierdaunida.org\" target=\"_self\" rel=\"noreferrer noopener\">exterior@izquierdaunida.org<\/a><\/p>\n\n\n\n<hr class=\"wp-block-separator\"\/>\n\n\n\n<h3 class=\"wp-block-heading\">Mitglieder<\/h3>\n\n\n\n<p class=\"translation-block\">Die Mitgliedschaft gew\u00e4hrt vollen Zugang zu allen Partizipationsm\u00f6glichkeiten in der <strong>Vereinigten Linken<\/strong>. Mit der Mitgliedschaft bekundet man seinen Willen, sich so gut es geht aktiv in der Organisation zu engagieren. Die komplette Liste der Rechte und Pflichten der Mitglieder ist im Paragraf 31 der <a href=\"http:\/\/izquierdaunida.org\/estatutos\/\" target=\"_self\" rel=\"noreferrer noopener\">Satzung<\/a> der <strong>Vereinigten Linken<\/strong> zu finden.<\/p>\n\n\n\n<p class=\"translation-block\">Mitgliedschaften werden nicht vergeben f\u00fcr die Personen, die nachweislich:<\/p>\n\n\n\n<ul class=\"wp-block-list\"><li>\u00f6ffentliche Stellungnahmen zugunsten kapitalistischen Modellen haben.<\/li><li>sich an Gewalthandlungen gegen Frauen oder an Umweltsch\u00e4den beteiligt haben, oder solche \u00fcnterstutzen.<\/li><li>Haltungen gegen den Respekt f\u00fcr rassische, physische, kulturelle oder religi\u00f6se Unterschiede oder gegen den Respekt der sexuellen Identit\u00e4t oder Orientierung einnehmen.<\/li><li>Tiere qu\u00e4len.<\/li><\/ul>\n\n\n\n<p class=\"translation-block\"><strong>Der Status Mitglied setzt Vollj\u00e4hrigkeit voraus, und man muss einen Mitgliedsbeitrag bezahlen<\/strong>. Wenn du als Mitglied eintreten willst, kannst du zur n\u00e4chsten Lokal- oder Grundversammlung kommen; oder, wenn du es vorziehst, kannst du den Antrag online stellen, indem du das nachfolgend verlinkte Formular ausf\u00fcllst:<\/p>\n\n\n\n<figure class=\"wp-block-pullquote is-style-solid-color\"><blockquote><p><a href=\"https:\/\/militancia.izquierdaunida.org\/alta_afiliado\" target=\"_blank\" rel=\"noreferrer noopener\"><strong>Eintrittsformular als Mitglied<\/strong><\/a><\/p><\/blockquote><\/figure>\n\n\n\n<p class=\"translation-block\">Falls du uns kontaktieren willst, z\u00f6gere nicht uns zu schreiben an: <a href=\"mailto:simpatizantes@izquierdaunida.org\" target=\"_self\" rel=\"noreferrer noopener\">exterior@izquierdaunida.org<\/a><\/p>\n\n\n\n<h3 class=\"wp-block-heading\">Angeh\u00e4ngte Dateien<\/h3>\n\n\n\n<ul class=\"wp-block-list\"><li><img decoding=\"async\" src=\"https:\/\/izquierdaunida.org\/wp-content\/plugins\/download-attachments\/images\/ext\/pdf.gif\" alt=\"pdf\">&nbsp;<a href=\"https:\/\/izquierdaunida.org\/descargar-adjunto\/e89Suh1RYif0R3RaEJG5GeGFPCv6KzokUyEKUcHtlpo,\" target=\"_blank\" rel=\"noreferrer noopener\">Eintrittsformular der Vereinigten Linke (auf Spanisch)<\/a><\/li><\/ul>\n<!-- AddThis Advanced Settings generic via filter on the_content --><!-- AddThis Share Buttons generic via filter on the_content -->","protected":false},"excerpt":{"rendered":"<p>\u00ab\u00bfQu\u00e9 ser\u00eda de este mundo sin militantes?, \u00bfC\u00f3mo ser\u00eda la condici\u00f3n humana si no hubiera militantes? No porque los militantes sean perfectos, porque tengan siempre la raz\u00f3n, porque sean superhombres &hellip;<!-- AddThis Advanced Settings generic via filter on get_the_excerpt --><!-- AddThis Share Buttons generic via filter on get_the_excerpt --><\/p>","protected":false},"author":2,"featured_media":1459,"parent":0,"menu_order":0,"comment_status":"closed","ping_status":"closed","template":"","meta":{"footnotes":""},"class_list":["post-2005","page","type-page","status-publish","has-post-thumbnail",""],"yoast_head":"<!-- This site is optimized with the Yoast SEO plugin v25.7 - https:\/\/yoast.com\/wordpress\/plugins\/seo\/ -->\n<title>Afiliaci\u00f3n - Federaci\u00f3n de Izquierda Unida en el Exterior (IU Exterior)<\/title>\n<meta name=\"robots\" content=\"index, follow, max-snippet:-1, max-image-preview:large, max-video-preview:-1\" \/>\n<link rel=\"canonical\" href=\"http:\/\/iuexterior.org\/de\/afiliacion\/\" \/>\n<meta property=\"og:locale\" content=\"de_DE\" \/>\n<meta property=\"og:type\" content=\"article\" \/>\n<meta property=\"og:title\" content=\"Afiliaci\u00f3n - Federaci\u00f3n de Izquierda Unida en el Exterior (IU Exterior)\" \/>\n<meta property=\"og:description\" content=\"\u00ab\u00bfQu\u00e9 ser\u00eda de este mundo sin militantes?, \u00bfC\u00f3mo ser\u00eda la condici\u00f3n humana si no hubiera militantes? No porque los militantes sean perfectos, porque tengan siempre la raz\u00f3n, porque sean superhombres &hellip;\" \/>\n<meta property=\"og:url\" content=\"http:\/\/iuexterior.org\/de\/afiliacion\/\" \/>\n<meta property=\"og:site_name\" content=\"Federaci\u00f3n de Izquierda Unida en el Exterior (IU Exterior)\" \/>\n<meta property=\"article:modified_time\" content=\"2022-02-07T18:55:22+00:00\" \/>\n<meta property=\"og:image\" content=\"http:\/\/iuexterior.org\/wp-content\/uploads\/2020\/01\/IU-Global-1024x576.png\" \/>\n\t<meta property=\"og:image:width\" content=\"1024\" \/>\n\t<meta property=\"og:image:height\" content=\"576\" \/>\n\t<meta property=\"og:image:type\" content=\"image\/png\" \/>\n<meta name=\"twitter:card\" content=\"summary_large_image\" \/>\n<meta name=\"twitter:label1\" content=\"Gesch\u00e4tzte Lesezeit\" \/>\n\t<meta name=\"twitter:data1\" content=\"3\u00a0Minuten\" \/>\n<script type=\"application\/ld+json\" class=\"yoast-schema-graph\">{\"@context\":\"https:\/\/schema.org\",\"@graph\":[{\"@type\":\"WebPage\",\"@id\":\"http:\/\/iuexterior.org\/afiliacion\/\",\"url\":\"http:\/\/iuexterior.org\/afiliacion\/\",\"name\":\"Afiliaci\u00f3n - Federaci\u00f3n de Izquierda Unida en el Exterior (IU Exterior)\",\"isPartOf\":{\"@id\":\"https:\/\/iuexterior.org\/gl\/#website\"},\"primaryImageOfPage\":{\"@id\":\"http:\/\/iuexterior.org\/afiliacion\/#primaryimage\"},\"image\":{\"@id\":\"http:\/\/iuexterior.org\/afiliacion\/#primaryimage\"},\"thumbnailUrl\":\"http:\/\/iuexterior.org\/wp-content\/uploads\/2020\/01\/IU-Global.png\",\"datePublished\":\"2020-09-22T11:21:48+00:00\",\"dateModified\":\"2022-02-07T18:55:22+00:00\",\"breadcrumb\":{\"@id\":\"http:\/\/iuexterior.org\/afiliacion\/#breadcrumb\"},\"inLanguage\":\"de\",\"potentialAction\":[{\"@type\":\"ReadAction\",\"target\":[\"http:\/\/iuexterior.org\/afiliacion\/\"]}]},{\"@type\":\"ImageObject\",\"inLanguage\":\"de\",\"@id\":\"http:\/\/iuexterior.org\/afiliacion\/#primaryimage\",\"url\":\"http:\/\/iuexterior.org\/wp-content\/uploads\/2020\/01\/IU-Global.png\",\"contentUrl\":\"http:\/\/iuexterior.org\/wp-content\/uploads\/2020\/01\/IU-Global.png\",\"width\":1920,\"height\":1080},{\"@type\":\"BreadcrumbList\",\"@id\":\"http:\/\/iuexterior.org\/afiliacion\/#breadcrumb\",\"itemListElement\":[{\"@type\":\"ListItem\",\"position\":1,\"name\":\"Portada\",\"item\":\"https:\/\/iuexterior.org\/en\/\"},{\"@type\":\"ListItem\",\"position\":2,\"name\":\"Afiliaci\u00f3n\"}]},{\"@type\":\"WebSite\",\"@id\":\"https:\/\/iuexterior.org\/gl\/#website\",\"url\":\"https:\/\/iuexterior.org\/gl\/\",\"name\":\"Federaci\u00f3n de Izquierda Unida en el Exterior (IU Exterior)\",\"description\":\"La federaci\u00f3n de IU para la ciudadan\u00eda espa\u00f1ola emigrada.\",\"potentialAction\":[{\"@type\":\"SearchAction\",\"target\":{\"@type\":\"EntryPoint\",\"urlTemplate\":\"https:\/\/iuexterior.org\/gl\/?s={search_term_string}\"},\"query-input\":{\"@type\":\"PropertyValueSpecification\",\"valueRequired\":true,\"valueName\":\"search_term_string\"}}],\"inLanguage\":\"de\"}]}<\/script>\n<!-- \/ Yoast SEO plugin. -->","yoast_head_json":{"title":"Afiliaci\u00f3n - Federaci\u00f3n de Izquierda Unida en el Exterior (IU Exterior)","robots":{"index":"index","follow":"follow","max-snippet":"max-snippet:-1","max-image-preview":"max-image-preview:large","max-video-preview":"max-video-preview:-1"},"canonical":"http:\/\/iuexterior.org\/de\/afiliacion\/","og_locale":"de_DE","og_type":"article","og_title":"Afiliaci\u00f3n - Federaci\u00f3n de Izquierda Unida en el Exterior (IU Exterior)","og_description":"\u00ab\u00bfQu\u00e9 ser\u00eda de este mundo sin militantes?, \u00bfC\u00f3mo ser\u00eda la condici\u00f3n humana si no hubiera militantes? No porque los militantes sean perfectos, porque tengan siempre la raz\u00f3n, porque sean superhombres &hellip;","og_url":"http:\/\/iuexterior.org\/de\/afiliacion\/","og_site_name":"Federaci\u00f3n de Izquierda Unida en el Exterior (IU Exterior)","article_modified_time":"2022-02-07T18:55:22+00:00","og_image":[{"width":1024,"height":576,"url":"http:\/\/iuexterior.org\/wp-content\/uploads\/2020\/01\/IU-Global-1024x576.png","type":"image\/png"}],"twitter_card":"summary_large_image","twitter_misc":{"Gesch\u00e4tzte Lesezeit":"3\u00a0Minuten"},"schema":{"@context":"https:\/\/schema.org","@graph":[{"@type":"WebPage","@id":"http:\/\/iuexterior.org\/afiliacion\/","url":"http:\/\/iuexterior.org\/afiliacion\/","name":"Afiliaci\u00f3n - Federaci\u00f3n de Izquierda Unida en el Exterior (IU Exterior)","isPartOf":{"@id":"https:\/\/iuexterior.org\/gl\/#website"},"primaryImageOfPage":{"@id":"http:\/\/iuexterior.org\/afiliacion\/#primaryimage"},"image":{"@id":"http:\/\/iuexterior.org\/afiliacion\/#primaryimage"},"thumbnailUrl":"http:\/\/iuexterior.org\/wp-content\/uploads\/2020\/01\/IU-Global.png","datePublished":"2020-09-22T11:21:48+00:00","dateModified":"2022-02-07T18:55:22+00:00","breadcrumb":{"@id":"http:\/\/iuexterior.org\/afiliacion\/#breadcrumb"},"inLanguage":"de","potentialAction":[{"@type":"ReadAction","target":["http:\/\/iuexterior.org\/afiliacion\/"]}]},{"@type":"ImageObject","inLanguage":"de","@id":"http:\/\/iuexterior.org\/afiliacion\/#primaryimage","url":"http:\/\/iuexterior.org\/wp-content\/uploads\/2020\/01\/IU-Global.png","contentUrl":"http:\/\/iuexterior.org\/wp-content\/uploads\/2020\/01\/IU-Global.png","width":1920,"height":1080},{"@type":"BreadcrumbList","@id":"http:\/\/iuexterior.org\/afiliacion\/#breadcrumb","itemListElement":[{"@type":"ListItem","position":1,"name":"Portada","item":"https:\/\/iuexterior.org\/en\/"},{"@type":"ListItem","position":2,"name":"Afiliaci\u00f3n"}]},{"@type":"WebSite","@id":"https:\/\/iuexterior.org\/gl\/#website","url":"https:\/\/iuexterior.org\/gl\/","name":"Federaci\u00f3n de Izquierda Unida en el Exterior (IU Exterior)","description":"La federaci\u00f3n de IU para la ciudadan\u00eda espa\u00f1ola emigrada.","potentialAction":[{"@type":"SearchAction","target":{"@type":"EntryPoint","urlTemplate":"https:\/\/iuexterior.org\/gl\/?s={search_term_string}"},"query-input":{"@type":"PropertyValueSpecification","valueRequired":true,"valueName":"search_term_string"}}],"inLanguage":"de"}]}},"_links":{"self":[{"href":"http:\/\/iuexterior.org\/de\/wp-json\/wp\/v2\/pages\/2005","targetHints":{"allow":["GET"]}}],"collection":[{"href":"http:\/\/iuexterior.org\/de\/wp-json\/wp\/v2\/pages"}],"about":[{"href":"http:\/\/iuexterior.org\/de\/wp-json\/wp\/v2\/types\/page"}],"author":[{"embeddable":true,"href":"http:\/\/iuexterior.org\/de\/wp-json\/wp\/v2\/users\/2"}],"replies":[{"embeddable":true,"href":"http:\/\/iuexterior.org\/de\/wp-json\/wp\/v2\/comments?post=2005"}],"version-history":[{"count":0,"href":"http:\/\/iuexterior.org\/de\/wp-json\/wp\/v2\/pages\/2005\/revisions"}],"wp:featuredmedia":[{"embeddable":true,"href":"http:\/\/iuexterior.org\/de\/wp-json\/wp\/v2\/media\/1459"}],"wp:attachment":[{"href":"http:\/\/iuexterior.org\/de\/wp-json\/wp\/v2\/media?parent=2005"}],"curies":[{"name":"wp","href":"https:\/\/api.w.org\/{rel}","templated":true}]}}