{"id":11,"date":"2017-05-15T18:07:46","date_gmt":"2017-05-15T16:07:46","guid":{"rendered":"http:\/\/iuexterior.org\/?page_id=11"},"modified":"2017-12-17T11:42:07","modified_gmt":"2017-12-17T10:42:07","slug":"i-asamblea-de-iu-exterior","status":"publish","type":"page","link":"http:\/\/iuexterior.org\/de\/i-asamblea-de-iu-exterior\/","title":{"rendered":"I. Versammlung IU Exterior"},"content":{"rendered":"<p>Am 29. und 30. April 2017 fand die erste Versammlung der F\u00f6deration \u201eVereinigte Linke im Ausland\u201c (IU Exterior) in Br\u00fcssel statt. Aus dieser Versammlung, voll von Debatten und Kameradschaftsr\u00e4umen, folgten eine Direktion, Organisationsdokumente und Arbeitsgruppe Pl\u00e4ne, die wir kurz erkl\u00e4ren wollten. Aber zuerst versetzen wir uns in den Kontext zur\u00fcck.<\/p>\n<p>Manche von uns, Mitglieder von der Vereinigten Linken vom Ausland, kamen in den damaligen Zeiten, in denen man nur im Untergrund Mitglied der Kommunistischen Partei Spaniens sein konnte, in unseren aktuellen St\u00e4dten an. Das war die Zeit der Schnellverfahren und Todesstrafen, der Gastarbeiter und Arbeitstage, aber auch Zeit des Kampfes und der Hoffnung. Andere von uns sind in den letzten Jahren, im Zeitraum, in dem die falsch so genannte Krise unsere Lebensprojekte kaputt gemacht hat und uns zur Arbeitslosigkeit, prek\u00e4ren Situationen oder dem Exil gezwungen hat, aus Spanien fortgegangen. Alle haben im Laufe der Jahre und unter schwierigen Umst\u00e4nden unsere Zugeh\u00f6rigkeit behalten. Mit der Lebens- und Kampferfahrung verschiedener Generationen zu arbeiten ist ein Schatz. Aber um seine Bedeutung hervorzugeben m\u00fcssen wir uns in der angemessensten Weise zusammenschlie\u00dfen.<\/p>\n<p>Herk\u00f6mmlicherweise haben die Mitglieder von der IU im Ausland sich zu F\u00f6derationen f\u00fcr jedes Land, wie die in Deutschland, Belgien, Frankreich, Luxemburg, der Schweiz oder Schweden, gegliedert. Diese Struktur funktionierte gut in einem Migrationskontext, in dem die meisten der Menschen in ein Land emigrierten und f\u00fcr l\u00e4ngere Zeit dort blieben. Jedoch ist der aktuelle Kontext f\u00fcr die Arbeitsflexibilit\u00e4t und Unsicherkeit gekennzeichnet, mit h\u00e4ufigen Wechseln der Wohnung und der Arbeit, und mit vielen Mitgliedern, die geografisch isoliert sind. Dieser Kontext ben\u00f6tigte ein anderes Organisationsmodell. Deswegen haben wir gemeinsam, gem\u00e4\u00df dem Auftrag der XI. Generalversammlung, die F\u00f6deration von der IU im Ausland gegr\u00fcndet.<\/p>\n<p>Die F\u00f6deration von der IU im Ausland entstand mit dem Ziel, die politische Arbeit der Mitglieder, die au\u00dferhalb Spaniens wohnen und arbeiten, in einer einzigen Struktur, die im direkten Kontakt mit den Grundversammlungen und den Mitgliedern ist, und die eine Pr\u00e4senz in den Sitzungen der Generalkoordination und der Politischen und Sozialen Versammlung hat, damit die Stimme der Migranten immer anwesend ist, zu organisieren.<\/p>\n<p class=\"translation-block\">Die in der I. Versammlung gew\u00e4hlte Leitung besteht aus einer Gruppe von acht Genossen und Genossinnen. Sie wurden von den Mitgliedern direkt gew\u00e4hlt, und haben parit\u00e4tische Aufgaben im <strong>Sprecheramt<\/strong> (Marta Mosquera und Eduardo Vel\u00e1zquez), in <strong>der Organisation und in den Finanzen<\/strong> (Alicia de Medina und Miguel S\u00e1nchez), in <strong>der politische Aktion<\/strong> (Teresa Laguna und Alejo Beltr\u00e1n) und in der <strong>politischen Kommunikation<\/strong> (Mar\u00eda Mart\u00ednez und Gonzalo Montoro). Wir folgern, dass die beste Art und Weise, um beim Aufbau des neuen Landes mitzuwirken, diejenige ist, unsere politische Aktion auf die sozialen Bewegungen und Gewerschaftsbewegungen, die an den Arbeitskonflikten und sozialen Konflikten der emigrierten Menschen mit spanischer Staatsangeh\u00f6rigkeit arbeiten, und auf die Schaffung von Einheitskampfsr\u00e4umen zu konzentrieren. Auch ist es nach unserer Ansicht nach wichtig, unsere Organisation in neuen St\u00e4dten und L\u00e4ndern zu verbreiten, die geografisch isolierten Mitglieder arbeiten zu lassen, und eine neue \u00dcberlegung \u00fcber die j\u00fcngste Migrationswelle errichten. Diese \u00dcberlegung muss klar zum Ausdruck bringen, dass die Zahlen dieser Welle untersch\u00e4tzt sind und dass sie nicht nur aus jungen und ausgebildeten Menschen besteht.<\/p>\n<p>Hier kannst du die Materialen von der I. Versammlung IU Exterior downloaden (auf Spanisch), einschlie\u00dflich die organisatorischen Dokumente und das Protokoll.<\/p>\n<!-- AddThis Advanced Settings generic via filter on the_content --><!-- AddThis Share Buttons generic via filter on the_content -->","protected":false},"excerpt":{"rendered":"<p>Los d\u00edas 29 y 30 de abril de 2017 se celebr\u00f3 en Bruselas la primera asamblea de la Federaci\u00f3n de Izquierda Unida en el exterior (IU Exterior). De esta Asamblea, &hellip;<!-- AddThis Advanced Settings generic via filter on get_the_excerpt --><!-- AddThis Share Buttons generic via filter on get_the_excerpt --><\/p>","protected":false},"author":1,"featured_media":0,"parent":0,"menu_order":0,"comment_status":"closed","ping_status":"closed","template":"","meta":{"footnotes":""},"class_list":["post-11","page","type-page","status-publish",""],"yoast_head":"<!-- This site is optimized with the Yoast SEO plugin v25.7 - https:\/\/yoast.com\/wordpress\/plugins\/seo\/ -->\n<title>I Asamblea de IU Exterior - Federaci\u00f3n de Izquierda Unida en el Exterior (IU Exterior)<\/title>\n<meta name=\"robots\" content=\"index, follow, max-snippet:-1, max-image-preview:large, max-video-preview:-1\" \/>\n<link rel=\"canonical\" href=\"http:\/\/iuexterior.org\/de\/i-asamblea-de-iu-exterior\/\" \/>\n<meta property=\"og:locale\" content=\"de_DE\" \/>\n<meta property=\"og:type\" content=\"article\" \/>\n<meta property=\"og:title\" content=\"I Asamblea de IU Exterior - Federaci\u00f3n de Izquierda Unida en el Exterior (IU Exterior)\" \/>\n<meta property=\"og:description\" content=\"Los d\u00edas 29 y 30 de abril de 2017 se celebr\u00f3 en Bruselas la primera asamblea de la Federaci\u00f3n de Izquierda Unida en el exterior (IU Exterior). De esta Asamblea, &hellip;\" \/>\n<meta property=\"og:url\" content=\"http:\/\/iuexterior.org\/de\/i-asamblea-de-iu-exterior\/\" \/>\n<meta property=\"og:site_name\" content=\"Federaci\u00f3n de Izquierda Unida en el Exterior (IU Exterior)\" \/>\n<meta property=\"article:modified_time\" content=\"2017-12-17T10:42:07+00:00\" \/>\n<meta name=\"twitter:card\" content=\"summary_large_image\" \/>\n<meta name=\"twitter:label1\" content=\"Gesch\u00e4tzte Lesezeit\" \/>\n\t<meta name=\"twitter:data1\" content=\"3\u00a0Minuten\" \/>\n<script type=\"application\/ld+json\" class=\"yoast-schema-graph\">{\"@context\":\"https:\/\/schema.org\",\"@graph\":[{\"@type\":\"WebPage\",\"@id\":\"http:\/\/iuexterior.org\/eu\/i-asamblea-de-iu-exterior\/\",\"url\":\"http:\/\/iuexterior.org\/eu\/i-asamblea-de-iu-exterior\/\",\"name\":\"I Asamblea de IU Exterior - Federaci\u00f3n de Izquierda Unida en el Exterior (IU Exterior)\",\"isPartOf\":{\"@id\":\"https:\/\/iuexterior.org\/en\/#website\"},\"datePublished\":\"2017-05-15T16:07:46+00:00\",\"dateModified\":\"2017-12-17T10:42:07+00:00\",\"breadcrumb\":{\"@id\":\"http:\/\/iuexterior.org\/eu\/i-asamblea-de-iu-exterior\/#breadcrumb\"},\"inLanguage\":\"de\",\"potentialAction\":[{\"@type\":\"ReadAction\",\"target\":[\"http:\/\/iuexterior.org\/eu\/i-asamblea-de-iu-exterior\/\"]}]},{\"@type\":\"BreadcrumbList\",\"@id\":\"http:\/\/iuexterior.org\/eu\/i-asamblea-de-iu-exterior\/#breadcrumb\",\"itemListElement\":[{\"@type\":\"ListItem\",\"position\":1,\"name\":\"Portada\",\"item\":\"https:\/\/iuexterior.org\/en\/\"},{\"@type\":\"ListItem\",\"position\":2,\"name\":\"I Asamblea de IU Exterior\"}]},{\"@type\":\"WebSite\",\"@id\":\"https:\/\/iuexterior.org\/en\/#website\",\"url\":\"https:\/\/iuexterior.org\/en\/\",\"name\":\"Federaci\u00f3n de Izquierda Unida en el Exterior (IU Exterior)\",\"description\":\"La federaci\u00f3n de IU para la ciudadan\u00eda espa\u00f1ola emigrada.\",\"potentialAction\":[{\"@type\":\"SearchAction\",\"target\":{\"@type\":\"EntryPoint\",\"urlTemplate\":\"https:\/\/iuexterior.org\/en\/?s={search_term_string}\"},\"query-input\":{\"@type\":\"PropertyValueSpecification\",\"valueRequired\":true,\"valueName\":\"search_term_string\"}}],\"inLanguage\":\"de\"}]}<\/script>\n<!-- \/ Yoast SEO plugin. -->","yoast_head_json":{"title":"I Asamblea de IU Exterior - Federaci\u00f3n de Izquierda Unida en el Exterior (IU Exterior)","robots":{"index":"index","follow":"follow","max-snippet":"max-snippet:-1","max-image-preview":"max-image-preview:large","max-video-preview":"max-video-preview:-1"},"canonical":"http:\/\/iuexterior.org\/de\/i-asamblea-de-iu-exterior\/","og_locale":"de_DE","og_type":"article","og_title":"I Asamblea de IU Exterior - Federaci\u00f3n de Izquierda Unida en el Exterior (IU Exterior)","og_description":"Los d\u00edas 29 y 30 de abril de 2017 se celebr\u00f3 en Bruselas la primera asamblea de la Federaci\u00f3n de Izquierda Unida en el exterior (IU Exterior). De esta Asamblea, &hellip;","og_url":"http:\/\/iuexterior.org\/de\/i-asamblea-de-iu-exterior\/","og_site_name":"Federaci\u00f3n de Izquierda Unida en el Exterior (IU Exterior)","article_modified_time":"2017-12-17T10:42:07+00:00","twitter_card":"summary_large_image","twitter_misc":{"Gesch\u00e4tzte Lesezeit":"3\u00a0Minuten"},"schema":{"@context":"https:\/\/schema.org","@graph":[{"@type":"WebPage","@id":"http:\/\/iuexterior.org\/eu\/i-asamblea-de-iu-exterior\/","url":"http:\/\/iuexterior.org\/eu\/i-asamblea-de-iu-exterior\/","name":"I Asamblea de IU Exterior - Federaci\u00f3n de Izquierda Unida en el Exterior (IU Exterior)","isPartOf":{"@id":"https:\/\/iuexterior.org\/en\/#website"},"datePublished":"2017-05-15T16:07:46+00:00","dateModified":"2017-12-17T10:42:07+00:00","breadcrumb":{"@id":"http:\/\/iuexterior.org\/eu\/i-asamblea-de-iu-exterior\/#breadcrumb"},"inLanguage":"de","potentialAction":[{"@type":"ReadAction","target":["http:\/\/iuexterior.org\/eu\/i-asamblea-de-iu-exterior\/"]}]},{"@type":"BreadcrumbList","@id":"http:\/\/iuexterior.org\/eu\/i-asamblea-de-iu-exterior\/#breadcrumb","itemListElement":[{"@type":"ListItem","position":1,"name":"Portada","item":"https:\/\/iuexterior.org\/en\/"},{"@type":"ListItem","position":2,"name":"I Asamblea de IU Exterior"}]},{"@type":"WebSite","@id":"https:\/\/iuexterior.org\/en\/#website","url":"https:\/\/iuexterior.org\/en\/","name":"Federaci\u00f3n de Izquierda Unida en el Exterior (IU Exterior)","description":"La federaci\u00f3n de IU para la ciudadan\u00eda espa\u00f1ola emigrada.","potentialAction":[{"@type":"SearchAction","target":{"@type":"EntryPoint","urlTemplate":"https:\/\/iuexterior.org\/en\/?s={search_term_string}"},"query-input":{"@type":"PropertyValueSpecification","valueRequired":true,"valueName":"search_term_string"}}],"inLanguage":"de"}]}},"_links":{"self":[{"href":"http:\/\/iuexterior.org\/de\/wp-json\/wp\/v2\/pages\/11","targetHints":{"allow":["GET"]}}],"collection":[{"href":"http:\/\/iuexterior.org\/de\/wp-json\/wp\/v2\/pages"}],"about":[{"href":"http:\/\/iuexterior.org\/de\/wp-json\/wp\/v2\/types\/page"}],"author":[{"embeddable":true,"href":"http:\/\/iuexterior.org\/de\/wp-json\/wp\/v2\/users\/1"}],"replies":[{"embeddable":true,"href":"http:\/\/iuexterior.org\/de\/wp-json\/wp\/v2\/comments?post=11"}],"version-history":[{"count":0,"href":"http:\/\/iuexterior.org\/de\/wp-json\/wp\/v2\/pages\/11\/revisions"}],"wp:attachment":[{"href":"http:\/\/iuexterior.org\/de\/wp-json\/wp\/v2\/media?parent=11"}],"curies":[{"name":"wp","href":"https:\/\/api.w.org\/{rel}","templated":true}]}}