{"id":11,"date":"2017-05-15T18:07:46","date_gmt":"2017-05-15T16:07:46","guid":{"rendered":"http:\/\/iuexterior.org\/?page_id=11"},"modified":"2017-12-17T11:42:07","modified_gmt":"2017-12-17T10:42:07","slug":"i-asamblea-de-iu-exterior","status":"publish","type":"page","link":"http:\/\/iuexterior.org\/ca\/i-asamblea-de-iu-exterior\/","title":{"rendered":"I Assemblea d'IU Exterior"},"content":{"rendered":"<p>Els dies 29 i 30 d'abril del 2017 es va produir a Brussel\u00b7les la primera assemblea de la Federaci\u00f3 d'Izquierda Unida a l'exterior (IU Exterior). D'aquesta assemblea, plena de debats i espais de germanor, vam sortir amb una direcci\u00f3, uns documents organitzatius i uns plans de treball sectorials que ens agradaria explicar-vos breument. Per\u00f2 en primer lloc, \u00e9s important entendre el context.<\/p>\n<p>Algunes de nosaltres, militants d'Izquierda Unida des de l'exterior, vam arribar a les nostres ciutats d'acollida en aquells temps on nom\u00e9s es podia militar al Partit Comunista d'Espanya de forma clandestina. Temps de judicis sumaris i penes de mort, de treballadors convidats i peonades, per\u00f2 tamb\u00e9 de lluita i esperan\u00e7a. Altres hem marxat d'Espanya durant els \u00faltims anys, en l'\u00e8poca de la qual l'anomenada crisi ha fet miques els nostres projectes de vida, i ens ha condemnat a l'atur, la precarietat i l'exili. Tots i totes hem mantingut la nostra milit\u00e0ncia durant aquests anys en circumst\u00e0ncies dif\u00edcils. Comptar amb l'experi\u00e8ncia vital i les lluites de diferents generacions de persones migrants, \u00e9s una v\u00e0lua, per\u00f2 perqu\u00e8 sigui \u00fatil \u00e9s necessari que ens organitzem de la forma m\u00e9s adequada.<\/p>\n<p>Tradicionalment, la milit\u00e0ncia d'IU a l'exterior s'organitzava en federacions per pa\u00efsos com les d'Alemanya, B\u00e8lgica, Fran\u00e7a, Luxemburg, Su\u00efssa o Su\u00e8cia. Aquesta estructura va funcionar b\u00e9 en el context migratori en el qual la majoria de les persones emigraven a un pa\u00eds i residien all\u00e0 durant un llarg per\u00edode de temps. No obstant aix\u00f2, el context actual, caracteritzat per la flexibilitat i la precarietat laboral, amb freq\u00fcents canvis de resid\u00e8ncia i de treball, i en el que molts i moltes militants es troben geogr\u00e0ficament a\u00efllats, feia necessari un model diferent. \u00c9s per aix\u00f2 que complint amb el mandat de la XI Assemblea Federal, entre totes i tots hem creat la Federaci\u00f3 d'IU a l'Exterior.<\/p>\n<p>La Federaci\u00f3 d'IU a l'Exterior neix amb l'objectiu d'organitzar el treball pol\u00edtic de la milit\u00e0ncia que resideix i treball fora d'Espanya en una \u00fanica estructura., en contacte directe amb les assemblees de base i la milit\u00e0ncia, i amb pres\u00e8ncia en les reunions de la Coordinadora Federal i de l'Assemblea Pol\u00edtica i Social, perqu\u00e8 aix\u00ed la veu dels i les migrants estigui sempre present.<\/p>\n<p class=\"translation-block\">La direcci\u00f3 escollida a la I Assemblea est\u00e0 integrada per un grup de vuit companyes i companys escollits per sufragi directe entre la milit\u00e0ncia i amb responsabilitats parit\u00e0ries en <strong>Portaveus<\/strong> (Marta Mosquera i Eduardo Vel\u00e1zquez), <strong>Organitzaci\u00f3 i Finances<\/strong> (Alicia de Medina i Miguel S\u00e1nchez), <strong>Acci\u00f3 Pol\u00edtica<\/strong> (Teresa Laguna i Alejo Beltr\u00e1n) i <strong>Comunicaci\u00f3 Pol\u00edtica<\/strong> (Mar\u00eda Mart\u00ednez i Gonzalo Montoro). Vam concloure que la millor forma de contribuir a la construcci\u00f3 d'un nou pa\u00eds que somiem \u00e9s centrar la nostra acci\u00f3 pol\u00edtica en els moviments socials i sindicals que treballen els conflictes laborals i socials de les persones migrants de nacionalitat espanyola i en la construcci\u00f3 d'espais unitaris de lluita. Tamb\u00e9 considerem important expandir la nostra organitzaci\u00f3 a noves ciutats i pa\u00efsos, posant a treballar a la milit\u00e0ncia geogr\u00e0ficament a\u00efllada i construir un nou discurs sobre la recent onada d'emigraci\u00f3, deixant clar que les xifres d'aquesta est\u00e0 subestimada i que no nom\u00e9s es tracta de persones joves i formades.<\/p>\n<p>A continuaci\u00f3n puedes descargar todos los materiales relacionados con la I Asamblea de IU Exterior, incluyendo los documentos organizativos elaborados y\u00a0el acta de la misma.<\/p>\n<!-- AddThis Advanced Settings generic via filter on the_content --><!-- AddThis Share Buttons generic via filter on the_content -->","protected":false},"excerpt":{"rendered":"<p>Los d\u00edas 29 y 30 de abril de 2017 se celebr\u00f3 en Bruselas la primera asamblea de la Federaci\u00f3n de Izquierda Unida en el exterior (IU Exterior). De esta Asamblea, &hellip;<!-- AddThis Advanced Settings generic via filter on get_the_excerpt --><!-- AddThis Share Buttons generic via filter on get_the_excerpt --><\/p>","protected":false},"author":1,"featured_media":0,"parent":0,"menu_order":0,"comment_status":"closed","ping_status":"closed","template":"","meta":{"footnotes":""},"class_list":["post-11","page","type-page","status-publish",""],"yoast_head":"<!-- This site is optimized with the Yoast SEO plugin v25.7 - https:\/\/yoast.com\/wordpress\/plugins\/seo\/ -->\n<title>I Asamblea de IU Exterior - Federaci\u00f3n de Izquierda Unida en el Exterior (IU Exterior)<\/title>\n<meta name=\"robots\" content=\"index, follow, max-snippet:-1, max-image-preview:large, max-video-preview:-1\" \/>\n<link rel=\"canonical\" href=\"https:\/\/iuexterior.org\/ca\/i-asamblea-de-iu-exterior\/\" \/>\n<meta property=\"og:locale\" content=\"ca_ES\" \/>\n<meta property=\"og:type\" content=\"article\" \/>\n<meta property=\"og:title\" content=\"I Asamblea de IU Exterior - Federaci\u00f3n de Izquierda Unida en el Exterior (IU Exterior)\" \/>\n<meta property=\"og:description\" content=\"Los d\u00edas 29 y 30 de abril de 2017 se celebr\u00f3 en Bruselas la primera asamblea de la Federaci\u00f3n de Izquierda Unida en el exterior (IU Exterior). De esta Asamblea, &hellip;\" \/>\n<meta property=\"og:url\" content=\"https:\/\/iuexterior.org\/ca\/i-asamblea-de-iu-exterior\/\" \/>\n<meta property=\"og:site_name\" content=\"Federaci\u00f3n de Izquierda Unida en el Exterior (IU Exterior)\" \/>\n<meta property=\"article:modified_time\" content=\"2017-12-17T10:42:07+00:00\" \/>\n<meta name=\"twitter:card\" content=\"summary_large_image\" \/>\n<meta name=\"twitter:label1\" content=\"Temps estimat de lectura\" \/>\n\t<meta name=\"twitter:data1\" content=\"3 minuts\" \/>\n<script type=\"application\/ld+json\" class=\"yoast-schema-graph\">{\"@context\":\"https:\/\/schema.org\",\"@graph\":[{\"@type\":\"WebPage\",\"@id\":\"https:\/\/iuexterior.org\/gl\/i-asamblea-de-iu-exterior\/\",\"url\":\"https:\/\/iuexterior.org\/gl\/i-asamblea-de-iu-exterior\/\",\"name\":\"I Asamblea de IU Exterior - Federaci\u00f3n de Izquierda Unida en el Exterior (IU Exterior)\",\"isPartOf\":{\"@id\":\"http:\/\/iuexterior.org\/#website\"},\"datePublished\":\"2017-05-15T16:07:46+00:00\",\"dateModified\":\"2017-12-17T10:42:07+00:00\",\"breadcrumb\":{\"@id\":\"https:\/\/iuexterior.org\/gl\/i-asamblea-de-iu-exterior\/#breadcrumb\"},\"inLanguage\":\"ca\",\"potentialAction\":[{\"@type\":\"ReadAction\",\"target\":[\"https:\/\/iuexterior.org\/gl\/i-asamblea-de-iu-exterior\/\"]}]},{\"@type\":\"BreadcrumbList\",\"@id\":\"https:\/\/iuexterior.org\/gl\/i-asamblea-de-iu-exterior\/#breadcrumb\",\"itemListElement\":[{\"@type\":\"ListItem\",\"position\":1,\"name\":\"Portada\",\"item\":\"http:\/\/iuexterior.org\/de\/\"},{\"@type\":\"ListItem\",\"position\":2,\"name\":\"I Asamblea de IU Exterior\"}]},{\"@type\":\"WebSite\",\"@id\":\"http:\/\/iuexterior.org\/#website\",\"url\":\"http:\/\/iuexterior.org\/\",\"name\":\"Federaci\u00f3n de Izquierda Unida en el Exterior (IU Exterior)\",\"description\":\"La federaci\u00f3n de IU para la ciudadan\u00eda espa\u00f1ola emigrada.\",\"potentialAction\":[{\"@type\":\"SearchAction\",\"target\":{\"@type\":\"EntryPoint\",\"urlTemplate\":\"http:\/\/iuexterior.org\/?s={search_term_string}\"},\"query-input\":{\"@type\":\"PropertyValueSpecification\",\"valueRequired\":true,\"valueName\":\"search_term_string\"}}],\"inLanguage\":\"ca\"}]}<\/script>\n<!-- \/ Yoast SEO plugin. -->","yoast_head_json":{"title":"I Asamblea de IU Exterior - Federaci\u00f3n de Izquierda Unida en el Exterior (IU Exterior)","robots":{"index":"index","follow":"follow","max-snippet":"max-snippet:-1","max-image-preview":"max-image-preview:large","max-video-preview":"max-video-preview:-1"},"canonical":"https:\/\/iuexterior.org\/ca\/i-asamblea-de-iu-exterior\/","og_locale":"ca_ES","og_type":"article","og_title":"I Asamblea de IU Exterior - Federaci\u00f3n de Izquierda Unida en el Exterior (IU Exterior)","og_description":"Los d\u00edas 29 y 30 de abril de 2017 se celebr\u00f3 en Bruselas la primera asamblea de la Federaci\u00f3n de Izquierda Unida en el exterior (IU Exterior). De esta Asamblea, &hellip;","og_url":"https:\/\/iuexterior.org\/ca\/i-asamblea-de-iu-exterior\/","og_site_name":"Federaci\u00f3n de Izquierda Unida en el Exterior (IU Exterior)","article_modified_time":"2017-12-17T10:42:07+00:00","twitter_card":"summary_large_image","twitter_misc":{"Temps estimat de lectura":"3 minuts"},"schema":{"@context":"https:\/\/schema.org","@graph":[{"@type":"WebPage","@id":"https:\/\/iuexterior.org\/gl\/i-asamblea-de-iu-exterior\/","url":"https:\/\/iuexterior.org\/gl\/i-asamblea-de-iu-exterior\/","name":"I Asamblea de IU Exterior - Federaci\u00f3n de Izquierda Unida en el Exterior (IU Exterior)","isPartOf":{"@id":"http:\/\/iuexterior.org\/#website"},"datePublished":"2017-05-15T16:07:46+00:00","dateModified":"2017-12-17T10:42:07+00:00","breadcrumb":{"@id":"https:\/\/iuexterior.org\/gl\/i-asamblea-de-iu-exterior\/#breadcrumb"},"inLanguage":"ca","potentialAction":[{"@type":"ReadAction","target":["https:\/\/iuexterior.org\/gl\/i-asamblea-de-iu-exterior\/"]}]},{"@type":"BreadcrumbList","@id":"https:\/\/iuexterior.org\/gl\/i-asamblea-de-iu-exterior\/#breadcrumb","itemListElement":[{"@type":"ListItem","position":1,"name":"Portada","item":"http:\/\/iuexterior.org\/de\/"},{"@type":"ListItem","position":2,"name":"I Asamblea de IU Exterior"}]},{"@type":"WebSite","@id":"http:\/\/iuexterior.org\/#website","url":"http:\/\/iuexterior.org\/","name":"Federaci\u00f3 Izquierda Unida a l'Exterior (IU Exterior)","description":"La federaci\u00f3n de IU para la ciudadan\u00eda espa\u00f1ola emigrada.","potentialAction":[{"@type":"SearchAction","target":{"@type":"EntryPoint","urlTemplate":"http:\/\/iuexterior.org\/?s={search_term_string}"},"query-input":{"@type":"PropertyValueSpecification","valueRequired":true,"valueName":"search_term_string"}}],"inLanguage":"ca"}]}},"_links":{"self":[{"href":"http:\/\/iuexterior.org\/ca\/wp-json\/wp\/v2\/pages\/11","targetHints":{"allow":["GET"]}}],"collection":[{"href":"http:\/\/iuexterior.org\/ca\/wp-json\/wp\/v2\/pages"}],"about":[{"href":"http:\/\/iuexterior.org\/ca\/wp-json\/wp\/v2\/types\/page"}],"author":[{"embeddable":true,"href":"http:\/\/iuexterior.org\/ca\/wp-json\/wp\/v2\/users\/1"}],"replies":[{"embeddable":true,"href":"http:\/\/iuexterior.org\/ca\/wp-json\/wp\/v2\/comments?post=11"}],"version-history":[{"count":0,"href":"http:\/\/iuexterior.org\/ca\/wp-json\/wp\/v2\/pages\/11\/revisions"}],"wp:attachment":[{"href":"http:\/\/iuexterior.org\/ca\/wp-json\/wp\/v2\/media?parent=11"}],"curies":[{"name":"wp","href":"https:\/\/api.w.org\/{rel}","templated":true}]}}